




{"id":14386,"date":"2024-02-20T18:40:05","date_gmt":"2024-02-20T17:40:05","guid":{"rendered":"https:\/\/www.campingmarepineta.it\/?page_id=14386"},"modified":"2024-12-27T13:54:05","modified_gmt":"2024-12-27T12:54:05","slug":"kautionversicherung","status":"publish","type":"page","link":"https:\/\/www.campingmarepineta.it\/de\/kautionversicherung\/","title":{"rendered":"Kautionversicherung"},"content":{"rendered":"\n\n  <div class=\"banner has-hover\" id=\"banner-104596502\">\n          <div class=\"banner-inner fill\">\n        <div class=\"banner-bg fill\" >\n                                    <div class=\"overlay\"><\/div>            \n                    <\/div>\n\t\t\n        <div class=\"banner-layers container\">\n            <div class=\"fill banner-link\"><\/div>            \n\n   <div id=\"text-box-838113187\" class=\"text-box banner-layer x50 md-x50 lg-x50 y50 md-y50 lg-y50 res-text\">\n              <div data-parallax=\"-1\" data-parallax-fade=\"true\">       <div data-animate=\"fadeInUp\">           <div class=\"text-box-content text dark text-shadow-1\">\n              \n              <div class=\"text-inner text-left\">\n                  \n\n<h1 class=\"entry-title is-larger\"><strong> Versicherung Ihre Anzahlung<\/strong><\/h1>\n\n              <\/div>\n           <\/div>\n       <\/div>       <\/div>              \n<style>\n#text-box-838113187 {\n  width: 100%;\n}\n#text-box-838113187 .text-box-content {\n  font-size: 100%;\n}\n<\/style>\n    <\/div>\n \n\n        <\/div>\n      <\/div>\n\n            \n<style>\n#banner-104596502 {\n  padding-top: 160px;\n}\n#banner-104596502 .overlay {\n  background-color: rgba(0, 0, 0, 0.12);\n}\n<\/style>\n  <\/div>\n\n\n\n\t<section class=\"section\" id=\"section_421637874\">\n\t\t<div class=\"section-bg fill\" >\n\t\t\t\t\t\t\t\t\t\n\t\t\t\n\t<div class=\"is-border\"\n\t\tstyle=\"border-color:rgb(235, 235, 235);border-width:1px 0px 0px 0px;\">\n\t<\/div>\n\n\t\t<\/div>\n\n\t\t\n\n\t\t<div class=\"section-content relative\">\n\t\t\t\n\n<div class=\"row row-large align-middle align-center\"  id=\"row-1349267449\">\n\n\n\t<div id=\"col-442259259\" class=\"col medium-6 small-12 large-6\"  >\n\t\t\t\t<div class=\"col-inner text-center dark\"  >\n\t\t\t\n\t\t\t\n\n<h2><a href=\"https:\/\/www.magroup-online.com\/WL\/BPR\/IT\/it?affiliateCode=8063388M&amp;agency=8058360B\" target=\"_blank\" rel=\"noopener noreferrer\">Versicherung Ihre Anzahlung<\/a><\/h2>\n<p style=\"text-align: left;\">Lieber Gast, da Ihre Aufenthaltsbuchung nun best\u00e4tigt ist, haben Sie bis morgen Mitternacht Zeit, eine Aufenthaltsversicherung hinzuzuf\u00fcgen. Dank des Buchungsschutzes von Allianz Global Assistance k\u00f6nnen Sie Ihre Anzahlung im Falle einer Stornierung der Reise und mehr sch\u00fctzen.<\/p>\n<h4 style=\"text-align: left;\"><a href=\"https:\/\/www.magroup-online.com\/WL\/BPR\/IT\/it?affiliateCode=8063388M&amp;agency=8058360B\">Klicken Sie hier<\/a> for f\u00fcr ein Angebot und f\u00fcr die vollst\u00e4ndige Beschreibung des Produkts!<\/h4>\n\n\t\t<\/div>\n\t\t\t\t\t<\/div>\n\n\t\n\n\t<div id=\"col-1257174909\" class=\"col medium-6 small-12 large-6\"  data-animate=\"flipInY\">\n\t\t\t\t<div class=\"col-inner text-left box-shadow-2 box-shadow-5-hover\" style=\"background-color:rgb(255, 255, 255);\" >\n\t\t\t\n\t\t\t\n\n\t<div class=\"img has-hover x md-x lg-x y md-y lg-y\" id=\"image_1932000307\">\n\t\t<a class=\"\" href=\"https:\/\/www.magroup-online.com\/WL\/BPR\/IT\/it?affiliateCode=8063388M&#038;agency=8058360B\" target=\"_blank\" rel=\"noopener\" >\t\t\t\t\t\t<div class=\"img-inner dark\" >\n\t\t\t<img loading=\"lazy\" decoding=\"async\" width=\"300\" height=\"250\" src=\"https:\/\/www.campingmarepineta.it\/wp-content\/uploads\/2024\/12\/Banner_BP-300x250-1.jpg\" class=\"attachment-large size-large\" alt=\"\" \/>\t\t\t\t\t\t\n\t\t\t\t\t<\/div>\n\t\t\t\t\t\t<\/a>\t\t\n<style>\n#image_1932000307 {\n  width: 100%;\n}\n<\/style>\n\t<\/div>\n\t\n\n\n\t\t<\/div>\n\t\t\t\t\n<style>\n#col-1257174909 > .col-inner {\n  padding: 15px 15px 15px 15px;\n}\n<\/style>\n\t<\/div>\n\n\t\n\n<\/div>\n\n\t\t<\/div>\n\n\t\t\n<style>\n#section_421637874 {\n  padding-top: 59px;\n  padding-bottom: 59px;\n  min-height: 300px;\n  background-color: #2378ad;\n}\n<\/style>\n\t<\/section>\n\t\n\n\t<section class=\"section\" id=\"section_1057420909\">\n\t\t<div class=\"section-bg fill\" >\n\t\t\t\t\t\t\t\t\t\n\t\t\t\n\n\t\t<\/div>\n\n\t\t\n\n\t\t<div class=\"section-content relative\">\n\t\t\t\n\n<div class=\"row\"  id=\"row-1559005788\">\n\n\n\t<div id=\"col-697428583\" class=\"col small-12 large-12\"  >\n\t\t\t\t<div class=\"col-inner\"  >\n\t\t\t\n\t\t\t\n\n<p style=\"text-align: center;\"><a href=\"https:\/\/www.magroup-online.com\/WL\/BPR\/IT\/it?affiliateCode=8063388M&amp;agency=8058360B\"><img loading=\"lazy\" decoding=\"async\" class=\"size-full wp-image-15226 aligncenter\" src=\"https:\/\/www.campingmarepineta.it\/wp-content\/uploads\/2024\/12\/Banner_BP-728x90-1.jpg\" alt=\"\" width=\"728\" height=\"90\" \/><\/a><\/p>\n\n\t\t<\/div>\n\t\t\t\t\t<\/div>\n\n\t\n\n<\/div>\n\n\t\t<\/div>\n\n\t\t\n<style>\n#section_1057420909 {\n  padding-top: 30px;\n  padding-bottom: 30px;\n}\n<\/style>\n\t<\/section>\n\t\n\n","protected":false},"excerpt":{"rendered":"","protected":false},"author":1,"featured_media":0,"parent":0,"menu_order":0,"comment_status":"closed","ping_status":"closed","template":"page-blank.php","meta":{"footnotes":""},"class_list":["post-14386","page","type-page","status-publish","hentry"],"yoast_head":"<!-- This site is optimized with the Yoast SEO plugin v25.0 - https:\/\/yoast.com\/wordpress\/plugins\/seo\/ -->\n<title>Kautionversicherung - Camping Mare e Pineta<\/title>\n<meta name=\"robots\" content=\"index, follow, max-snippet:-1, max-image-preview:large, max-video-preview:-1\" \/>\n<link rel=\"canonical\" href=\"https:\/\/www.campingmarepineta.it\/de\/kautionversicherung\/\" \/>\n<meta property=\"og:locale\" content=\"de_DE\" \/>\n<meta property=\"og:type\" content=\"article\" \/>\n<meta property=\"og:title\" content=\"Kautionversicherung - Camping Mare e Pineta\" \/>\n<meta property=\"og:url\" content=\"https:\/\/www.campingmarepineta.it\/de\/kautionversicherung\/\" \/>\n<meta property=\"og:site_name\" content=\"Camping Mare e Pineta\" \/>\n<meta property=\"article:modified_time\" content=\"2024-12-27T12:54:05+00:00\" \/>\n<meta property=\"og:image\" content=\"https:\/\/www.campingmarepineta.it\/wp-content\/uploads\/2024\/12\/Banner_BP-728x90-1.jpg\" \/>\n<meta name=\"twitter:card\" content=\"summary_large_image\" \/>\n<meta name=\"twitter:label1\" content=\"Gesch\u00e4tzte Lesezeit\" \/>\n\t<meta name=\"twitter:data1\" content=\"1\u00a0Minute\" \/>\n<script type=\"application\/ld+json\" class=\"yoast-schema-graph\">{\"@context\":\"https:\/\/schema.org\",\"@graph\":[{\"@type\":\"WebPage\",\"@id\":\"https:\/\/www.campingmarepineta.it\/de\/kautionversicherung\/\",\"url\":\"https:\/\/www.campingmarepineta.it\/de\/kautionversicherung\/\",\"name\":\"Kautionversicherung - Camping Mare e Pineta\",\"isPartOf\":{\"@id\":\"https:\/\/www.campingmarepineta.it\/#website\"},\"primaryImageOfPage\":{\"@id\":\"https:\/\/www.campingmarepineta.it\/de\/kautionversicherung\/#primaryimage\"},\"image\":{\"@id\":\"https:\/\/www.campingmarepineta.it\/de\/kautionversicherung\/#primaryimage\"},\"thumbnailUrl\":\"https:\/\/www.campingmarepineta.it\/wp-content\/uploads\/2024\/12\/Banner_BP-728x90-1.jpg\",\"datePublished\":\"2024-02-20T17:40:05+00:00\",\"dateModified\":\"2024-12-27T12:54:05+00:00\",\"breadcrumb\":{\"@id\":\"https:\/\/www.campingmarepineta.it\/de\/kautionversicherung\/#breadcrumb\"},\"inLanguage\":\"de\",\"potentialAction\":[{\"@type\":\"ReadAction\",\"target\":[\"https:\/\/www.campingmarepineta.it\/de\/kautionversicherung\/\"]}]},{\"@type\":\"ImageObject\",\"inLanguage\":\"de\",\"@id\":\"https:\/\/www.campingmarepineta.it\/de\/kautionversicherung\/#primaryimage\",\"url\":\"https:\/\/www.campingmarepineta.it\/wp-content\/uploads\/2024\/12\/Banner_BP-728x90-1.jpg\",\"contentUrl\":\"https:\/\/www.campingmarepineta.it\/wp-content\/uploads\/2024\/12\/Banner_BP-728x90-1.jpg\"},{\"@type\":\"BreadcrumbList\",\"@id\":\"https:\/\/www.campingmarepineta.it\/de\/kautionversicherung\/#breadcrumb\",\"itemListElement\":[{\"@type\":\"ListItem\",\"position\":1,\"name\":\"Home\",\"item\":\"https:\/\/www.campingmarepineta.it\/de\/\"},{\"@type\":\"ListItem\",\"position\":2,\"name\":\"Kautionversicherung\"}]},{\"@type\":\"WebSite\",\"@id\":\"https:\/\/www.campingmarepineta.it\/#website\",\"url\":\"https:\/\/www.campingmarepineta.it\/\",\"name\":\"Camping Mare e Pineta\",\"description\":\"\",\"publisher\":{\"@id\":\"https:\/\/www.campingmarepineta.it\/#organization\"},\"potentialAction\":[{\"@type\":\"SearchAction\",\"target\":{\"@type\":\"EntryPoint\",\"urlTemplate\":\"https:\/\/www.campingmarepineta.it\/?s={search_term_string}\"},\"query-input\":{\"@type\":\"PropertyValueSpecification\",\"valueRequired\":true,\"valueName\":\"search_term_string\"}}],\"inLanguage\":\"de\"},{\"@type\":\"Organization\",\"@id\":\"https:\/\/www.campingmarepineta.it\/#organization\",\"name\":\"Camping Mare & Pineta\",\"url\":\"https:\/\/www.campingmarepineta.it\/\",\"logo\":{\"@type\":\"ImageObject\",\"inLanguage\":\"de\",\"@id\":\"https:\/\/www.campingmarepineta.it\/#\/schema\/logo\/image\/\",\"url\":\"https:\/\/www.campingmarepineta.it\/wp-content\/uploads\/2018\/11\/logo.png\",\"contentUrl\":\"https:\/\/www.campingmarepineta.it\/wp-content\/uploads\/2018\/11\/logo.png\",\"width\":320,\"height\":166,\"caption\":\"Camping Mare & Pineta\"},\"image\":{\"@id\":\"https:\/\/www.campingmarepineta.it\/#\/schema\/logo\/image\/\"}}]}<\/script>\n<!-- \/ Yoast SEO plugin. -->","yoast_head_json":{"title":"Kautionversicherung - Camping Mare e Pineta","robots":{"index":"index","follow":"follow","max-snippet":"max-snippet:-1","max-image-preview":"max-image-preview:large","max-video-preview":"max-video-preview:-1"},"canonical":"https:\/\/www.campingmarepineta.it\/de\/kautionversicherung\/","og_locale":"de_DE","og_type":"article","og_title":"Kautionversicherung - Camping Mare e Pineta","og_url":"https:\/\/www.campingmarepineta.it\/de\/kautionversicherung\/","og_site_name":"Camping Mare e Pineta","article_modified_time":"2024-12-27T12:54:05+00:00","og_image":[{"url":"https:\/\/www.campingmarepineta.it\/wp-content\/uploads\/2024\/12\/Banner_BP-728x90-1.jpg","type":"","width":"","height":""}],"twitter_card":"summary_large_image","twitter_misc":{"Gesch\u00e4tzte Lesezeit":"1\u00a0Minute"},"schema":{"@context":"https:\/\/schema.org","@graph":[{"@type":"WebPage","@id":"https:\/\/www.campingmarepineta.it\/de\/kautionversicherung\/","url":"https:\/\/www.campingmarepineta.it\/de\/kautionversicherung\/","name":"Kautionversicherung - Camping Mare e Pineta","isPartOf":{"@id":"https:\/\/www.campingmarepineta.it\/#website"},"primaryImageOfPage":{"@id":"https:\/\/www.campingmarepineta.it\/de\/kautionversicherung\/#primaryimage"},"image":{"@id":"https:\/\/www.campingmarepineta.it\/de\/kautionversicherung\/#primaryimage"},"thumbnailUrl":"https:\/\/www.campingmarepineta.it\/wp-content\/uploads\/2024\/12\/Banner_BP-728x90-1.jpg","datePublished":"2024-02-20T17:40:05+00:00","dateModified":"2024-12-27T12:54:05+00:00","breadcrumb":{"@id":"https:\/\/www.campingmarepineta.it\/de\/kautionversicherung\/#breadcrumb"},"inLanguage":"de","potentialAction":[{"@type":"ReadAction","target":["https:\/\/www.campingmarepineta.it\/de\/kautionversicherung\/"]}]},{"@type":"ImageObject","inLanguage":"de","@id":"https:\/\/www.campingmarepineta.it\/de\/kautionversicherung\/#primaryimage","url":"https:\/\/www.campingmarepineta.it\/wp-content\/uploads\/2024\/12\/Banner_BP-728x90-1.jpg","contentUrl":"https:\/\/www.campingmarepineta.it\/wp-content\/uploads\/2024\/12\/Banner_BP-728x90-1.jpg"},{"@type":"BreadcrumbList","@id":"https:\/\/www.campingmarepineta.it\/de\/kautionversicherung\/#breadcrumb","itemListElement":[{"@type":"ListItem","position":1,"name":"Home","item":"https:\/\/www.campingmarepineta.it\/de\/"},{"@type":"ListItem","position":2,"name":"Kautionversicherung"}]},{"@type":"WebSite","@id":"https:\/\/www.campingmarepineta.it\/#website","url":"https:\/\/www.campingmarepineta.it\/","name":"Camping Mare e Pineta","description":"","publisher":{"@id":"https:\/\/www.campingmarepineta.it\/#organization"},"potentialAction":[{"@type":"SearchAction","target":{"@type":"EntryPoint","urlTemplate":"https:\/\/www.campingmarepineta.it\/?s={search_term_string}"},"query-input":{"@type":"PropertyValueSpecification","valueRequired":true,"valueName":"search_term_string"}}],"inLanguage":"de"},{"@type":"Organization","@id":"https:\/\/www.campingmarepineta.it\/#organization","name":"Camping Mare & Pineta","url":"https:\/\/www.campingmarepineta.it\/","logo":{"@type":"ImageObject","inLanguage":"de","@id":"https:\/\/www.campingmarepineta.it\/#\/schema\/logo\/image\/","url":"https:\/\/www.campingmarepineta.it\/wp-content\/uploads\/2018\/11\/logo.png","contentUrl":"https:\/\/www.campingmarepineta.it\/wp-content\/uploads\/2018\/11\/logo.png","width":320,"height":166,"caption":"Camping Mare & Pineta"},"image":{"@id":"https:\/\/www.campingmarepineta.it\/#\/schema\/logo\/image\/"}}]}},"_links":{"self":[{"href":"https:\/\/www.campingmarepineta.it\/de\/wp-json\/wp\/v2\/pages\/14386","targetHints":{"allow":["GET"]}}],"collection":[{"href":"https:\/\/www.campingmarepineta.it\/de\/wp-json\/wp\/v2\/pages"}],"about":[{"href":"https:\/\/www.campingmarepineta.it\/de\/wp-json\/wp\/v2\/types\/page"}],"author":[{"embeddable":true,"href":"https:\/\/www.campingmarepineta.it\/de\/wp-json\/wp\/v2\/users\/1"}],"replies":[{"embeddable":true,"href":"https:\/\/www.campingmarepineta.it\/de\/wp-json\/wp\/v2\/comments?post=14386"}],"version-history":[{"count":4,"href":"https:\/\/www.campingmarepineta.it\/de\/wp-json\/wp\/v2\/pages\/14386\/revisions"}],"predecessor-version":[{"id":15233,"href":"https:\/\/www.campingmarepineta.it\/de\/wp-json\/wp\/v2\/pages\/14386\/revisions\/15233"}],"wp:attachment":[{"href":"https:\/\/www.campingmarepineta.it\/de\/wp-json\/wp\/v2\/media?parent=14386"}],"curies":[{"name":"wp","href":"https:\/\/api.w.org\/{rel}","templated":true}]}}