




{"id":14399,"date":"2024-02-20T18:47:37","date_gmt":"2024-02-20T17:47:37","guid":{"rendered":"https:\/\/www.campingmarepineta.it\/?page_id=14399"},"modified":"2024-02-20T18:47:38","modified_gmt":"2024-02-20T17:47:38","slug":"wo-sind-wir","status":"publish","type":"page","link":"https:\/\/www.campingmarepineta.it\/de\/wo-sind-wir\/","title":{"rendered":"Wo sind wir"},"content":{"rendered":"\n\n  <div class=\"banner has-hover\" id=\"banner-50096687\">\n          <div class=\"banner-inner fill\">\n        <div class=\"banner-bg fill\" >\n                                    <div class=\"overlay\"><\/div>            \n                    <\/div>\n\t\t\n        <div class=\"banner-layers container\">\n            <div class=\"fill banner-link\"><\/div>            \n\n   <div id=\"text-box-1688564948\" class=\"text-box banner-layer x50 md-x50 lg-x50 y50 md-y50 lg-y50 res-text\">\n              <div data-parallax=\"-1\" data-parallax-fade=\"true\">       <div data-animate=\"fadeInUp\">           <div class=\"text-box-content text dark text-shadow-1\">\n              \n              <div class=\"text-inner text-left\">\n                  \n\n<h1 class=\"entry-title is-larger\"><strong>Wo sind wir<\/strong><\/h1>\n\n              <\/div>\n           <\/div>\n       <\/div>       <\/div>              \n<style>\n#text-box-1688564948 {\n  width: 80%;\n}\n#text-box-1688564948 .text-box-content {\n  font-size: 100%;\n}\n<\/style>\n    <\/div>\n \n\n        <\/div>\n      <\/div>\n\n            \n<style>\n#banner-50096687 {\n  padding-top: 160px;\n}\n#banner-50096687 .overlay {\n  background-color: rgba(0, 0, 0, 0.12);\n}\n<\/style>\n  <\/div>\n\n\n\n\t<section class=\"section\" id=\"section_311550457\">\n\t\t<div class=\"section-bg fill\" >\n\t\t\t\t\t\t\t\t\t\n\t\t\t\n\n\t\t<\/div>\n\n\t\t\n\n\t\t<div class=\"section-content relative\">\n\t\t\t\n\n<div class=\"row\"  id=\"row-2011382646\">\n\n\n\t<div id=\"col-266100512\" class=\"col medium-6 small-12 large-6\"  data-animate=\"fadeInUp\">\n\t\t\t\t<div class=\"col-inner\"  >\n\t\t\t\n\t\t\t\n\n<p><strong>So erreichen Sie uns<\/strong><\/p>\n<p>Via delle Acacie, 67 &#8211; 44029 Lido di Spina (FE) &#8211; Italy<br>Tel. (+39) 0533\/33.01.10<br>Fax. (+39) 0533\/33.00.52<br>E-mail: <a class=\"text10\" href=\"mailto:info@campingmarepineta.com\" target=\"_blank\" rel=\"noopener\">info@campingmarepineta.com<\/a><\/p>\n<p><strong>COORDINATE GPS:<\/strong><br>N 44\u00b039\u201921\u2019\u2019050 \u2013 E 12\u00b014\u201943\u2019\u2019.200<\/p>\n\n\t\t<\/div>\n\t\t\t\t\t<\/div>\n\n\t\n\n\t<div id=\"col-1639296401\" class=\"col medium-6 small-12 large-6\"  data-animate=\"fadeInUp\">\n\t\t\t\t<div class=\"col-inner\"  >\n\t\t\t\n\t\t\t\n\n\n\t<script type=\"text\/javascript\">\n  jQuery( document ).ready(function() {\n    function initialize() {\n        var styles = {\n            'flatsome':  [{\n            \"featureType\": \"administrative\",\n            \"stylers\": [\n              { \"visibility\": \"on\" }\n            ]\n          },\n          {\n            \"featureType\": \"road\",\n            \"stylers\": [\n              { \"visibility\": \"on\" },\n              { \"hue\": \"\" }\n            ]\n          },\n          {\n            \"stylers\": [\n\t\t\t  { \"visibility\": \"on\" },\n\t\t\t  { \"hue\": \"\" },\n\t\t\t  { \"saturation\": -30 }\n            ]\n          }\n        ]};\n\n        var myLatlng = new google.maps.LatLng(44.65594, 12.24526);\n        var myOptions = {\n            zoom: 15,\n            center: myLatlng,\n            mapTypeId: google.maps.MapTypeId.ROADMAP,\n            disableDefaultUI: true,\n            mapTypeId: 'flatsome',\n            draggable: true,\n            zoomControl: true,\n            zoomControlOptions: {\n              position: google.maps.ControlPosition.TOP_LEFT\n            },\n      \t\t\tmapTypeControl: true,\n            mapTypeControlOptions: {\n              position: google.maps.ControlPosition.TOP_LEFT\n            },\n      \t\t\tstreetViewControl: true,\n            streetViewControlOptions: {\n              position: google.maps.ControlPosition.TOP_LEFT\n            },\n            scrollwheel: false,\n            disableDoubleClickZoom: true\n        }\n        var map = new google.maps.Map(document.getElementById(\"map-3043257791-inner\"), myOptions);\n        var styledMapType = new google.maps.StyledMapType(styles['flatsome'], {name: 'flatsome'});\n        map.mapTypes.set('flatsome', styledMapType);\n\n        var marker = new google.maps.Marker({\n            position: myLatlng,\n            map: map,\n            title:\"\"\n        });\n    }\n\n    \/\/ Required to proceed\n    if (!(typeof google === 'object' && typeof google.maps === 'object')) {\n      return\n    }\n\n    initialize()\n    google.maps.event.addDomListener(window, 'resize', initialize);\n    });\n    <\/script>\n\n    <div class=\"google-map relative mb\" id=\"map-3043257791\">\n        <div class=\"map-height\" id=\"map-3043257791-inner\"><\/div>\n        <div id=\"map_overlay_top\"><\/div>\n        <div id=\"map_overlay_bottom\"><\/div>\n                  <div class=\"map_inner map-inner last-reset absolute x100 md-x95 lg-x95 y100 md-y95 lg-y95\">\n              \n\n<p>Via delle Acacie, 67 &#8211; 44029 Lido di Spina (FE) &#8211; Italy<\/p>\n\n         <\/div>\n       \n       \n<style>\n#map-3043257791 .map-inner {\n  background-color: #fff;\n  max-width: 100%;\n}\n#map-3043257791 .map-height {\n  height: 400px;\n}\n@media (min-width:550px) {\n  #map-3043257791 .map-inner {\n    max-width: 40%;\n  }\n}\n@media (min-width:850px) {\n  #map-3043257791 .map-inner {\n    max-width: 30%;\n  }\n}\n<\/style>\n    <\/div>\n\n\t\n\n\t\t<\/div>\n\t\t\t\t\t<\/div>\n\n\t\n\n<\/div>\n<div class=\"row\"  id=\"row-1837462788\">\n\n\n\t<div id=\"col-125677070\" class=\"col small-12 large-12\"  data-animate=\"fadeInUp\">\n\t\t\t\t<div class=\"col-inner\"  >\n\t\t\t\n\t\t\t\n\n<p class=\"lead\"><b>Im Auto:<\/b><\/p>\n<p>von Norden kommend: Autobahn A14 BO \/ AN, Ausfahrt Ferrara Sud. Fahren Sie weiter auf der RA8 Ferrara Mare nach Porto Garibaldi, danach Richtung Ravenna und biegen Sie bei Km 24 Lido degli Estensi links ab. Fahren Sie bis zum Ende der Stra\u00dfe und biegen Sie rechts ab. Nach der Br\u00fccke erreichen Sie Ihr Ziel.<\/p>\n<p>von S\u00fcden kommend: Autobahn A14 BO \/ AN, Ausfahrt Ravenna. Fahren Sie weiter auf der SS16 und dann auf der SS309 Richtung Venedig. Bei Km 24 Lido degli Estensi biegen Sie rechts ab. Fahren Sie bis zum Ende der Stra\u00dfe und biegen Sie rechts ab. Nach der Br\u00fccke erreichen Sie Ihr Ziel.<\/p>\n<p>Vom Brenner: Nehmen Sie die Brennerautobahn A22 Richtung Modena, nehmen Sie die Ausfahrt Verona Sud, folgen Sie der Beschilderung zur Schnellstra\u00dfe SS 434 (Legnago-Rovigo) und fahren Sie weiter bis zur Beschilderung nach Villamarzana A13.\nNach etwa 20 km nehmen Sie in Villamarzana die Autobahn A13 Richtung Bologna, danach nehmen Sie die Ausfahrt Ferrara Sud und fahren Sie weiter auf der RA8 Ferrara-Mare. Am Ende rechts Richtung Ravenna und bei Km 24 Lido degli Estensi biegen Sie links ab. Fahren Sie bis zum Ende der Stra\u00dfe und biegen Sie rechts ab. Nach der Br\u00fccke erreichen Sie Ihr Ziel.<\/p>\n<p>Von Tarvisio: Autobahn A23 Richtung Udine, folgen Sie die A4 \/ E70 und nehmen Sie die Ausfahrt Padova Industrial Area auf der A13. Nehmen Sie die Ausfahrt Ferrara Sud und fahren Sie weiter auf der RA8 Ferrara-Mare. Am Ende rechts Richtung Ravenna und bei Km 24 Lido degli Estensi biegen Sie links ab. Fahren Sie bis zum Ende der Stra\u00dfe und biegen Sie rechts ab. Nach der Br\u00fccke erreichen Sie Ihr Ziel.<\/p>\n<p class=\"lead\"><b>Mit dem Zug:<\/b><\/p>\n<p>Sie k\u00f6nnen die n\u00e4chstgelegenen Bahnh\u00f6fe, Ferrara oder Ravenna, erreichen, die mit der Bus Linie T-Per Lido di Spina verbunden sind (Haltestelle ca. 100 m vom Camping Mare und Pineta entfernt)<\/p>\n<p><u><a href=\"https:\/\/www.tper.it\/orari\">https:\/\/www.tper.it\/orari<\/a><\/u><\/p>\n<p class=\"lead\"><b>Mit dem Bus<\/b>:<\/p>\n<p>Von Ferrara mit der Linie 331 bis Comacchio-Lidi<\/p>\n<p>Von Ravenna Linie 332\/333 Richtung Comacchio-Lidi<\/p>\n<p><u><a href=\"https:\/\/www.tper.it\/orari\">https:\/\/www.tper.it\/orari<\/a><\/u><\/p>\n<p class=\"lead\"><b>Mit dem Flugzeug<\/b>:<\/p>\n<p>von G. Marconi di Bologna mit BUS &#038; FLY Transfer 102 km<\/p>\n<p>vom Marco Polo von Venedig 184 Km<\/p>\n<p>von der Sant\u2019Angelo di Treviso 200 km<\/p>\n<p>von F.Fellini di Rimini 98 Km<\/p>\n<p>F\u00fcr Informationen k\u00f6nnen Sie uns per E-Mail <a mailto:info@campingmarepineta.com>info@campingmarepineta.com<\/a> kontaktieren<\/p>\n\n\t\t<\/div>\n\t\t\t\t\t<\/div>\n\n\t\n\n<\/div>\n\n\t\t<\/div>\n\n\t\t\n<style>\n#section_311550457 {\n  padding-top: 30px;\n  padding-bottom: 30px;\n}\n<\/style>\n\t<\/section>\n\t\n","protected":false},"excerpt":{"rendered":"","protected":false},"author":1,"featured_media":0,"parent":0,"menu_order":0,"comment_status":"closed","ping_status":"closed","template":"page-blank.php","meta":{"footnotes":""},"class_list":["post-14399","page","type-page","status-publish","hentry"],"yoast_head":"<!-- This site is optimized with the Yoast SEO plugin v25.0 - https:\/\/yoast.com\/wordpress\/plugins\/seo\/ -->\n<title>Wo sind wir - Camping Mare e Pineta<\/title>\n<meta name=\"robots\" content=\"index, follow, max-snippet:-1, max-image-preview:large, max-video-preview:-1\" \/>\n<link rel=\"canonical\" href=\"https:\/\/www.campingmarepineta.it\/de\/wo-sind-wir\/\" \/>\n<meta property=\"og:locale\" content=\"de_DE\" \/>\n<meta property=\"og:type\" content=\"article\" \/>\n<meta property=\"og:title\" content=\"Wo sind wir - Camping Mare e Pineta\" \/>\n<meta property=\"og:url\" content=\"https:\/\/www.campingmarepineta.it\/de\/wo-sind-wir\/\" \/>\n<meta property=\"og:site_name\" content=\"Camping Mare e Pineta\" \/>\n<meta property=\"article:modified_time\" content=\"2024-02-20T17:47:38+00:00\" \/>\n<meta name=\"twitter:card\" content=\"summary_large_image\" \/>\n<meta name=\"twitter:label1\" content=\"Gesch\u00e4tzte Lesezeit\" \/>\n\t<meta name=\"twitter:data1\" content=\"3\u00a0Minuten\" \/>\n<script type=\"application\/ld+json\" class=\"yoast-schema-graph\">{\"@context\":\"https:\/\/schema.org\",\"@graph\":[{\"@type\":\"WebPage\",\"@id\":\"https:\/\/www.campingmarepineta.it\/de\/wo-sind-wir\/\",\"url\":\"https:\/\/www.campingmarepineta.it\/de\/wo-sind-wir\/\",\"name\":\"Wo sind wir - Camping Mare e Pineta\",\"isPartOf\":{\"@id\":\"https:\/\/www.campingmarepineta.it\/#website\"},\"datePublished\":\"2024-02-20T17:47:37+00:00\",\"dateModified\":\"2024-02-20T17:47:38+00:00\",\"breadcrumb\":{\"@id\":\"https:\/\/www.campingmarepineta.it\/de\/wo-sind-wir\/#breadcrumb\"},\"inLanguage\":\"de\",\"potentialAction\":[{\"@type\":\"ReadAction\",\"target\":[\"https:\/\/www.campingmarepineta.it\/de\/wo-sind-wir\/\"]}]},{\"@type\":\"BreadcrumbList\",\"@id\":\"https:\/\/www.campingmarepineta.it\/de\/wo-sind-wir\/#breadcrumb\",\"itemListElement\":[{\"@type\":\"ListItem\",\"position\":1,\"name\":\"Home\",\"item\":\"https:\/\/www.campingmarepineta.it\/de\/\"},{\"@type\":\"ListItem\",\"position\":2,\"name\":\"Wo sind wir\"}]},{\"@type\":\"WebSite\",\"@id\":\"https:\/\/www.campingmarepineta.it\/#website\",\"url\":\"https:\/\/www.campingmarepineta.it\/\",\"name\":\"Camping Mare e Pineta\",\"description\":\"\",\"publisher\":{\"@id\":\"https:\/\/www.campingmarepineta.it\/#organization\"},\"potentialAction\":[{\"@type\":\"SearchAction\",\"target\":{\"@type\":\"EntryPoint\",\"urlTemplate\":\"https:\/\/www.campingmarepineta.it\/?s={search_term_string}\"},\"query-input\":{\"@type\":\"PropertyValueSpecification\",\"valueRequired\":true,\"valueName\":\"search_term_string\"}}],\"inLanguage\":\"de\"},{\"@type\":\"Organization\",\"@id\":\"https:\/\/www.campingmarepineta.it\/#organization\",\"name\":\"Camping Mare & Pineta\",\"url\":\"https:\/\/www.campingmarepineta.it\/\",\"logo\":{\"@type\":\"ImageObject\",\"inLanguage\":\"de\",\"@id\":\"https:\/\/www.campingmarepineta.it\/#\/schema\/logo\/image\/\",\"url\":\"https:\/\/www.campingmarepineta.it\/wp-content\/uploads\/2018\/11\/logo.png\",\"contentUrl\":\"https:\/\/www.campingmarepineta.it\/wp-content\/uploads\/2018\/11\/logo.png\",\"width\":320,\"height\":166,\"caption\":\"Camping Mare & Pineta\"},\"image\":{\"@id\":\"https:\/\/www.campingmarepineta.it\/#\/schema\/logo\/image\/\"}}]}<\/script>\n<!-- \/ Yoast SEO plugin. -->","yoast_head_json":{"title":"Wo sind wir - Camping Mare e Pineta","robots":{"index":"index","follow":"follow","max-snippet":"max-snippet:-1","max-image-preview":"max-image-preview:large","max-video-preview":"max-video-preview:-1"},"canonical":"https:\/\/www.campingmarepineta.it\/de\/wo-sind-wir\/","og_locale":"de_DE","og_type":"article","og_title":"Wo sind wir - Camping Mare e Pineta","og_url":"https:\/\/www.campingmarepineta.it\/de\/wo-sind-wir\/","og_site_name":"Camping Mare e Pineta","article_modified_time":"2024-02-20T17:47:38+00:00","twitter_card":"summary_large_image","twitter_misc":{"Gesch\u00e4tzte Lesezeit":"3\u00a0Minuten"},"schema":{"@context":"https:\/\/schema.org","@graph":[{"@type":"WebPage","@id":"https:\/\/www.campingmarepineta.it\/de\/wo-sind-wir\/","url":"https:\/\/www.campingmarepineta.it\/de\/wo-sind-wir\/","name":"Wo sind wir - Camping Mare e Pineta","isPartOf":{"@id":"https:\/\/www.campingmarepineta.it\/#website"},"datePublished":"2024-02-20T17:47:37+00:00","dateModified":"2024-02-20T17:47:38+00:00","breadcrumb":{"@id":"https:\/\/www.campingmarepineta.it\/de\/wo-sind-wir\/#breadcrumb"},"inLanguage":"de","potentialAction":[{"@type":"ReadAction","target":["https:\/\/www.campingmarepineta.it\/de\/wo-sind-wir\/"]}]},{"@type":"BreadcrumbList","@id":"https:\/\/www.campingmarepineta.it\/de\/wo-sind-wir\/#breadcrumb","itemListElement":[{"@type":"ListItem","position":1,"name":"Home","item":"https:\/\/www.campingmarepineta.it\/de\/"},{"@type":"ListItem","position":2,"name":"Wo sind wir"}]},{"@type":"WebSite","@id":"https:\/\/www.campingmarepineta.it\/#website","url":"https:\/\/www.campingmarepineta.it\/","name":"Camping Mare e Pineta","description":"","publisher":{"@id":"https:\/\/www.campingmarepineta.it\/#organization"},"potentialAction":[{"@type":"SearchAction","target":{"@type":"EntryPoint","urlTemplate":"https:\/\/www.campingmarepineta.it\/?s={search_term_string}"},"query-input":{"@type":"PropertyValueSpecification","valueRequired":true,"valueName":"search_term_string"}}],"inLanguage":"de"},{"@type":"Organization","@id":"https:\/\/www.campingmarepineta.it\/#organization","name":"Camping Mare & Pineta","url":"https:\/\/www.campingmarepineta.it\/","logo":{"@type":"ImageObject","inLanguage":"de","@id":"https:\/\/www.campingmarepineta.it\/#\/schema\/logo\/image\/","url":"https:\/\/www.campingmarepineta.it\/wp-content\/uploads\/2018\/11\/logo.png","contentUrl":"https:\/\/www.campingmarepineta.it\/wp-content\/uploads\/2018\/11\/logo.png","width":320,"height":166,"caption":"Camping Mare & Pineta"},"image":{"@id":"https:\/\/www.campingmarepineta.it\/#\/schema\/logo\/image\/"}}]}},"_links":{"self":[{"href":"https:\/\/www.campingmarepineta.it\/de\/wp-json\/wp\/v2\/pages\/14399","targetHints":{"allow":["GET"]}}],"collection":[{"href":"https:\/\/www.campingmarepineta.it\/de\/wp-json\/wp\/v2\/pages"}],"about":[{"href":"https:\/\/www.campingmarepineta.it\/de\/wp-json\/wp\/v2\/types\/page"}],"author":[{"embeddable":true,"href":"https:\/\/www.campingmarepineta.it\/de\/wp-json\/wp\/v2\/users\/1"}],"replies":[{"embeddable":true,"href":"https:\/\/www.campingmarepineta.it\/de\/wp-json\/wp\/v2\/comments?post=14399"}],"version-history":[{"count":1,"href":"https:\/\/www.campingmarepineta.it\/de\/wp-json\/wp\/v2\/pages\/14399\/revisions"}],"predecessor-version":[{"id":14400,"href":"https:\/\/www.campingmarepineta.it\/de\/wp-json\/wp\/v2\/pages\/14399\/revisions\/14400"}],"wp:attachment":[{"href":"https:\/\/www.campingmarepineta.it\/de\/wp-json\/wp\/v2\/media?parent=14399"}],"curies":[{"name":"wp","href":"https:\/\/api.w.org\/{rel}","templated":true}]}}