




{"id":14413,"date":"2024-02-20T18:59:45","date_gmt":"2024-02-20T17:59:45","guid":{"rendered":"https:\/\/www.campingmarepineta.it\/?page_id=14413"},"modified":"2024-02-20T18:59:48","modified_gmt":"2024-02-20T17:59:48","slug":"wasserpark","status":"publish","type":"page","link":"https:\/\/www.campingmarepineta.it\/de\/erfahrung\/wasserpark\/","title":{"rendered":"Wasserpark"},"content":{"rendered":"\n\n  <div class=\"banner has-hover is-full-height has-parallax\" id=\"banner-1660100641\">\n          <div class=\"banner-inner fill\">\n        <div class=\"banner-bg fill\" data-parallax=\"-6\" data-parallax-container=\".banner\" data-parallax-background>\n            <img loading=\"lazy\" decoding=\"async\" width=\"3500\" height=\"2333\" src=\"https:\/\/www.campingmarepineta.it\/wp-content\/uploads\/2020\/02\/DSC_9369.jpg\" class=\"bg attachment-original size-original\" alt=\"\" \/>                        <div class=\"overlay\"><\/div>            \n                    <\/div>\n\t\t\n        <div class=\"banner-layers container\">\n            <div class=\"fill banner-link\"><\/div>            \n\n   <div id=\"text-box-664281731\" class=\"text-box banner-layer x50 md-x50 lg-x50 y50 md-y50 lg-y50 res-text\">\n              <div data-parallax=\"-1\" data-parallax-fade=\"true\">       <div data-animate=\"fadeInUp\">           <div class=\"text-box-content text dark text-shadow-1\">\n              \n              <div class=\"text-inner text-center\">\n                  \n\n\t<div id=\"text-273675915\" class=\"text\">\n\t\t\n\n<h1 data-animate=\"fadeInUp\">Wasserpark<\/h1>\n<p class=\"is-smaller\" data-animate=\"fadeInUp\"><span><span><a href=\"https:\/\/www.campingmarepineta.it\/de\/\">Home<\/a><\/span><\/span>\n\t\t\n<style>\n#text-273675915 {\n  font-size: 1rem;\n}\n@media (min-width:550px) {\n  #text-273675915 {\n    font-size: 2rem;\n  }\n}\n<\/style>\n\t<\/div>\n\t\n\n              <\/div>\n           <\/div>\n       <\/div>       <\/div>              \n<style>\n#text-box-664281731 {\n  width: 80%;\n}\n#text-box-664281731 .text-box-content {\n  font-size: 100%;\n}\n<\/style>\n    <\/div>\n \n\n        <\/div>\n      <\/div>\n\n            \n<style>\n#banner-1660100641 {\n  padding-top: 99.99%;\n}\n#banner-1660100641 .overlay {\n  background-color: rgba(0, 0, 0, 0.256);\n}\n#banner-1660100641 .banner-bg img {\n  object-position: 50% 99%;\n}\n@media (min-width:550px) {\n  #banner-1660100641 {\n    padding-top: 100%;\n  }\n}\n<\/style>\n  <\/div>\n\n\n\n\t<section class=\"section\" id=\"section_1339600230\">\n\t\t<div class=\"section-bg fill\" >\n\t\t\t\t\t\t\t\t\t\n\t\t\t\n\n\t\t<\/div>\n\n\t\t\n\n\t\t<div class=\"section-content relative\">\n\t\t\t\n\n\n\t<section class=\"section no-background-image blur-background\" id=\"section_55670127\">\n\t\t<div class=\"section-bg fill\" >\n\t\t\t\t\t\t\t\t\t\n\t\t\t\n\n\t\t<\/div>\n\n\t\t\n\n\t\t<div class=\"section-content relative\">\n\t\t\t\r\n\r\n<form target=\"_blank\" action=\"http:\/\/booking.campingmarepineta.it\/html\/pricelist.php?lang=2\" method=\"post\" name=\"form_prenota\" id=\"form_prenota\">\r\n<div class=\"container\" style=\"max-width:900px;\">\r\n<div id=\"row-booking-form\" class=\"align-center\">\r\n<div class=\"col\">\r\n<div class=\"col-inner\"><label>ANREISE:<input name=\"dataInizio\" type=\"text\" class=\"calendar\" value=\"\" placeholder=\"TT\/MM\/JJJJ\" \/><\/label><\/div>\r\n<\/div>\r\n<div class=\"col\">\r\n<div class=\"col-inner\"><label>ABREISE:<input name=\"dataFine\" type=\"text\" class=\"calendar\" value=\"\" placeholder=\"TT\/MM\/JJJJ\" \/><\/label><\/div>\r\n<\/div>\r\n<div class=\"col\">\r\n<div class=\"col-inner\"><label>UNTERKUNFT:<select id=\"tipo\" class=\"wpcf7-form-control wpcf7-select\" name=\"nomelistino\"><option value=\"4\">Alle<\/option><option value=\"1\">Camping<\/option><option value=\"2\">Wohnungen & Villen<\/option><option value=\"3\">Wohnmobile<\/option><\/select><\/label><\/div>\r\n<\/div>\r\n<div class=\"col\">\r\n<div class=\"col-inner\"><label>PERSONEN:<select id=\"select\" class=\"wpcf7-form-control wpcf7-select\" name=\"persone\"><option>1<\/option><option>2<\/option><option>3<\/option><option>4<\/option><option>5<\/option><option>6<\/option><\/select><\/label><\/div>\r\n<\/div>\r\n<div class=\"col\">\r\n<div class=\"col-inner\"><label><br \/>\r\n<input name=\"step\" type=\"hidden\" value=\"0\" \/><input type=\"hidden\" value=\"1\" name=\"cerca\"><button name=\"submit\" type=\"submit\" class=\"button midnight-blue  \">SUCHEN<\/button><\/label><\/div>\r\n<\/div>\r\n<\/div>\r\n<\/div>\r\n<\/form>\r\n\t\t<\/div>\n\n\t\t\n<style>\n#section_55670127 {\n  padding-top: 30px;\n  padding-bottom: 30px;\n  background-color: rgba(255, 255, 255, 0.4);\n}\n<\/style>\n\t<\/section>\n\t\n\n\n\t\t<\/div>\n\n\t\t\n<style>\n#section_1339600230 {\n  padding-top: 0px;\n  padding-bottom: 0px;\n  background-color: rgb(243, 243, 240);\n}\n<\/style>\n\t<\/section>\n\t\n\n\t<section class=\"section\" id=\"section_116774512\">\n\t\t<div class=\"section-bg fill\" >\n\t\t\t\t\t\t\t\t\t\n\t\t\t\n\n\t\t<\/div>\n\n\t\t\n\n\t\t<div class=\"section-content relative\">\n\t\t\t\n\n<div class=\"row\"  id=\"row-55798082\">\n\n\n\t<div id=\"col-694446610\" class=\"col small-12 large-12\"  data-animate=\"fadeInUp\">\n\t\t\t\t<div class=\"col-inner text-left\"  >\n\t\t\t\n\t\t\t\n\n<p data-animate=\"fadeInUp\">In unserem Wasserpark, der vom ca. 15. Mai bis ca. 10. September ge\u00f6ffnet ist, k\u00f6nnen Sie von einen Spa\u00df- und Freizeitbereich genie\u00dfen, der f\u00fcr jeden geeignet ist.<\/p>\n<p data-animate=\"fadeInUp\">Unser halbolympisches Becken mit einer Tiefe von 140 cm l\u00e4dt an hei\u00dfen Sommertagen zum Schwimmen und Abk\u00fchlen ein. Dar\u00fcber hinaus finden Sie einen Entspannungsbereich mit Hydromassagen und Nackenwasserf\u00e4llen mit einer Tiefe von 100 cm bis 140 cm, ideal f\u00fcr v\u00f6llige Entspannung.<\/p>\n<p data-animate=\"fadeInUp\">F\u00fcr Familien haben wir zwei spezielle Bereiche f\u00fcr Kinder im Alter von 0 bis 10 Jahren, beide voller Spiele. Einer der Pools hat eine Tiefe von 30 cm, w\u00e4hrend der andere eine Tiefe von 60 cm hat, sodass eine sichere Umgebung f\u00fcr die Kleinen gew\u00e4hrleistet ist.<\/p>\n<p data-animate=\"fadeInUp\">Und f\u00fcr diejenigen, die sich k\u00f6rperlich bet\u00e4tigen m\u00f6chten, organisiert das Animationsteam t\u00e4glich Wassergymnastik-Kurse, um Sie w\u00e4hrend Ihres Urlaubs fit zu halten.<\/p>\n<p data-animate=\"fadeInUp\">Im Solarium Bereich stellen wir Ihnen kostenlose Sonnenliegen zur Verf\u00fcgung, solange der Vorrat reicht, damit Sie in aller Ruhe in der Sonne entspannen k\u00f6nnen.<\/p>\n<p data-animate=\"fadeInUp\">Sicherheit hat f\u00fcr uns Priorit\u00e4t, daher ist der Rettungsdienst stets aktiv, um eine sichere Umgebung f\u00fcr alle zu gew\u00e4hrleisten.\nWenn Sie Lust auf eine Pause haben, gibt es eine Snackbar, in der Sie Kaffee, Eis, Sandwiches und mehr genie\u00dfen k\u00f6nnen.\n<\/p>\n\n\t\t<\/div>\n\t\t\t\t\t<\/div>\n\n\t\n\n<\/div>\n\n\t\t<\/div>\n\n\t\t\n<style>\n#section_116774512 {\n  padding-top: 30px;\n  padding-bottom: 30px;\n}\n<\/style>\n\t<\/section>\n\t\n\n\t<section class=\"section\" id=\"section_947597209\">\n\t\t<div class=\"section-bg fill\" >\n\t\t\t\t\t\t\t\t\t\n\t\t\t\n\n\t\t<\/div>\n\n\t\t\n\n\t\t<div class=\"section-content relative\">\n\t\t\t\n\n  <style>\n    #gallery-541236969 .grid-col-1{height: 600px}\n    #gallery-541236969 .grid-col-1-2{height: 300px}\n    #gallery-541236969 .grid-col-1-3{height:200px}\n    #gallery-541236969 .grid-col-2-3{height: 400px}\n    #gallery-541236969 .grid-col-1-4{height: 150px}\n    #gallery-541236969 .grid-col-3-4{height: 450px}\n\n\n        \/* Tablet *\/\n    @media (max-width: 850px){\n      #gallery-541236969 .grid-col-1{height: 400px}\n      #gallery-541236969 .grid-col-1-2{height: 200px}\n      #gallery-541236969 .grid-col-1-3{height:133.33333333333px}\n      #gallery-541236969 .grid-col-2-3{height: 266.66666666667px}\n      #gallery-541236969 .grid-col-1-4{height: 100px}\n      #gallery-541236969 .grid-col-3-4{height: 300px}\n    }\n    \n        \/* Mobile *\/\n    @media (max-width: 550px){\n      #gallery-541236969 .grid-col-1{height: 400px}\n      #gallery-541236969 .grid-col-1-2{height: 200px}\n      #gallery-541236969 .grid-col-1-3{height:133.33333333333px}\n      #gallery-541236969 .grid-col-2-3{height: 266.66666666667px}\n      #gallery-541236969 .grid-col-1-4{height: 100px}\n      #gallery-541236969 .grid-col-3-4{height: 300px}\n    }\n    \n\n  <\/style>\n  \n  \n    <div id=\"gallery-541236969\" class=\"row row-collapse row-full-width row-grid\" data-packery-options='{\"itemSelector\": \".col\", \"gutter\": 0, \"presentageWidth\" : true}'>\n\n  <div class=\"gallery-col col grid-col grid-col-1 large-6 medium-12\" data-animate=\"fadeInUp\">\n          <div class=\"col-inner\">\n            <a class=\"image-lightbox lightbox-gallery\" href=\"https:\/\/www.campingmarepineta.it\/wp-content\/uploads\/2021\/02\/DSC_9353-1200x800.jpg\" title=\"\">            <div class=\"box has-hover gallery-box box-overlay dark box-text-center\">\n              <div class=\"box-image image-zoom-fade\" >\n                <img loading=\"lazy\" decoding=\"async\" width=\"1020\" height=\"680\" src=\"https:\/\/www.campingmarepineta.it\/wp-content\/uploads\/2021\/02\/DSC_9353-1200x800.jpg\" class=\"attachment-large size-large\" alt=\"\" ids=\"12786,12783,13101,12888\" style=\"none\" type=\"grid\" grid=\"3\" col_spacing=\"collapse\" animate=\"fadeInUp\" image_hover=\"zoom-fade\" text_padding=\"0 0px 0px 0px\" srcset=\"https:\/\/www.campingmarepineta.it\/wp-content\/uploads\/2021\/02\/DSC_9353-1200x800.jpg 1200w, https:\/\/www.campingmarepineta.it\/wp-content\/uploads\/2021\/02\/DSC_9353-600x400.jpg 600w, https:\/\/www.campingmarepineta.it\/wp-content\/uploads\/2021\/02\/DSC_9353-768x512.jpg 768w, https:\/\/www.campingmarepineta.it\/wp-content\/uploads\/2021\/02\/DSC_9353-1536x1024.jpg 1536w, https:\/\/www.campingmarepineta.it\/wp-content\/uploads\/2021\/02\/DSC_9353-2048x1365.jpg 2048w\" sizes=\"auto, (max-width: 1020px) 100vw, 1020px\" \/>                                  <div class=\"overlay fill\"\n                      style=\"background-color: rgba(0,0,0,.15)\">\n                  <\/div>\n                                                              <\/div>\n              <div class=\"box-text text-left dark\" style=\"padding:0 0px 0px 0px;\">\n                 <p><\/p>\n              <\/div>\n            <\/div>\n            <\/a>          <\/div>\n         <\/div><div class=\"gallery-col col grid-col grid-col-1-2 large-6 medium-6\" data-animate=\"fadeInUp\">\n          <div class=\"col-inner\">\n            <a class=\"image-lightbox lightbox-gallery\" href=\"https:\/\/www.campingmarepineta.it\/wp-content\/uploads\/2021\/02\/DSC_9337-1200x800.jpg\" title=\"\">            <div class=\"box has-hover gallery-box box-overlay dark box-text-center\">\n              <div class=\"box-image image-zoom-fade\" >\n                <img loading=\"lazy\" decoding=\"async\" width=\"600\" height=\"400\" src=\"https:\/\/www.campingmarepineta.it\/wp-content\/uploads\/2021\/02\/DSC_9337-600x400.jpg\" class=\"attachment-medium size-medium\" alt=\"\" ids=\"12786,12783,13101,12888\" style=\"none\" type=\"grid\" grid=\"3\" col_spacing=\"collapse\" animate=\"fadeInUp\" image_hover=\"zoom-fade\" text_padding=\"0 0px 0px 0px\" srcset=\"https:\/\/www.campingmarepineta.it\/wp-content\/uploads\/2021\/02\/DSC_9337-600x400.jpg 600w, https:\/\/www.campingmarepineta.it\/wp-content\/uploads\/2021\/02\/DSC_9337-1200x800.jpg 1200w, https:\/\/www.campingmarepineta.it\/wp-content\/uploads\/2021\/02\/DSC_9337-768x512.jpg 768w, https:\/\/www.campingmarepineta.it\/wp-content\/uploads\/2021\/02\/DSC_9337-1536x1024.jpg 1536w, https:\/\/www.campingmarepineta.it\/wp-content\/uploads\/2021\/02\/DSC_9337-2048x1365.jpg 2048w\" sizes=\"auto, (max-width: 600px) 100vw, 600px\" \/>                                  <div class=\"overlay fill\"\n                      style=\"background-color: rgba(0,0,0,.15)\">\n                  <\/div>\n                                                              <\/div>\n              <div class=\"box-text text-left dark\" style=\"padding:0 0px 0px 0px;\">\n                 <p><\/p>\n              <\/div>\n            <\/div>\n            <\/a>          <\/div>\n         <\/div><div class=\"gallery-col col grid-col grid-col-1-2 large-3 medium-6\" data-animate=\"fadeInUp\">\n          <div class=\"col-inner\">\n            <a class=\"image-lightbox lightbox-gallery\" href=\"https:\/\/www.campingmarepineta.it\/wp-content\/uploads\/2024\/01\/DSC_4568-1200x800.jpg\" title=\"\">            <div class=\"box has-hover gallery-box box-overlay dark box-text-center\">\n              <div class=\"box-image image-zoom-fade\" >\n                <img loading=\"lazy\" decoding=\"async\" width=\"600\" height=\"400\" src=\"https:\/\/www.campingmarepineta.it\/wp-content\/uploads\/2024\/01\/DSC_4568-600x400.jpg\" class=\"attachment-medium size-medium\" alt=\"\" ids=\"12786,12783,13101,12888\" style=\"none\" type=\"grid\" grid=\"3\" col_spacing=\"collapse\" animate=\"fadeInUp\" image_hover=\"zoom-fade\" text_padding=\"0 0px 0px 0px\" srcset=\"https:\/\/www.campingmarepineta.it\/wp-content\/uploads\/2024\/01\/DSC_4568-600x400.jpg 600w, https:\/\/www.campingmarepineta.it\/wp-content\/uploads\/2024\/01\/DSC_4568-1200x800.jpg 1200w, https:\/\/www.campingmarepineta.it\/wp-content\/uploads\/2024\/01\/DSC_4568-768x512.jpg 768w, https:\/\/www.campingmarepineta.it\/wp-content\/uploads\/2024\/01\/DSC_4568.jpg 1280w\" sizes=\"auto, (max-width: 600px) 100vw, 600px\" \/>                                  <div class=\"overlay fill\"\n                      style=\"background-color: rgba(0,0,0,.15)\">\n                  <\/div>\n                                                              <\/div>\n              <div class=\"box-text text-left dark\" style=\"padding:0 0px 0px 0px;\">\n                 <p><\/p>\n              <\/div>\n            <\/div>\n            <\/a>          <\/div>\n         <\/div><div class=\"gallery-col col grid-col grid-col-1-2 large-3 medium-6\" data-animate=\"fadeInUp\">\n          <div class=\"col-inner\">\n            <a class=\"image-lightbox lightbox-gallery\" href=\"https:\/\/www.campingmarepineta.it\/wp-content\/uploads\/2023\/08\/parco-acquatico-1200x800.jpg\" title=\"\">            <div class=\"box has-hover gallery-box box-overlay dark box-text-center\">\n              <div class=\"box-image image-zoom-fade\" >\n                <img loading=\"lazy\" decoding=\"async\" width=\"600\" height=\"400\" src=\"https:\/\/www.campingmarepineta.it\/wp-content\/uploads\/2023\/08\/parco-acquatico-600x400.jpg\" class=\"attachment-medium size-medium\" alt=\"\" ids=\"12786,12783,13101,12888\" style=\"none\" type=\"grid\" grid=\"3\" col_spacing=\"collapse\" animate=\"fadeInUp\" image_hover=\"zoom-fade\" text_padding=\"0 0px 0px 0px\" srcset=\"https:\/\/www.campingmarepineta.it\/wp-content\/uploads\/2023\/08\/parco-acquatico-600x400.jpg 600w, https:\/\/www.campingmarepineta.it\/wp-content\/uploads\/2023\/08\/parco-acquatico-1200x800.jpg 1200w, https:\/\/www.campingmarepineta.it\/wp-content\/uploads\/2023\/08\/parco-acquatico-768x512.jpg 768w, https:\/\/www.campingmarepineta.it\/wp-content\/uploads\/2023\/08\/parco-acquatico.jpg 1280w\" sizes=\"auto, (max-width: 600px) 100vw, 600px\" \/>                                  <div class=\"overlay fill\"\n                      style=\"background-color: rgba(0,0,0,.15)\">\n                  <\/div>\n                                                              <\/div>\n              <div class=\"box-text text-left dark\" style=\"padding:0 0px 0px 0px;\">\n                 <p><\/p>\n              <\/div>\n            <\/div>\n            <\/a>          <\/div>\n         <\/div><\/div>\n\n\n\t\t<\/div>\n\n\t\t\n<style>\n#section_947597209 {\n  padding-top: 0px;\n  padding-bottom: 0px;\n  margin-bottom: 0px;\n  min-height: 0px;\n  background-color: rgb(241, 241, 241);\n}\n<\/style>\n\t<\/section>\n\t\n\n\t<section class=\"section\" id=\"section_439975995\">\n\t\t<div class=\"section-bg fill\" >\n\t\t\t\t\t\t\t\t\t\n\t\t\t\n\n\t\t<\/div>\n\n\t\t\n\n\t\t<div class=\"section-content relative\">\n\t\t\t\n\n\t<div id=\"text-2504516163\" class=\"text\">\n\t\t\n\n<h3 class=\"uppercase\" data-animate=\"fadeInUp\">Das k\u00f6nnte Sie auch interessieren<\/h3>\n\t\t\n<style>\n#text-2504516163 {\n  font-size: 2rem;\n  text-align: center;\n}\n<\/style>\n\t<\/div>\n\t\n<div class=\"row row-collapse row-full-width\"  id=\"row-512551047\">\n\n\n\t<div id=\"col-1217386071\" class=\"col small-12 large-12\"  data-animate=\"fadeInUp\">\n\t\t\t\t<div class=\"col-inner\"  >\n\t\t\t\n\t\t\t\n\n<div class=\"nav-wrapper\"><ul class=\"nav hide-for-small nav-uppercase nav-horizontal nav-size-xlarge nav-divided text-center nav-center\"><li class=><a href=\"https:\/\/www.campingmarepineta.it\/de\/erfahrung\/animation\/\">Animation<\/a><\/li><li class=active><a href=\"https:\/\/www.campingmarepineta.it\/de\/erfahrung\/wasserpark\/\">Wasserpark<\/a><\/li><li class=><a href=\"https:\/\/www.campingmarepineta.it\/de\/erfahrung\/strand\/\">Strand<\/a><\/li><li class=><a href=\"https:\/\/www.campingmarepineta.it\/de\/erfahrung\/sport\/\">Sport<\/a><\/li><\/ul><\/div>\n\n<div class=\"nav-wrapper\"><ul class=\"nav show-for-small nav-uppercase nav-vertical nav-size-large nav-divided text-center nav-center\"><li class=><a href=\"https:\/\/www.campingmarepineta.it\/de\/erfahrung\/animation\/\">Animation<\/a><\/li><li class=active><a href=\"https:\/\/www.campingmarepineta.it\/de\/erfahrung\/wasserpark\/\">Wasserpark<\/a><\/li><li class=><a href=\"https:\/\/www.campingmarepineta.it\/de\/erfahrung\/strand\/\">Strand<\/a><\/li><li class=><a href=\"https:\/\/www.campingmarepineta.it\/de\/erfahrung\/sport\/\">Sport<\/a><\/li><\/ul><\/div>\n\n\n\t\t<\/div>\n\t\t\t\t\n<style>\n#col-1217386071 > .col-inner {\n  padding: 0px 15px 0px 15px;\n}\n<\/style>\n\t<\/div>\n\n\t\n\n<\/div>\n\n\t\t<\/div>\n\n\t\t\n<style>\n#section_439975995 {\n  padding-top: 60px;\n  padding-bottom: 60px;\n  background-color: rgb(255, 255, 255);\n}\n<\/style>\n\t<\/section>\n\t\n","protected":false},"excerpt":{"rendered":"","protected":false},"author":1,"featured_media":0,"parent":14406,"menu_order":0,"comment_status":"closed","ping_status":"closed","template":"page-blank.php","meta":{"footnotes":""},"class_list":["post-14413","page","type-page","status-publish","hentry"],"yoast_head":"<!-- This site is optimized with the Yoast SEO plugin v25.0 - https:\/\/yoast.com\/wordpress\/plugins\/seo\/ -->\n<title>Wasserpark - Camping Mare e Pineta<\/title>\n<meta name=\"robots\" content=\"index, follow, max-snippet:-1, max-image-preview:large, max-video-preview:-1\" \/>\n<link rel=\"canonical\" href=\"https:\/\/www.campingmarepineta.it\/de\/erfahrung\/wasserpark\/\" \/>\n<meta property=\"og:locale\" content=\"de_DE\" \/>\n<meta property=\"og:type\" content=\"article\" \/>\n<meta property=\"og:title\" content=\"Wasserpark - Camping Mare e Pineta\" \/>\n<meta property=\"og:url\" content=\"https:\/\/www.campingmarepineta.it\/de\/erfahrung\/wasserpark\/\" \/>\n<meta property=\"og:site_name\" content=\"Camping Mare e Pineta\" \/>\n<meta property=\"article:modified_time\" content=\"2024-02-20T17:59:48+00:00\" \/>\n<meta name=\"twitter:card\" content=\"summary_large_image\" \/>\n<meta name=\"twitter:label1\" content=\"Gesch\u00e4tzte Lesezeit\" \/>\n\t<meta name=\"twitter:data1\" content=\"2\u00a0Minuten\" \/>\n<script type=\"application\/ld+json\" class=\"yoast-schema-graph\">{\"@context\":\"https:\/\/schema.org\",\"@graph\":[{\"@type\":\"WebPage\",\"@id\":\"https:\/\/www.campingmarepineta.it\/de\/erfahrung\/wasserpark\/\",\"url\":\"https:\/\/www.campingmarepineta.it\/de\/erfahrung\/wasserpark\/\",\"name\":\"Wasserpark - Camping Mare e Pineta\",\"isPartOf\":{\"@id\":\"https:\/\/www.campingmarepineta.it\/#website\"},\"datePublished\":\"2024-02-20T17:59:45+00:00\",\"dateModified\":\"2024-02-20T17:59:48+00:00\",\"breadcrumb\":{\"@id\":\"https:\/\/www.campingmarepineta.it\/de\/erfahrung\/wasserpark\/#breadcrumb\"},\"inLanguage\":\"de\",\"potentialAction\":[{\"@type\":\"ReadAction\",\"target\":[\"https:\/\/www.campingmarepineta.it\/de\/erfahrung\/wasserpark\/\"]}]},{\"@type\":\"BreadcrumbList\",\"@id\":\"https:\/\/www.campingmarepineta.it\/de\/erfahrung\/wasserpark\/#breadcrumb\",\"itemListElement\":[{\"@type\":\"ListItem\",\"position\":1,\"name\":\"Home\",\"item\":\"https:\/\/www.campingmarepineta.it\/de\/\"},{\"@type\":\"ListItem\",\"position\":2,\"name\":\"Erfahrung\",\"item\":\"https:\/\/www.campingmarepineta.it\/de\/erfahrung\/\"},{\"@type\":\"ListItem\",\"position\":3,\"name\":\"Wasserpark\"}]},{\"@type\":\"WebSite\",\"@id\":\"https:\/\/www.campingmarepineta.it\/#website\",\"url\":\"https:\/\/www.campingmarepineta.it\/\",\"name\":\"Camping Mare e Pineta\",\"description\":\"\",\"publisher\":{\"@id\":\"https:\/\/www.campingmarepineta.it\/#organization\"},\"potentialAction\":[{\"@type\":\"SearchAction\",\"target\":{\"@type\":\"EntryPoint\",\"urlTemplate\":\"https:\/\/www.campingmarepineta.it\/?s={search_term_string}\"},\"query-input\":{\"@type\":\"PropertyValueSpecification\",\"valueRequired\":true,\"valueName\":\"search_term_string\"}}],\"inLanguage\":\"de\"},{\"@type\":\"Organization\",\"@id\":\"https:\/\/www.campingmarepineta.it\/#organization\",\"name\":\"Camping Mare & Pineta\",\"url\":\"https:\/\/www.campingmarepineta.it\/\",\"logo\":{\"@type\":\"ImageObject\",\"inLanguage\":\"de\",\"@id\":\"https:\/\/www.campingmarepineta.it\/#\/schema\/logo\/image\/\",\"url\":\"https:\/\/www.campingmarepineta.it\/wp-content\/uploads\/2018\/11\/logo.png\",\"contentUrl\":\"https:\/\/www.campingmarepineta.it\/wp-content\/uploads\/2018\/11\/logo.png\",\"width\":320,\"height\":166,\"caption\":\"Camping Mare & Pineta\"},\"image\":{\"@id\":\"https:\/\/www.campingmarepineta.it\/#\/schema\/logo\/image\/\"}}]}<\/script>\n<!-- \/ Yoast SEO plugin. -->","yoast_head_json":{"title":"Wasserpark - Camping Mare e Pineta","robots":{"index":"index","follow":"follow","max-snippet":"max-snippet:-1","max-image-preview":"max-image-preview:large","max-video-preview":"max-video-preview:-1"},"canonical":"https:\/\/www.campingmarepineta.it\/de\/erfahrung\/wasserpark\/","og_locale":"de_DE","og_type":"article","og_title":"Wasserpark - Camping Mare e Pineta","og_url":"https:\/\/www.campingmarepineta.it\/de\/erfahrung\/wasserpark\/","og_site_name":"Camping Mare e Pineta","article_modified_time":"2024-02-20T17:59:48+00:00","twitter_card":"summary_large_image","twitter_misc":{"Gesch\u00e4tzte Lesezeit":"2\u00a0Minuten"},"schema":{"@context":"https:\/\/schema.org","@graph":[{"@type":"WebPage","@id":"https:\/\/www.campingmarepineta.it\/de\/erfahrung\/wasserpark\/","url":"https:\/\/www.campingmarepineta.it\/de\/erfahrung\/wasserpark\/","name":"Wasserpark - Camping Mare e Pineta","isPartOf":{"@id":"https:\/\/www.campingmarepineta.it\/#website"},"datePublished":"2024-02-20T17:59:45+00:00","dateModified":"2024-02-20T17:59:48+00:00","breadcrumb":{"@id":"https:\/\/www.campingmarepineta.it\/de\/erfahrung\/wasserpark\/#breadcrumb"},"inLanguage":"de","potentialAction":[{"@type":"ReadAction","target":["https:\/\/www.campingmarepineta.it\/de\/erfahrung\/wasserpark\/"]}]},{"@type":"BreadcrumbList","@id":"https:\/\/www.campingmarepineta.it\/de\/erfahrung\/wasserpark\/#breadcrumb","itemListElement":[{"@type":"ListItem","position":1,"name":"Home","item":"https:\/\/www.campingmarepineta.it\/de\/"},{"@type":"ListItem","position":2,"name":"Erfahrung","item":"https:\/\/www.campingmarepineta.it\/de\/erfahrung\/"},{"@type":"ListItem","position":3,"name":"Wasserpark"}]},{"@type":"WebSite","@id":"https:\/\/www.campingmarepineta.it\/#website","url":"https:\/\/www.campingmarepineta.it\/","name":"Camping Mare e Pineta","description":"","publisher":{"@id":"https:\/\/www.campingmarepineta.it\/#organization"},"potentialAction":[{"@type":"SearchAction","target":{"@type":"EntryPoint","urlTemplate":"https:\/\/www.campingmarepineta.it\/?s={search_term_string}"},"query-input":{"@type":"PropertyValueSpecification","valueRequired":true,"valueName":"search_term_string"}}],"inLanguage":"de"},{"@type":"Organization","@id":"https:\/\/www.campingmarepineta.it\/#organization","name":"Camping Mare & Pineta","url":"https:\/\/www.campingmarepineta.it\/","logo":{"@type":"ImageObject","inLanguage":"de","@id":"https:\/\/www.campingmarepineta.it\/#\/schema\/logo\/image\/","url":"https:\/\/www.campingmarepineta.it\/wp-content\/uploads\/2018\/11\/logo.png","contentUrl":"https:\/\/www.campingmarepineta.it\/wp-content\/uploads\/2018\/11\/logo.png","width":320,"height":166,"caption":"Camping Mare & Pineta"},"image":{"@id":"https:\/\/www.campingmarepineta.it\/#\/schema\/logo\/image\/"}}]}},"_links":{"self":[{"href":"https:\/\/www.campingmarepineta.it\/de\/wp-json\/wp\/v2\/pages\/14413","targetHints":{"allow":["GET"]}}],"collection":[{"href":"https:\/\/www.campingmarepineta.it\/de\/wp-json\/wp\/v2\/pages"}],"about":[{"href":"https:\/\/www.campingmarepineta.it\/de\/wp-json\/wp\/v2\/types\/page"}],"author":[{"embeddable":true,"href":"https:\/\/www.campingmarepineta.it\/de\/wp-json\/wp\/v2\/users\/1"}],"replies":[{"embeddable":true,"href":"https:\/\/www.campingmarepineta.it\/de\/wp-json\/wp\/v2\/comments?post=14413"}],"version-history":[{"count":2,"href":"https:\/\/www.campingmarepineta.it\/de\/wp-json\/wp\/v2\/pages\/14413\/revisions"}],"predecessor-version":[{"id":14415,"href":"https:\/\/www.campingmarepineta.it\/de\/wp-json\/wp\/v2\/pages\/14413\/revisions\/14415"}],"up":[{"embeddable":true,"href":"https:\/\/www.campingmarepineta.it\/de\/wp-json\/wp\/v2\/pages\/14406"}],"wp:attachment":[{"href":"https:\/\/www.campingmarepineta.it\/de\/wp-json\/wp\/v2\/media?parent=14413"}],"curies":[{"name":"wp","href":"https:\/\/api.w.org\/{rel}","templated":true}]}}