




{"id":14416,"date":"2024-02-20T19:01:32","date_gmt":"2024-02-20T18:01:32","guid":{"rendered":"https:\/\/www.campingmarepineta.it\/?page_id=14416"},"modified":"2024-02-20T19:01:34","modified_gmt":"2024-02-20T18:01:34","slug":"strand","status":"publish","type":"page","link":"https:\/\/www.campingmarepineta.it\/de\/erfahrung\/strand\/","title":{"rendered":"Strand"},"content":{"rendered":"\n\n  <div class=\"banner has-hover is-full-height has-parallax\" id=\"banner-1780689972\">\n          <div class=\"banner-inner fill\">\n        <div class=\"banner-bg fill\" data-parallax=\"-6\" data-parallax-container=\".banner\" data-parallax-background>\n            <img loading=\"lazy\" decoding=\"async\" width=\"1980\" height=\"1320\" src=\"https:\/\/www.campingmarepineta.it\/wp-content\/uploads\/2024\/01\/DSC_6771.jpg\" class=\"bg attachment-original size-original\" alt=\"\" \/>                        <div class=\"overlay\"><\/div>            \n                    <\/div>\n\t\t\n        <div class=\"banner-layers container\">\n            <div class=\"fill banner-link\"><\/div>            \n\n   <div id=\"text-box-1841586380\" class=\"text-box banner-layer x50 md-x50 lg-x50 y50 md-y50 lg-y50 res-text\">\n              <div data-parallax=\"-1\" data-parallax-fade=\"true\">       <div data-animate=\"fadeInUp\">           <div class=\"text-box-content text dark text-shadow-1\">\n              \n              <div class=\"text-inner text-center\">\n                  \n\n\t<div id=\"text-1825845201\" class=\"text\">\n\t\t\n\n<h1 data-animate=\"fadeInUp\">Strand<\/h1>\n<p class=\"is-smaller\" data-animate=\"fadeInUp\"><span><span><a href=\"https:\/\/www.campingmarepineta.it\/de\/\">Home<\/a><\/span><\/span>\n\t\t\n<style>\n#text-1825845201 {\n  font-size: 1rem;\n}\n@media (min-width:550px) {\n  #text-1825845201 {\n    font-size: 2rem;\n  }\n}\n<\/style>\n\t<\/div>\n\t\n\n              <\/div>\n           <\/div>\n       <\/div>       <\/div>              \n<style>\n#text-box-1841586380 {\n  width: 80%;\n}\n#text-box-1841586380 .text-box-content {\n  font-size: 100%;\n}\n<\/style>\n    <\/div>\n \n\n        <\/div>\n      <\/div>\n\n            \n<style>\n#banner-1780689972 {\n  padding-top: 99.99%;\n}\n#banner-1780689972 .overlay {\n  background-color: rgba(0, 0, 0, 0.256);\n}\n#banner-1780689972 .banner-bg img {\n  object-position: 50% 99%;\n}\n@media (min-width:550px) {\n  #banner-1780689972 {\n    padding-top: 100%;\n  }\n}\n<\/style>\n  <\/div>\n\n\n\n\t<section class=\"section\" id=\"section_1279720717\">\n\t\t<div class=\"section-bg fill\" >\n\t\t\t\t\t\t\t\t\t\n\t\t\t\n\n\t\t<\/div>\n\n\t\t\n\n\t\t<div class=\"section-content relative\">\n\t\t\t\n\n\n\t<section class=\"section no-background-image blur-background\" id=\"section_160465186\">\n\t\t<div class=\"section-bg fill\" >\n\t\t\t\t\t\t\t\t\t\n\t\t\t\n\n\t\t<\/div>\n\n\t\t\n\n\t\t<div class=\"section-content relative\">\n\t\t\t\r\n\r\n<form target=\"_blank\" action=\"http:\/\/booking.campingmarepineta.it\/html\/pricelist.php?lang=2\" method=\"post\" name=\"form_prenota\" id=\"form_prenota\">\r\n<div class=\"container\" style=\"max-width:900px;\">\r\n<div id=\"row-booking-form\" class=\"align-center\">\r\n<div class=\"col\">\r\n<div class=\"col-inner\"><label>ANREISE:<input name=\"dataInizio\" type=\"text\" class=\"calendar\" value=\"\" placeholder=\"TT\/MM\/JJJJ\" \/><\/label><\/div>\r\n<\/div>\r\n<div class=\"col\">\r\n<div class=\"col-inner\"><label>ABREISE:<input name=\"dataFine\" type=\"text\" class=\"calendar\" value=\"\" placeholder=\"TT\/MM\/JJJJ\" \/><\/label><\/div>\r\n<\/div>\r\n<div class=\"col\">\r\n<div class=\"col-inner\"><label>UNTERKUNFT:<select id=\"tipo\" class=\"wpcf7-form-control wpcf7-select\" name=\"nomelistino\"><option value=\"4\">Alle<\/option><option value=\"1\">Camping<\/option><option value=\"2\">Wohnungen & Villen<\/option><option value=\"3\">Wohnmobile<\/option><\/select><\/label><\/div>\r\n<\/div>\r\n<div class=\"col\">\r\n<div class=\"col-inner\"><label>PERSONEN:<select id=\"select\" class=\"wpcf7-form-control wpcf7-select\" name=\"persone\"><option>1<\/option><option>2<\/option><option>3<\/option><option>4<\/option><option>5<\/option><option>6<\/option><\/select><\/label><\/div>\r\n<\/div>\r\n<div class=\"col\">\r\n<div class=\"col-inner\"><label><br \/>\r\n<input name=\"step\" type=\"hidden\" value=\"0\" \/><input type=\"hidden\" value=\"1\" name=\"cerca\"><button name=\"submit\" type=\"submit\" class=\"button midnight-blue  \">SUCHEN<\/button><\/label><\/div>\r\n<\/div>\r\n<\/div>\r\n<\/div>\r\n<\/form>\r\n\t\t<\/div>\n\n\t\t\n<style>\n#section_160465186 {\n  padding-top: 30px;\n  padding-bottom: 30px;\n  background-color: rgba(255, 255, 255, 0.4);\n}\n<\/style>\n\t<\/section>\n\t\n\n\n\t\t<\/div>\n\n\t\t\n<style>\n#section_1279720717 {\n  padding-top: 0px;\n  padding-bottom: 0px;\n  background-color: rgb(243, 243, 240);\n}\n<\/style>\n\t<\/section>\n\t\n\n\t<section class=\"section\" id=\"section_1798224946\">\n\t\t<div class=\"section-bg fill\" >\n\t\t\t\t\t\t\t\t\t\n\t\t\t\n\n\t\t<\/div>\n\n\t\t\n\n\t\t<div class=\"section-content relative\">\n\t\t\t\n\n<div class=\"row\"  id=\"row-840425698\">\n\n\n\t<div id=\"col-1699639953\" class=\"col small-12 large-12\"  data-animate=\"fadeInUp\">\n\t\t\t\t<div class=\"col-inner text-left\"  >\n\t\t\t\n\t\t\t\n\n<p data-animate=\"fadeInUp\">Unsere Anlage liegt direkt am Meer und bietet einen gro\u00dfen Sandstrand, der zum Entspannen, Spa\u00df und Br\u00e4unen einl\u00e4dt. Der Sandboden f\u00e4llt allm\u00e4hlich ab und macht das Wasser sicher und einladend.<\/p>\n<p data-animate=\"fadeInUp\">Am Strand haben Sie die Wahl zwischen zwei Alternativen: Sie k\u00f6nnen sich f\u00fcr den Komfort der mit Sonnenschirmen, Liegest\u00fchlen und Liegen ausgestatteten Bereiche entscheiden oder die Freiheit des freien Strandes genie\u00dfen. Ihre Sicherheit steht an erster Stelle und deshalb bieten wir einen Rettungsdienst an.<\/p>\n<p data-animate=\"fadeInUp\">Mit der Animation k\u00f6nnen Sie an Muskelaufbau-, Aerobic- und sogar SUP-Kursen teilnehmen.<\/p>\n<p data-animate=\"fadeInUp\">Um ein integratives Erlebnis f\u00fcr alle zu gew\u00e4hrleisten, stellen wir Strandstuehle f\u00fcr Menschen mit Behinderungen zur Verf\u00fcgung, sodass niemand von der Sch\u00f6nheit des Strandes und des Meeres ausgeschlossen ist.<\/p>\n<p data-animate=\"fadeInUp\">Es gibt 2 Strandbars mit der M\u00f6glichkeit von Fr\u00fchst\u00fcck, Mittagessen, Snacks und Aperitifs.<\/p>\n\n\t\t<\/div>\n\t\t\t\t\t<\/div>\n\n\t\n\n<\/div>\n\n\t\t<\/div>\n\n\t\t\n<style>\n#section_1798224946 {\n  padding-top: 30px;\n  padding-bottom: 30px;\n}\n<\/style>\n\t<\/section>\n\t\n\n\t<section class=\"section\" id=\"section_1223353651\">\n\t\t<div class=\"section-bg fill\" >\n\t\t\t\t\t\t\t\t\t\n\t\t\t\n\n\t\t<\/div>\n\n\t\t\n\n\t\t<div class=\"section-content relative\">\n\t\t\t\n\n  <style>\n    #gallery-115486789 .grid-col-1{height: 600px}\n    #gallery-115486789 .grid-col-1-2{height: 300px}\n    #gallery-115486789 .grid-col-1-3{height:200px}\n    #gallery-115486789 .grid-col-2-3{height: 400px}\n    #gallery-115486789 .grid-col-1-4{height: 150px}\n    #gallery-115486789 .grid-col-3-4{height: 450px}\n\n\n        \/* Tablet *\/\n    @media (max-width: 850px){\n      #gallery-115486789 .grid-col-1{height: 400px}\n      #gallery-115486789 .grid-col-1-2{height: 200px}\n      #gallery-115486789 .grid-col-1-3{height:133.33333333333px}\n      #gallery-115486789 .grid-col-2-3{height: 266.66666666667px}\n      #gallery-115486789 .grid-col-1-4{height: 100px}\n      #gallery-115486789 .grid-col-3-4{height: 300px}\n    }\n    \n        \/* Mobile *\/\n    @media (max-width: 550px){\n      #gallery-115486789 .grid-col-1{height: 400px}\n      #gallery-115486789 .grid-col-1-2{height: 200px}\n      #gallery-115486789 .grid-col-1-3{height:133.33333333333px}\n      #gallery-115486789 .grid-col-2-3{height: 266.66666666667px}\n      #gallery-115486789 .grid-col-1-4{height: 100px}\n      #gallery-115486789 .grid-col-3-4{height: 300px}\n    }\n    \n\n  <\/style>\n  \n  \n    <div id=\"gallery-115486789\" class=\"row row-collapse row-full-width row-grid\" data-packery-options='{\"itemSelector\": \".col\", \"gutter\": 0, \"presentageWidth\" : true}'>\n\n  <div class=\"gallery-col col grid-col grid-col-1 large-6 medium-12\" data-animate=\"fadeInUp\">\n          <div class=\"col-inner\">\n            <a class=\"image-lightbox lightbox-gallery\" href=\"https:\/\/www.campingmarepineta.it\/wp-content\/uploads\/2024\/01\/DSC_7740.jpg\" title=\"\">            <div class=\"box has-hover gallery-box box-overlay dark box-text-center\">\n              <div class=\"box-image image-zoom-fade\" >\n                <img loading=\"lazy\" decoding=\"async\" width=\"1020\" height=\"680\" src=\"https:\/\/www.campingmarepineta.it\/wp-content\/uploads\/2024\/01\/DSC_7740-1200x800.jpg\" class=\"attachment-large size-large\" alt=\"\" ids=\"13116,13113,13107,13119\" style=\"none\" lightbox_image_size=\"original\" type=\"grid\" grid=\"3\" col_spacing=\"collapse\" animate=\"fadeInUp\" image_hover=\"zoom-fade\" text_padding=\"0 0px 0px 0px\" srcset=\"https:\/\/www.campingmarepineta.it\/wp-content\/uploads\/2024\/01\/DSC_7740-1200x800.jpg 1200w, https:\/\/www.campingmarepineta.it\/wp-content\/uploads\/2024\/01\/DSC_7740-600x400.jpg 600w, https:\/\/www.campingmarepineta.it\/wp-content\/uploads\/2024\/01\/DSC_7740-768x512.jpg 768w, https:\/\/www.campingmarepineta.it\/wp-content\/uploads\/2024\/01\/DSC_7740-1536x1024.jpg 1536w, https:\/\/www.campingmarepineta.it\/wp-content\/uploads\/2024\/01\/DSC_7740.jpg 1980w\" sizes=\"auto, (max-width: 1020px) 100vw, 1020px\" \/>                                  <div class=\"overlay fill\"\n                      style=\"background-color: rgba(0,0,0,.15)\">\n                  <\/div>\n                                                              <\/div>\n              <div class=\"box-text text-left dark\" style=\"padding:0 0px 0px 0px;\">\n                 <p><\/p>\n              <\/div>\n            <\/div>\n            <\/a>          <\/div>\n         <\/div><div class=\"gallery-col col grid-col grid-col-1-2 large-6 medium-6\" data-animate=\"fadeInUp\">\n          <div class=\"col-inner\">\n            <a class=\"image-lightbox lightbox-gallery\" href=\"https:\/\/www.campingmarepineta.it\/wp-content\/uploads\/2024\/01\/DSC_7592.jpg\" title=\"\">            <div class=\"box has-hover gallery-box box-overlay dark box-text-center\">\n              <div class=\"box-image image-zoom-fade\" >\n                <img loading=\"lazy\" decoding=\"async\" width=\"600\" height=\"400\" src=\"https:\/\/www.campingmarepineta.it\/wp-content\/uploads\/2024\/01\/DSC_7592-600x400.jpg\" class=\"attachment-medium size-medium\" alt=\"\" ids=\"13116,13113,13107,13119\" style=\"none\" lightbox_image_size=\"original\" type=\"grid\" grid=\"3\" col_spacing=\"collapse\" animate=\"fadeInUp\" image_hover=\"zoom-fade\" text_padding=\"0 0px 0px 0px\" srcset=\"https:\/\/www.campingmarepineta.it\/wp-content\/uploads\/2024\/01\/DSC_7592-600x400.jpg 600w, https:\/\/www.campingmarepineta.it\/wp-content\/uploads\/2024\/01\/DSC_7592-1200x800.jpg 1200w, https:\/\/www.campingmarepineta.it\/wp-content\/uploads\/2024\/01\/DSC_7592-768x512.jpg 768w, https:\/\/www.campingmarepineta.it\/wp-content\/uploads\/2024\/01\/DSC_7592-1536x1024.jpg 1536w, https:\/\/www.campingmarepineta.it\/wp-content\/uploads\/2024\/01\/DSC_7592.jpg 1980w\" sizes=\"auto, (max-width: 600px) 100vw, 600px\" \/>                                  <div class=\"overlay fill\"\n                      style=\"background-color: rgba(0,0,0,.15)\">\n                  <\/div>\n                                                              <\/div>\n              <div class=\"box-text text-left dark\" style=\"padding:0 0px 0px 0px;\">\n                 <p><\/p>\n              <\/div>\n            <\/div>\n            <\/a>          <\/div>\n         <\/div><div class=\"gallery-col col grid-col grid-col-1-2 large-3 medium-6\" data-animate=\"fadeInUp\">\n          <div class=\"col-inner\">\n            <a class=\"image-lightbox lightbox-gallery\" href=\"https:\/\/www.campingmarepineta.it\/wp-content\/uploads\/2024\/01\/DSC_7402.jpg\" title=\"\">            <div class=\"box has-hover gallery-box box-overlay dark box-text-center\">\n              <div class=\"box-image image-zoom-fade\" >\n                <img loading=\"lazy\" decoding=\"async\" width=\"600\" height=\"400\" src=\"https:\/\/www.campingmarepineta.it\/wp-content\/uploads\/2024\/01\/DSC_7402-600x400.jpg\" class=\"attachment-medium size-medium\" alt=\"\" ids=\"13116,13113,13107,13119\" style=\"none\" lightbox_image_size=\"original\" type=\"grid\" grid=\"3\" col_spacing=\"collapse\" animate=\"fadeInUp\" image_hover=\"zoom-fade\" text_padding=\"0 0px 0px 0px\" srcset=\"https:\/\/www.campingmarepineta.it\/wp-content\/uploads\/2024\/01\/DSC_7402-600x400.jpg 600w, https:\/\/www.campingmarepineta.it\/wp-content\/uploads\/2024\/01\/DSC_7402-1200x800.jpg 1200w, https:\/\/www.campingmarepineta.it\/wp-content\/uploads\/2024\/01\/DSC_7402-768x512.jpg 768w, https:\/\/www.campingmarepineta.it\/wp-content\/uploads\/2024\/01\/DSC_7402-1536x1024.jpg 1536w, https:\/\/www.campingmarepineta.it\/wp-content\/uploads\/2024\/01\/DSC_7402.jpg 1980w\" sizes=\"auto, (max-width: 600px) 100vw, 600px\" \/>                                  <div class=\"overlay fill\"\n                      style=\"background-color: rgba(0,0,0,.15)\">\n                  <\/div>\n                                                              <\/div>\n              <div class=\"box-text text-left dark\" style=\"padding:0 0px 0px 0px;\">\n                 <p><\/p>\n              <\/div>\n            <\/div>\n            <\/a>          <\/div>\n         <\/div><div class=\"gallery-col col grid-col grid-col-1-2 large-3 medium-6\" data-animate=\"fadeInUp\">\n          <div class=\"col-inner\">\n            <a class=\"image-lightbox lightbox-gallery\" href=\"https:\/\/www.campingmarepineta.it\/wp-content\/uploads\/2024\/01\/DSC_9898.jpg\" title=\"\">            <div class=\"box has-hover gallery-box box-overlay dark box-text-center\">\n              <div class=\"box-image image-zoom-fade\" >\n                <img loading=\"lazy\" decoding=\"async\" width=\"600\" height=\"400\" src=\"https:\/\/www.campingmarepineta.it\/wp-content\/uploads\/2024\/01\/DSC_9898-600x400.jpg\" class=\"attachment-medium size-medium\" alt=\"\" ids=\"13116,13113,13107,13119\" style=\"none\" lightbox_image_size=\"original\" type=\"grid\" grid=\"3\" col_spacing=\"collapse\" animate=\"fadeInUp\" image_hover=\"zoom-fade\" text_padding=\"0 0px 0px 0px\" srcset=\"https:\/\/www.campingmarepineta.it\/wp-content\/uploads\/2024\/01\/DSC_9898-600x400.jpg 600w, https:\/\/www.campingmarepineta.it\/wp-content\/uploads\/2024\/01\/DSC_9898-1200x800.jpg 1200w, https:\/\/www.campingmarepineta.it\/wp-content\/uploads\/2024\/01\/DSC_9898-768x512.jpg 768w, https:\/\/www.campingmarepineta.it\/wp-content\/uploads\/2024\/01\/DSC_9898-1536x1024.jpg 1536w, https:\/\/www.campingmarepineta.it\/wp-content\/uploads\/2024\/01\/DSC_9898.jpg 1980w\" sizes=\"auto, (max-width: 600px) 100vw, 600px\" \/>                                  <div class=\"overlay fill\"\n                      style=\"background-color: rgba(0,0,0,.15)\">\n                  <\/div>\n                                                              <\/div>\n              <div class=\"box-text text-left dark\" style=\"padding:0 0px 0px 0px;\">\n                 <p><\/p>\n              <\/div>\n            <\/div>\n            <\/a>          <\/div>\n         <\/div><\/div>\n\n\n\t\t<\/div>\n\n\t\t\n<style>\n#section_1223353651 {\n  padding-top: 0px;\n  padding-bottom: 0px;\n  min-height: 0px;\n  background-color: rgb(241, 241, 241);\n}\n<\/style>\n\t<\/section>\n\t\n\n\t<section class=\"section\" id=\"section_775388940\">\n\t\t<div class=\"section-bg fill\" >\n\t\t\t\t\t\t\t\t\t\n\t\t\t\n\n\t\t<\/div>\n\n\t\t\n\n\t\t<div class=\"section-content relative\">\n\t\t\t\n\n\t<div id=\"text-77115946\" class=\"text\">\n\t\t\n\n<h3 class=\"uppercase\" data-animate=\"fadeInUp\">Das k\u00f6nnte Sie auch interessieren<\/h3>\n\t\t\n<style>\n#text-77115946 {\n  font-size: 2rem;\n  text-align: center;\n}\n<\/style>\n\t<\/div>\n\t\n<div class=\"row row-collapse row-full-width\"  id=\"row-1884904835\">\n\n\n\t<div id=\"col-1895594543\" class=\"col small-12 large-12\"  data-animate=\"fadeInUp\">\n\t\t\t\t<div class=\"col-inner\"  >\n\t\t\t\n\t\t\t\n\n<div class=\"nav-wrapper\"><ul class=\"nav hide-for-small nav-uppercase nav-horizontal nav-size-xlarge nav-divided text-center nav-center\"><li class=><a href=\"https:\/\/www.campingmarepineta.it\/de\/erfahrung\/animation\/\">Animation<\/a><\/li><li class=><a href=\"https:\/\/www.campingmarepineta.it\/de\/erfahrung\/wasserpark\/\">Wasserpark<\/a><\/li><li class=active><a href=\"https:\/\/www.campingmarepineta.it\/de\/erfahrung\/strand\/\">Strand<\/a><\/li><li class=><a href=\"https:\/\/www.campingmarepineta.it\/de\/erfahrung\/sport\/\">Sport<\/a><\/li><\/ul><\/div>\n\n<div class=\"nav-wrapper\"><ul class=\"nav show-for-small nav-uppercase nav-vertical nav-size-large nav-divided text-center nav-center\"><li class=><a href=\"https:\/\/www.campingmarepineta.it\/de\/erfahrung\/animation\/\">Animation<\/a><\/li><li class=><a href=\"https:\/\/www.campingmarepineta.it\/de\/erfahrung\/wasserpark\/\">Wasserpark<\/a><\/li><li class=active><a href=\"https:\/\/www.campingmarepineta.it\/de\/erfahrung\/strand\/\">Strand<\/a><\/li><li class=><a href=\"https:\/\/www.campingmarepineta.it\/de\/erfahrung\/sport\/\">Sport<\/a><\/li><\/ul><\/div>\n\n\n\t\t<\/div>\n\t\t\t\t\n<style>\n#col-1895594543 > .col-inner {\n  padding: 0px 15px 0px 15px;\n}\n<\/style>\n\t<\/div>\n\n\t\n\n<\/div>\n\n\t\t<\/div>\n\n\t\t\n<style>\n#section_775388940 {\n  padding-top: 60px;\n  padding-bottom: 60px;\n  background-color: rgb(255, 255, 255);\n}\n<\/style>\n\t<\/section>\n\t\n","protected":false},"excerpt":{"rendered":"","protected":false},"author":1,"featured_media":0,"parent":14406,"menu_order":0,"comment_status":"closed","ping_status":"closed","template":"page-blank.php","meta":{"footnotes":""},"class_list":["post-14416","page","type-page","status-publish","hentry"],"yoast_head":"<!-- This site is optimized with the Yoast SEO plugin v25.0 - https:\/\/yoast.com\/wordpress\/plugins\/seo\/ -->\n<title>Strand - Camping Mare e Pineta<\/title>\n<meta name=\"robots\" content=\"index, follow, max-snippet:-1, max-image-preview:large, max-video-preview:-1\" \/>\n<link rel=\"canonical\" href=\"https:\/\/www.campingmarepineta.it\/de\/erfahrung\/strand\/\" \/>\n<meta property=\"og:locale\" content=\"de_DE\" \/>\n<meta property=\"og:type\" content=\"article\" \/>\n<meta property=\"og:title\" content=\"Strand - Camping Mare e Pineta\" \/>\n<meta property=\"og:url\" content=\"https:\/\/www.campingmarepineta.it\/de\/erfahrung\/strand\/\" \/>\n<meta property=\"og:site_name\" content=\"Camping Mare e Pineta\" \/>\n<meta property=\"article:modified_time\" content=\"2024-02-20T18:01:34+00:00\" \/>\n<meta name=\"twitter:card\" content=\"summary_large_image\" \/>\n<meta name=\"twitter:label1\" content=\"Gesch\u00e4tzte Lesezeit\" \/>\n\t<meta name=\"twitter:data1\" content=\"2\u00a0Minuten\" \/>\n<script type=\"application\/ld+json\" class=\"yoast-schema-graph\">{\"@context\":\"https:\/\/schema.org\",\"@graph\":[{\"@type\":\"WebPage\",\"@id\":\"https:\/\/www.campingmarepineta.it\/de\/erfahrung\/strand\/\",\"url\":\"https:\/\/www.campingmarepineta.it\/de\/erfahrung\/strand\/\",\"name\":\"Strand - Camping Mare e Pineta\",\"isPartOf\":{\"@id\":\"https:\/\/www.campingmarepineta.it\/#website\"},\"datePublished\":\"2024-02-20T18:01:32+00:00\",\"dateModified\":\"2024-02-20T18:01:34+00:00\",\"breadcrumb\":{\"@id\":\"https:\/\/www.campingmarepineta.it\/de\/erfahrung\/strand\/#breadcrumb\"},\"inLanguage\":\"de\",\"potentialAction\":[{\"@type\":\"ReadAction\",\"target\":[\"https:\/\/www.campingmarepineta.it\/de\/erfahrung\/strand\/\"]}]},{\"@type\":\"BreadcrumbList\",\"@id\":\"https:\/\/www.campingmarepineta.it\/de\/erfahrung\/strand\/#breadcrumb\",\"itemListElement\":[{\"@type\":\"ListItem\",\"position\":1,\"name\":\"Home\",\"item\":\"https:\/\/www.campingmarepineta.it\/de\/\"},{\"@type\":\"ListItem\",\"position\":2,\"name\":\"Erfahrung\",\"item\":\"https:\/\/www.campingmarepineta.it\/de\/erfahrung\/\"},{\"@type\":\"ListItem\",\"position\":3,\"name\":\"Strand\"}]},{\"@type\":\"WebSite\",\"@id\":\"https:\/\/www.campingmarepineta.it\/#website\",\"url\":\"https:\/\/www.campingmarepineta.it\/\",\"name\":\"Camping Mare e Pineta\",\"description\":\"\",\"publisher\":{\"@id\":\"https:\/\/www.campingmarepineta.it\/#organization\"},\"potentialAction\":[{\"@type\":\"SearchAction\",\"target\":{\"@type\":\"EntryPoint\",\"urlTemplate\":\"https:\/\/www.campingmarepineta.it\/?s={search_term_string}\"},\"query-input\":{\"@type\":\"PropertyValueSpecification\",\"valueRequired\":true,\"valueName\":\"search_term_string\"}}],\"inLanguage\":\"de\"},{\"@type\":\"Organization\",\"@id\":\"https:\/\/www.campingmarepineta.it\/#organization\",\"name\":\"Camping Mare & Pineta\",\"url\":\"https:\/\/www.campingmarepineta.it\/\",\"logo\":{\"@type\":\"ImageObject\",\"inLanguage\":\"de\",\"@id\":\"https:\/\/www.campingmarepineta.it\/#\/schema\/logo\/image\/\",\"url\":\"https:\/\/www.campingmarepineta.it\/wp-content\/uploads\/2018\/11\/logo.png\",\"contentUrl\":\"https:\/\/www.campingmarepineta.it\/wp-content\/uploads\/2018\/11\/logo.png\",\"width\":320,\"height\":166,\"caption\":\"Camping Mare & Pineta\"},\"image\":{\"@id\":\"https:\/\/www.campingmarepineta.it\/#\/schema\/logo\/image\/\"}}]}<\/script>\n<!-- \/ Yoast SEO plugin. -->","yoast_head_json":{"title":"Strand - Camping Mare e Pineta","robots":{"index":"index","follow":"follow","max-snippet":"max-snippet:-1","max-image-preview":"max-image-preview:large","max-video-preview":"max-video-preview:-1"},"canonical":"https:\/\/www.campingmarepineta.it\/de\/erfahrung\/strand\/","og_locale":"de_DE","og_type":"article","og_title":"Strand - Camping Mare e Pineta","og_url":"https:\/\/www.campingmarepineta.it\/de\/erfahrung\/strand\/","og_site_name":"Camping Mare e Pineta","article_modified_time":"2024-02-20T18:01:34+00:00","twitter_card":"summary_large_image","twitter_misc":{"Gesch\u00e4tzte Lesezeit":"2\u00a0Minuten"},"schema":{"@context":"https:\/\/schema.org","@graph":[{"@type":"WebPage","@id":"https:\/\/www.campingmarepineta.it\/de\/erfahrung\/strand\/","url":"https:\/\/www.campingmarepineta.it\/de\/erfahrung\/strand\/","name":"Strand - Camping Mare e Pineta","isPartOf":{"@id":"https:\/\/www.campingmarepineta.it\/#website"},"datePublished":"2024-02-20T18:01:32+00:00","dateModified":"2024-02-20T18:01:34+00:00","breadcrumb":{"@id":"https:\/\/www.campingmarepineta.it\/de\/erfahrung\/strand\/#breadcrumb"},"inLanguage":"de","potentialAction":[{"@type":"ReadAction","target":["https:\/\/www.campingmarepineta.it\/de\/erfahrung\/strand\/"]}]},{"@type":"BreadcrumbList","@id":"https:\/\/www.campingmarepineta.it\/de\/erfahrung\/strand\/#breadcrumb","itemListElement":[{"@type":"ListItem","position":1,"name":"Home","item":"https:\/\/www.campingmarepineta.it\/de\/"},{"@type":"ListItem","position":2,"name":"Erfahrung","item":"https:\/\/www.campingmarepineta.it\/de\/erfahrung\/"},{"@type":"ListItem","position":3,"name":"Strand"}]},{"@type":"WebSite","@id":"https:\/\/www.campingmarepineta.it\/#website","url":"https:\/\/www.campingmarepineta.it\/","name":"Camping Mare e Pineta","description":"","publisher":{"@id":"https:\/\/www.campingmarepineta.it\/#organization"},"potentialAction":[{"@type":"SearchAction","target":{"@type":"EntryPoint","urlTemplate":"https:\/\/www.campingmarepineta.it\/?s={search_term_string}"},"query-input":{"@type":"PropertyValueSpecification","valueRequired":true,"valueName":"search_term_string"}}],"inLanguage":"de"},{"@type":"Organization","@id":"https:\/\/www.campingmarepineta.it\/#organization","name":"Camping Mare & Pineta","url":"https:\/\/www.campingmarepineta.it\/","logo":{"@type":"ImageObject","inLanguage":"de","@id":"https:\/\/www.campingmarepineta.it\/#\/schema\/logo\/image\/","url":"https:\/\/www.campingmarepineta.it\/wp-content\/uploads\/2018\/11\/logo.png","contentUrl":"https:\/\/www.campingmarepineta.it\/wp-content\/uploads\/2018\/11\/logo.png","width":320,"height":166,"caption":"Camping Mare & Pineta"},"image":{"@id":"https:\/\/www.campingmarepineta.it\/#\/schema\/logo\/image\/"}}]}},"_links":{"self":[{"href":"https:\/\/www.campingmarepineta.it\/de\/wp-json\/wp\/v2\/pages\/14416","targetHints":{"allow":["GET"]}}],"collection":[{"href":"https:\/\/www.campingmarepineta.it\/de\/wp-json\/wp\/v2\/pages"}],"about":[{"href":"https:\/\/www.campingmarepineta.it\/de\/wp-json\/wp\/v2\/types\/page"}],"author":[{"embeddable":true,"href":"https:\/\/www.campingmarepineta.it\/de\/wp-json\/wp\/v2\/users\/1"}],"replies":[{"embeddable":true,"href":"https:\/\/www.campingmarepineta.it\/de\/wp-json\/wp\/v2\/comments?post=14416"}],"version-history":[{"count":2,"href":"https:\/\/www.campingmarepineta.it\/de\/wp-json\/wp\/v2\/pages\/14416\/revisions"}],"predecessor-version":[{"id":14418,"href":"https:\/\/www.campingmarepineta.it\/de\/wp-json\/wp\/v2\/pages\/14416\/revisions\/14418"}],"up":[{"embeddable":true,"href":"https:\/\/www.campingmarepineta.it\/de\/wp-json\/wp\/v2\/pages\/14406"}],"wp:attachment":[{"href":"https:\/\/www.campingmarepineta.it\/de\/wp-json\/wp\/v2\/media?parent=14416"}],"curies":[{"name":"wp","href":"https:\/\/api.w.org\/{rel}","templated":true}]}}