




{"id":14424,"date":"2024-02-20T19:13:49","date_gmt":"2024-02-20T18:13:49","guid":{"rendered":"https:\/\/www.campingmarepineta.it\/?page_id=14424"},"modified":"2026-02-19T16:49:59","modified_gmt":"2026-02-19T15:49:59","slug":"faq","status":"publish","type":"page","link":"https:\/\/www.campingmarepineta.it\/de\/faq\/","title":{"rendered":"FAQ"},"content":{"rendered":"\n\n  <div class=\"banner has-hover\" id=\"banner-351009208\">\n          <div class=\"banner-inner fill\">\n        <div class=\"banner-bg fill\" >\n                                    <div class=\"overlay\"><\/div>            \n                    <\/div>\n\t\t\n        <div class=\"banner-layers container\">\n            <div class=\"fill banner-link\"><\/div>            \n\n   <div id=\"text-box-1812729643\" class=\"text-box banner-layer x50 md-x50 lg-x50 y50 md-y50 lg-y50 res-text\">\n              <div data-parallax=\"-1\" data-parallax-fade=\"true\">       <div data-animate=\"fadeInUp\">           <div class=\"text-box-content text dark text-shadow-1\">\n              \n              <div class=\"text-inner text-left\">\n                  \n\n<h1 class=\"entry-title is-larger\"><strong>F.A.Q.<\/strong><\/h1>\n\n              <\/div>\n           <\/div>\n       <\/div>       <\/div>              \n<style>\n#text-box-1812729643 {\n  width: 100%;\n}\n#text-box-1812729643 .text-box-content {\n  font-size: 100%;\n}\n<\/style>\n    <\/div>\n \n\n        <\/div>\n      <\/div>\n\n            \n<style>\n#banner-351009208 {\n  padding-top: 160px;\n}\n#banner-351009208 .overlay {\n  background-color: rgba(0, 0, 0, 0.12);\n}\n<\/style>\n  <\/div>\n\n\n\n\t<section class=\"section\" id=\"section_1843656753\">\n\t\t<div class=\"section-bg fill\" >\n\t\t\t\t\t\t\t\t\t\n\t\t\t\n\n\t\t<\/div>\n\n\t\t\n\n\t\t<div class=\"section-content relative\">\n\t\t\t\n\n<div class=\"row\"  id=\"row-1851671543\">\n\n\n\t<div id=\"col-701002888\" class=\"col medium-6 small-12 large-6\"  >\n\t\t\t\t<div class=\"col-inner\"  >\n\t\t\t\n\t\t\t\n\n<h3 class=\"accordion_title\">Hunde<\/h3><div class=\"accordion\">\n\n\t<div id=\"accordion-872562510\" class=\"accordion-item\">\n\t\t<a id=\"accordion-872562510-label\" class=\"accordion-title plain\" href=\"#accordion-item-darf-ich-den-hund-zum-campingplatz-mitbringen?\" aria-expanded=\"false\" aria-controls=\"accordion-872562510-content\" >\n\t\t\t<button class=\"toggle\" aria-label=\"Umschalten\"><i class=\"icon-angle-down\"><\/i><\/button>\n\t\t\t<span>Darf ich den Hund zum Campingplatz mitbringen?<\/span>\n\t\t<\/a>\n\t\t<div id=\"accordion-872562510-content\" class=\"accordion-inner\" aria-labelledby=\"accordion-872562510-label\" >\n\t\t\t\n\n<p>Ja, Hunde sind im Campingplatz erlaubt, aber sie d\u00fcrfen nicht im Wasserpark. Sie m\u00fcssen immer an der Leine gehalten werden.<\/p>\n\n\t\t<\/div>\n\t<\/div>\n\t\n\t<div id=\"accordion-1195751434\" class=\"accordion-item\">\n\t\t<a id=\"accordion-1195751434-label\" class=\"accordion-title plain\" href=\"#accordion-item-darf-der-hund-zum-strand?\" aria-expanded=\"false\" aria-controls=\"accordion-1195751434-content\" >\n\t\t\t<button class=\"toggle\" aria-label=\"Umschalten\"><i class=\"icon-angle-down\"><\/i><\/button>\n\t\t\t<span>Darf der Hund zum Strand?<\/span>\n\t\t<\/a>\n\t\t<div id=\"accordion-1195751434-content\" class=\"accordion-inner\" aria-labelledby=\"accordion-1195751434-label\" >\n\t\t\t\n\n<p>Am Strand sind die Hunde nur in das angegebene und eingez\u00e4unte Gebiet erlaubt. Daneben verbunden ist eine kleine Hundefreilaufzone mit Wasser Anschluss.<\/p>\n\n\t\t<\/div>\n\t<\/div>\n\t\n\t<div id=\"accordion-1932146053\" class=\"accordion-item\">\n\t\t<a id=\"accordion-1932146053-label\" class=\"accordion-title plain\" href=\"#accordion-item-d\u00fcrfen-hunde-ins-wasser?\" aria-expanded=\"false\" aria-controls=\"accordion-1932146053-content\" >\n\t\t\t<button class=\"toggle\" aria-label=\"Umschalten\"><i class=\"icon-angle-down\"><\/i><\/button>\n\t\t\t<span>D\u00fcrfen Hunde ins Wasser?<\/span>\n\t\t<\/a>\n\t\t<div id=\"accordion-1932146053-content\" class=\"accordion-inner\" aria-labelledby=\"accordion-1932146053-label\" >\n\t\t\t\n\n<p>Nein, Hunde d\u00fcrfen nicht am Strand laufen sowie auch nicht ins Wasser. Der Zugang zum Wasser ist nur an einigen Str\u00e4nden entlang der K\u00fcste und zu bestimmten Zeiten erlaubt.<\/p>\n\n\t\t<\/div>\n\t<\/div>\n\t\n\n<\/div>\n<div class=\"is-divider divider clearfix\" style=\"margin-top:2.0em;margin-bottom:2.0em;\"><\/div>\n\n<h3 class=\"accordion_title\">Wasserpark<\/h3><div class=\"accordion\">\n\n\t<div id=\"accordion-4050127296\" class=\"accordion-item\">\n\t\t<a id=\"accordion-4050127296-label\" class=\"accordion-title plain\" href=\"#accordion-item-wie-sind-die-\u00d6ffnungszeiten-des-wasserparks?\" aria-expanded=\"false\" aria-controls=\"accordion-4050127296-content\" >\n\t\t\t<button class=\"toggle\" aria-label=\"Umschalten\"><i class=\"icon-angle-down\"><\/i><\/button>\n\t\t\t<span>Wie sind die \u00d6ffnungszeiten des Wasserparks?<\/span>\n\t\t<\/a>\n\t\t<div id=\"accordion-4050127296-content\" class=\"accordion-inner\" aria-labelledby=\"accordion-4050127296-label\" >\n\t\t\t\n\n<p>Von 10 bis 13 Uhr und von 15 bis 19 Uhr<\/p>\n\n\t\t<\/div>\n\t<\/div>\n\t\n\t<div id=\"accordion-490757832\" class=\"accordion-item\">\n\t\t<a id=\"accordion-490757832-label\" class=\"accordion-title plain\" href=\"#accordion-item-ist-die-badekappe-erforderlich?\" aria-expanded=\"false\" aria-controls=\"accordion-490757832-content\" >\n\t\t\t<button class=\"toggle\" aria-label=\"Umschalten\"><i class=\"icon-angle-down\"><\/i><\/button>\n\t\t\t<span>Ist die Badekappe erforderlich?<\/span>\n\t\t<\/a>\n\t\t<div id=\"accordion-490757832-content\" class=\"accordion-inner\" aria-labelledby=\"accordion-490757832-label\" >\n\t\t\t\n\n<p>Nein, Sie ben\u00f6tigen keine Badekappe, aber vor dem Betreten des Wasserparks m\u00fcssen Sie unbedingt duschen<\/p>\n\n\t\t<\/div>\n\t<\/div>\n\t\n\t<div id=\"accordion-4260956306\" class=\"accordion-item\">\n\t\t<a id=\"accordion-4260956306-label\" class=\"accordion-title plain\" href=\"#accordion-item-ist-der-eintritt-ins-wasserpark-gegen-bezahlung?\" aria-expanded=\"false\" aria-controls=\"accordion-4260956306-content\" >\n\t\t\t<button class=\"toggle\" aria-label=\"Umschalten\"><i class=\"icon-angle-down\"><\/i><\/button>\n\t\t\t<span>Ist der Eintritt ins Wasserpark gegen Bezahlung?<\/span>\n\t\t<\/a>\n\t\t<div id=\"accordion-4260956306-content\" class=\"accordion-inner\" aria-labelledby=\"accordion-4260956306-label\" >\n\t\t\t\n\n<p>Nein, der Wasserpark ist kostenlos, au\u00dfer in der Zeit vom 01\/07 bis 31\/08.\nWer eine Unterkunft auf der offiziellen Website des Campingplatzes www.campingmarepineta.com, per E-Mail an info@campingmarepineta.com oder telefonisch unter +390533\/330110 bucht, kann den Wasserpark und das Fitnesscenter w\u00e4hrend deren \u00d6ffnungszeiten kostenlos nutzen.<\/p>\n\n\t\t<\/div>\n\t<\/div>\n\t\n\t<div id=\"accordion-1016980489\" class=\"accordion-item\">\n\t\t<a id=\"accordion-1016980489-label\" class=\"accordion-title plain\" href=\"#accordion-item-gibt-es-sonnenschirme-und-sonnenliegen-am-pool?\" aria-expanded=\"false\" aria-controls=\"accordion-1016980489-content\" >\n\t\t\t<button class=\"toggle\" aria-label=\"Umschalten\"><i class=\"icon-angle-down\"><\/i><\/button>\n\t\t\t<span>Gibt es Sonnenschirme und Sonnenliegen am Pool?<\/span>\n\t\t<\/a>\n\t\t<div id=\"accordion-1016980489-content\" class=\"accordion-inner\" aria-labelledby=\"accordion-1016980489-label\" >\n\t\t\t\n\n<p>Ja, es gibt Sonnenliegen, bis Verf\u00fcgbarkeit. Es gibt keine Sonnenschirme.<\/p>\n\n\t\t<\/div>\n\t<\/div>\n\t\n\n<\/div>\n<div class=\"is-divider divider clearfix\" style=\"margin-top:2.0em;margin-bottom:2.0em;\"><\/div>\n\n<h3 class=\"accordion_title\">WLAN<\/h3><div class=\"accordion\">\n\n\t<div id=\"accordion-4277676846\" class=\"accordion-item\">\n\t\t<a id=\"accordion-4277676846-label\" class=\"accordion-title plain\" href=\"#accordion-item-gibt-es-wlan?\" aria-expanded=\"false\" aria-controls=\"accordion-4277676846-content\" >\n\t\t\t<button class=\"toggle\" aria-label=\"Umschalten\"><i class=\"icon-angle-down\"><\/i><\/button>\n\t\t\t<span>Gibt es WLAN?<\/span>\n\t\t<\/a>\n\t\t<div id=\"accordion-4277676846-content\" class=\"accordion-inner\" aria-labelledby=\"accordion-4277676846-label\" >\n\t\t\t\n\n<p>Ja, aber nicht im ganzen Campingplatz.<\/p>\n\n\t\t<\/div>\n\t<\/div>\n\t\n\t<div id=\"accordion-522758103\" class=\"accordion-item\">\n\t\t<a id=\"accordion-522758103-label\" class=\"accordion-title plain\" href=\"#accordion-item-ist-wlan-gegen-bezahlung?\" aria-expanded=\"false\" aria-controls=\"accordion-522758103-content\" >\n\t\t\t<button class=\"toggle\" aria-label=\"Umschalten\"><i class=\"icon-angle-down\"><\/i><\/button>\n\t\t\t<span>Ist WLAN gegen Bezahlung?<\/span>\n\t\t<\/a>\n\t\t<div id=\"accordion-522758103-content\" class=\"accordion-inner\" aria-labelledby=\"accordion-522758103-label\" >\n\t\t\t\n\n<p>Ja, eine Stunde pro Tag ohne Passwort ist kostenlos. Zus\u00e4tzliche Stunden, k\u00f6nnen Sie an der Rezeption kaufen, kosten 1,00 \u20ac f\u00fcr 1 Stunde und 5,00 \u20ac f\u00fcr 6 Stunden.<\/p>\n\n\t\t<\/div>\n\t<\/div>\n\t\n\n<\/div>\n\n\t\t<\/div>\n\t\t\t\t\t<\/div>\n\n\t\n\n\t<div id=\"col-1850009133\" class=\"col medium-6 small-12 large-6\"  >\n\t\t\t\t<div class=\"col-inner\"  >\n\t\t\t\n\t\t\t\n\n<h3 class=\"accordion_title\">Eintrittszeiten<\/h3><div class=\"accordion\">\n\n\t<div id=\"accordion-3697399470\" class=\"accordion-item\">\n\t\t<a id=\"accordion-3697399470-label\" class=\"accordion-title plain\" href=\"#accordion-item-in-welche-zeit-darf-man-im-campingplatz-eintreten?\" aria-expanded=\"false\" aria-controls=\"accordion-3697399470-content\" >\n\t\t\t<button class=\"toggle\" aria-label=\"Umschalten\"><i class=\"icon-angle-down\"><\/i><\/button>\n\t\t\t<span>In welche Zeit darf man im Campingplatz eintreten?<\/span>\n\t\t<\/a>\n\t\t<div id=\"accordion-3697399470-content\" class=\"accordion-inner\" aria-labelledby=\"accordion-3697399470-label\" >\n\t\t\t\n\n<p>Mit dem Auto k\u00f6nnen Sie von 7 bis 13 Uhr und von 15 bis 23 Uhr reinfahren. Zu Fu\u00df und mit dem Armband vom Campingplatz d\u00fcrfen Sie immer rein. Der Zugang vom Strand zum Campingplatz zu Fu\u00df ist von 7 bis 21 Uhr erlaubt. Mit dem Auto von 7 bis 13 Uhr und von 15 bis 21 Uhr.<\/p>\n\n\t\t<\/div>\n\t<\/div>\n\t\n\t<div id=\"accordion-2875726330\" class=\"accordion-item\">\n\t\t<a id=\"accordion-2875726330-label\" class=\"accordion-title plain\" href=\"#accordion-item-wie-sind-die-check-in--und-check-out-zeiten?\" aria-expanded=\"false\" aria-controls=\"accordion-2875726330-content\" >\n\t\t\t<button class=\"toggle\" aria-label=\"Umschalten\"><i class=\"icon-angle-down\"><\/i><\/button>\n\t\t\t<span>Wie sind die Check-In- und Check-Out-Zeiten?<\/span>\n\t\t<\/a>\n\t\t<div id=\"accordion-2875726330-content\" class=\"accordion-inner\" aria-labelledby=\"accordion-2875726330-label\" >\n\t\t\t\n\n<p>F\u00fcr die Wohneinheiten ist die Ankunft ab 16:00 Uhr und die Abfahrt vor 10:00 Uhr, f\u00fcr Stellpl\u00e4tzen Ankunft ab 10:00 Uhr und Abreise vor 10:00 Uhr.<\/p>\n\n\t\t<\/div>\n\t<\/div>\n\t\n\n<\/div>\n<div class=\"is-divider divider clearfix\" style=\"margin-top:2.0em;margin-bottom:2.0em;\"><\/div>\n\n<h3 class=\"accordion_title\">Verschiedene<\/h3><div class=\"accordion\">\n\n\t<div id=\"accordion-1183235586\" class=\"accordion-item\">\n\t\t<a id=\"accordion-1183235586-label\" class=\"accordion-title plain\" href=\"#accordion-item-ist-es-m\u00f6glich-ein-kinderbett-zu-haben?\" aria-expanded=\"false\" aria-controls=\"accordion-1183235586-content\" >\n\t\t\t<button class=\"toggle\" aria-label=\"Umschalten\"><i class=\"icon-angle-down\"><\/i><\/button>\n\t\t\t<span>Ist es m\u00f6glich ein Kinderbett zu haben?<\/span>\n\t\t<\/a>\n\t\t<div id=\"accordion-1183235586-content\" class=\"accordion-inner\" aria-labelledby=\"accordion-1183235586-label\" >\n\t\t\t\n\n<p>Ja, Sie k\u00f6nnen Kinderbetten und Hochst\u00fchle f\u00fcr Kinder mieten, diese k\u00f6nnen Sie an der Rezeption anfragen.<\/p>\n\n\t\t<\/div>\n\t<\/div>\n\t\n\t<div id=\"accordion-208839915\" class=\"accordion-item\">\n\t\t<a id=\"accordion-208839915-label\" class=\"accordion-title plain\" href=\"#accordion-item-ist-in-die-unterk\u00fcnfte-ein-fernseher-vorhanden?\" aria-expanded=\"false\" aria-controls=\"accordion-208839915-content\" >\n\t\t\t<button class=\"toggle\" aria-label=\"Umschalten\"><i class=\"icon-angle-down\"><\/i><\/button>\n\t\t\t<span>Ist in die Unterk\u00fcnfte ein Fernseher vorhanden?<\/span>\n\t\t<\/a>\n\t\t<div id=\"accordion-208839915-content\" class=\"accordion-inner\" aria-labelledby=\"accordion-208839915-label\" >\n\t\t\t\n\n<p>Ja, in allen Mauerwerk Unterk\u00fcnfte und teilweise in die Mobilheime.<\/p>\n\n\t\t<\/div>\n\t<\/div>\n\t\n\n<\/div>\n\n\t\t<\/div>\n\t\t\t\t\t<\/div>\n\n\t\n\n<\/div>\n\n\t\t<\/div>\n\n\t\t\n<style>\n#section_1843656753 {\n  padding-top: 30px;\n  padding-bottom: 30px;\n}\n<\/style>\n\t<\/section>\n\t\n","protected":false},"excerpt":{"rendered":"","protected":false},"author":1,"featured_media":0,"parent":0,"menu_order":0,"comment_status":"closed","ping_status":"closed","template":"page-blank.php","meta":{"footnotes":""},"class_list":["post-14424","page","type-page","status-publish","hentry"],"yoast_head":"<!-- This site is optimized with the Yoast SEO plugin v25.0 - https:\/\/yoast.com\/wordpress\/plugins\/seo\/ -->\n<title>FAQ - Camping Mare e Pineta<\/title>\n<meta name=\"robots\" content=\"index, follow, max-snippet:-1, max-image-preview:large, max-video-preview:-1\" \/>\n<link rel=\"canonical\" href=\"https:\/\/www.campingmarepineta.it\/de\/faq\/\" \/>\n<meta property=\"og:locale\" content=\"de_DE\" \/>\n<meta property=\"og:type\" content=\"article\" \/>\n<meta property=\"og:title\" content=\"FAQ - Camping Mare e Pineta\" \/>\n<meta property=\"og:url\" content=\"https:\/\/www.campingmarepineta.it\/de\/faq\/\" \/>\n<meta property=\"og:site_name\" content=\"Camping Mare e Pineta\" \/>\n<meta property=\"article:modified_time\" content=\"2026-02-19T15:49:59+00:00\" \/>\n<meta name=\"twitter:card\" content=\"summary_large_image\" \/>\n<script type=\"application\/ld+json\" class=\"yoast-schema-graph\">{\"@context\":\"https:\/\/schema.org\",\"@graph\":[{\"@type\":\"WebPage\",\"@id\":\"https:\/\/www.campingmarepineta.it\/de\/faq\/\",\"url\":\"https:\/\/www.campingmarepineta.it\/de\/faq\/\",\"name\":\"FAQ - Camping Mare e Pineta\",\"isPartOf\":{\"@id\":\"https:\/\/www.campingmarepineta.it\/#website\"},\"datePublished\":\"2024-02-20T18:13:49+00:00\",\"dateModified\":\"2026-02-19T15:49:59+00:00\",\"breadcrumb\":{\"@id\":\"https:\/\/www.campingmarepineta.it\/de\/faq\/#breadcrumb\"},\"inLanguage\":\"de\",\"potentialAction\":[{\"@type\":\"ReadAction\",\"target\":[\"https:\/\/www.campingmarepineta.it\/de\/faq\/\"]}]},{\"@type\":\"BreadcrumbList\",\"@id\":\"https:\/\/www.campingmarepineta.it\/de\/faq\/#breadcrumb\",\"itemListElement\":[{\"@type\":\"ListItem\",\"position\":1,\"name\":\"Home\",\"item\":\"https:\/\/www.campingmarepineta.it\/de\/\"},{\"@type\":\"ListItem\",\"position\":2,\"name\":\"FAQ\"}]},{\"@type\":\"WebSite\",\"@id\":\"https:\/\/www.campingmarepineta.it\/#website\",\"url\":\"https:\/\/www.campingmarepineta.it\/\",\"name\":\"Camping Mare e Pineta\",\"description\":\"\",\"publisher\":{\"@id\":\"https:\/\/www.campingmarepineta.it\/#organization\"},\"potentialAction\":[{\"@type\":\"SearchAction\",\"target\":{\"@type\":\"EntryPoint\",\"urlTemplate\":\"https:\/\/www.campingmarepineta.it\/?s={search_term_string}\"},\"query-input\":{\"@type\":\"PropertyValueSpecification\",\"valueRequired\":true,\"valueName\":\"search_term_string\"}}],\"inLanguage\":\"de\"},{\"@type\":\"Organization\",\"@id\":\"https:\/\/www.campingmarepineta.it\/#organization\",\"name\":\"Camping Mare & Pineta\",\"url\":\"https:\/\/www.campingmarepineta.it\/\",\"logo\":{\"@type\":\"ImageObject\",\"inLanguage\":\"de\",\"@id\":\"https:\/\/www.campingmarepineta.it\/#\/schema\/logo\/image\/\",\"url\":\"https:\/\/www.campingmarepineta.it\/wp-content\/uploads\/2018\/11\/logo.png\",\"contentUrl\":\"https:\/\/www.campingmarepineta.it\/wp-content\/uploads\/2018\/11\/logo.png\",\"width\":320,\"height\":166,\"caption\":\"Camping Mare & Pineta\"},\"image\":{\"@id\":\"https:\/\/www.campingmarepineta.it\/#\/schema\/logo\/image\/\"}}]}<\/script>\n<!-- \/ Yoast SEO plugin. -->","yoast_head_json":{"title":"FAQ - Camping Mare e Pineta","robots":{"index":"index","follow":"follow","max-snippet":"max-snippet:-1","max-image-preview":"max-image-preview:large","max-video-preview":"max-video-preview:-1"},"canonical":"https:\/\/www.campingmarepineta.it\/de\/faq\/","og_locale":"de_DE","og_type":"article","og_title":"FAQ - Camping Mare e Pineta","og_url":"https:\/\/www.campingmarepineta.it\/de\/faq\/","og_site_name":"Camping Mare e Pineta","article_modified_time":"2026-02-19T15:49:59+00:00","twitter_card":"summary_large_image","schema":{"@context":"https:\/\/schema.org","@graph":[{"@type":"WebPage","@id":"https:\/\/www.campingmarepineta.it\/de\/faq\/","url":"https:\/\/www.campingmarepineta.it\/de\/faq\/","name":"FAQ - Camping Mare e Pineta","isPartOf":{"@id":"https:\/\/www.campingmarepineta.it\/#website"},"datePublished":"2024-02-20T18:13:49+00:00","dateModified":"2026-02-19T15:49:59+00:00","breadcrumb":{"@id":"https:\/\/www.campingmarepineta.it\/de\/faq\/#breadcrumb"},"inLanguage":"de","potentialAction":[{"@type":"ReadAction","target":["https:\/\/www.campingmarepineta.it\/de\/faq\/"]}]},{"@type":"BreadcrumbList","@id":"https:\/\/www.campingmarepineta.it\/de\/faq\/#breadcrumb","itemListElement":[{"@type":"ListItem","position":1,"name":"Home","item":"https:\/\/www.campingmarepineta.it\/de\/"},{"@type":"ListItem","position":2,"name":"FAQ"}]},{"@type":"WebSite","@id":"https:\/\/www.campingmarepineta.it\/#website","url":"https:\/\/www.campingmarepineta.it\/","name":"Camping Mare e Pineta","description":"","publisher":{"@id":"https:\/\/www.campingmarepineta.it\/#organization"},"potentialAction":[{"@type":"SearchAction","target":{"@type":"EntryPoint","urlTemplate":"https:\/\/www.campingmarepineta.it\/?s={search_term_string}"},"query-input":{"@type":"PropertyValueSpecification","valueRequired":true,"valueName":"search_term_string"}}],"inLanguage":"de"},{"@type":"Organization","@id":"https:\/\/www.campingmarepineta.it\/#organization","name":"Camping Mare & Pineta","url":"https:\/\/www.campingmarepineta.it\/","logo":{"@type":"ImageObject","inLanguage":"de","@id":"https:\/\/www.campingmarepineta.it\/#\/schema\/logo\/image\/","url":"https:\/\/www.campingmarepineta.it\/wp-content\/uploads\/2018\/11\/logo.png","contentUrl":"https:\/\/www.campingmarepineta.it\/wp-content\/uploads\/2018\/11\/logo.png","width":320,"height":166,"caption":"Camping Mare & Pineta"},"image":{"@id":"https:\/\/www.campingmarepineta.it\/#\/schema\/logo\/image\/"}}]}},"_links":{"self":[{"href":"https:\/\/www.campingmarepineta.it\/de\/wp-json\/wp\/v2\/pages\/14424","targetHints":{"allow":["GET"]}}],"collection":[{"href":"https:\/\/www.campingmarepineta.it\/de\/wp-json\/wp\/v2\/pages"}],"about":[{"href":"https:\/\/www.campingmarepineta.it\/de\/wp-json\/wp\/v2\/types\/page"}],"author":[{"embeddable":true,"href":"https:\/\/www.campingmarepineta.it\/de\/wp-json\/wp\/v2\/users\/1"}],"replies":[{"embeddable":true,"href":"https:\/\/www.campingmarepineta.it\/de\/wp-json\/wp\/v2\/comments?post=14424"}],"version-history":[{"count":1,"href":"https:\/\/www.campingmarepineta.it\/de\/wp-json\/wp\/v2\/pages\/14424\/revisions"}],"predecessor-version":[{"id":14425,"href":"https:\/\/www.campingmarepineta.it\/de\/wp-json\/wp\/v2\/pages\/14424\/revisions\/14425"}],"wp:attachment":[{"href":"https:\/\/www.campingmarepineta.it\/de\/wp-json\/wp\/v2\/media?parent=14424"}],"curies":[{"name":"wp","href":"https:\/\/api.w.org\/{rel}","templated":true}]}}