




{"id":14435,"date":"2024-02-20T19:25:16","date_gmt":"2024-02-20T18:25:16","guid":{"rendered":"https:\/\/www.campingmarepineta.it\/?page_id=14435"},"modified":"2024-02-20T19:25:18","modified_gmt":"2024-02-20T18:25:18","slug":"ferrara","status":"publish","type":"page","link":"https:\/\/www.campingmarepineta.it\/de\/umgebung\/ferrara\/","title":{"rendered":"Ferrara"},"content":{"rendered":"\n\n  <div class=\"banner has-hover is-full-height has-parallax\" id=\"banner-1888393716\">\n          <div class=\"banner-inner fill\">\n        <div class=\"banner-bg fill\" data-parallax=\"-6\" data-parallax-container=\".banner\" data-parallax-background>\n            <img loading=\"lazy\" decoding=\"async\" width=\"1980\" height=\"1304\" src=\"https:\/\/www.campingmarepineta.it\/wp-content\/uploads\/2024\/01\/Ferrara-1.jpg\" class=\"bg attachment-original size-original\" alt=\"\" \/>                        <div class=\"overlay\"><\/div>            \n                    <\/div>\n\t\t\n        <div class=\"banner-layers container\">\n            <div class=\"fill banner-link\"><\/div>            \n\n   <div id=\"text-box-593564531\" class=\"text-box banner-layer x50 md-x50 lg-x50 y50 md-y50 lg-y50 res-text\">\n              <div data-parallax=\"-1\" data-parallax-fade=\"true\">       <div data-animate=\"fadeInUp\">           <div class=\"text-box-content text dark text-shadow-1\">\n              \n              <div class=\"text-inner text-center\">\n                  \n\n\t<div id=\"text-1148139149\" class=\"text\">\n\t\t\n\n<h1 data-animate=\"fadeInUp\">Ferrara<\/h1>\n<p class=\"is-smaller\" data-animate=\"fadeInUp\"><span><span><a href=\"https:\/\/www.campingmarepineta.it\/de\/\">Home<\/a><\/span><\/span>\n\n\t\t\n<style>\n#text-1148139149 {\n  font-size: 1rem;\n}\n@media (min-width:550px) {\n  #text-1148139149 {\n    font-size: 2rem;\n  }\n}\n<\/style>\n\t<\/div>\n\t\n\n              <\/div>\n           <\/div>\n       <\/div>       <\/div>              \n<style>\n#text-box-593564531 {\n  width: 80%;\n}\n#text-box-593564531 .text-box-content {\n  font-size: 100%;\n}\n<\/style>\n    <\/div>\n \n\n        <\/div>\n      <\/div>\n\n            \n<style>\n#banner-1888393716 {\n  padding-top: 99.99%;\n}\n#banner-1888393716 .overlay {\n  background-color: rgba(0, 0, 0, 0.256);\n}\n#banner-1888393716 .banner-bg img {\n  object-position: 89% 55%;\n}\n@media (min-width:550px) {\n  #banner-1888393716 {\n    padding-top: 100%;\n  }\n}\n<\/style>\n  <\/div>\n\n\n\n\t<section class=\"section\" id=\"section_1942034482\">\n\t\t<div class=\"section-bg fill\" >\n\t\t\t\t\t\t\t\t\t\n\t\t\t\n\n\t\t<\/div>\n\n\t\t\n\n\t\t<div class=\"section-content relative\">\n\t\t\t\n\n\n\t<section class=\"section no-background-image blur-background\" id=\"section_1836487667\">\n\t\t<div class=\"section-bg fill\" >\n\t\t\t\t\t\t\t\t\t\n\t\t\t\n\n\t\t<\/div>\n\n\t\t\n\n\t\t<div class=\"section-content relative\">\n\t\t\t\r\n\r\n<form target=\"_blank\" action=\"http:\/\/booking.campingmarepineta.it\/html\/pricelist.php?lang=2\" method=\"post\" name=\"form_prenota\" id=\"form_prenota\">\r\n<div class=\"container\" style=\"max-width:900px;\">\r\n<div id=\"row-booking-form\" class=\"align-center\">\r\n<div class=\"col\">\r\n<div class=\"col-inner\"><label>ANREISE:<input name=\"dataInizio\" type=\"text\" class=\"calendar\" value=\"\" placeholder=\"TT\/MM\/JJJJ\" \/><\/label><\/div>\r\n<\/div>\r\n<div class=\"col\">\r\n<div class=\"col-inner\"><label>ABREISE:<input name=\"dataFine\" type=\"text\" class=\"calendar\" value=\"\" placeholder=\"TT\/MM\/JJJJ\" \/><\/label><\/div>\r\n<\/div>\r\n<div class=\"col\">\r\n<div class=\"col-inner\"><label>UNTERKUNFT:<select id=\"tipo\" class=\"wpcf7-form-control wpcf7-select\" name=\"nomelistino\"><option value=\"4\">Alle<\/option><option value=\"1\">Camping<\/option><option value=\"2\">Wohnungen & Villen<\/option><option value=\"3\">Wohnmobile<\/option><\/select><\/label><\/div>\r\n<\/div>\r\n<div class=\"col\">\r\n<div class=\"col-inner\"><label>PERSONEN:<select id=\"select\" class=\"wpcf7-form-control wpcf7-select\" name=\"persone\"><option>1<\/option><option>2<\/option><option>3<\/option><option>4<\/option><option>5<\/option><option>6<\/option><\/select><\/label><\/div>\r\n<\/div>\r\n<div class=\"col\">\r\n<div class=\"col-inner\"><label><br \/>\r\n<input name=\"step\" type=\"hidden\" value=\"0\" \/><input type=\"hidden\" value=\"1\" name=\"cerca\"><button name=\"submit\" type=\"submit\" class=\"button midnight-blue  \">SUCHEN<\/button><\/label><\/div>\r\n<\/div>\r\n<\/div>\r\n<\/div>\r\n<\/form>\r\n\t\t<\/div>\n\n\t\t\n<style>\n#section_1836487667 {\n  padding-top: 30px;\n  padding-bottom: 30px;\n  background-color: rgba(255, 255, 255, 0.4);\n}\n<\/style>\n\t<\/section>\n\t\n\n\n\t\t<\/div>\n\n\t\t\n<style>\n#section_1942034482 {\n  padding-top: 0px;\n  padding-bottom: 0px;\n  background-color: rgb(243, 243, 240);\n}\n<\/style>\n\t<\/section>\n\t\n\n\t<section class=\"section\" id=\"section_2030244720\">\n\t\t<div class=\"section-bg fill\" >\n\t\t\t\t\t\t\t\t\t\n\t\t\t\n\n\t\t<\/div>\n\n\t\t\n\n\t\t<div class=\"section-content relative\">\n\t\t\t\n\n<div class=\"row row-large align-middle\"  id=\"row-1488057686\">\n\n\n\t<div id=\"col-2133732851\" class=\"col small-12 large-12\"  >\n\t\t\t\t<div class=\"col-inner text-left\"  >\n\t\t\t\n\t\t\t\n\n<p data-animate=\"fadeInUp\">Ferrara ist eine wundersch\u00f6ne Stadt, nur 50 km vom Camping Mare e Pineta entfernt, eine faszinierende und gut erhaltene Stadt, die ein authentisches Erlebnis der Geschichte und Kultur Italiens bietet. Das historische Zentrum ist ein idealer Ort zum Spazierengehen und Entdecken der lokalen Kunst, Architektur und Gastronomie. Die Stadt ist ber\u00fchmt f\u00fcr ihr historisches und kulturelles Erbe sowie ihr gut erhaltenes historisches Zentrum, das zum UNESCO-Weltkulturerbe erkl\u00e4rt wurde. Hier sind einige Sehensw\u00fcrdigkeiten in Ferrara:<\/p>\n<ol data-animate=\"fadeInUp\">\n<li>Historisches Zentrum: Das historische Zentrum von Ferrara ist ein Labyrinth aus mittelalterlichen Stra\u00dfen, malerischen Pl\u00e4tzen und historischen Geb\u00e4uden. Es ist bekannt f\u00fcr seine gut erhaltene Stadtstruktur, die bis ins Mittelalter und die Renaissance zur\u00fcckreicht.<\/li>\n<li>Castello Estense: Das Castello Estense ist eines der Wahrzeichen der Stadt. Dieses beeindruckende, viereckige Schloss ist von einem Wassergraben umgeben und bietet einen faszinierenden Einblick in die Geschichte der Stadt.<\/li>\n<li>San Giorgio-Kathedrale: Die San Giorgio Kathedrale ist ein beeindruckendes Beispiel gotischer Architektur. Die Fassade ist mit Statuen und Flachreliefs geschm\u00fcckt, w\u00e4hrend der Innenraum Kunstwerke und eine beeindruckende Krypta beherbergt.<\/li>\n<li>Palazzo die Diamanti: Dieser Renaissancepalast verdankt seinen Namen den Tausenden rautenf\u00f6rmigen Marmorbl\u00f6cken an seiner Fassade. Heute beherbergt es die Nationale Kunstgalerie von Ferrara, die Kunstwerke von gro\u00dfem Wert ausstellt.<\/li>\n<li>Buranelli-Radweg: Ferrara gilt als eine der fahrradfreundlichsten St\u00e4dte Italiens. Der Buranelli Ciclovia ist ein Radweg entlang der Stadtmauer und bietet eine angenehme M\u00f6glichkeit, Ferrara mit dem Fahrrad zu erkunden.<\/li>\n<li>Palio di Ferrara: Dieses antike historische Ereignis ist eine j\u00e4hrliche Feier mit mittelalterlichen Paraden, Veranstaltungen und Wettbewerben. Es findet im Mai statt und ist eine einzigartige Gelegenheit, in die Tradition der Stadt einzutauchen.<\/li>\n<li>Nationalmuseum f\u00fcr mittelalterliche und moderne Kunst: Dieses Museum beherbergt eine umfangreiche Sammlung mittelalterlicher und moderner Kunstwerke, darunter Gem\u00e4lde, Skulpturen und Manuskripte. Es ist ein idealer Ort, um die Entwicklung der Kunst im Laufe der Jahrhunderte zu entdecken.<\/li>\n<\/ol>\n<p data-animate=\"fadeInUp\">Gastronomie: Die K\u00fcche von Ferrara ist f\u00fcr ihre traditionellen Gerichte bekannt. Zu den lokalen Spezialit\u00e4ten z\u00e4hlen Cappellacci (mit K\u00fcrbis gef\u00fcllte Nudeln), Salama da Sugo (eine gep\u00f6kelte Salami) und das coppia ferrarese (eine lokale Brotsorte).<\/p>\n\n\n\t\t<\/div>\n\t\t\t\t\n<style>\n#col-2133732851 > .col-inner {\n  padding: 0px 0px 0px 0px;\n  margin: 0px 0px -30px 0px;\n}\n<\/style>\n\t<\/div>\n\n\t\n\n<\/div>\n\n\t\t<\/div>\n\n\t\t\n<style>\n#section_2030244720 {\n  padding-top: 30px;\n  padding-bottom: 30px;\n}\n<\/style>\n\t<\/section>\n\t\n","protected":false},"excerpt":{"rendered":"","protected":false},"author":1,"featured_media":0,"parent":14429,"menu_order":0,"comment_status":"closed","ping_status":"closed","template":"page-blank.php","meta":{"footnotes":""},"class_list":["post-14435","page","type-page","status-publish","hentry"],"yoast_head":"<!-- This site is optimized with the Yoast SEO plugin v25.0 - https:\/\/yoast.com\/wordpress\/plugins\/seo\/ -->\n<title>Ferrara - Camping Mare e Pineta<\/title>\n<meta name=\"robots\" content=\"index, follow, max-snippet:-1, max-image-preview:large, max-video-preview:-1\" \/>\n<link rel=\"canonical\" href=\"https:\/\/www.campingmarepineta.it\/de\/umgebung\/ferrara\/\" \/>\n<meta property=\"og:locale\" content=\"de_DE\" \/>\n<meta property=\"og:type\" content=\"article\" \/>\n<meta property=\"og:title\" content=\"Ferrara - Camping Mare e Pineta\" \/>\n<meta property=\"og:url\" content=\"https:\/\/www.campingmarepineta.it\/de\/umgebung\/ferrara\/\" \/>\n<meta property=\"og:site_name\" content=\"Camping Mare e Pineta\" \/>\n<meta property=\"article:modified_time\" content=\"2024-02-20T18:25:18+00:00\" \/>\n<meta name=\"twitter:card\" content=\"summary_large_image\" \/>\n<meta name=\"twitter:label1\" content=\"Gesch\u00e4tzte Lesezeit\" \/>\n\t<meta name=\"twitter:data1\" content=\"3\u00a0Minuten\" \/>\n<script type=\"application\/ld+json\" class=\"yoast-schema-graph\">{\"@context\":\"https:\/\/schema.org\",\"@graph\":[{\"@type\":\"WebPage\",\"@id\":\"https:\/\/www.campingmarepineta.it\/de\/umgebung\/ferrara\/\",\"url\":\"https:\/\/www.campingmarepineta.it\/de\/umgebung\/ferrara\/\",\"name\":\"Ferrara - Camping Mare e Pineta\",\"isPartOf\":{\"@id\":\"https:\/\/www.campingmarepineta.it\/#website\"},\"datePublished\":\"2024-02-20T18:25:16+00:00\",\"dateModified\":\"2024-02-20T18:25:18+00:00\",\"breadcrumb\":{\"@id\":\"https:\/\/www.campingmarepineta.it\/de\/umgebung\/ferrara\/#breadcrumb\"},\"inLanguage\":\"de\",\"potentialAction\":[{\"@type\":\"ReadAction\",\"target\":[\"https:\/\/www.campingmarepineta.it\/de\/umgebung\/ferrara\/\"]}]},{\"@type\":\"BreadcrumbList\",\"@id\":\"https:\/\/www.campingmarepineta.it\/de\/umgebung\/ferrara\/#breadcrumb\",\"itemListElement\":[{\"@type\":\"ListItem\",\"position\":1,\"name\":\"Home\",\"item\":\"https:\/\/www.campingmarepineta.it\/de\/\"},{\"@type\":\"ListItem\",\"position\":2,\"name\":\"Umgebung\",\"item\":\"https:\/\/www.campingmarepineta.it\/de\/umgebung\/\"},{\"@type\":\"ListItem\",\"position\":3,\"name\":\"Ferrara\"}]},{\"@type\":\"WebSite\",\"@id\":\"https:\/\/www.campingmarepineta.it\/#website\",\"url\":\"https:\/\/www.campingmarepineta.it\/\",\"name\":\"Camping Mare e Pineta\",\"description\":\"\",\"publisher\":{\"@id\":\"https:\/\/www.campingmarepineta.it\/#organization\"},\"potentialAction\":[{\"@type\":\"SearchAction\",\"target\":{\"@type\":\"EntryPoint\",\"urlTemplate\":\"https:\/\/www.campingmarepineta.it\/?s={search_term_string}\"},\"query-input\":{\"@type\":\"PropertyValueSpecification\",\"valueRequired\":true,\"valueName\":\"search_term_string\"}}],\"inLanguage\":\"de\"},{\"@type\":\"Organization\",\"@id\":\"https:\/\/www.campingmarepineta.it\/#organization\",\"name\":\"Camping Mare & Pineta\",\"url\":\"https:\/\/www.campingmarepineta.it\/\",\"logo\":{\"@type\":\"ImageObject\",\"inLanguage\":\"de\",\"@id\":\"https:\/\/www.campingmarepineta.it\/#\/schema\/logo\/image\/\",\"url\":\"https:\/\/www.campingmarepineta.it\/wp-content\/uploads\/2018\/11\/logo.png\",\"contentUrl\":\"https:\/\/www.campingmarepineta.it\/wp-content\/uploads\/2018\/11\/logo.png\",\"width\":320,\"height\":166,\"caption\":\"Camping Mare & Pineta\"},\"image\":{\"@id\":\"https:\/\/www.campingmarepineta.it\/#\/schema\/logo\/image\/\"}}]}<\/script>\n<!-- \/ Yoast SEO plugin. -->","yoast_head_json":{"title":"Ferrara - Camping Mare e Pineta","robots":{"index":"index","follow":"follow","max-snippet":"max-snippet:-1","max-image-preview":"max-image-preview:large","max-video-preview":"max-video-preview:-1"},"canonical":"https:\/\/www.campingmarepineta.it\/de\/umgebung\/ferrara\/","og_locale":"de_DE","og_type":"article","og_title":"Ferrara - Camping Mare e Pineta","og_url":"https:\/\/www.campingmarepineta.it\/de\/umgebung\/ferrara\/","og_site_name":"Camping Mare e Pineta","article_modified_time":"2024-02-20T18:25:18+00:00","twitter_card":"summary_large_image","twitter_misc":{"Gesch\u00e4tzte Lesezeit":"3\u00a0Minuten"},"schema":{"@context":"https:\/\/schema.org","@graph":[{"@type":"WebPage","@id":"https:\/\/www.campingmarepineta.it\/de\/umgebung\/ferrara\/","url":"https:\/\/www.campingmarepineta.it\/de\/umgebung\/ferrara\/","name":"Ferrara - Camping Mare e Pineta","isPartOf":{"@id":"https:\/\/www.campingmarepineta.it\/#website"},"datePublished":"2024-02-20T18:25:16+00:00","dateModified":"2024-02-20T18:25:18+00:00","breadcrumb":{"@id":"https:\/\/www.campingmarepineta.it\/de\/umgebung\/ferrara\/#breadcrumb"},"inLanguage":"de","potentialAction":[{"@type":"ReadAction","target":["https:\/\/www.campingmarepineta.it\/de\/umgebung\/ferrara\/"]}]},{"@type":"BreadcrumbList","@id":"https:\/\/www.campingmarepineta.it\/de\/umgebung\/ferrara\/#breadcrumb","itemListElement":[{"@type":"ListItem","position":1,"name":"Home","item":"https:\/\/www.campingmarepineta.it\/de\/"},{"@type":"ListItem","position":2,"name":"Umgebung","item":"https:\/\/www.campingmarepineta.it\/de\/umgebung\/"},{"@type":"ListItem","position":3,"name":"Ferrara"}]},{"@type":"WebSite","@id":"https:\/\/www.campingmarepineta.it\/#website","url":"https:\/\/www.campingmarepineta.it\/","name":"Camping Mare e Pineta","description":"","publisher":{"@id":"https:\/\/www.campingmarepineta.it\/#organization"},"potentialAction":[{"@type":"SearchAction","target":{"@type":"EntryPoint","urlTemplate":"https:\/\/www.campingmarepineta.it\/?s={search_term_string}"},"query-input":{"@type":"PropertyValueSpecification","valueRequired":true,"valueName":"search_term_string"}}],"inLanguage":"de"},{"@type":"Organization","@id":"https:\/\/www.campingmarepineta.it\/#organization","name":"Camping Mare & Pineta","url":"https:\/\/www.campingmarepineta.it\/","logo":{"@type":"ImageObject","inLanguage":"de","@id":"https:\/\/www.campingmarepineta.it\/#\/schema\/logo\/image\/","url":"https:\/\/www.campingmarepineta.it\/wp-content\/uploads\/2018\/11\/logo.png","contentUrl":"https:\/\/www.campingmarepineta.it\/wp-content\/uploads\/2018\/11\/logo.png","width":320,"height":166,"caption":"Camping Mare & Pineta"},"image":{"@id":"https:\/\/www.campingmarepineta.it\/#\/schema\/logo\/image\/"}}]}},"_links":{"self":[{"href":"https:\/\/www.campingmarepineta.it\/de\/wp-json\/wp\/v2\/pages\/14435","targetHints":{"allow":["GET"]}}],"collection":[{"href":"https:\/\/www.campingmarepineta.it\/de\/wp-json\/wp\/v2\/pages"}],"about":[{"href":"https:\/\/www.campingmarepineta.it\/de\/wp-json\/wp\/v2\/types\/page"}],"author":[{"embeddable":true,"href":"https:\/\/www.campingmarepineta.it\/de\/wp-json\/wp\/v2\/users\/1"}],"replies":[{"embeddable":true,"href":"https:\/\/www.campingmarepineta.it\/de\/wp-json\/wp\/v2\/comments?post=14435"}],"version-history":[{"count":2,"href":"https:\/\/www.campingmarepineta.it\/de\/wp-json\/wp\/v2\/pages\/14435\/revisions"}],"predecessor-version":[{"id":14437,"href":"https:\/\/www.campingmarepineta.it\/de\/wp-json\/wp\/v2\/pages\/14435\/revisions\/14437"}],"up":[{"embeddable":true,"href":"https:\/\/www.campingmarepineta.it\/de\/wp-json\/wp\/v2\/pages\/14429"}],"wp:attachment":[{"href":"https:\/\/www.campingmarepineta.it\/de\/wp-json\/wp\/v2\/media?parent=14435"}],"curies":[{"name":"wp","href":"https:\/\/api.w.org\/{rel}","templated":true}]}}