




{"id":14438,"date":"2024-02-20T19:26:36","date_gmt":"2024-02-20T18:26:36","guid":{"rendered":"https:\/\/www.campingmarepineta.it\/?page_id=14438"},"modified":"2024-02-27T15:44:51","modified_gmt":"2024-02-27T14:44:51","slug":"besucherder-po-delta-park","status":"publish","type":"page","link":"https:\/\/www.campingmarepineta.it\/de\/umgebung\/besucherder-po-delta-park\/","title":{"rendered":"Po Delta Park entdecken"},"content":{"rendered":"\n\n  <div class=\"banner has-hover is-full-height has-parallax\" id=\"banner-557677015\">\n          <div class=\"banner-inner fill\">\n        <div class=\"banner-bg fill\" data-parallax=\"-6\" data-parallax-container=\".banner\" data-parallax-background>\n            <img loading=\"lazy\" decoding=\"async\" width=\"1980\" height=\"1320\" src=\"https:\/\/www.campingmarepineta.it\/wp-content\/uploads\/2024\/01\/DSC_6096.jpg\" class=\"bg attachment-original size-original\" alt=\"\" \/>                        <div class=\"overlay\"><\/div>            \n                    <\/div>\n\t\t\n        <div class=\"banner-layers container\">\n            <div class=\"fill banner-link\"><\/div>            \n\n   <div id=\"text-box-1788176148\" class=\"text-box banner-layer x50 md-x50 lg-x50 y50 md-y50 lg-y50 res-text\">\n              <div data-parallax=\"-1\" data-parallax-fade=\"true\">       <div data-animate=\"fadeInUp\">           <div class=\"text-box-content text dark text-shadow-1\">\n              \n              <div class=\"text-inner text-center\">\n                  \n\n\t<div id=\"text-2552732583\" class=\"text\">\n\t\t\n\n<h1 data-animate=\"fadeInUp\">Po Delta Park entdecken<\/h1>\n<p class=\"is-smaller\" data-animate=\"fadeInUp\"><span><span><a href=\"https:\/\/www.campingmarepineta.it\/de\/\">Home<\/a><\/span><\/span>\n\t\t\n<style>\n#text-2552732583 {\n  font-size: 1rem;\n}\n@media (min-width:550px) {\n  #text-2552732583 {\n    font-size: 2rem;\n  }\n}\n<\/style>\n\t<\/div>\n\t\n\n              <\/div>\n           <\/div>\n       <\/div>       <\/div>              \n<style>\n#text-box-1788176148 {\n  width: 80%;\n}\n#text-box-1788176148 .text-box-content {\n  font-size: 100%;\n}\n<\/style>\n    <\/div>\n \n\n        <\/div>\n      <\/div>\n\n            \n<style>\n#banner-557677015 {\n  padding-top: 99.99%;\n}\n#banner-557677015 .overlay {\n  background-color: rgba(0, 0, 0, 0.256);\n}\n#banner-557677015 .banner-bg img {\n  object-position: 89% 55%;\n}\n@media (min-width:550px) {\n  #banner-557677015 {\n    padding-top: 100%;\n  }\n}\n<\/style>\n  <\/div>\n\n\n\n\t<section class=\"section\" id=\"section_1795005819\">\n\t\t<div class=\"section-bg fill\" >\n\t\t\t\t\t\t\t\t\t\n\t\t\t\n\n\t\t<\/div>\n\n\t\t\n\n\t\t<div class=\"section-content relative\">\n\t\t\t\n\n\n\t<section class=\"section no-background-image blur-background\" id=\"section_2102789713\">\n\t\t<div class=\"section-bg fill\" >\n\t\t\t\t\t\t\t\t\t\n\t\t\t\n\n\t\t<\/div>\n\n\t\t\n\n\t\t<div class=\"section-content relative\">\n\t\t\t\r\n\r\n<form target=\"_blank\" action=\"http:\/\/booking.campingmarepineta.it\/html\/pricelist.php?lang=2\" method=\"post\" name=\"form_prenota\" id=\"form_prenota\">\r\n<div class=\"container\" style=\"max-width:900px;\">\r\n<div id=\"row-booking-form\" class=\"align-center\">\r\n<div class=\"col\">\r\n<div class=\"col-inner\"><label>ANREISE:<input name=\"dataInizio\" type=\"text\" class=\"calendar\" value=\"\" placeholder=\"TT\/MM\/JJJJ\" \/><\/label><\/div>\r\n<\/div>\r\n<div class=\"col\">\r\n<div class=\"col-inner\"><label>ABREISE:<input name=\"dataFine\" type=\"text\" class=\"calendar\" value=\"\" placeholder=\"TT\/MM\/JJJJ\" \/><\/label><\/div>\r\n<\/div>\r\n<div class=\"col\">\r\n<div class=\"col-inner\"><label>UNTERKUNFT:<select id=\"tipo\" class=\"wpcf7-form-control wpcf7-select\" name=\"nomelistino\"><option value=\"4\">Alle<\/option><option value=\"1\">Camping<\/option><option value=\"2\">Wohnungen & Villen<\/option><option value=\"3\">Wohnmobile<\/option><\/select><\/label><\/div>\r\n<\/div>\r\n<div class=\"col\">\r\n<div class=\"col-inner\"><label>PERSONEN:<select id=\"select\" class=\"wpcf7-form-control wpcf7-select\" name=\"persone\"><option>1<\/option><option>2<\/option><option>3<\/option><option>4<\/option><option>5<\/option><option>6<\/option><\/select><\/label><\/div>\r\n<\/div>\r\n<div class=\"col\">\r\n<div class=\"col-inner\"><label><br \/>\r\n<input name=\"step\" type=\"hidden\" value=\"0\" \/><input type=\"hidden\" value=\"1\" name=\"cerca\"><button name=\"submit\" type=\"submit\" class=\"button midnight-blue  \">SUCHEN<\/button><\/label><\/div>\r\n<\/div>\r\n<\/div>\r\n<\/div>\r\n<\/form>\r\n\t\t<\/div>\n\n\t\t\n<style>\n#section_2102789713 {\n  padding-top: 30px;\n  padding-bottom: 30px;\n  background-color: rgba(255, 255, 255, 0.4);\n}\n<\/style>\n\t<\/section>\n\t\n\n\n\t\t<\/div>\n\n\t\t\n<style>\n#section_1795005819 {\n  padding-top: 0px;\n  padding-bottom: 0px;\n  background-color: rgb(243, 243, 240);\n}\n<\/style>\n\t<\/section>\n\t\n\n\t<section class=\"section\" id=\"section_577297063\">\n\t\t<div class=\"section-bg fill\" >\n\t\t\t\t\t\t\t\t\t\n\t\t\t\n\n\t\t<\/div>\n\n\t\t\n\n\t\t<div class=\"section-content relative\">\n\t\t\t\n\n<div class=\"row row-large align-middle\"  id=\"row-972833304\">\n\n\n\t<div id=\"col-700017510\" class=\"col small-12 large-12\"  >\n\t\t\t\t<div class=\"col-inner text-left\"  >\n\t\t\t\n\t\t\t\n\n<p data-animate=\"fadeInUp\">Entdecken Sie Camping Mare e Pineta im Herzen des Po-Delta-Parks in der Emilia-Romagna, einer unber\u00fchrten Umgebung, die den idealen Lebensraum f\u00fcr eine Vielzahl von Fischen und Wasserv\u00f6geln darstellt. Diese Deltaregion ist f\u00fcr die Vogelbeobachtung bekannt und bietet Liebhabern gr\u00fcner Ferien einen wunderbaren Zufluchtsort in der Natur.<\/p>\n<p data-animate=\"fadeInUp\">Der Po-Delta-Park ist ein Schatz aus Pinienw\u00e4ldern und T\u00e4lern, sowie ein Schutzgebiet f\u00fcr \u00fcber 300 verschiedene Vogelarten. Dank seiner einzigartigen Landschaft und seines au\u00dfergew\u00f6hnlichen nat\u00fcrlichen \u00d6kosystems wurde der Po-Delta-Park von der UNESCO als Weltkulturerbe anerkannt.<\/p>\n<p data-animate=\"fadeInUp\">Die Erkundung des Po-Deltas ist ein unvergessliches Erlebnis, das Sie zu Fu\u00df, mit dem Fahrrad, zu Pferd oder mit dem Boot genie\u00dfen k\u00f6nnen. Unser Personal im Camping Mare e Pineta steht Ihnen gerne mit Routenvorschl\u00e4gen und Anschauungsmaterial zur Verf\u00fcgung, damit Sie den nat\u00fcrlichen Charme dieses Parks entdecken k\u00f6nnen.<\/p>\n<p data-animate=\"fadeInUp\">Nach einem Spaziergang oder einer Radtour k\u00f6nnen Sie in einem der zahlreichen Restaurants in der Umgebung typische Gerichte der Region genie\u00dfen. Traditionelle Trattorien, malerische Tavernen und renommierte Restaurants bieten eine Vielzahl lokaler K\u00f6stlichkeiten, mit besonderem Augenmerk auf Fisch- und Meeresfr\u00fcchtegerichte, darunter Austern, Aale, Fangschreckenkrebse, Muscheln und Seezunge.<\/p>\n<p data-animate=\"fadeInUp\">Tauchen Sie w\u00e4hrend Ihres Urlaubs auf Camping Mare e Pineta in die unglaubliche Sch\u00f6nheit des Po-Delta-Parks ein und genie\u00dfen Sie einen Urlaub, der Meer und Natur vereint.<\/p>\n\n\t\t<\/div>\n\t\t\t\t\n<style>\n#col-700017510 > .col-inner {\n  padding: 0px 0px 0px 0px;\n  margin: 0px 0px -30px 0px;\n}\n<\/style>\n\t<\/div>\n\n\t\n\n<\/div>\n\n\t\t<\/div>\n\n\t\t\n<style>\n#section_577297063 {\n  padding-top: 30px;\n  padding-bottom: 30px;\n}\n<\/style>\n\t<\/section>\n\t\n\n\t<section class=\"section\" id=\"section_2063648378\">\n\t\t<div class=\"section-bg fill\" >\n\t\t\t\t\t\t\t\t\t\n\t\t\t\n\n\t\t<\/div>\n\n\t\t\n\n\t\t<div class=\"section-content relative\">\n\t\t\t\n\n  <style>\n    #gallery-254743309 .grid-col-1{height: 600px}\n    #gallery-254743309 .grid-col-1-2{height: 300px}\n    #gallery-254743309 .grid-col-1-3{height:200px}\n    #gallery-254743309 .grid-col-2-3{height: 400px}\n    #gallery-254743309 .grid-col-1-4{height: 150px}\n    #gallery-254743309 .grid-col-3-4{height: 450px}\n\n\n        \/* Tablet *\/\n    @media (max-width: 850px){\n      #gallery-254743309 .grid-col-1{height: 400px}\n      #gallery-254743309 .grid-col-1-2{height: 200px}\n      #gallery-254743309 .grid-col-1-3{height:133.33333333333px}\n      #gallery-254743309 .grid-col-2-3{height: 266.66666666667px}\n      #gallery-254743309 .grid-col-1-4{height: 100px}\n      #gallery-254743309 .grid-col-3-4{height: 300px}\n    }\n    \n        \/* Mobile *\/\n    @media (max-width: 550px){\n      #gallery-254743309 .grid-col-1{height: 400px}\n      #gallery-254743309 .grid-col-1-2{height: 200px}\n      #gallery-254743309 .grid-col-1-3{height:133.33333333333px}\n      #gallery-254743309 .grid-col-2-3{height: 266.66666666667px}\n      #gallery-254743309 .grid-col-1-4{height: 100px}\n      #gallery-254743309 .grid-col-3-4{height: 300px}\n    }\n    \n\n  <\/style>\n  \n  \n    <div id=\"gallery-254743309\" class=\"row row-collapse row-full-width row-grid\" data-packery-options='{\"itemSelector\": \".col\", \"gutter\": 0, \"presentageWidth\" : true}'>\n\n  <div class=\"gallery-col col grid-col grid-col-1 large-6 medium-12\" data-animate=\"fadeInUp\">\n          <div class=\"col-inner\">\n            <a class=\"image-lightbox lightbox-gallery\" href=\"https:\/\/www.campingmarepineta.it\/wp-content\/uploads\/2024\/01\/DJI_0996-1200x800.jpg\" title=\"\">            <div class=\"box has-hover gallery-box box-overlay dark box-text-center\">\n              <div class=\"box-image\" >\n                <img loading=\"lazy\" decoding=\"async\" width=\"1020\" height=\"680\" src=\"https:\/\/www.campingmarepineta.it\/wp-content\/uploads\/2024\/01\/DJI_0996-1200x800.jpg\" class=\"attachment-large size-large\" alt=\"\" ids=\"13203,13200,11765,11768\" style=\"none\" type=\"grid\" grid=\"3\" col_spacing=\"collapse\" animate=\"fadeInUp\" srcset=\"https:\/\/www.campingmarepineta.it\/wp-content\/uploads\/2024\/01\/DJI_0996-1200x800.jpg 1200w, https:\/\/www.campingmarepineta.it\/wp-content\/uploads\/2024\/01\/DJI_0996-600x400.jpg 600w, https:\/\/www.campingmarepineta.it\/wp-content\/uploads\/2024\/01\/DJI_0996-768x512.jpg 768w, https:\/\/www.campingmarepineta.it\/wp-content\/uploads\/2024\/01\/DJI_0996-1536x1024.jpg 1536w, https:\/\/www.campingmarepineta.it\/wp-content\/uploads\/2024\/01\/DJI_0996.jpg 1980w\" sizes=\"auto, (max-width: 1020px) 100vw, 1020px\" \/>                                  <div class=\"overlay fill\"\n                      style=\"background-color: rgba(0,0,0,.15)\">\n                  <\/div>\n                                                              <\/div>\n              <div class=\"box-text text-left dark\" >\n                 <p><\/p>\n              <\/div>\n            <\/div>\n            <\/a>          <\/div>\n         <\/div><div class=\"gallery-col col grid-col grid-col-1-2 large-6 medium-6\" data-animate=\"fadeInUp\">\n          <div class=\"col-inner\">\n            <a class=\"image-lightbox lightbox-gallery\" href=\"https:\/\/www.campingmarepineta.it\/wp-content\/uploads\/2024\/01\/DJI_0002-1200x800.jpg\" title=\"\">            <div class=\"box has-hover gallery-box box-overlay dark box-text-center\">\n              <div class=\"box-image\" >\n                <img loading=\"lazy\" decoding=\"async\" width=\"600\" height=\"400\" src=\"https:\/\/www.campingmarepineta.it\/wp-content\/uploads\/2024\/01\/DJI_0002-600x400.jpg\" class=\"attachment-medium size-medium\" alt=\"\" ids=\"13203,13200,11765,11768\" style=\"none\" type=\"grid\" grid=\"3\" col_spacing=\"collapse\" animate=\"fadeInUp\" srcset=\"https:\/\/www.campingmarepineta.it\/wp-content\/uploads\/2024\/01\/DJI_0002-600x400.jpg 600w, https:\/\/www.campingmarepineta.it\/wp-content\/uploads\/2024\/01\/DJI_0002-1200x800.jpg 1200w, https:\/\/www.campingmarepineta.it\/wp-content\/uploads\/2024\/01\/DJI_0002-768x512.jpg 768w, https:\/\/www.campingmarepineta.it\/wp-content\/uploads\/2024\/01\/DJI_0002-1536x1024.jpg 1536w, https:\/\/www.campingmarepineta.it\/wp-content\/uploads\/2024\/01\/DJI_0002.jpg 1980w\" sizes=\"auto, (max-width: 600px) 100vw, 600px\" \/>                                  <div class=\"overlay fill\"\n                      style=\"background-color: rgba(0,0,0,.15)\">\n                  <\/div>\n                                                              <\/div>\n              <div class=\"box-text text-left dark\" >\n                 <p><\/p>\n              <\/div>\n            <\/div>\n            <\/a>          <\/div>\n         <\/div><div class=\"gallery-col col grid-col grid-col-1-2 large-3 medium-6\" data-animate=\"fadeInUp\">\n          <div class=\"col-inner\">\n            <a class=\"image-lightbox lightbox-gallery\" href=\"https:\/\/www.campingmarepineta.it\/wp-content\/uploads\/2018\/12\/valli-comacchio.jpg\" title=\"\">            <div class=\"box has-hover gallery-box box-overlay dark box-text-center\">\n              <div class=\"box-image\" >\n                <img loading=\"lazy\" decoding=\"async\" width=\"711\" height=\"400\" src=\"https:\/\/www.campingmarepineta.it\/wp-content\/uploads\/2018\/12\/valli-comacchio-711x400.jpg\" class=\"attachment-medium size-medium\" alt=\"\" ids=\"13203,13200,11765,11768\" style=\"none\" type=\"grid\" grid=\"3\" col_spacing=\"collapse\" animate=\"fadeInUp\" srcset=\"https:\/\/www.campingmarepineta.it\/wp-content\/uploads\/2018\/12\/valli-comacchio-711x400.jpg 711w, https:\/\/www.campingmarepineta.it\/wp-content\/uploads\/2018\/12\/valli-comacchio-768x432.jpg 768w, https:\/\/www.campingmarepineta.it\/wp-content\/uploads\/2018\/12\/valli-comacchio.jpg 800w\" sizes=\"auto, (max-width: 711px) 100vw, 711px\" \/>                                  <div class=\"overlay fill\"\n                      style=\"background-color: rgba(0,0,0,.15)\">\n                  <\/div>\n                                                              <\/div>\n              <div class=\"box-text text-left dark\" >\n                 <p><\/p>\n              <\/div>\n            <\/div>\n            <\/a>          <\/div>\n         <\/div><div class=\"gallery-col col grid-col grid-col-1-2 large-3 medium-6\" data-animate=\"fadeInUp\">\n          <div class=\"col-inner\">\n            <a class=\"image-lightbox lightbox-gallery\" href=\"https:\/\/www.campingmarepineta.it\/wp-content\/uploads\/2018\/12\/valli-comacchio-3.jpg\" title=\"\">            <div class=\"box has-hover gallery-box box-overlay dark box-text-center\">\n              <div class=\"box-image\" >\n                <img loading=\"lazy\" decoding=\"async\" width=\"711\" height=\"400\" src=\"https:\/\/www.campingmarepineta.it\/wp-content\/uploads\/2018\/12\/valli-comacchio-3-711x400.jpg\" class=\"attachment-medium size-medium\" alt=\"\" ids=\"13203,13200,11765,11768\" style=\"none\" type=\"grid\" grid=\"3\" col_spacing=\"collapse\" animate=\"fadeInUp\" srcset=\"https:\/\/www.campingmarepineta.it\/wp-content\/uploads\/2018\/12\/valli-comacchio-3-711x400.jpg 711w, https:\/\/www.campingmarepineta.it\/wp-content\/uploads\/2018\/12\/valli-comacchio-3-768x432.jpg 768w, https:\/\/www.campingmarepineta.it\/wp-content\/uploads\/2018\/12\/valli-comacchio-3.jpg 800w\" sizes=\"auto, (max-width: 711px) 100vw, 711px\" \/>                                  <div class=\"overlay fill\"\n                      style=\"background-color: rgba(0,0,0,.15)\">\n                  <\/div>\n                                                              <\/div>\n              <div class=\"box-text text-left dark\" >\n                 <p><\/p>\n              <\/div>\n            <\/div>\n            <\/a>          <\/div>\n         <\/div><\/div>\n\n\n\t\t<\/div>\n\n\t\t\n<style>\n#section_2063648378 {\n  padding-top: 0px;\n  padding-bottom: 0px;\n  margin-bottom: 0px;\n  min-height: 0px;\n  background-color: rgb(241, 241, 241);\n}\n<\/style>\n\t<\/section>\n\t\n\n","protected":false},"excerpt":{"rendered":"","protected":false},"author":1,"featured_media":0,"parent":14429,"menu_order":0,"comment_status":"closed","ping_status":"closed","template":"page-blank.php","meta":{"footnotes":""},"class_list":["post-14438","page","type-page","status-publish","hentry"],"yoast_head":"<!-- This site is optimized with the Yoast SEO plugin v25.0 - https:\/\/yoast.com\/wordpress\/plugins\/seo\/ -->\n<title>Po Delta Park entdecken - Camping Mare e Pineta<\/title>\n<meta name=\"robots\" content=\"index, follow, max-snippet:-1, max-image-preview:large, max-video-preview:-1\" \/>\n<link rel=\"canonical\" href=\"https:\/\/www.campingmarepineta.it\/de\/umgebung\/besucherder-po-delta-park\/\" \/>\n<meta property=\"og:locale\" content=\"de_DE\" \/>\n<meta property=\"og:type\" content=\"article\" \/>\n<meta property=\"og:title\" content=\"Po Delta Park entdecken - Camping Mare e Pineta\" \/>\n<meta property=\"og:url\" content=\"https:\/\/www.campingmarepineta.it\/de\/umgebung\/besucherder-po-delta-park\/\" \/>\n<meta property=\"og:site_name\" content=\"Camping Mare e Pineta\" \/>\n<meta property=\"article:modified_time\" content=\"2024-02-27T14:44:51+00:00\" \/>\n<meta name=\"twitter:card\" content=\"summary_large_image\" \/>\n<meta name=\"twitter:label1\" content=\"Gesch\u00e4tzte Lesezeit\" \/>\n\t<meta name=\"twitter:data1\" content=\"2\u00a0Minuten\" \/>\n<script type=\"application\/ld+json\" class=\"yoast-schema-graph\">{\"@context\":\"https:\/\/schema.org\",\"@graph\":[{\"@type\":\"WebPage\",\"@id\":\"https:\/\/www.campingmarepineta.it\/de\/umgebung\/besucherder-po-delta-park\/\",\"url\":\"https:\/\/www.campingmarepineta.it\/de\/umgebung\/besucherder-po-delta-park\/\",\"name\":\"Po Delta Park entdecken - Camping Mare e Pineta\",\"isPartOf\":{\"@id\":\"https:\/\/www.campingmarepineta.it\/#website\"},\"datePublished\":\"2024-02-20T18:26:36+00:00\",\"dateModified\":\"2024-02-27T14:44:51+00:00\",\"breadcrumb\":{\"@id\":\"https:\/\/www.campingmarepineta.it\/de\/umgebung\/besucherder-po-delta-park\/#breadcrumb\"},\"inLanguage\":\"de\",\"potentialAction\":[{\"@type\":\"ReadAction\",\"target\":[\"https:\/\/www.campingmarepineta.it\/de\/umgebung\/besucherder-po-delta-park\/\"]}]},{\"@type\":\"BreadcrumbList\",\"@id\":\"https:\/\/www.campingmarepineta.it\/de\/umgebung\/besucherder-po-delta-park\/#breadcrumb\",\"itemListElement\":[{\"@type\":\"ListItem\",\"position\":1,\"name\":\"Home\",\"item\":\"https:\/\/www.campingmarepineta.it\/de\/\"},{\"@type\":\"ListItem\",\"position\":2,\"name\":\"Umgebung\",\"item\":\"https:\/\/www.campingmarepineta.it\/de\/umgebung\/\"},{\"@type\":\"ListItem\",\"position\":3,\"name\":\"Po Delta Park entdecken\"}]},{\"@type\":\"WebSite\",\"@id\":\"https:\/\/www.campingmarepineta.it\/#website\",\"url\":\"https:\/\/www.campingmarepineta.it\/\",\"name\":\"Camping Mare e Pineta\",\"description\":\"\",\"publisher\":{\"@id\":\"https:\/\/www.campingmarepineta.it\/#organization\"},\"potentialAction\":[{\"@type\":\"SearchAction\",\"target\":{\"@type\":\"EntryPoint\",\"urlTemplate\":\"https:\/\/www.campingmarepineta.it\/?s={search_term_string}\"},\"query-input\":{\"@type\":\"PropertyValueSpecification\",\"valueRequired\":true,\"valueName\":\"search_term_string\"}}],\"inLanguage\":\"de\"},{\"@type\":\"Organization\",\"@id\":\"https:\/\/www.campingmarepineta.it\/#organization\",\"name\":\"Camping Mare & Pineta\",\"url\":\"https:\/\/www.campingmarepineta.it\/\",\"logo\":{\"@type\":\"ImageObject\",\"inLanguage\":\"de\",\"@id\":\"https:\/\/www.campingmarepineta.it\/#\/schema\/logo\/image\/\",\"url\":\"https:\/\/www.campingmarepineta.it\/wp-content\/uploads\/2018\/11\/logo.png\",\"contentUrl\":\"https:\/\/www.campingmarepineta.it\/wp-content\/uploads\/2018\/11\/logo.png\",\"width\":320,\"height\":166,\"caption\":\"Camping Mare & Pineta\"},\"image\":{\"@id\":\"https:\/\/www.campingmarepineta.it\/#\/schema\/logo\/image\/\"}}]}<\/script>\n<!-- \/ Yoast SEO plugin. -->","yoast_head_json":{"title":"Po Delta Park entdecken - Camping Mare e Pineta","robots":{"index":"index","follow":"follow","max-snippet":"max-snippet:-1","max-image-preview":"max-image-preview:large","max-video-preview":"max-video-preview:-1"},"canonical":"https:\/\/www.campingmarepineta.it\/de\/umgebung\/besucherder-po-delta-park\/","og_locale":"de_DE","og_type":"article","og_title":"Po Delta Park entdecken - Camping Mare e Pineta","og_url":"https:\/\/www.campingmarepineta.it\/de\/umgebung\/besucherder-po-delta-park\/","og_site_name":"Camping Mare e Pineta","article_modified_time":"2024-02-27T14:44:51+00:00","twitter_card":"summary_large_image","twitter_misc":{"Gesch\u00e4tzte Lesezeit":"2\u00a0Minuten"},"schema":{"@context":"https:\/\/schema.org","@graph":[{"@type":"WebPage","@id":"https:\/\/www.campingmarepineta.it\/de\/umgebung\/besucherder-po-delta-park\/","url":"https:\/\/www.campingmarepineta.it\/de\/umgebung\/besucherder-po-delta-park\/","name":"Po Delta Park entdecken - Camping Mare e Pineta","isPartOf":{"@id":"https:\/\/www.campingmarepineta.it\/#website"},"datePublished":"2024-02-20T18:26:36+00:00","dateModified":"2024-02-27T14:44:51+00:00","breadcrumb":{"@id":"https:\/\/www.campingmarepineta.it\/de\/umgebung\/besucherder-po-delta-park\/#breadcrumb"},"inLanguage":"de","potentialAction":[{"@type":"ReadAction","target":["https:\/\/www.campingmarepineta.it\/de\/umgebung\/besucherder-po-delta-park\/"]}]},{"@type":"BreadcrumbList","@id":"https:\/\/www.campingmarepineta.it\/de\/umgebung\/besucherder-po-delta-park\/#breadcrumb","itemListElement":[{"@type":"ListItem","position":1,"name":"Home","item":"https:\/\/www.campingmarepineta.it\/de\/"},{"@type":"ListItem","position":2,"name":"Umgebung","item":"https:\/\/www.campingmarepineta.it\/de\/umgebung\/"},{"@type":"ListItem","position":3,"name":"Po Delta Park entdecken"}]},{"@type":"WebSite","@id":"https:\/\/www.campingmarepineta.it\/#website","url":"https:\/\/www.campingmarepineta.it\/","name":"Camping Mare e Pineta","description":"","publisher":{"@id":"https:\/\/www.campingmarepineta.it\/#organization"},"potentialAction":[{"@type":"SearchAction","target":{"@type":"EntryPoint","urlTemplate":"https:\/\/www.campingmarepineta.it\/?s={search_term_string}"},"query-input":{"@type":"PropertyValueSpecification","valueRequired":true,"valueName":"search_term_string"}}],"inLanguage":"de"},{"@type":"Organization","@id":"https:\/\/www.campingmarepineta.it\/#organization","name":"Camping Mare & Pineta","url":"https:\/\/www.campingmarepineta.it\/","logo":{"@type":"ImageObject","inLanguage":"de","@id":"https:\/\/www.campingmarepineta.it\/#\/schema\/logo\/image\/","url":"https:\/\/www.campingmarepineta.it\/wp-content\/uploads\/2018\/11\/logo.png","contentUrl":"https:\/\/www.campingmarepineta.it\/wp-content\/uploads\/2018\/11\/logo.png","width":320,"height":166,"caption":"Camping Mare & Pineta"},"image":{"@id":"https:\/\/www.campingmarepineta.it\/#\/schema\/logo\/image\/"}}]}},"_links":{"self":[{"href":"https:\/\/www.campingmarepineta.it\/de\/wp-json\/wp\/v2\/pages\/14438","targetHints":{"allow":["GET"]}}],"collection":[{"href":"https:\/\/www.campingmarepineta.it\/de\/wp-json\/wp\/v2\/pages"}],"about":[{"href":"https:\/\/www.campingmarepineta.it\/de\/wp-json\/wp\/v2\/types\/page"}],"author":[{"embeddable":true,"href":"https:\/\/www.campingmarepineta.it\/de\/wp-json\/wp\/v2\/users\/1"}],"replies":[{"embeddable":true,"href":"https:\/\/www.campingmarepineta.it\/de\/wp-json\/wp\/v2\/comments?post=14438"}],"version-history":[{"count":4,"href":"https:\/\/www.campingmarepineta.it\/de\/wp-json\/wp\/v2\/pages\/14438\/revisions"}],"predecessor-version":[{"id":14614,"href":"https:\/\/www.campingmarepineta.it\/de\/wp-json\/wp\/v2\/pages\/14438\/revisions\/14614"}],"up":[{"embeddable":true,"href":"https:\/\/www.campingmarepineta.it\/de\/wp-json\/wp\/v2\/pages\/14429"}],"wp:attachment":[{"href":"https:\/\/www.campingmarepineta.it\/de\/wp-json\/wp\/v2\/media?parent=14438"}],"curies":[{"name":"wp","href":"https:\/\/api.w.org\/{rel}","templated":true}]}}