




{"id":14441,"date":"2024-02-20T19:28:49","date_gmt":"2024-02-20T18:28:49","guid":{"rendered":"https:\/\/www.campingmarepineta.it\/?page_id=14441"},"modified":"2024-02-20T19:29:28","modified_gmt":"2024-02-20T18:29:28","slug":"ravenna","status":"publish","type":"page","link":"https:\/\/www.campingmarepineta.it\/de\/umgebung\/ravenna\/","title":{"rendered":"Ravenna"},"content":{"rendered":"\n\n  <div class=\"banner has-hover is-full-height has-parallax\" id=\"banner-1451153076\">\n          <div class=\"banner-inner fill\">\n        <div class=\"banner-bg fill\" data-parallax=\"-6\" data-parallax-container=\".banner\" data-parallax-background>\n            <img loading=\"lazy\" decoding=\"async\" width=\"1980\" height=\"1212\" src=\"https:\/\/www.campingmarepineta.it\/wp-content\/uploads\/2024\/01\/Ravenna.jpg\" class=\"bg attachment-original size-original\" alt=\"\" \/>                        <div class=\"overlay\"><\/div>            \n                    <\/div>\n\t\t\n        <div class=\"banner-layers container\">\n            <div class=\"fill banner-link\"><\/div>            \n\n   <div id=\"text-box-804313124\" class=\"text-box banner-layer x50 md-x50 lg-x50 y50 md-y50 lg-y50 res-text\">\n              <div data-parallax=\"-1\" data-parallax-fade=\"true\">       <div data-animate=\"fadeInUp\">           <div class=\"text-box-content text dark text-shadow-1\">\n              \n              <div class=\"text-inner text-center\">\n                  \n\n\t<div id=\"text-3905845195\" class=\"text\">\n\t\t\n\n<h1 data-animate=\"fadeInUp\">Ravenna<\/h1>\n<p class=\"is-smaller\" data-animate=\"fadeInUp\"><span><span><a href=\"https:\/\/www.campingmarepineta.it\/de\/\">Home<\/a><\/span><\/span>\n\t\t\n<style>\n#text-3905845195 {\n  font-size: 1rem;\n}\n@media (min-width:550px) {\n  #text-3905845195 {\n    font-size: 2rem;\n  }\n}\n<\/style>\n\t<\/div>\n\t\n\n              <\/div>\n           <\/div>\n       <\/div>       <\/div>              \n<style>\n#text-box-804313124 {\n  width: 80%;\n}\n#text-box-804313124 .text-box-content {\n  font-size: 100%;\n}\n<\/style>\n    <\/div>\n \n\n        <\/div>\n      <\/div>\n\n            \n<style>\n#banner-1451153076 {\n  padding-top: 99.99%;\n}\n#banner-1451153076 .overlay {\n  background-color: rgba(0, 0, 0, 0.256);\n}\n#banner-1451153076 .banner-bg img {\n  object-position: 89% 55%;\n}\n@media (min-width:550px) {\n  #banner-1451153076 {\n    padding-top: 100%;\n  }\n}\n<\/style>\n  <\/div>\n\n\n\n\t<section class=\"section\" id=\"section_2118562648\">\n\t\t<div class=\"section-bg fill\" >\n\t\t\t\t\t\t\t\t\t\n\t\t\t\n\n\t\t<\/div>\n\n\t\t\n\n\t\t<div class=\"section-content relative\">\n\t\t\t\n\n\n\t<section class=\"section no-background-image blur-background\" id=\"section_559159298\">\n\t\t<div class=\"section-bg fill\" >\n\t\t\t\t\t\t\t\t\t\n\t\t\t\n\n\t\t<\/div>\n\n\t\t\n\n\t\t<div class=\"section-content relative\">\n\t\t\t\r\n\r\n<form target=\"_blank\" action=\"http:\/\/booking.campingmarepineta.it\/html\/pricelist.php?lang=2\" method=\"post\" name=\"form_prenota\" id=\"form_prenota\">\r\n<div class=\"container\" style=\"max-width:900px;\">\r\n<div id=\"row-booking-form\" class=\"align-center\">\r\n<div class=\"col\">\r\n<div class=\"col-inner\"><label>ANREISE:<input name=\"dataInizio\" type=\"text\" class=\"calendar\" value=\"\" placeholder=\"TT\/MM\/JJJJ\" \/><\/label><\/div>\r\n<\/div>\r\n<div class=\"col\">\r\n<div class=\"col-inner\"><label>ABREISE:<input name=\"dataFine\" type=\"text\" class=\"calendar\" value=\"\" placeholder=\"TT\/MM\/JJJJ\" \/><\/label><\/div>\r\n<\/div>\r\n<div class=\"col\">\r\n<div class=\"col-inner\"><label>UNTERKUNFT:<select id=\"tipo\" class=\"wpcf7-form-control wpcf7-select\" name=\"nomelistino\"><option value=\"4\">Alle<\/option><option value=\"1\">Camping<\/option><option value=\"2\">Wohnungen & Villen<\/option><option value=\"3\">Wohnmobile<\/option><\/select><\/label><\/div>\r\n<\/div>\r\n<div class=\"col\">\r\n<div class=\"col-inner\"><label>PERSONEN:<select id=\"select\" class=\"wpcf7-form-control wpcf7-select\" name=\"persone\"><option>1<\/option><option>2<\/option><option>3<\/option><option>4<\/option><option>5<\/option><option>6<\/option><\/select><\/label><\/div>\r\n<\/div>\r\n<div class=\"col\">\r\n<div class=\"col-inner\"><label><br \/>\r\n<input name=\"step\" type=\"hidden\" value=\"0\" \/><input type=\"hidden\" value=\"1\" name=\"cerca\"><button name=\"submit\" type=\"submit\" class=\"button midnight-blue  \">SUCHEN<\/button><\/label><\/div>\r\n<\/div>\r\n<\/div>\r\n<\/div>\r\n<\/form>\r\n\t\t<\/div>\n\n\t\t\n<style>\n#section_559159298 {\n  padding-top: 30px;\n  padding-bottom: 30px;\n  background-color: rgba(255, 255, 255, 0.4);\n}\n<\/style>\n\t<\/section>\n\t\n\n\n\t\t<\/div>\n\n\t\t\n<style>\n#section_2118562648 {\n  padding-top: 0px;\n  padding-bottom: 0px;\n  background-color: rgb(243, 243, 240);\n}\n<\/style>\n\t<\/section>\n\t\n\n\t<section class=\"section\" id=\"section_767647527\">\n\t\t<div class=\"section-bg fill\" >\n\t\t\t\t\t\t\t\t\t\n\t\t\t\n\n\t\t<\/div>\n\n\t\t\n\n\t\t<div class=\"section-content relative\">\n\t\t\t\n\n<div class=\"row row-large align-middle\"  id=\"row-1513929329\">\n\n\n\t<div id=\"col-394972363\" class=\"col small-12 large-12\"  >\n\t\t\t\t<div class=\"col-inner text-left\"  >\n\t\t\t\n\t\t\t\n\n<p data-animate=\"fadeInUp\">Ravenna ist eine historische Stadt, die nur 25 km vom Camping Mare e Pineta entfernt liegt. Sie ist ein ideales Reiseziel f\u00fcr Liebhaber von Kunst, Geschichte und Kultur und bekannt f\u00fcr ihre au\u00dfergew\u00f6hnliche Sammlung byzantinischer Mosaike, ein UNESCO-Weltkulturerbe und ihre Rolle in die Geschichte der byzantinischen Kunst.<\/p>\n<p data-animate=\"fadeInUp\">Hier sind einige Sehensw\u00fcrdigkeiten in Ravenna:<\/p>\n<ol>\n<li data-animate=\"fadeInUp\">Mosaike von Ravenna: Ravenna ist ber\u00fchmt f\u00fcr seine spektakul\u00e4ren Mosaike, die viele seiner Kirchen und historischen Geb\u00e4ude schm\u00fccken. Die Basiliken San Vitale, Sant&#8217;Apollinare Nuovo und Sant&#8217;Apollinare in Classe geh\u00f6ren zu den bekanntesten Orten, um diese komplexen Kunstwerke zu bewundern.<\/li>\n<li data-animate=\"fadeInUp\">UNESCO-Weltkulturerbe: Dank seiner au\u00dfergew\u00f6hnlichen Mosaiksammlung wurde Ravenna von der UNESCO zum Weltkulturerbe erkl\u00e4rt. Diese Mosaike stellen eines der besten Beispiele byzantinischer Kunst au\u00dferhalb Istanbuls dar.<\/li>\n<li data-animate=\"fadeInUp\">Basilika San Vitale: Diese Basilika ist einer der Sch\u00e4tze Ravennas und ber\u00fchmt f\u00fcr ihre atemberaubenden Mosaike, die Episoden aus der Bibel und dem Leben von Kaiser Justinian darstellen. Es ist ein au\u00dfergew\u00f6hnliches Beispiel byzantinischer Architektur.<\/li>\n<li data-animate=\"fadeInUp\">Mausoleum von Theoderich: Dieses Mausoleum ist ein beeindruckendes Grabdenkmal, das f\u00fcr Theoderich den Gro\u00dfen, einen der ostgotischen K\u00f6nige, erbaut wurde. Es ist ein bemerkenswertes Beispiel ostgotischer Architektur und vollst\u00e4ndig aus Stein gebaut.<\/li>\n<li data-animate=\"fadeInUp\">Dante Alighieri: Die Stadt hat eine Verbindung zum ber\u00fchmten Dichter Dante Alighieri. Dantes Grab befindet sich in Ravenna im Nationalmuseum von Ravenna und ist ein wichtiger Wallfahrtsort f\u00fcr Literaturliebhaber.<\/li>\n<li data-animate=\"fadeInUp\">Classis Ravenna: In der Antike war Ravenna der Haupthafen der r\u00f6mischen Adriaflotte. Die St\u00e4tte Classis Ravenna bietet die M\u00f6glichkeit, die arch\u00e4ologischen \u00dcberreste dieser alten Hafenstadt zu erkunden.<\/li>\n<li data-animate=\"fadeInUp\">Kultur und Gastronomie: Ravenna ist auch ein kulturelles Zentrum und bietet eine vielf\u00e4ltige und beliebte gastronomische Szene. Die lokale K\u00fcche umfasst Spezialit\u00e4ten wie Piadina von Romagna, Tortellini und typische K\u00e4sesorten aus Emilia-Romagna.<\/li>\n<\/ol>\n<p data-animate=\"fadeInUp\">Str\u00e4nde: Ravenna liegt nahe der Adriak\u00fcste und seine Str\u00e4nde sind leicht zu erreichen. Dies macht es zu einem beliebten Sommerziel f\u00fcr alle, die Kultur und Entspannung am Meer verbinden m\u00f6chten.<\/p>\n\n\t\t<\/div>\n\t\t\t\t\n<style>\n#col-394972363 > .col-inner {\n  padding: 0px 0px 0px 0px;\n  margin: 0px 0px -30px 0px;\n}\n<\/style>\n\t<\/div>\n\n\t\n\n<\/div>\n\n\t\t<\/div>\n\n\t\t\n<style>\n#section_767647527 {\n  padding-top: 30px;\n  padding-bottom: 30px;\n}\n<\/style>\n\t<\/section>\n\t\n","protected":false},"excerpt":{"rendered":"","protected":false},"author":1,"featured_media":0,"parent":14429,"menu_order":0,"comment_status":"closed","ping_status":"closed","template":"page-blank.php","meta":{"footnotes":""},"class_list":["post-14441","page","type-page","status-publish","hentry"],"yoast_head":"<!-- This site is optimized with the Yoast SEO plugin v25.0 - https:\/\/yoast.com\/wordpress\/plugins\/seo\/ -->\n<title>Ravenna - Camping Mare e Pineta<\/title>\n<meta name=\"robots\" content=\"index, follow, max-snippet:-1, max-image-preview:large, max-video-preview:-1\" \/>\n<link rel=\"canonical\" href=\"https:\/\/www.campingmarepineta.it\/de\/umgebung\/ravenna\/\" \/>\n<meta property=\"og:locale\" content=\"de_DE\" \/>\n<meta property=\"og:type\" content=\"article\" \/>\n<meta property=\"og:title\" content=\"Ravenna - Camping Mare e Pineta\" \/>\n<meta property=\"og:url\" content=\"https:\/\/www.campingmarepineta.it\/de\/umgebung\/ravenna\/\" \/>\n<meta property=\"og:site_name\" content=\"Camping Mare e Pineta\" \/>\n<meta property=\"article:modified_time\" content=\"2024-02-20T18:29:28+00:00\" \/>\n<meta name=\"twitter:card\" content=\"summary_large_image\" \/>\n<meta name=\"twitter:label1\" content=\"Gesch\u00e4tzte Lesezeit\" \/>\n\t<meta name=\"twitter:data1\" content=\"2\u00a0Minuten\" \/>\n<script type=\"application\/ld+json\" class=\"yoast-schema-graph\">{\"@context\":\"https:\/\/schema.org\",\"@graph\":[{\"@type\":\"WebPage\",\"@id\":\"https:\/\/www.campingmarepineta.it\/de\/umgebung\/ravenna\/\",\"url\":\"https:\/\/www.campingmarepineta.it\/de\/umgebung\/ravenna\/\",\"name\":\"Ravenna - Camping Mare e Pineta\",\"isPartOf\":{\"@id\":\"https:\/\/www.campingmarepineta.it\/#website\"},\"datePublished\":\"2024-02-20T18:28:49+00:00\",\"dateModified\":\"2024-02-20T18:29:28+00:00\",\"breadcrumb\":{\"@id\":\"https:\/\/www.campingmarepineta.it\/de\/umgebung\/ravenna\/#breadcrumb\"},\"inLanguage\":\"de\",\"potentialAction\":[{\"@type\":\"ReadAction\",\"target\":[\"https:\/\/www.campingmarepineta.it\/de\/umgebung\/ravenna\/\"]}]},{\"@type\":\"BreadcrumbList\",\"@id\":\"https:\/\/www.campingmarepineta.it\/de\/umgebung\/ravenna\/#breadcrumb\",\"itemListElement\":[{\"@type\":\"ListItem\",\"position\":1,\"name\":\"Home\",\"item\":\"https:\/\/www.campingmarepineta.it\/de\/\"},{\"@type\":\"ListItem\",\"position\":2,\"name\":\"Umgebung\",\"item\":\"https:\/\/www.campingmarepineta.it\/de\/umgebung\/\"},{\"@type\":\"ListItem\",\"position\":3,\"name\":\"Ravenna\"}]},{\"@type\":\"WebSite\",\"@id\":\"https:\/\/www.campingmarepineta.it\/#website\",\"url\":\"https:\/\/www.campingmarepineta.it\/\",\"name\":\"Camping Mare e Pineta\",\"description\":\"\",\"publisher\":{\"@id\":\"https:\/\/www.campingmarepineta.it\/#organization\"},\"potentialAction\":[{\"@type\":\"SearchAction\",\"target\":{\"@type\":\"EntryPoint\",\"urlTemplate\":\"https:\/\/www.campingmarepineta.it\/?s={search_term_string}\"},\"query-input\":{\"@type\":\"PropertyValueSpecification\",\"valueRequired\":true,\"valueName\":\"search_term_string\"}}],\"inLanguage\":\"de\"},{\"@type\":\"Organization\",\"@id\":\"https:\/\/www.campingmarepineta.it\/#organization\",\"name\":\"Camping Mare & Pineta\",\"url\":\"https:\/\/www.campingmarepineta.it\/\",\"logo\":{\"@type\":\"ImageObject\",\"inLanguage\":\"de\",\"@id\":\"https:\/\/www.campingmarepineta.it\/#\/schema\/logo\/image\/\",\"url\":\"https:\/\/www.campingmarepineta.it\/wp-content\/uploads\/2018\/11\/logo.png\",\"contentUrl\":\"https:\/\/www.campingmarepineta.it\/wp-content\/uploads\/2018\/11\/logo.png\",\"width\":320,\"height\":166,\"caption\":\"Camping Mare & Pineta\"},\"image\":{\"@id\":\"https:\/\/www.campingmarepineta.it\/#\/schema\/logo\/image\/\"}}]}<\/script>\n<!-- \/ Yoast SEO plugin. -->","yoast_head_json":{"title":"Ravenna - Camping Mare e Pineta","robots":{"index":"index","follow":"follow","max-snippet":"max-snippet:-1","max-image-preview":"max-image-preview:large","max-video-preview":"max-video-preview:-1"},"canonical":"https:\/\/www.campingmarepineta.it\/de\/umgebung\/ravenna\/","og_locale":"de_DE","og_type":"article","og_title":"Ravenna - Camping Mare e Pineta","og_url":"https:\/\/www.campingmarepineta.it\/de\/umgebung\/ravenna\/","og_site_name":"Camping Mare e Pineta","article_modified_time":"2024-02-20T18:29:28+00:00","twitter_card":"summary_large_image","twitter_misc":{"Gesch\u00e4tzte Lesezeit":"2\u00a0Minuten"},"schema":{"@context":"https:\/\/schema.org","@graph":[{"@type":"WebPage","@id":"https:\/\/www.campingmarepineta.it\/de\/umgebung\/ravenna\/","url":"https:\/\/www.campingmarepineta.it\/de\/umgebung\/ravenna\/","name":"Ravenna - Camping Mare e Pineta","isPartOf":{"@id":"https:\/\/www.campingmarepineta.it\/#website"},"datePublished":"2024-02-20T18:28:49+00:00","dateModified":"2024-02-20T18:29:28+00:00","breadcrumb":{"@id":"https:\/\/www.campingmarepineta.it\/de\/umgebung\/ravenna\/#breadcrumb"},"inLanguage":"de","potentialAction":[{"@type":"ReadAction","target":["https:\/\/www.campingmarepineta.it\/de\/umgebung\/ravenna\/"]}]},{"@type":"BreadcrumbList","@id":"https:\/\/www.campingmarepineta.it\/de\/umgebung\/ravenna\/#breadcrumb","itemListElement":[{"@type":"ListItem","position":1,"name":"Home","item":"https:\/\/www.campingmarepineta.it\/de\/"},{"@type":"ListItem","position":2,"name":"Umgebung","item":"https:\/\/www.campingmarepineta.it\/de\/umgebung\/"},{"@type":"ListItem","position":3,"name":"Ravenna"}]},{"@type":"WebSite","@id":"https:\/\/www.campingmarepineta.it\/#website","url":"https:\/\/www.campingmarepineta.it\/","name":"Camping Mare e Pineta","description":"","publisher":{"@id":"https:\/\/www.campingmarepineta.it\/#organization"},"potentialAction":[{"@type":"SearchAction","target":{"@type":"EntryPoint","urlTemplate":"https:\/\/www.campingmarepineta.it\/?s={search_term_string}"},"query-input":{"@type":"PropertyValueSpecification","valueRequired":true,"valueName":"search_term_string"}}],"inLanguage":"de"},{"@type":"Organization","@id":"https:\/\/www.campingmarepineta.it\/#organization","name":"Camping Mare & Pineta","url":"https:\/\/www.campingmarepineta.it\/","logo":{"@type":"ImageObject","inLanguage":"de","@id":"https:\/\/www.campingmarepineta.it\/#\/schema\/logo\/image\/","url":"https:\/\/www.campingmarepineta.it\/wp-content\/uploads\/2018\/11\/logo.png","contentUrl":"https:\/\/www.campingmarepineta.it\/wp-content\/uploads\/2018\/11\/logo.png","width":320,"height":166,"caption":"Camping Mare & Pineta"},"image":{"@id":"https:\/\/www.campingmarepineta.it\/#\/schema\/logo\/image\/"}}]}},"_links":{"self":[{"href":"https:\/\/www.campingmarepineta.it\/de\/wp-json\/wp\/v2\/pages\/14441","targetHints":{"allow":["GET"]}}],"collection":[{"href":"https:\/\/www.campingmarepineta.it\/de\/wp-json\/wp\/v2\/pages"}],"about":[{"href":"https:\/\/www.campingmarepineta.it\/de\/wp-json\/wp\/v2\/types\/page"}],"author":[{"embeddable":true,"href":"https:\/\/www.campingmarepineta.it\/de\/wp-json\/wp\/v2\/users\/1"}],"replies":[{"embeddable":true,"href":"https:\/\/www.campingmarepineta.it\/de\/wp-json\/wp\/v2\/comments?post=14441"}],"version-history":[{"count":3,"href":"https:\/\/www.campingmarepineta.it\/de\/wp-json\/wp\/v2\/pages\/14441\/revisions"}],"predecessor-version":[{"id":14444,"href":"https:\/\/www.campingmarepineta.it\/de\/wp-json\/wp\/v2\/pages\/14441\/revisions\/14444"}],"up":[{"embeddable":true,"href":"https:\/\/www.campingmarepineta.it\/de\/wp-json\/wp\/v2\/pages\/14429"}],"wp:attachment":[{"href":"https:\/\/www.campingmarepineta.it\/de\/wp-json\/wp\/v2\/media?parent=14441"}],"curies":[{"name":"wp","href":"https:\/\/api.w.org\/{rel}","templated":true}]}}