




{"id":14451,"date":"2024-02-20T19:33:18","date_gmt":"2024-02-20T18:33:18","guid":{"rendered":"https:\/\/www.campingmarepineta.it\/?page_id=14451"},"modified":"2024-02-20T20:01:37","modified_gmt":"2024-02-20T19:01:37","slug":"haustierfreundlich","status":"publish","type":"page","link":"https:\/\/www.campingmarepineta.it\/de\/haustierfreundlich\/","title":{"rendered":"Haustierfreundlich"},"content":{"rendered":"\n\n  <div class=\"banner has-hover is-full-height has-parallax\" id=\"banner-506061819\">\n          <div class=\"banner-inner fill\">\n        <div class=\"banner-bg fill\" data-parallax=\"-6\" data-parallax-container=\".banner\" data-parallax-background>\n            <img loading=\"lazy\" decoding=\"async\" width=\"1980\" height=\"1320\" src=\"https:\/\/www.campingmarepineta.it\/wp-content\/uploads\/2024\/01\/DSC_7245.jpg\" class=\"bg attachment-original size-original\" alt=\"\" \/>                        <div class=\"overlay\"><\/div>            \n                    <\/div>\n\t\t\n        <div class=\"banner-layers container\">\n            <div class=\"fill banner-link\"><\/div>            \n\n   <div id=\"text-box-1052637924\" class=\"text-box banner-layer x50 md-x50 lg-x50 y50 md-y50 lg-y50 res-text\">\n              <div data-parallax=\"-1\" data-parallax-fade=\"true\">       <div data-animate=\"fadeInUp\">           <div class=\"text-box-content text dark text-shadow-1\">\n              \n              <div class=\"text-inner text-center\">\n                  \n\n\t<div id=\"text-1516970839\" class=\"text\">\n\t\t\n\n<h1 data-animate=\"fadeInUp\">Haustierfreundlich<\/h1>\n<p class=\"is-smaller\" data-animate=\"fadeInUp\"><span><span><a href=\"https:\/\/www.campingmarepineta.it\/de\/\">Home<\/a><\/span><\/span>\n\n\t\t\n<style>\n#text-1516970839 {\n  font-size: 1rem;\n}\n@media (min-width:550px) {\n  #text-1516970839 {\n    font-size: 2rem;\n  }\n}\n<\/style>\n\t<\/div>\n\t\n\n              <\/div>\n           <\/div>\n       <\/div>       <\/div>              \n<style>\n#text-box-1052637924 {\n  width: 80%;\n}\n#text-box-1052637924 .text-box-content {\n  font-size: 100%;\n}\n<\/style>\n    <\/div>\n \n\n        <\/div>\n      <\/div>\n\n            \n<style>\n#banner-506061819 {\n  padding-top: 99.99%;\n}\n#banner-506061819 .overlay {\n  background-color: rgba(0, 0, 0, 0.256);\n}\n#banner-506061819 .banner-bg img {\n  object-position: 89% 55%;\n}\n@media (min-width:550px) {\n  #banner-506061819 {\n    padding-top: 100%;\n  }\n}\n<\/style>\n  <\/div>\n\n\n\n\t<section class=\"section\" id=\"section_2086118410\">\n\t\t<div class=\"section-bg fill\" >\n\t\t\t\t\t\t\t\t\t\n\t\t\t\n\n\t\t<\/div>\n\n\t\t\n\n\t\t<div class=\"section-content relative\">\n\t\t\t\n\n\n\t<section class=\"section no-background-image blur-background\" id=\"section_1650903332\">\n\t\t<div class=\"section-bg fill\" >\n\t\t\t\t\t\t\t\t\t\n\t\t\t\n\n\t\t<\/div>\n\n\t\t\n\n\t\t<div class=\"section-content relative\">\n\t\t\t\r\n\r\n<form target=\"_blank\" action=\"http:\/\/booking.campingmarepineta.it\/html\/pricelist.php?lang=2\" method=\"post\" name=\"form_prenota\" id=\"form_prenota\">\r\n<div class=\"container\" style=\"max-width:900px;\">\r\n<div id=\"row-booking-form\" class=\"align-center\">\r\n<div class=\"col\">\r\n<div class=\"col-inner\"><label>ANREISE:<input name=\"dataInizio\" type=\"text\" class=\"calendar\" value=\"\" placeholder=\"TT\/MM\/JJJJ\" \/><\/label><\/div>\r\n<\/div>\r\n<div class=\"col\">\r\n<div class=\"col-inner\"><label>ABREISE:<input name=\"dataFine\" type=\"text\" class=\"calendar\" value=\"\" placeholder=\"TT\/MM\/JJJJ\" \/><\/label><\/div>\r\n<\/div>\r\n<div class=\"col\">\r\n<div class=\"col-inner\"><label>UNTERKUNFT:<select id=\"tipo\" class=\"wpcf7-form-control wpcf7-select\" name=\"nomelistino\"><option value=\"4\">Alle<\/option><option value=\"1\">Camping<\/option><option value=\"2\">Wohnungen & Villen<\/option><option value=\"3\">Wohnmobile<\/option><\/select><\/label><\/div>\r\n<\/div>\r\n<div class=\"col\">\r\n<div class=\"col-inner\"><label>PERSONEN:<select id=\"select\" class=\"wpcf7-form-control wpcf7-select\" name=\"persone\"><option>1<\/option><option>2<\/option><option>3<\/option><option>4<\/option><option>5<\/option><option>6<\/option><\/select><\/label><\/div>\r\n<\/div>\r\n<div class=\"col\">\r\n<div class=\"col-inner\"><label><br \/>\r\n<input name=\"step\" type=\"hidden\" value=\"0\" \/><input type=\"hidden\" value=\"1\" name=\"cerca\"><button name=\"submit\" type=\"submit\" class=\"button midnight-blue  \">SUCHEN<\/button><\/label><\/div>\r\n<\/div>\r\n<\/div>\r\n<\/div>\r\n<\/form>\r\n\t\t<\/div>\n\n\t\t\n<style>\n#section_1650903332 {\n  padding-top: 30px;\n  padding-bottom: 30px;\n  background-color: rgba(255, 255, 255, 0.4);\n}\n<\/style>\n\t<\/section>\n\t\n\n\n\t\t<\/div>\n\n\t\t\n<style>\n#section_2086118410 {\n  padding-top: 0px;\n  padding-bottom: 0px;\n  background-color: rgb(243, 243, 240);\n}\n<\/style>\n\t<\/section>\n\t\n\n\t<section class=\"section\" id=\"section_2049383388\">\n\t\t<div class=\"section-bg fill\" >\n\t\t\t\t\t\t\t\t\t\n\t\t\t\n\n\t\t<\/div>\n\n\t\t\n\n\t\t<div class=\"section-content relative\">\n\t\t\t\n\n<div class=\"row\"  id=\"row-1651508189\">\n\n\n\t<div id=\"col-286971617\" class=\"col small-12 large-12\"  data-animate=\"fadeInUp\">\n\t\t\t\t<div class=\"col-inner text-left\"  >\n\t\t\t\n\t\t\t\n\n<p data-animate=\"fadeInUp\">In den letzten Jahren ist der Campingplatz mehr und mehr tierfreundlich geworden, so dass die Besitzer die M\u00f6glichkeit haben, zusammen mit ihren vierbeinigen Freunden den Urlaub zu verbringen, und immer mehr Dienstleistungen f\u00fcr sie anbieten.<br>\nAuf Camping Mare e Pineta ist der Zutritt f\u00fcr die Hunden sowohl auf dem Stellplatz als auch in den Wohneinheiten erlaubt (gegen Aufpreis, siehe Preisliste).<\/p>\n<p data-animate=\"fadeInUp\">Sie k\u00f6nnen mit Ihrem Hund an der Leine laufen (ggf. mit einem Maulkorb), zwischen den Pfaden vom Campingplatz, im Schatten unseren wundersch\u00f6nen, weitl\u00e4ufigen Pinienwaldes spazieren gehen oder ihn sicher und frei laufen zu lassen, auch ohne Leine in einer der 2 gro\u00dfen Freilaufzonen im gr\u00fcnen, ausgestattet mit hygienische Beutel.<\/p>\n<p data-animate=\"fadeInUp\">An unserem mit Sonnenschirmen ausgestatteten Privatstrand gibt es auch einen eingez\u00e4unten Bereich mit Sonnenschirmen und Sonnenliegen oder Liegest\u00fchlen, wo die Besitzer ihre Hunde mitbringen k\u00f6nnen (f\u00fcr Informationen und Kosten wenden Sie sich an unsere Rezeption). In diesem Bereich f\u00fcr 4-beinige Freunde finden Sie Brunnen, Hygienebeutel und einen dritten angeschlossenen Laufbereich.<\/p>\n<p data-animate=\"fadeInUp\">An den angrenzenden Strand von Campingplatz ist nicht gestattet, mit Hunden zu spazieren und das Baden f\u00fcr Hunde ist verboten.<\/p>\n<p data-animate=\"fadeInUp\">Beim Zugang vom Strand finden Sie Hundeduschen, die Ihren Hund nach einem hei\u00dfen, sonnigen Tag erfrischen k\u00f6nnen.<\/p>\n<p data-animate=\"fadeInUp\">Der Zugang zu den Restaurants und Bars im Campingplatz ist erlaubt. Im Supermarkt finden Sie Produkte zum F\u00fcttern und Pflegen von Hunden oder Katzen.<\/p>\n<p data-animate=\"fadeInUp\">Dar\u00fcber hinaus beraten Sie unsere Mitarbeiter an der Rezeption gerne \u00fcber Wandern M\u00f6glichkeiten in der Umgebung und den zug\u00e4nglichen Badebereichen wo die Hunde erlaubt sind. Au\u00dferdem haben wir Kontaktinformationen f\u00fcr Tier\u00e4rzten in der N\u00e4he.<\/p>\n<p data-animate=\"fadeInUp\">Zum Respekt der anderen G\u00e4ste und der internen Vorschriften m\u00fcssen die Hunde innerhalb des Campingplatzes an der Leine gehalten werden.<br>\nF\u00fcr den Frieden Ihrer Tierfreunde und aller G\u00e4ste unseres Campingplatzes bitten wir Sie, unsere Regeln f\u00fcr den Aufenthalt von Tieren zu beachten. Denken Sie daran, dass Sie uns bei der Buchung und \/ oder Ankunft \u00fcber ihre Anwesenheit informieren m\u00fcssen.<br>\n<\/p>\n\n\n\n\t\t<\/div>\n\t\t\t\t\t<\/div>\n\n\t\n\n<\/div>\n\n\t\t<\/div>\n\n\t\t\n<style>\n#section_2049383388 {\n  padding-top: 30px;\n  padding-bottom: 30px;\n}\n<\/style>\n\t<\/section>\n\t\n\n\t<section class=\"section\" id=\"section_1424458256\">\n\t\t<div class=\"section-bg fill\" >\n\t\t\t\t\t\t\t\t\t\n\t\t\t\n\n\t\t<\/div>\n\n\t\t\n\n\t\t<div class=\"section-content relative\">\n\t\t\t\n\n  <style>\n    #gallery-1917180 .grid-col-1{height: 600px}\n    #gallery-1917180 .grid-col-1-2{height: 300px}\n    #gallery-1917180 .grid-col-1-3{height:200px}\n    #gallery-1917180 .grid-col-2-3{height: 400px}\n    #gallery-1917180 .grid-col-1-4{height: 150px}\n    #gallery-1917180 .grid-col-3-4{height: 450px}\n\n\n        \/* Tablet *\/\n    @media (max-width: 850px){\n      #gallery-1917180 .grid-col-1{height: 400px}\n      #gallery-1917180 .grid-col-1-2{height: 200px}\n      #gallery-1917180 .grid-col-1-3{height:133.33333333333px}\n      #gallery-1917180 .grid-col-2-3{height: 266.66666666667px}\n      #gallery-1917180 .grid-col-1-4{height: 100px}\n      #gallery-1917180 .grid-col-3-4{height: 300px}\n    }\n    \n        \/* Mobile *\/\n    @media (max-width: 550px){\n      #gallery-1917180 .grid-col-1{height: 400px}\n      #gallery-1917180 .grid-col-1-2{height: 200px}\n      #gallery-1917180 .grid-col-1-3{height:133.33333333333px}\n      #gallery-1917180 .grid-col-2-3{height: 266.66666666667px}\n      #gallery-1917180 .grid-col-1-4{height: 100px}\n      #gallery-1917180 .grid-col-3-4{height: 300px}\n    }\n    \n\n  <\/style>\n  \n  \n    <div id=\"gallery-1917180\" class=\"row row-collapse row-full-width row-grid\" data-packery-options='{\"itemSelector\": \".col\", \"gutter\": 0, \"presentageWidth\" : true}'>\n\n  <div class=\"gallery-col col grid-col grid-col-1 large-6 medium-12\" data-animate=\"fadeInRight\">\n          <div class=\"col-inner\">\n            <a class=\"image-lightbox lightbox-gallery\" href=\"https:\/\/www.campingmarepineta.it\/wp-content\/uploads\/2024\/01\/DSC_7227.jpg\" title=\"\">            <div class=\"box has-hover gallery-box box-overlay dark box-text-center\">\n              <div class=\"box-image image-zoom-fade\" >\n                <img loading=\"lazy\" decoding=\"async\" width=\"600\" height=\"400\" src=\"https:\/\/www.campingmarepineta.it\/wp-content\/uploads\/2024\/01\/DSC_7227-600x400.jpg\" class=\"attachment-medium size-medium\" alt=\"\" ids=\"13194,11741,11747,11750\" style=\"normal\" lightbox_image_size=\"original\" type=\"grid\" col_spacing=\"collapse\" animate=\"fadeInRight\" image_hover=\"zoom-fade\" text_padding=\"0 0px 0px 0px\" srcset=\"https:\/\/www.campingmarepineta.it\/wp-content\/uploads\/2024\/01\/DSC_7227-600x400.jpg 600w, https:\/\/www.campingmarepineta.it\/wp-content\/uploads\/2024\/01\/DSC_7227-1200x800.jpg 1200w, https:\/\/www.campingmarepineta.it\/wp-content\/uploads\/2024\/01\/DSC_7227-768x512.jpg 768w, https:\/\/www.campingmarepineta.it\/wp-content\/uploads\/2024\/01\/DSC_7227-1536x1024.jpg 1536w, https:\/\/www.campingmarepineta.it\/wp-content\/uploads\/2024\/01\/DSC_7227.jpg 1980w\" sizes=\"auto, (max-width: 600px) 100vw, 600px\" \/>                                  <div class=\"overlay fill\"\n                      style=\"background-color: rgba(0,0,0,.15)\">\n                  <\/div>\n                                                              <\/div>\n              <div class=\"box-text text-left dark\" style=\"padding:0 0px 0px 0px;\">\n                 <p><\/p>\n              <\/div>\n            <\/div>\n            <\/a>          <\/div>\n         <\/div><div class=\"gallery-col col grid-col grid-col-1 large-3 medium-6\" data-animate=\"fadeInRight\">\n          <div class=\"col-inner\">\n            <a class=\"image-lightbox lightbox-gallery\" href=\"https:\/\/www.campingmarepineta.it\/wp-content\/uploads\/2018\/12\/zona-cani-spiaggia.jpg\" title=\"\">            <div class=\"box has-hover gallery-box box-overlay dark box-text-center\">\n              <div class=\"box-image image-zoom-fade\" >\n                <img loading=\"lazy\" decoding=\"async\" width=\"600\" height=\"400\" src=\"https:\/\/www.campingmarepineta.it\/wp-content\/uploads\/2018\/12\/zona-cani-spiaggia-600x400.jpg\" class=\"attachment-medium size-medium\" alt=\"\" ids=\"13194,11741,11747,11750\" style=\"normal\" lightbox_image_size=\"original\" type=\"grid\" col_spacing=\"collapse\" animate=\"fadeInRight\" image_hover=\"zoom-fade\" text_padding=\"0 0px 0px 0px\" srcset=\"https:\/\/www.campingmarepineta.it\/wp-content\/uploads\/2018\/12\/zona-cani-spiaggia-600x400.jpg 600w, https:\/\/www.campingmarepineta.it\/wp-content\/uploads\/2018\/12\/zona-cani-spiaggia-768x512.jpg 768w, https:\/\/www.campingmarepineta.it\/wp-content\/uploads\/2018\/12\/zona-cani-spiaggia.jpg 800w\" sizes=\"auto, (max-width: 600px) 100vw, 600px\" \/>                                  <div class=\"overlay fill\"\n                      style=\"background-color: rgba(0,0,0,.15)\">\n                  <\/div>\n                                                              <\/div>\n              <div class=\"box-text text-left dark\" style=\"padding:0 0px 0px 0px;\">\n                 <p><\/p>\n              <\/div>\n            <\/div>\n            <\/a>          <\/div>\n         <\/div><div class=\"gallery-col col grid-col grid-col-1-2 large-3 medium-6\" data-animate=\"fadeInRight\">\n          <div class=\"col-inner\">\n            <a class=\"image-lightbox lightbox-gallery\" href=\"https:\/\/www.campingmarepineta.it\/wp-content\/uploads\/2018\/12\/DOGS-AREA-2.jpg\" title=\"\">            <div class=\"box has-hover gallery-box box-overlay dark box-text-center\">\n              <div class=\"box-image image-zoom-fade\" >\n                <img loading=\"lazy\" decoding=\"async\" width=\"267\" height=\"400\" src=\"https:\/\/www.campingmarepineta.it\/wp-content\/uploads\/2018\/12\/DOGS-AREA-2-267x400.jpg\" class=\"attachment-medium size-medium\" alt=\"\" ids=\"13194,11741,11747,11750\" style=\"normal\" lightbox_image_size=\"original\" type=\"grid\" col_spacing=\"collapse\" animate=\"fadeInRight\" image_hover=\"zoom-fade\" text_padding=\"0 0px 0px 0px\" srcset=\"https:\/\/www.campingmarepineta.it\/wp-content\/uploads\/2018\/12\/DOGS-AREA-2-267x400.jpg 267w, https:\/\/www.campingmarepineta.it\/wp-content\/uploads\/2018\/12\/DOGS-AREA-2-768x1152.jpg 768w, https:\/\/www.campingmarepineta.it\/wp-content\/uploads\/2018\/12\/DOGS-AREA-2-533x800.jpg 533w\" sizes=\"auto, (max-width: 267px) 100vw, 267px\" \/>                                  <div class=\"overlay fill\"\n                      style=\"background-color: rgba(0,0,0,.15)\">\n                  <\/div>\n                                                              <\/div>\n              <div class=\"box-text text-left dark\" style=\"padding:0 0px 0px 0px;\">\n                 <p><\/p>\n              <\/div>\n            <\/div>\n            <\/a>          <\/div>\n         <\/div><div class=\"gallery-col col grid-col grid-col-1-2 large-3 medium-6\" data-animate=\"fadeInRight\">\n          <div class=\"col-inner\">\n            <a class=\"image-lightbox lightbox-gallery\" href=\"https:\/\/www.campingmarepineta.it\/wp-content\/uploads\/2018\/12\/dogs-area.jpg\" title=\"\">            <div class=\"box has-hover gallery-box box-overlay dark box-text-center\">\n              <div class=\"box-image image-zoom-fade\" >\n                <img loading=\"lazy\" decoding=\"async\" width=\"600\" height=\"400\" src=\"https:\/\/www.campingmarepineta.it\/wp-content\/uploads\/2018\/12\/dogs-area-600x400.jpg\" class=\"attachment-medium size-medium\" alt=\"\" ids=\"13194,11741,11747,11750\" style=\"normal\" lightbox_image_size=\"original\" type=\"grid\" col_spacing=\"collapse\" animate=\"fadeInRight\" image_hover=\"zoom-fade\" text_padding=\"0 0px 0px 0px\" srcset=\"https:\/\/www.campingmarepineta.it\/wp-content\/uploads\/2018\/12\/dogs-area-600x400.jpg 600w, https:\/\/www.campingmarepineta.it\/wp-content\/uploads\/2018\/12\/dogs-area-768x512.jpg 768w, https:\/\/www.campingmarepineta.it\/wp-content\/uploads\/2018\/12\/dogs-area-1200x800.jpg 1200w\" sizes=\"auto, (max-width: 600px) 100vw, 600px\" \/>                                  <div class=\"overlay fill\"\n                      style=\"background-color: rgba(0,0,0,.15)\">\n                  <\/div>\n                                                              <\/div>\n              <div class=\"box-text text-left dark\" style=\"padding:0 0px 0px 0px;\">\n                 <p><\/p>\n              <\/div>\n            <\/div>\n            <\/a>          <\/div>\n         <\/div><\/div>\n\n\n\t\t<\/div>\n\n\t\t\n<style>\n#section_1424458256 {\n  padding-top: 0px;\n  padding-bottom: 0px;\n  margin-bottom: 0px;\n  min-height: 0px;\n  background-color: rgb(241, 241, 241);\n}\n<\/style>\n\t<\/section>\n\t\n\n\n\n\t<section class=\"section\" id=\"section_1324490794\">\n\t\t<div class=\"section-bg fill\" >\n\t\t\t\t\t\t\t\t\t\n\t\t\t\n\n\t\t<\/div>\n\n\t\t\n\n\t\t<div class=\"section-content relative\">\n\t\t\t\n\n\t<div id=\"text-1147080916\" class=\"text\">\n\t\t\n\n<h3 class=\"uppercase\" data-animate=\"fadeInUp\">Das k\u00f6nnte Sie auch interessieren<\/h3>\n\t\t\n<style>\n#text-1147080916 {\n  font-size: 2rem;\n  text-align: center;\n}\n<\/style>\n\t<\/div>\n\t\n<div class=\"row row-collapse row-full-width\"  id=\"row-695183550\">\n\n\n\t<div id=\"col-1869726435\" class=\"col small-12 large-12\"  data-animate=\"fadeInUp\">\n\t\t\t\t<div class=\"col-inner\"  >\n\t\t\t\n\t\t\t\n\n<div class=\"nav-wrapper\"><ul class=\"nav hide-for-small nav-uppercase nav-horizontal nav-divided text-center nav-center\"><li class=><a href=\"https:\/\/www.campingmarepineta.it\/de\/die-einrichtungen\/bar-pizzeria\/\">Bar Pizzeria<\/a><\/li><li class=><a href=\"https:\/\/www.campingmarepineta.it\/de\/die-einrichtungen\/eisdiele\/\">Eisdiele<\/a><\/li><li class=><a href=\"https:\/\/www.campingmarepineta.it\/de\/die-einrichtungen\/piadineria\/\">Piadineria<\/a><\/li><li class=><a href=\"https:\/\/www.campingmarepineta.it\/de\/die-einrichtungen\/auto-aufladen\/\">Auto Aufladen<\/a><\/li><li class=><a href=\"https:\/\/www.campingmarepineta.it\/de\/die-einrichtungen\/restaurant\/\">Restaurant<\/a><\/li><li class=><a href=\"https:\/\/www.campingmarepineta.it\/de\/die-einrichtungen\/auto-aufladenfahrraeder-verleih\/\">Fahrraddienst<\/a><\/li><li class=><a href=\"https:\/\/www.campingmarepineta.it\/de\/die-einrichtungen\/shopping\/\">Shopping<\/a><\/li><\/ul><\/div>\n\n<div class=\"nav-wrapper\"><ul class=\"nav show-for-small nav-uppercase nav-vertical nav-size-large nav-divided text-center nav-center\"><li class=><a href=\"https:\/\/www.campingmarepineta.it\/de\/die-einrichtungen\/bar-pizzeria\/\">Bar Pizzeria<\/a><\/li><li class=><a href=\"https:\/\/www.campingmarepineta.it\/de\/die-einrichtungen\/eisdiele\/\">Eisdiele<\/a><\/li><li class=><a href=\"https:\/\/www.campingmarepineta.it\/de\/die-einrichtungen\/piadineria\/\">Piadineria<\/a><\/li><li class=><a href=\"https:\/\/www.campingmarepineta.it\/de\/die-einrichtungen\/auto-aufladen\/\">Auto Aufladen<\/a><\/li><li class=><a href=\"https:\/\/www.campingmarepineta.it\/de\/die-einrichtungen\/restaurant\/\">Restaurant<\/a><\/li><li class=><a href=\"https:\/\/www.campingmarepineta.it\/de\/die-einrichtungen\/auto-aufladenfahrraeder-verleih\/\">Fahrraddienst<\/a><\/li><li class=><a href=\"https:\/\/www.campingmarepineta.it\/de\/die-einrichtungen\/shopping\/\">Shopping<\/a><\/li><\/ul><\/div>\n\n\n\t\t<\/div>\n\t\t\t\t\n<style>\n#col-1869726435 > .col-inner {\n  padding: 0px 15px 0px 15px;\n}\n<\/style>\n\t<\/div>\n\n\t\n\n<\/div>\n\n\t\t<\/div>\n\n\t\t\n<style>\n#section_1324490794 {\n  padding-top: 60px;\n  padding-bottom: 60px;\n  background-color: rgb(255, 255, 255);\n}\n<\/style>\n\t<\/section>\n\t\n","protected":false},"excerpt":{"rendered":"","protected":false},"author":1,"featured_media":0,"parent":0,"menu_order":0,"comment_status":"closed","ping_status":"closed","template":"page-blank.php","meta":{"footnotes":""},"class_list":["post-14451","page","type-page","status-publish","hentry"],"yoast_head":"<!-- This site is optimized with the Yoast SEO plugin v25.0 - https:\/\/yoast.com\/wordpress\/plugins\/seo\/ -->\n<title>Haustierfreundlich - Camping Mare e Pineta<\/title>\n<meta name=\"robots\" content=\"index, follow, max-snippet:-1, max-image-preview:large, max-video-preview:-1\" \/>\n<link rel=\"canonical\" href=\"https:\/\/www.campingmarepineta.it\/de\/haustierfreundlich\/\" \/>\n<meta property=\"og:locale\" content=\"de_DE\" \/>\n<meta property=\"og:type\" content=\"article\" \/>\n<meta property=\"og:title\" content=\"Haustierfreundlich - Camping Mare e Pineta\" \/>\n<meta property=\"og:url\" content=\"https:\/\/www.campingmarepineta.it\/de\/haustierfreundlich\/\" \/>\n<meta property=\"og:site_name\" content=\"Camping Mare e Pineta\" \/>\n<meta property=\"article:modified_time\" content=\"2024-02-20T19:01:37+00:00\" \/>\n<meta name=\"twitter:card\" content=\"summary_large_image\" \/>\n<meta name=\"twitter:label1\" content=\"Gesch\u00e4tzte Lesezeit\" \/>\n\t<meta name=\"twitter:data1\" content=\"3\u00a0Minuten\" \/>\n<script type=\"application\/ld+json\" class=\"yoast-schema-graph\">{\"@context\":\"https:\/\/schema.org\",\"@graph\":[{\"@type\":\"WebPage\",\"@id\":\"https:\/\/www.campingmarepineta.it\/de\/haustierfreundlich\/\",\"url\":\"https:\/\/www.campingmarepineta.it\/de\/haustierfreundlich\/\",\"name\":\"Haustierfreundlich - Camping Mare e Pineta\",\"isPartOf\":{\"@id\":\"https:\/\/www.campingmarepineta.it\/#website\"},\"datePublished\":\"2024-02-20T18:33:18+00:00\",\"dateModified\":\"2024-02-20T19:01:37+00:00\",\"breadcrumb\":{\"@id\":\"https:\/\/www.campingmarepineta.it\/de\/haustierfreundlich\/#breadcrumb\"},\"inLanguage\":\"de\",\"potentialAction\":[{\"@type\":\"ReadAction\",\"target\":[\"https:\/\/www.campingmarepineta.it\/de\/haustierfreundlich\/\"]}]},{\"@type\":\"BreadcrumbList\",\"@id\":\"https:\/\/www.campingmarepineta.it\/de\/haustierfreundlich\/#breadcrumb\",\"itemListElement\":[{\"@type\":\"ListItem\",\"position\":1,\"name\":\"Home\",\"item\":\"https:\/\/www.campingmarepineta.it\/de\/\"},{\"@type\":\"ListItem\",\"position\":2,\"name\":\"Haustierfreundlich\"}]},{\"@type\":\"WebSite\",\"@id\":\"https:\/\/www.campingmarepineta.it\/#website\",\"url\":\"https:\/\/www.campingmarepineta.it\/\",\"name\":\"Camping Mare e Pineta\",\"description\":\"\",\"publisher\":{\"@id\":\"https:\/\/www.campingmarepineta.it\/#organization\"},\"potentialAction\":[{\"@type\":\"SearchAction\",\"target\":{\"@type\":\"EntryPoint\",\"urlTemplate\":\"https:\/\/www.campingmarepineta.it\/?s={search_term_string}\"},\"query-input\":{\"@type\":\"PropertyValueSpecification\",\"valueRequired\":true,\"valueName\":\"search_term_string\"}}],\"inLanguage\":\"de\"},{\"@type\":\"Organization\",\"@id\":\"https:\/\/www.campingmarepineta.it\/#organization\",\"name\":\"Camping Mare & Pineta\",\"url\":\"https:\/\/www.campingmarepineta.it\/\",\"logo\":{\"@type\":\"ImageObject\",\"inLanguage\":\"de\",\"@id\":\"https:\/\/www.campingmarepineta.it\/#\/schema\/logo\/image\/\",\"url\":\"https:\/\/www.campingmarepineta.it\/wp-content\/uploads\/2018\/11\/logo.png\",\"contentUrl\":\"https:\/\/www.campingmarepineta.it\/wp-content\/uploads\/2018\/11\/logo.png\",\"width\":320,\"height\":166,\"caption\":\"Camping Mare & Pineta\"},\"image\":{\"@id\":\"https:\/\/www.campingmarepineta.it\/#\/schema\/logo\/image\/\"}}]}<\/script>\n<!-- \/ Yoast SEO plugin. -->","yoast_head_json":{"title":"Haustierfreundlich - Camping Mare e Pineta","robots":{"index":"index","follow":"follow","max-snippet":"max-snippet:-1","max-image-preview":"max-image-preview:large","max-video-preview":"max-video-preview:-1"},"canonical":"https:\/\/www.campingmarepineta.it\/de\/haustierfreundlich\/","og_locale":"de_DE","og_type":"article","og_title":"Haustierfreundlich - Camping Mare e Pineta","og_url":"https:\/\/www.campingmarepineta.it\/de\/haustierfreundlich\/","og_site_name":"Camping Mare e Pineta","article_modified_time":"2024-02-20T19:01:37+00:00","twitter_card":"summary_large_image","twitter_misc":{"Gesch\u00e4tzte Lesezeit":"3\u00a0Minuten"},"schema":{"@context":"https:\/\/schema.org","@graph":[{"@type":"WebPage","@id":"https:\/\/www.campingmarepineta.it\/de\/haustierfreundlich\/","url":"https:\/\/www.campingmarepineta.it\/de\/haustierfreundlich\/","name":"Haustierfreundlich - Camping Mare e Pineta","isPartOf":{"@id":"https:\/\/www.campingmarepineta.it\/#website"},"datePublished":"2024-02-20T18:33:18+00:00","dateModified":"2024-02-20T19:01:37+00:00","breadcrumb":{"@id":"https:\/\/www.campingmarepineta.it\/de\/haustierfreundlich\/#breadcrumb"},"inLanguage":"de","potentialAction":[{"@type":"ReadAction","target":["https:\/\/www.campingmarepineta.it\/de\/haustierfreundlich\/"]}]},{"@type":"BreadcrumbList","@id":"https:\/\/www.campingmarepineta.it\/de\/haustierfreundlich\/#breadcrumb","itemListElement":[{"@type":"ListItem","position":1,"name":"Home","item":"https:\/\/www.campingmarepineta.it\/de\/"},{"@type":"ListItem","position":2,"name":"Haustierfreundlich"}]},{"@type":"WebSite","@id":"https:\/\/www.campingmarepineta.it\/#website","url":"https:\/\/www.campingmarepineta.it\/","name":"Camping Mare e Pineta","description":"","publisher":{"@id":"https:\/\/www.campingmarepineta.it\/#organization"},"potentialAction":[{"@type":"SearchAction","target":{"@type":"EntryPoint","urlTemplate":"https:\/\/www.campingmarepineta.it\/?s={search_term_string}"},"query-input":{"@type":"PropertyValueSpecification","valueRequired":true,"valueName":"search_term_string"}}],"inLanguage":"de"},{"@type":"Organization","@id":"https:\/\/www.campingmarepineta.it\/#organization","name":"Camping Mare & Pineta","url":"https:\/\/www.campingmarepineta.it\/","logo":{"@type":"ImageObject","inLanguage":"de","@id":"https:\/\/www.campingmarepineta.it\/#\/schema\/logo\/image\/","url":"https:\/\/www.campingmarepineta.it\/wp-content\/uploads\/2018\/11\/logo.png","contentUrl":"https:\/\/www.campingmarepineta.it\/wp-content\/uploads\/2018\/11\/logo.png","width":320,"height":166,"caption":"Camping Mare & Pineta"},"image":{"@id":"https:\/\/www.campingmarepineta.it\/#\/schema\/logo\/image\/"}}]}},"_links":{"self":[{"href":"https:\/\/www.campingmarepineta.it\/de\/wp-json\/wp\/v2\/pages\/14451","targetHints":{"allow":["GET"]}}],"collection":[{"href":"https:\/\/www.campingmarepineta.it\/de\/wp-json\/wp\/v2\/pages"}],"about":[{"href":"https:\/\/www.campingmarepineta.it\/de\/wp-json\/wp\/v2\/types\/page"}],"author":[{"embeddable":true,"href":"https:\/\/www.campingmarepineta.it\/de\/wp-json\/wp\/v2\/users\/1"}],"replies":[{"embeddable":true,"href":"https:\/\/www.campingmarepineta.it\/de\/wp-json\/wp\/v2\/comments?post=14451"}],"version-history":[{"count":9,"href":"https:\/\/www.campingmarepineta.it\/de\/wp-json\/wp\/v2\/pages\/14451\/revisions"}],"predecessor-version":[{"id":14500,"href":"https:\/\/www.campingmarepineta.it\/de\/wp-json\/wp\/v2\/pages\/14451\/revisions\/14500"}],"wp:attachment":[{"href":"https:\/\/www.campingmarepineta.it\/de\/wp-json\/wp\/v2\/media?parent=14451"}],"curies":[{"name":"wp","href":"https:\/\/api.w.org\/{rel}","templated":true}]}}