




{"id":14465,"date":"2024-02-20T19:42:06","date_gmt":"2024-02-20T18:42:06","guid":{"rendered":"https:\/\/www.campingmarepineta.it\/?page_id=14465"},"modified":"2024-02-20T19:42:08","modified_gmt":"2024-02-20T18:42:08","slug":"bar-pizzeria","status":"publish","type":"page","link":"https:\/\/www.campingmarepineta.it\/de\/die-einrichtungen\/bar-pizzeria\/","title":{"rendered":"Bar Pizzeria"},"content":{"rendered":"\n\n  <div class=\"banner has-hover is-full-height has-parallax\" id=\"banner-1975679692\">\n          <div class=\"banner-inner fill\">\n        <div class=\"banner-bg fill\" data-parallax=\"-6\" data-parallax-container=\".banner\" data-parallax-background>\n            <img loading=\"lazy\" decoding=\"async\" width=\"2560\" height=\"1706\" src=\"https:\/\/www.campingmarepineta.it\/wp-content\/uploads\/2024\/02\/bar-rotonda-2-scaled.jpg\" class=\"bg attachment-original size-original\" alt=\"\" \/>                                    \n                    <\/div>\n\t\t\n        <div class=\"banner-layers container\">\n            <div class=\"fill banner-link\"><\/div>            \n\n   <div id=\"text-box-1733218407\" class=\"text-box banner-layer x50 md-x50 lg-x50 y50 md-y50 lg-y50 res-text\">\n              <div data-parallax=\"-1\" data-parallax-fade=\"true\">       <div data-animate=\"fadeInUp\">           <div class=\"text-box-content text dark text-shadow-1\">\n              \n              <div class=\"text-inner text-center\">\n                  \n\n\t<div id=\"text-1935914006\" class=\"text\">\n\t\t\n\n<h1 data-animate=\"fadeInUp\">Bar &#8211; Pizzeria<\/h1>\n<p class=\"is-smaller\" data-animate=\"fadeInUp\"><span><span><a href=\"https:\/\/www.campingmarepineta.it\/de\/\">Home<\/a><\/span><\/span>\n\t\t\n<style>\n#text-1935914006 {\n  font-size: 1rem;\n}\n@media (min-width:550px) {\n  #text-1935914006 {\n    font-size: 2rem;\n  }\n}\n<\/style>\n\t<\/div>\n\t\n\n              <\/div>\n           <\/div>\n       <\/div>       <\/div>              \n<style>\n#text-box-1733218407 {\n  width: 80%;\n}\n#text-box-1733218407 .text-box-content {\n  font-size: 100%;\n}\n<\/style>\n    <\/div>\n \n\n        <\/div>\n      <\/div>\n\n            \n<style>\n#banner-1975679692 {\n  padding-top: 99.99%;\n}\n#banner-1975679692 .banner-bg img {\n  object-position: 89% 55%;\n}\n@media (min-width:550px) {\n  #banner-1975679692 {\n    padding-top: 100%;\n  }\n}\n<\/style>\n  <\/div>\n\n\n\n\t<section class=\"section\" id=\"section_867209886\">\n\t\t<div class=\"section-bg fill\" >\n\t\t\t\t\t\t\t\t\t\n\t\t\t\n\n\t\t<\/div>\n\n\t\t\n\n\t\t<div class=\"section-content relative\">\n\t\t\t\n\n\n\t<section class=\"section no-background-image blur-background\" id=\"section_358104729\">\n\t\t<div class=\"section-bg fill\" >\n\t\t\t\t\t\t\t\t\t\n\t\t\t\n\n\t\t<\/div>\n\n\t\t\n\n\t\t<div class=\"section-content relative\">\n\t\t\t\r\n\r\n<form target=\"_blank\" action=\"http:\/\/booking.campingmarepineta.it\/html\/pricelist.php?lang=2\" method=\"post\" name=\"form_prenota\" id=\"form_prenota\">\r\n<div class=\"container\" style=\"max-width:900px;\">\r\n<div id=\"row-booking-form\" class=\"align-center\">\r\n<div class=\"col\">\r\n<div class=\"col-inner\"><label>ANREISE:<input name=\"dataInizio\" type=\"text\" class=\"calendar\" value=\"\" placeholder=\"TT\/MM\/JJJJ\" \/><\/label><\/div>\r\n<\/div>\r\n<div class=\"col\">\r\n<div class=\"col-inner\"><label>ABREISE:<input name=\"dataFine\" type=\"text\" class=\"calendar\" value=\"\" placeholder=\"TT\/MM\/JJJJ\" \/><\/label><\/div>\r\n<\/div>\r\n<div class=\"col\">\r\n<div class=\"col-inner\"><label>UNTERKUNFT:<select id=\"tipo\" class=\"wpcf7-form-control wpcf7-select\" name=\"nomelistino\"><option value=\"4\">Alle<\/option><option value=\"1\">Camping<\/option><option value=\"2\">Wohnungen & Villen<\/option><option value=\"3\">Wohnmobile<\/option><\/select><\/label><\/div>\r\n<\/div>\r\n<div class=\"col\">\r\n<div class=\"col-inner\"><label>PERSONEN:<select id=\"select\" class=\"wpcf7-form-control wpcf7-select\" name=\"persone\"><option>1<\/option><option>2<\/option><option>3<\/option><option>4<\/option><option>5<\/option><option>6<\/option><\/select><\/label><\/div>\r\n<\/div>\r\n<div class=\"col\">\r\n<div class=\"col-inner\"><label><br \/>\r\n<input name=\"step\" type=\"hidden\" value=\"0\" \/><input type=\"hidden\" value=\"1\" name=\"cerca\"><button name=\"submit\" type=\"submit\" class=\"button midnight-blue  \">SUCHEN<\/button><\/label><\/div>\r\n<\/div>\r\n<\/div>\r\n<\/div>\r\n<\/form>\r\n\t\t<\/div>\n\n\t\t\n<style>\n#section_358104729 {\n  padding-top: 30px;\n  padding-bottom: 30px;\n  background-color: rgba(255, 255, 255, 0.4);\n}\n<\/style>\n\t<\/section>\n\t\n\n\n\t\t<\/div>\n\n\t\t\n<style>\n#section_867209886 {\n  padding-top: 0px;\n  padding-bottom: 0px;\n  background-color: rgb(243, 243, 240);\n}\n<\/style>\n\t<\/section>\n\t\n\n\t<section class=\"section\" id=\"section_142246163\">\n\t\t<div class=\"section-bg fill\" >\n\t\t\t\t\t\t\t\t\t\n\t\t\t\n\n\t\t<\/div>\n\n\t\t\n\n\t\t<div class=\"section-content relative\">\n\t\t\t\n\n<div class=\"row\"  id=\"row-673246978\">\n\n\n\t<div id=\"col-399723139\" class=\"col small-12 large-12\"  data-animate=\"fadeInUp\">\n\t\t\t\t<div class=\"col-inner text-left\"  >\n\t\t\t\n\t\t\t\n\n<p data-animate=\"fadeInUp\">Auf Camping Mare e Pineta haben wir mehrere Bars, in denen Sie sich erfrischen k\u00f6nnen:<\/p>\n<ul>\n<li data-animate=\"fadeInUp\">Die Wasserpark-Bar f\u00fcr einen Snack, ein Eis oder ein kaltes Getr\u00e4nk zwischen einem Tauchgang und einem Bad;<\/li>\n<li data-animate=\"fadeInUp\">Die Bar &#8222;La Rotonda&#8220; im Zentrum vom Campingplatz, wo Sie von 7.00 Uhr morgens bis abends von unserem Personal betreut werden. Diese Bar bietet Ihnen ein Fr\u00fchst\u00fcck, das Sie nicht vergessen werden, aber nicht nur das, Sie finden auch Mittagsessen wie Sandwiches, Burger, Salate und vergessen Sie nicht, die ausgezeichnete Pizza zu probieren. All dies ist m\u00f6glich, indem Sie an den Tischen im daf\u00fcr vorgesehenen Bereich essen oder den Take-Away-Service nutzen;<\/li>\n<li data-animate=\"fadeInUp\">Die Bar des Restaurants &#8222;Le Ghiandaie&#8220; empf\u00e4ngt Sie von 7.00 Uhr morgens bis abends mit einem L\u00e4cheln, vom Fr\u00fchst\u00fcck bis zum Digestif. Sie k\u00f6nnen sich f\u00fcr einen Aperitif vor dem Mittag- oder Abendessen im Restaurant entscheiden oder einfach einen Drink in der angenehmen Atmosph\u00e4re unseres Pinienwaldes genie\u00dfen;<\/li>\n<li data-animate=\"fadeInUp\">Die Strandbar Haiti, um den Tag gut zu beginnen, empfehlen wir Ihnen, ein Fr\u00fchst\u00fcck mit Blick auf den Strand zu probieren. Sie k\u00f6nnen auch zu Mittag essen, als w\u00e4ren Sie im Restaurant, oder geniessen sie einen Aperitif nach einem Tag in der Sonne und das Meer im Hintergrund;<\/li>\n<li data-animate=\"fadeInUp\">Die Strandbar Capanna, wo Sie am Ende des Tages am Meer die Gesellschaft von Freunden und Familie bei einem Drink oder Cocktail genie\u00dfen k\u00f6nnen.<\/li>\n<\/ul>\n\n\t\t<\/div>\n\t\t\t\t\t<\/div>\n\n\t\n\n<\/div>\n\n\t\t<\/div>\n\n\t\t\n<style>\n#section_142246163 {\n  padding-top: 30px;\n  padding-bottom: 30px;\n}\n<\/style>\n\t<\/section>\n\t\n\n  \n    <div id=\"gallery-1688635820\" class=\"row large-columns-4 medium-columns-3 small-columns-2 row-collapse row-full-width row-masonry\" data-packery-options='{\"itemSelector\": \".col\", \"gutter\": 0, \"presentageWidth\" : true}'>\n\n  <div class=\"gallery-col col\" >\n          <div class=\"col-inner\">\n            <a class=\"image-lightbox lightbox-gallery\" href=\"https:\/\/www.campingmarepineta.it\/wp-content\/uploads\/2024\/02\/WhatsApp-Image-2023-09-01-at-16.44.29-1-599x800.jpeg\" title=\"\">            <div class=\"box has-hover gallery-box box-overlay dark\">\n              <div class=\"box-image\" >\n                <img loading=\"lazy\" decoding=\"async\" width=\"300\" height=\"400\" src=\"https:\/\/www.campingmarepineta.it\/wp-content\/uploads\/2024\/02\/WhatsApp-Image-2023-09-01-at-16.44.29-1-300x400.jpeg\" class=\"attachment-medium size-medium\" alt=\"\" ids=\"13311,13146,13305,13326,13329,13332,13335\" type=\"masonry\" col_spacing=\"collapse\" srcset=\"https:\/\/www.campingmarepineta.it\/wp-content\/uploads\/2024\/02\/WhatsApp-Image-2023-09-01-at-16.44.29-1-300x400.jpeg 300w, https:\/\/www.campingmarepineta.it\/wp-content\/uploads\/2024\/02\/WhatsApp-Image-2023-09-01-at-16.44.29-1-599x800.jpeg 599w, https:\/\/www.campingmarepineta.it\/wp-content\/uploads\/2024\/02\/WhatsApp-Image-2023-09-01-at-16.44.29-1.jpeg 767w\" sizes=\"auto, (max-width: 300px) 100vw, 300px\" \/>                                  <div class=\"overlay fill\"\n                      style=\"background-color: rgba(0,0,0,.15)\">\n                  <\/div>\n                                                              <\/div>\n              <div class=\"box-text text-left\" >\n                 <p><\/p>\n              <\/div>\n            <\/div>\n            <\/a>          <\/div>\n         <\/div><div class=\"gallery-col col\" >\n          <div class=\"col-inner\">\n            <a class=\"image-lightbox lightbox-gallery\" href=\"https:\/\/www.campingmarepineta.it\/wp-content\/uploads\/2024\/01\/DSC_5141-1200x800.jpg\" title=\"\">            <div class=\"box has-hover gallery-box box-overlay dark\">\n              <div class=\"box-image\" >\n                <img loading=\"lazy\" decoding=\"async\" width=\"600\" height=\"400\" src=\"https:\/\/www.campingmarepineta.it\/wp-content\/uploads\/2024\/01\/DSC_5141-600x400.jpg\" class=\"attachment-medium size-medium\" alt=\"\" ids=\"13311,13146,13305,13326,13329,13332,13335\" type=\"masonry\" col_spacing=\"collapse\" srcset=\"https:\/\/www.campingmarepineta.it\/wp-content\/uploads\/2024\/01\/DSC_5141-600x400.jpg 600w, https:\/\/www.campingmarepineta.it\/wp-content\/uploads\/2024\/01\/DSC_5141-1200x800.jpg 1200w, https:\/\/www.campingmarepineta.it\/wp-content\/uploads\/2024\/01\/DSC_5141-768x512.jpg 768w, https:\/\/www.campingmarepineta.it\/wp-content\/uploads\/2024\/01\/DSC_5141-1536x1024.jpg 1536w, https:\/\/www.campingmarepineta.it\/wp-content\/uploads\/2024\/01\/DSC_5141.jpg 1980w\" sizes=\"auto, (max-width: 600px) 100vw, 600px\" \/>                                  <div class=\"overlay fill\"\n                      style=\"background-color: rgba(0,0,0,.15)\">\n                  <\/div>\n                                                              <\/div>\n              <div class=\"box-text text-left\" >\n                 <p><\/p>\n              <\/div>\n            <\/div>\n            <\/a>          <\/div>\n         <\/div><div class=\"gallery-col col\" >\n          <div class=\"col-inner\">\n            <a class=\"image-lightbox lightbox-gallery\" href=\"https:\/\/www.campingmarepineta.it\/wp-content\/uploads\/2024\/02\/WhatsApp-Image-2023-09-01-at-16.44.33.jpeg\" title=\"\">            <div class=\"box has-hover gallery-box box-overlay dark\">\n              <div class=\"box-image\" >\n                <img loading=\"lazy\" decoding=\"async\" width=\"533\" height=\"400\" src=\"https:\/\/www.campingmarepineta.it\/wp-content\/uploads\/2024\/02\/WhatsApp-Image-2023-09-01-at-16.44.33-533x400.jpeg\" class=\"attachment-medium size-medium\" alt=\"\" ids=\"13311,13146,13305,13326,13329,13332,13335\" type=\"masonry\" col_spacing=\"collapse\" srcset=\"https:\/\/www.campingmarepineta.it\/wp-content\/uploads\/2024\/02\/WhatsApp-Image-2023-09-01-at-16.44.33-533x400.jpeg 533w, https:\/\/www.campingmarepineta.it\/wp-content\/uploads\/2024\/02\/WhatsApp-Image-2023-09-01-at-16.44.33-768x576.jpeg 768w, https:\/\/www.campingmarepineta.it\/wp-content\/uploads\/2024\/02\/WhatsApp-Image-2023-09-01-at-16.44.33.jpeg 1024w\" sizes=\"auto, (max-width: 533px) 100vw, 533px\" \/>                                  <div class=\"overlay fill\"\n                      style=\"background-color: rgba(0,0,0,.15)\">\n                  <\/div>\n                                                              <\/div>\n              <div class=\"box-text text-left\" >\n                 <p><\/p>\n              <\/div>\n            <\/div>\n            <\/a>          <\/div>\n         <\/div><div class=\"gallery-col col\" >\n          <div class=\"col-inner\">\n            <a class=\"image-lightbox lightbox-gallery\" href=\"https:\/\/www.campingmarepineta.it\/wp-content\/uploads\/2024\/02\/DSC_4267.jpg\" title=\"\">            <div class=\"box has-hover gallery-box box-overlay dark\">\n              <div class=\"box-image\" >\n                <img loading=\"lazy\" decoding=\"async\" width=\"601\" height=\"400\" src=\"https:\/\/www.campingmarepineta.it\/wp-content\/uploads\/2024\/02\/DSC_4267-601x400.jpg\" class=\"attachment-medium size-medium\" alt=\"\" ids=\"13311,13146,13305,13326,13329,13332,13335\" type=\"masonry\" col_spacing=\"collapse\" srcset=\"https:\/\/www.campingmarepineta.it\/wp-content\/uploads\/2024\/02\/DSC_4267-601x400.jpg 601w, https:\/\/www.campingmarepineta.it\/wp-content\/uploads\/2024\/02\/DSC_4267-768x511.jpg 768w, https:\/\/www.campingmarepineta.it\/wp-content\/uploads\/2024\/02\/DSC_4267.jpg 1000w\" sizes=\"auto, (max-width: 601px) 100vw, 601px\" \/>                                  <div class=\"overlay fill\"\n                      style=\"background-color: rgba(0,0,0,.15)\">\n                  <\/div>\n                                                              <\/div>\n              <div class=\"box-text text-left\" >\n                 <p><\/p>\n              <\/div>\n            <\/div>\n            <\/a>          <\/div>\n         <\/div><div class=\"gallery-col col\" >\n          <div class=\"col-inner\">\n            <a class=\"image-lightbox lightbox-gallery\" href=\"https:\/\/www.campingmarepineta.it\/wp-content\/uploads\/2024\/02\/DSC_4413.jpg\" title=\"\">            <div class=\"box has-hover gallery-box box-overlay dark\">\n              <div class=\"box-image\" >\n                <img loading=\"lazy\" decoding=\"async\" width=\"601\" height=\"400\" src=\"https:\/\/www.campingmarepineta.it\/wp-content\/uploads\/2024\/02\/DSC_4413-601x400.jpg\" class=\"attachment-medium size-medium\" alt=\"\" ids=\"13311,13146,13305,13326,13329,13332,13335\" type=\"masonry\" col_spacing=\"collapse\" srcset=\"https:\/\/www.campingmarepineta.it\/wp-content\/uploads\/2024\/02\/DSC_4413-601x400.jpg 601w, https:\/\/www.campingmarepineta.it\/wp-content\/uploads\/2024\/02\/DSC_4413-768x511.jpg 768w, https:\/\/www.campingmarepineta.it\/wp-content\/uploads\/2024\/02\/DSC_4413.jpg 1000w\" sizes=\"auto, (max-width: 601px) 100vw, 601px\" \/>                                  <div class=\"overlay fill\"\n                      style=\"background-color: rgba(0,0,0,.15)\">\n                  <\/div>\n                                                              <\/div>\n              <div class=\"box-text text-left\" >\n                 <p><\/p>\n              <\/div>\n            <\/div>\n            <\/a>          <\/div>\n         <\/div><div class=\"gallery-col col\" >\n          <div class=\"col-inner\">\n            <a class=\"image-lightbox lightbox-gallery\" href=\"https:\/\/www.campingmarepineta.it\/wp-content\/uploads\/2024\/02\/DSC_7306.jpg\" title=\"\">            <div class=\"box has-hover gallery-box box-overlay dark\">\n              <div class=\"box-image\" >\n                <img loading=\"lazy\" decoding=\"async\" width=\"601\" height=\"400\" src=\"https:\/\/www.campingmarepineta.it\/wp-content\/uploads\/2024\/02\/DSC_7306-601x400.jpg\" class=\"attachment-medium size-medium\" alt=\"\" ids=\"13311,13146,13305,13326,13329,13332,13335\" type=\"masonry\" col_spacing=\"collapse\" srcset=\"https:\/\/www.campingmarepineta.it\/wp-content\/uploads\/2024\/02\/DSC_7306-601x400.jpg 601w, https:\/\/www.campingmarepineta.it\/wp-content\/uploads\/2024\/02\/DSC_7306-768x511.jpg 768w, https:\/\/www.campingmarepineta.it\/wp-content\/uploads\/2024\/02\/DSC_7306.jpg 1000w\" sizes=\"auto, (max-width: 601px) 100vw, 601px\" \/>                                  <div class=\"overlay fill\"\n                      style=\"background-color: rgba(0,0,0,.15)\">\n                  <\/div>\n                                                              <\/div>\n              <div class=\"box-text text-left\" >\n                 <p><\/p>\n              <\/div>\n            <\/div>\n            <\/a>          <\/div>\n         <\/div><div class=\"gallery-col col\" >\n          <div class=\"col-inner\">\n            <a class=\"image-lightbox lightbox-gallery\" href=\"https:\/\/www.campingmarepineta.it\/wp-content\/uploads\/2024\/02\/DSC_6800.jpg\" title=\"\">            <div class=\"box has-hover gallery-box box-overlay dark\">\n              <div class=\"box-image\" >\n                <img loading=\"lazy\" decoding=\"async\" width=\"601\" height=\"400\" src=\"https:\/\/www.campingmarepineta.it\/wp-content\/uploads\/2024\/02\/DSC_6800-601x400.jpg\" class=\"attachment-medium size-medium\" alt=\"\" ids=\"13311,13146,13305,13326,13329,13332,13335\" type=\"masonry\" col_spacing=\"collapse\" srcset=\"https:\/\/www.campingmarepineta.it\/wp-content\/uploads\/2024\/02\/DSC_6800-601x400.jpg 601w, https:\/\/www.campingmarepineta.it\/wp-content\/uploads\/2024\/02\/DSC_6800-768x511.jpg 768w, https:\/\/www.campingmarepineta.it\/wp-content\/uploads\/2024\/02\/DSC_6800.jpg 1000w\" sizes=\"auto, (max-width: 601px) 100vw, 601px\" \/>                                  <div class=\"overlay fill\"\n                      style=\"background-color: rgba(0,0,0,.15)\">\n                  <\/div>\n                                                              <\/div>\n              <div class=\"box-text text-left\" >\n                 <p><\/p>\n              <\/div>\n            <\/div>\n            <\/a>          <\/div>\n         <\/div><\/div>\n\n\n\t<section class=\"section\" id=\"section_648607280\">\n\t\t<div class=\"section-bg fill\" >\n\t\t\t\t\t\t\t\t\t\n\t\t\t\n\n\t\t<\/div>\n\n\t\t\n\n\t\t<div class=\"section-content relative\">\n\t\t\t\n\n\t<div id=\"text-3877034071\" class=\"text\">\n\t\t\n\n<h3 class=\"uppercase\" data-animate=\"fadeInUp\">Das k\u00f6nnte Sie auch interessieren<\/h3>\n\t\t\n<style>\n#text-3877034071 {\n  font-size: 2rem;\n  text-align: center;\n}\n<\/style>\n\t<\/div>\n\t\n<div class=\"row row-collapse row-full-width\"  id=\"row-1744724965\">\n\n\n\t<div id=\"col-1852419191\" class=\"col small-12 large-12\"  data-animate=\"fadeInUp\">\n\t\t\t\t<div class=\"col-inner\"  >\n\t\t\t\n\t\t\t\n\n<div class=\"nav-wrapper\"><ul class=\"nav hide-for-small nav-uppercase nav-horizontal nav-divided text-center nav-center\"><li class=active><a href=\"https:\/\/www.campingmarepineta.it\/de\/die-einrichtungen\/bar-pizzeria\/\">Bar Pizzeria<\/a><\/li><li class=><a href=\"https:\/\/www.campingmarepineta.it\/de\/die-einrichtungen\/eisdiele\/\">Eisdiele<\/a><\/li><li class=><a href=\"https:\/\/www.campingmarepineta.it\/de\/die-einrichtungen\/piadineria\/\">Piadineria<\/a><\/li><li class=><a href=\"https:\/\/www.campingmarepineta.it\/de\/die-einrichtungen\/auto-aufladen\/\">Auto Aufladen<\/a><\/li><li class=><a href=\"https:\/\/www.campingmarepineta.it\/de\/die-einrichtungen\/restaurant\/\">Restaurant<\/a><\/li><li class=><a href=\"https:\/\/www.campingmarepineta.it\/de\/die-einrichtungen\/auto-aufladenfahrraeder-verleih\/\">Fahrraddienst<\/a><\/li><li class=><a href=\"https:\/\/www.campingmarepineta.it\/de\/die-einrichtungen\/shopping\/\">Shopping<\/a><\/li><\/ul><\/div>\n\n<div class=\"nav-wrapper\"><ul class=\"nav show-for-small nav-uppercase nav-vertical nav-size-large nav-divided text-center nav-center\"><p class=\"lead shortcode-error text-center\">Sorry, no pages was found<\/p><\/ul><\/div>\n\n\n\t\t<\/div>\n\t\t\t\t\n<style>\n#col-1852419191 > .col-inner {\n  padding: 0px 15px 0px 15px;\n}\n<\/style>\n\t<\/div>\n\n\t\n\n<\/div>\n\n\t\t<\/div>\n\n\t\t\n<style>\n#section_648607280 {\n  padding-top: 60px;\n  padding-bottom: 60px;\n  background-color: rgb(255, 255, 255);\n}\n<\/style>\n\t<\/section>\n\t\n","protected":false},"excerpt":{"rendered":"","protected":false},"author":1,"featured_media":0,"parent":14458,"menu_order":0,"comment_status":"closed","ping_status":"closed","template":"page-blank.php","meta":{"footnotes":""},"class_list":["post-14465","page","type-page","status-publish","hentry"],"yoast_head":"<!-- This site is optimized with the Yoast SEO plugin v25.0 - https:\/\/yoast.com\/wordpress\/plugins\/seo\/ -->\n<title>Bar Pizzeria - Camping Mare e Pineta<\/title>\n<meta name=\"robots\" content=\"index, follow, max-snippet:-1, max-image-preview:large, max-video-preview:-1\" \/>\n<link rel=\"canonical\" href=\"https:\/\/www.campingmarepineta.it\/de\/die-einrichtungen\/bar-pizzeria\/\" \/>\n<meta property=\"og:locale\" content=\"de_DE\" \/>\n<meta property=\"og:type\" content=\"article\" \/>\n<meta property=\"og:title\" content=\"Bar Pizzeria - Camping Mare e Pineta\" \/>\n<meta property=\"og:url\" content=\"https:\/\/www.campingmarepineta.it\/de\/die-einrichtungen\/bar-pizzeria\/\" \/>\n<meta property=\"og:site_name\" content=\"Camping Mare e Pineta\" \/>\n<meta property=\"article:modified_time\" content=\"2024-02-20T18:42:08+00:00\" \/>\n<meta name=\"twitter:card\" content=\"summary_large_image\" \/>\n<meta name=\"twitter:label1\" content=\"Gesch\u00e4tzte Lesezeit\" \/>\n\t<meta name=\"twitter:data1\" content=\"2\u00a0Minuten\" \/>\n<script type=\"application\/ld+json\" class=\"yoast-schema-graph\">{\"@context\":\"https:\/\/schema.org\",\"@graph\":[{\"@type\":\"WebPage\",\"@id\":\"https:\/\/www.campingmarepineta.it\/de\/die-einrichtungen\/bar-pizzeria\/\",\"url\":\"https:\/\/www.campingmarepineta.it\/de\/die-einrichtungen\/bar-pizzeria\/\",\"name\":\"Bar Pizzeria - Camping Mare e Pineta\",\"isPartOf\":{\"@id\":\"https:\/\/www.campingmarepineta.it\/#website\"},\"datePublished\":\"2024-02-20T18:42:06+00:00\",\"dateModified\":\"2024-02-20T18:42:08+00:00\",\"breadcrumb\":{\"@id\":\"https:\/\/www.campingmarepineta.it\/de\/die-einrichtungen\/bar-pizzeria\/#breadcrumb\"},\"inLanguage\":\"de\",\"potentialAction\":[{\"@type\":\"ReadAction\",\"target\":[\"https:\/\/www.campingmarepineta.it\/de\/die-einrichtungen\/bar-pizzeria\/\"]}]},{\"@type\":\"BreadcrumbList\",\"@id\":\"https:\/\/www.campingmarepineta.it\/de\/die-einrichtungen\/bar-pizzeria\/#breadcrumb\",\"itemListElement\":[{\"@type\":\"ListItem\",\"position\":1,\"name\":\"Home\",\"item\":\"https:\/\/www.campingmarepineta.it\/de\/\"},{\"@type\":\"ListItem\",\"position\":2,\"name\":\"Die Einrichtungen\",\"item\":\"https:\/\/www.campingmarepineta.it\/de\/die-einrichtungen\/\"},{\"@type\":\"ListItem\",\"position\":3,\"name\":\"Bar Pizzeria\"}]},{\"@type\":\"WebSite\",\"@id\":\"https:\/\/www.campingmarepineta.it\/#website\",\"url\":\"https:\/\/www.campingmarepineta.it\/\",\"name\":\"Camping Mare e Pineta\",\"description\":\"\",\"publisher\":{\"@id\":\"https:\/\/www.campingmarepineta.it\/#organization\"},\"potentialAction\":[{\"@type\":\"SearchAction\",\"target\":{\"@type\":\"EntryPoint\",\"urlTemplate\":\"https:\/\/www.campingmarepineta.it\/?s={search_term_string}\"},\"query-input\":{\"@type\":\"PropertyValueSpecification\",\"valueRequired\":true,\"valueName\":\"search_term_string\"}}],\"inLanguage\":\"de\"},{\"@type\":\"Organization\",\"@id\":\"https:\/\/www.campingmarepineta.it\/#organization\",\"name\":\"Camping Mare & Pineta\",\"url\":\"https:\/\/www.campingmarepineta.it\/\",\"logo\":{\"@type\":\"ImageObject\",\"inLanguage\":\"de\",\"@id\":\"https:\/\/www.campingmarepineta.it\/#\/schema\/logo\/image\/\",\"url\":\"https:\/\/www.campingmarepineta.it\/wp-content\/uploads\/2018\/11\/logo.png\",\"contentUrl\":\"https:\/\/www.campingmarepineta.it\/wp-content\/uploads\/2018\/11\/logo.png\",\"width\":320,\"height\":166,\"caption\":\"Camping Mare & Pineta\"},\"image\":{\"@id\":\"https:\/\/www.campingmarepineta.it\/#\/schema\/logo\/image\/\"}}]}<\/script>\n<!-- \/ Yoast SEO plugin. -->","yoast_head_json":{"title":"Bar Pizzeria - Camping Mare e Pineta","robots":{"index":"index","follow":"follow","max-snippet":"max-snippet:-1","max-image-preview":"max-image-preview:large","max-video-preview":"max-video-preview:-1"},"canonical":"https:\/\/www.campingmarepineta.it\/de\/die-einrichtungen\/bar-pizzeria\/","og_locale":"de_DE","og_type":"article","og_title":"Bar Pizzeria - Camping Mare e Pineta","og_url":"https:\/\/www.campingmarepineta.it\/de\/die-einrichtungen\/bar-pizzeria\/","og_site_name":"Camping Mare e Pineta","article_modified_time":"2024-02-20T18:42:08+00:00","twitter_card":"summary_large_image","twitter_misc":{"Gesch\u00e4tzte Lesezeit":"2\u00a0Minuten"},"schema":{"@context":"https:\/\/schema.org","@graph":[{"@type":"WebPage","@id":"https:\/\/www.campingmarepineta.it\/de\/die-einrichtungen\/bar-pizzeria\/","url":"https:\/\/www.campingmarepineta.it\/de\/die-einrichtungen\/bar-pizzeria\/","name":"Bar Pizzeria - Camping Mare e Pineta","isPartOf":{"@id":"https:\/\/www.campingmarepineta.it\/#website"},"datePublished":"2024-02-20T18:42:06+00:00","dateModified":"2024-02-20T18:42:08+00:00","breadcrumb":{"@id":"https:\/\/www.campingmarepineta.it\/de\/die-einrichtungen\/bar-pizzeria\/#breadcrumb"},"inLanguage":"de","potentialAction":[{"@type":"ReadAction","target":["https:\/\/www.campingmarepineta.it\/de\/die-einrichtungen\/bar-pizzeria\/"]}]},{"@type":"BreadcrumbList","@id":"https:\/\/www.campingmarepineta.it\/de\/die-einrichtungen\/bar-pizzeria\/#breadcrumb","itemListElement":[{"@type":"ListItem","position":1,"name":"Home","item":"https:\/\/www.campingmarepineta.it\/de\/"},{"@type":"ListItem","position":2,"name":"Die Einrichtungen","item":"https:\/\/www.campingmarepineta.it\/de\/die-einrichtungen\/"},{"@type":"ListItem","position":3,"name":"Bar Pizzeria"}]},{"@type":"WebSite","@id":"https:\/\/www.campingmarepineta.it\/#website","url":"https:\/\/www.campingmarepineta.it\/","name":"Camping Mare e Pineta","description":"","publisher":{"@id":"https:\/\/www.campingmarepineta.it\/#organization"},"potentialAction":[{"@type":"SearchAction","target":{"@type":"EntryPoint","urlTemplate":"https:\/\/www.campingmarepineta.it\/?s={search_term_string}"},"query-input":{"@type":"PropertyValueSpecification","valueRequired":true,"valueName":"search_term_string"}}],"inLanguage":"de"},{"@type":"Organization","@id":"https:\/\/www.campingmarepineta.it\/#organization","name":"Camping Mare & Pineta","url":"https:\/\/www.campingmarepineta.it\/","logo":{"@type":"ImageObject","inLanguage":"de","@id":"https:\/\/www.campingmarepineta.it\/#\/schema\/logo\/image\/","url":"https:\/\/www.campingmarepineta.it\/wp-content\/uploads\/2018\/11\/logo.png","contentUrl":"https:\/\/www.campingmarepineta.it\/wp-content\/uploads\/2018\/11\/logo.png","width":320,"height":166,"caption":"Camping Mare & Pineta"},"image":{"@id":"https:\/\/www.campingmarepineta.it\/#\/schema\/logo\/image\/"}}]}},"_links":{"self":[{"href":"https:\/\/www.campingmarepineta.it\/de\/wp-json\/wp\/v2\/pages\/14465","targetHints":{"allow":["GET"]}}],"collection":[{"href":"https:\/\/www.campingmarepineta.it\/de\/wp-json\/wp\/v2\/pages"}],"about":[{"href":"https:\/\/www.campingmarepineta.it\/de\/wp-json\/wp\/v2\/types\/page"}],"author":[{"embeddable":true,"href":"https:\/\/www.campingmarepineta.it\/de\/wp-json\/wp\/v2\/users\/1"}],"replies":[{"embeddable":true,"href":"https:\/\/www.campingmarepineta.it\/de\/wp-json\/wp\/v2\/comments?post=14465"}],"version-history":[{"count":2,"href":"https:\/\/www.campingmarepineta.it\/de\/wp-json\/wp\/v2\/pages\/14465\/revisions"}],"predecessor-version":[{"id":14467,"href":"https:\/\/www.campingmarepineta.it\/de\/wp-json\/wp\/v2\/pages\/14465\/revisions\/14467"}],"up":[{"embeddable":true,"href":"https:\/\/www.campingmarepineta.it\/de\/wp-json\/wp\/v2\/pages\/14458"}],"wp:attachment":[{"href":"https:\/\/www.campingmarepineta.it\/de\/wp-json\/wp\/v2\/media?parent=14465"}],"curies":[{"name":"wp","href":"https:\/\/api.w.org\/{rel}","templated":true}]}}