




{"id":14480,"date":"2024-02-20T19:50:33","date_gmt":"2024-02-20T18:50:33","guid":{"rendered":"https:\/\/www.campingmarepineta.it\/?page_id=14480"},"modified":"2024-02-27T15:42:00","modified_gmt":"2024-02-27T14:42:00","slug":"auto-aufladenfahrraeder-verleih","status":"publish","type":"page","link":"https:\/\/www.campingmarepineta.it\/de\/die-einrichtungen\/auto-aufladenfahrraeder-verleih\/","title":{"rendered":"Fahrraddienst"},"content":{"rendered":"\n\n  <div class=\"banner has-hover is-full-height has-parallax\" id=\"banner-1069142569\">\n          <div class=\"banner-inner fill\">\n        <div class=\"banner-bg fill\" data-parallax=\"-6\" data-parallax-container=\".banner\" data-parallax-background>\n            <img loading=\"lazy\" decoding=\"async\" width=\"1980\" height=\"1320\" src=\"https:\/\/www.campingmarepineta.it\/wp-content\/uploads\/2024\/01\/DSC_8154.jpg\" class=\"bg attachment-original size-original\" alt=\"\" \/>                        <div class=\"overlay\"><\/div>            \n                    <\/div>\n\t\t\n        <div class=\"banner-layers container\">\n            <div class=\"fill banner-link\"><\/div>            \n\n   <div id=\"text-box-1731979174\" class=\"text-box banner-layer x50 md-x50 lg-x50 y50 md-y50 lg-y50 res-text\">\n              <div data-parallax=\"-1\" data-parallax-fade=\"true\">       <div data-animate=\"fadeInUp\">           <div class=\"text-box-content text dark text-shadow-1\">\n              \n              <div class=\"text-inner text-center\">\n                  \n\n\t<div id=\"text-966118517\" class=\"text\">\n\t\t\n\n<h1 data-animate=\"fadeInUp\">Servizi biciclette<\/h1>\n<p class=\"is-smaller\" data-animate=\"fadeInUp\"><span><span><a href=\"https:\/\/www.campingmarepineta.it\/de\/\">Home<\/a><\/span><\/span>\n\t\t\n<style>\n#text-966118517 {\n  font-size: 1rem;\n}\n@media (min-width:550px) {\n  #text-966118517 {\n    font-size: 2rem;\n  }\n}\n<\/style>\n\t<\/div>\n\t\n\n              <\/div>\n           <\/div>\n       <\/div>       <\/div>              \n<style>\n#text-box-1731979174 {\n  width: 80%;\n}\n#text-box-1731979174 .text-box-content {\n  font-size: 100%;\n}\n<\/style>\n    <\/div>\n \n\n        <\/div>\n      <\/div>\n\n            \n<style>\n#banner-1069142569 {\n  padding-top: 99.99%;\n}\n#banner-1069142569 .overlay {\n  background-color: rgba(0, 0, 0, 0.256);\n}\n#banner-1069142569 .banner-bg img {\n  object-position: 89% 55%;\n}\n@media (min-width:550px) {\n  #banner-1069142569 {\n    padding-top: 100%;\n  }\n}\n<\/style>\n  <\/div>\n\n\n\n\t<section class=\"section\" id=\"section_1534036968\">\n\t\t<div class=\"section-bg fill\" >\n\t\t\t\t\t\t\t\t\t\n\t\t\t\n\n\t\t<\/div>\n\n\t\t\n\n\t\t<div class=\"section-content relative\">\n\t\t\t\n\n\n\t<section class=\"section no-background-image blur-background\" id=\"section_1940113950\">\n\t\t<div class=\"section-bg fill\" >\n\t\t\t\t\t\t\t\t\t\n\t\t\t\n\n\t\t<\/div>\n\n\t\t\n\n\t\t<div class=\"section-content relative\">\n\t\t\t\r\n\r\n<form target=\"_blank\" action=\"http:\/\/booking.campingmarepineta.it\/html\/pricelist.php?lang=2\" method=\"post\" name=\"form_prenota\" id=\"form_prenota\">\r\n<div class=\"container\" style=\"max-width:900px;\">\r\n<div id=\"row-booking-form\" class=\"align-center\">\r\n<div class=\"col\">\r\n<div class=\"col-inner\"><label>ANREISE:<input name=\"dataInizio\" type=\"text\" class=\"calendar\" value=\"\" placeholder=\"TT\/MM\/JJJJ\" \/><\/label><\/div>\r\n<\/div>\r\n<div class=\"col\">\r\n<div class=\"col-inner\"><label>ABREISE:<input name=\"dataFine\" type=\"text\" class=\"calendar\" value=\"\" placeholder=\"TT\/MM\/JJJJ\" \/><\/label><\/div>\r\n<\/div>\r\n<div class=\"col\">\r\n<div class=\"col-inner\"><label>UNTERKUNFT:<select id=\"tipo\" class=\"wpcf7-form-control wpcf7-select\" name=\"nomelistino\"><option value=\"4\">Alle<\/option><option value=\"1\">Camping<\/option><option value=\"2\">Wohnungen & Villen<\/option><option value=\"3\">Wohnmobile<\/option><\/select><\/label><\/div>\r\n<\/div>\r\n<div class=\"col\">\r\n<div class=\"col-inner\"><label>PERSONEN:<select id=\"select\" class=\"wpcf7-form-control wpcf7-select\" name=\"persone\"><option>1<\/option><option>2<\/option><option>3<\/option><option>4<\/option><option>5<\/option><option>6<\/option><\/select><\/label><\/div>\r\n<\/div>\r\n<div class=\"col\">\r\n<div class=\"col-inner\"><label><br \/>\r\n<input name=\"step\" type=\"hidden\" value=\"0\" \/><input type=\"hidden\" value=\"1\" name=\"cerca\"><button name=\"submit\" type=\"submit\" class=\"button midnight-blue  \">SUCHEN<\/button><\/label><\/div>\r\n<\/div>\r\n<\/div>\r\n<\/div>\r\n<\/form>\r\n\t\t<\/div>\n\n\t\t\n<style>\n#section_1940113950 {\n  padding-top: 30px;\n  padding-bottom: 30px;\n  background-color: rgba(255, 255, 255, 0.4);\n}\n<\/style>\n\t<\/section>\n\t\n\n\n\t\t<\/div>\n\n\t\t\n<style>\n#section_1534036968 {\n  padding-top: 0px;\n  padding-bottom: 0px;\n  background-color: rgb(243, 243, 240);\n}\n<\/style>\n\t<\/section>\n\t\n\n\t<section class=\"section\" id=\"section_1313200680\">\n\t\t<div class=\"section-bg fill\" >\n\t\t\t\t\t\t\t\t\t\n\t\t\t\n\n\t\t<\/div>\n\n\t\t\n\n\t\t<div class=\"section-content relative\">\n\t\t\t\n\n<div class=\"row\"  id=\"row-2002867172\">\n\n\n\t<div id=\"col-1334488370\" class=\"col small-12 large-12\"  data-animate=\"fadeInUp\">\n\t\t\t\t<div class=\"col-inner text-left\"  >\n\t\t\t\n\t\t\t\n\n<h1 data-animate=\"fadeInUp\">Auto Aufladenfahrraeder Verleih<\/h1>\n<p data-animate=\"fadeInUp\">Ein Fahrrad zu mieten ist einfach und bequem. Genie\u00dfen Sie Ihren Aufenthalt auf Camping Mare e Pineta, indem Sie durch das Naturparadies radeln, das uns umgibt. Auf zwei R\u00e4dern ist es besser &#8230;<\/p>\n<p data-animate=\"fadeInUp\">Camping Mare e Pineta ist der ideale Ausgangspunkt, um die Sch\u00f6nheit unserer nat\u00fcrlichen Umgebung zu entdecken, und es gibt keinen besseren Weg, als dies mit dem Fahrrad zu tun. Wir bieten einen bequemen Fahrradverleihservice mit verschiedenen Typen zur Auswahl, damit Sie unsere herrliche Gegend in v\u00f6lliger Freiheit erkunden k\u00f6nnen.<\/p>\n<p data-animate=\"fadeInUp\">Vorteile unseres Mietservices:<\/p>\n<ol>\n<li data-animate=\"fadeInUp\">Freiheit und Flexibilit\u00e4t: Entdecken Sie die Umgebung in Ihrem eigenen Tempo, ohne feste Zeitpl\u00e4ne oder Abh\u00e4ngigkeit von \u00f6ffentlichen Verkehrsmitteln.<\/li>\n<li data-animate=\"fadeInUp\">Gesundheit und Wohlbefinden: Radfahren ist eine gesunde und unterhaltsame Art, die Landschaft zu genie\u00dfen und sich im Urlaub fit zu halten.<\/li>\n<li data-animate=\"fadeInUp\">Einzigartige Erlebnisse: Entdecken Sie versteckte Orte, atemberaubende Landschaften und lokale Attraktionen abseits der ausgetretenen Touristenpfade.<\/li>\n<li data-animate=\"fadeInUp\">Spa\u00df f\u00fcr die ganze Familie: Die Fahrr\u00e4der sind f\u00fcr alle Altersgruppen geeignet und machen den Verleih zu einer perfekten Wahl f\u00fcr Familien.<\/li>\n<\/ol>\n<p data-animate=\"fadeInUp\">Egal, ob Sie einen ruhigen Spaziergang entlang der K\u00fcste oder im Zentrum der Nachbarst\u00e4dte unternehmen, die T\u00e4ler von Comacchio erkunden oder das Zentrum von Comacchio besuchen m\u00f6chten, unsere Fahrr\u00e4der sind Ihre Eintrittskarte ins Abenteuer.<\/p>\n<div class=\"is-divider divider clearfix\" style=\"max-width:1300px;\"><\/div>\n\n<h2 data-animate=\"fadeInUp\">Selbservice-station Und Fahrrad-reparaturmechaniker<\/h2>\n<p data-animate=\"fadeInUp\">Auf Camping Mare e Pineta haben wir auch an unsere G\u00e4ste gedacht, die zwei R\u00e4der lieben, und haben eine Selbstbedienungsstation f\u00fcr kleine Reparaturen eingerichtet. Alternativ steht uns ein Fahrradmechaniker zur Verf\u00fcgung, der Ihnen f\u00fcr kleinere Arbeiten zur Verf\u00fcgung steht und Teile Ihres Fahrrads Ersetzen kann.<\/p>\n\n\t\t<\/div>\n\t\t\t\t\t<\/div>\n\n\t\n\n<\/div>\n\n\n\t\t<\/div>\n\n\t\t\n<style>\n#section_1313200680 {\n  padding-top: 30px;\n  padding-bottom: 30px;\n}\n<\/style>\n\t<\/section>\n\t\n\n\t<section class=\"section\" id=\"section_1662099415\">\n\t\t<div class=\"section-bg fill\" >\n\t\t\t\t\t\t\t\t\t\n\t\t\t\n\n\t\t<\/div>\n\n\t\t\n\n\t\t<div class=\"section-content relative\">\n\t\t\t\n\n\t<div id=\"text-1862711921\" class=\"text\">\n\t\t\n\n<h3 class=\"uppercase\" data-animate=\"fadeInUp\">Das k\u00f6nnte Sie auch interessieren<\/h3>\n\t\t\n<style>\n#text-1862711921 {\n  font-size: 2rem;\n  text-align: center;\n}\n<\/style>\n\t<\/div>\n\t\n<div class=\"row row-collapse row-full-width\"  id=\"row-857037524\">\n\n\n\t<div id=\"col-1534756318\" class=\"col small-12 large-12\"  data-animate=\"fadeInUp\">\n\t\t\t\t<div class=\"col-inner\"  >\n\t\t\t\n\t\t\t\n\n<div class=\"nav-wrapper\"><ul class=\"nav hide-for-small nav-uppercase nav-horizontal nav-divided text-center nav-center\"><li class=><a href=\"https:\/\/www.campingmarepineta.it\/de\/die-einrichtungen\/bar-pizzeria\/\">Bar Pizzeria<\/a><\/li><li class=><a href=\"https:\/\/www.campingmarepineta.it\/de\/die-einrichtungen\/eisdiele\/\">Eisdiele<\/a><\/li><li class=><a href=\"https:\/\/www.campingmarepineta.it\/de\/die-einrichtungen\/piadineria\/\">Piadineria<\/a><\/li><li class=><a href=\"https:\/\/www.campingmarepineta.it\/de\/die-einrichtungen\/auto-aufladen\/\">Auto Aufladen<\/a><\/li><li class=><a href=\"https:\/\/www.campingmarepineta.it\/de\/die-einrichtungen\/restaurant\/\">Restaurant<\/a><\/li><li class=active><a href=\"https:\/\/www.campingmarepineta.it\/de\/die-einrichtungen\/auto-aufladenfahrraeder-verleih\/\">Fahrraddienst<\/a><\/li><li class=><a href=\"https:\/\/www.campingmarepineta.it\/de\/die-einrichtungen\/shopping\/\">Shopping<\/a><\/li><\/ul><\/div>\n\n<div class=\"nav-wrapper\"><ul class=\"nav show-for-small nav-uppercase nav-vertical nav-size-large nav-divided text-center nav-center\"><li class=><a href=\"https:\/\/www.campingmarepineta.it\/de\/die-einrichtungen\/bar-pizzeria\/\">Bar Pizzeria<\/a><\/li><li class=><a href=\"https:\/\/www.campingmarepineta.it\/de\/die-einrichtungen\/eisdiele\/\">Eisdiele<\/a><\/li><li class=><a href=\"https:\/\/www.campingmarepineta.it\/de\/die-einrichtungen\/piadineria\/\">Piadineria<\/a><\/li><li class=><a href=\"https:\/\/www.campingmarepineta.it\/de\/die-einrichtungen\/auto-aufladen\/\">Auto Aufladen<\/a><\/li><li class=><a href=\"https:\/\/www.campingmarepineta.it\/de\/die-einrichtungen\/restaurant\/\">Restaurant<\/a><\/li><li class=active><a href=\"https:\/\/www.campingmarepineta.it\/de\/die-einrichtungen\/auto-aufladenfahrraeder-verleih\/\">Fahrraddienst<\/a><\/li><li class=><a href=\"https:\/\/www.campingmarepineta.it\/de\/die-einrichtungen\/shopping\/\">Shopping<\/a><\/li><\/ul><\/div>\n\n\n\t\t<\/div>\n\t\t\t\t\n<style>\n#col-1534756318 > .col-inner {\n  padding: 0px 15px 0px 15px;\n}\n<\/style>\n\t<\/div>\n\n\t\n\n<\/div>\n\n\t\t<\/div>\n\n\t\t\n<style>\n#section_1662099415 {\n  padding-top: 60px;\n  padding-bottom: 60px;\n  background-color: rgb(255, 255, 255);\n}\n<\/style>\n\t<\/section>\n\t\n","protected":false},"excerpt":{"rendered":"","protected":false},"author":1,"featured_media":0,"parent":14458,"menu_order":0,"comment_status":"closed","ping_status":"closed","template":"page-blank.php","meta":{"footnotes":""},"class_list":["post-14480","page","type-page","status-publish","hentry"],"yoast_head":"<!-- This site is optimized with the Yoast SEO plugin v25.0 - https:\/\/yoast.com\/wordpress\/plugins\/seo\/ -->\n<title>Fahrraddienst - Camping Mare e Pineta<\/title>\n<meta name=\"robots\" content=\"index, follow, max-snippet:-1, max-image-preview:large, max-video-preview:-1\" \/>\n<link rel=\"canonical\" href=\"https:\/\/www.campingmarepineta.it\/de\/die-einrichtungen\/auto-aufladenfahrraeder-verleih\/\" \/>\n<meta property=\"og:locale\" content=\"de_DE\" \/>\n<meta property=\"og:type\" content=\"article\" \/>\n<meta property=\"og:title\" content=\"Fahrraddienst - Camping Mare e Pineta\" \/>\n<meta property=\"og:url\" content=\"https:\/\/www.campingmarepineta.it\/de\/die-einrichtungen\/auto-aufladenfahrraeder-verleih\/\" \/>\n<meta property=\"og:site_name\" content=\"Camping Mare e Pineta\" \/>\n<meta property=\"article:modified_time\" content=\"2024-02-27T14:42:00+00:00\" \/>\n<meta name=\"twitter:card\" content=\"summary_large_image\" \/>\n<meta name=\"twitter:label1\" content=\"Gesch\u00e4tzte Lesezeit\" \/>\n\t<meta name=\"twitter:data1\" content=\"2\u00a0Minuten\" \/>\n<script type=\"application\/ld+json\" class=\"yoast-schema-graph\">{\"@context\":\"https:\/\/schema.org\",\"@graph\":[{\"@type\":\"WebPage\",\"@id\":\"https:\/\/www.campingmarepineta.it\/de\/die-einrichtungen\/auto-aufladenfahrraeder-verleih\/\",\"url\":\"https:\/\/www.campingmarepineta.it\/de\/die-einrichtungen\/auto-aufladenfahrraeder-verleih\/\",\"name\":\"Fahrraddienst - Camping Mare e Pineta\",\"isPartOf\":{\"@id\":\"https:\/\/www.campingmarepineta.it\/#website\"},\"datePublished\":\"2024-02-20T18:50:33+00:00\",\"dateModified\":\"2024-02-27T14:42:00+00:00\",\"breadcrumb\":{\"@id\":\"https:\/\/www.campingmarepineta.it\/de\/die-einrichtungen\/auto-aufladenfahrraeder-verleih\/#breadcrumb\"},\"inLanguage\":\"de\",\"potentialAction\":[{\"@type\":\"ReadAction\",\"target\":[\"https:\/\/www.campingmarepineta.it\/de\/die-einrichtungen\/auto-aufladenfahrraeder-verleih\/\"]}]},{\"@type\":\"BreadcrumbList\",\"@id\":\"https:\/\/www.campingmarepineta.it\/de\/die-einrichtungen\/auto-aufladenfahrraeder-verleih\/#breadcrumb\",\"itemListElement\":[{\"@type\":\"ListItem\",\"position\":1,\"name\":\"Home\",\"item\":\"https:\/\/www.campingmarepineta.it\/de\/\"},{\"@type\":\"ListItem\",\"position\":2,\"name\":\"Die Einrichtungen\",\"item\":\"https:\/\/www.campingmarepineta.it\/de\/die-einrichtungen\/\"},{\"@type\":\"ListItem\",\"position\":3,\"name\":\"Fahrraddienst\"}]},{\"@type\":\"WebSite\",\"@id\":\"https:\/\/www.campingmarepineta.it\/#website\",\"url\":\"https:\/\/www.campingmarepineta.it\/\",\"name\":\"Camping Mare e Pineta\",\"description\":\"\",\"publisher\":{\"@id\":\"https:\/\/www.campingmarepineta.it\/#organization\"},\"potentialAction\":[{\"@type\":\"SearchAction\",\"target\":{\"@type\":\"EntryPoint\",\"urlTemplate\":\"https:\/\/www.campingmarepineta.it\/?s={search_term_string}\"},\"query-input\":{\"@type\":\"PropertyValueSpecification\",\"valueRequired\":true,\"valueName\":\"search_term_string\"}}],\"inLanguage\":\"de\"},{\"@type\":\"Organization\",\"@id\":\"https:\/\/www.campingmarepineta.it\/#organization\",\"name\":\"Camping Mare & Pineta\",\"url\":\"https:\/\/www.campingmarepineta.it\/\",\"logo\":{\"@type\":\"ImageObject\",\"inLanguage\":\"de\",\"@id\":\"https:\/\/www.campingmarepineta.it\/#\/schema\/logo\/image\/\",\"url\":\"https:\/\/www.campingmarepineta.it\/wp-content\/uploads\/2018\/11\/logo.png\",\"contentUrl\":\"https:\/\/www.campingmarepineta.it\/wp-content\/uploads\/2018\/11\/logo.png\",\"width\":320,\"height\":166,\"caption\":\"Camping Mare & Pineta\"},\"image\":{\"@id\":\"https:\/\/www.campingmarepineta.it\/#\/schema\/logo\/image\/\"}}]}<\/script>\n<!-- \/ Yoast SEO plugin. -->","yoast_head_json":{"title":"Fahrraddienst - Camping Mare e Pineta","robots":{"index":"index","follow":"follow","max-snippet":"max-snippet:-1","max-image-preview":"max-image-preview:large","max-video-preview":"max-video-preview:-1"},"canonical":"https:\/\/www.campingmarepineta.it\/de\/die-einrichtungen\/auto-aufladenfahrraeder-verleih\/","og_locale":"de_DE","og_type":"article","og_title":"Fahrraddienst - Camping Mare e Pineta","og_url":"https:\/\/www.campingmarepineta.it\/de\/die-einrichtungen\/auto-aufladenfahrraeder-verleih\/","og_site_name":"Camping Mare e Pineta","article_modified_time":"2024-02-27T14:42:00+00:00","twitter_card":"summary_large_image","twitter_misc":{"Gesch\u00e4tzte Lesezeit":"2\u00a0Minuten"},"schema":{"@context":"https:\/\/schema.org","@graph":[{"@type":"WebPage","@id":"https:\/\/www.campingmarepineta.it\/de\/die-einrichtungen\/auto-aufladenfahrraeder-verleih\/","url":"https:\/\/www.campingmarepineta.it\/de\/die-einrichtungen\/auto-aufladenfahrraeder-verleih\/","name":"Fahrraddienst - Camping Mare e Pineta","isPartOf":{"@id":"https:\/\/www.campingmarepineta.it\/#website"},"datePublished":"2024-02-20T18:50:33+00:00","dateModified":"2024-02-27T14:42:00+00:00","breadcrumb":{"@id":"https:\/\/www.campingmarepineta.it\/de\/die-einrichtungen\/auto-aufladenfahrraeder-verleih\/#breadcrumb"},"inLanguage":"de","potentialAction":[{"@type":"ReadAction","target":["https:\/\/www.campingmarepineta.it\/de\/die-einrichtungen\/auto-aufladenfahrraeder-verleih\/"]}]},{"@type":"BreadcrumbList","@id":"https:\/\/www.campingmarepineta.it\/de\/die-einrichtungen\/auto-aufladenfahrraeder-verleih\/#breadcrumb","itemListElement":[{"@type":"ListItem","position":1,"name":"Home","item":"https:\/\/www.campingmarepineta.it\/de\/"},{"@type":"ListItem","position":2,"name":"Die Einrichtungen","item":"https:\/\/www.campingmarepineta.it\/de\/die-einrichtungen\/"},{"@type":"ListItem","position":3,"name":"Fahrraddienst"}]},{"@type":"WebSite","@id":"https:\/\/www.campingmarepineta.it\/#website","url":"https:\/\/www.campingmarepineta.it\/","name":"Camping Mare e Pineta","description":"","publisher":{"@id":"https:\/\/www.campingmarepineta.it\/#organization"},"potentialAction":[{"@type":"SearchAction","target":{"@type":"EntryPoint","urlTemplate":"https:\/\/www.campingmarepineta.it\/?s={search_term_string}"},"query-input":{"@type":"PropertyValueSpecification","valueRequired":true,"valueName":"search_term_string"}}],"inLanguage":"de"},{"@type":"Organization","@id":"https:\/\/www.campingmarepineta.it\/#organization","name":"Camping Mare & Pineta","url":"https:\/\/www.campingmarepineta.it\/","logo":{"@type":"ImageObject","inLanguage":"de","@id":"https:\/\/www.campingmarepineta.it\/#\/schema\/logo\/image\/","url":"https:\/\/www.campingmarepineta.it\/wp-content\/uploads\/2018\/11\/logo.png","contentUrl":"https:\/\/www.campingmarepineta.it\/wp-content\/uploads\/2018\/11\/logo.png","width":320,"height":166,"caption":"Camping Mare & Pineta"},"image":{"@id":"https:\/\/www.campingmarepineta.it\/#\/schema\/logo\/image\/"}}]}},"_links":{"self":[{"href":"https:\/\/www.campingmarepineta.it\/de\/wp-json\/wp\/v2\/pages\/14480","targetHints":{"allow":["GET"]}}],"collection":[{"href":"https:\/\/www.campingmarepineta.it\/de\/wp-json\/wp\/v2\/pages"}],"about":[{"href":"https:\/\/www.campingmarepineta.it\/de\/wp-json\/wp\/v2\/types\/page"}],"author":[{"embeddable":true,"href":"https:\/\/www.campingmarepineta.it\/de\/wp-json\/wp\/v2\/users\/1"}],"replies":[{"embeddable":true,"href":"https:\/\/www.campingmarepineta.it\/de\/wp-json\/wp\/v2\/comments?post=14480"}],"version-history":[{"count":3,"href":"https:\/\/www.campingmarepineta.it\/de\/wp-json\/wp\/v2\/pages\/14480\/revisions"}],"predecessor-version":[{"id":14611,"href":"https:\/\/www.campingmarepineta.it\/de\/wp-json\/wp\/v2\/pages\/14480\/revisions\/14611"}],"up":[{"embeddable":true,"href":"https:\/\/www.campingmarepineta.it\/de\/wp-json\/wp\/v2\/pages\/14458"}],"wp:attachment":[{"href":"https:\/\/www.campingmarepineta.it\/de\/wp-json\/wp\/v2\/media?parent=14480"}],"curies":[{"name":"wp","href":"https:\/\/api.w.org\/{rel}","templated":true}]}}