




{"id":14311,"date":"2024-02-16T12:23:53","date_gmt":"2024-02-16T11:23:53","guid":{"rendered":"https:\/\/www.campingmarepineta.it\/?page_id=14311"},"modified":"2024-02-16T12:23:55","modified_gmt":"2024-02-16T11:23:55","slug":"cookie-policy","status":"publish","type":"page","link":"https:\/\/www.campingmarepineta.it\/en\/cookie-policy\/","title":{"rendered":"Cookie policy"},"content":{"rendered":"\n\n  <div class=\"banner has-hover\" id=\"banner-1208118187\">\n          <div class=\"banner-inner fill\">\n        <div class=\"banner-bg fill\" >\n                                    <div class=\"overlay\"><\/div>            \n                    <\/div>\n\t\t\n        <div class=\"banner-layers container\">\n            <div class=\"fill banner-link\"><\/div>            \n\n   <div id=\"text-box-1628196401\" class=\"text-box banner-layer x50 md-x50 lg-x50 y50 md-y50 lg-y50 res-text\">\n              <div data-parallax=\"-1\" data-parallax-fade=\"true\">       <div data-animate=\"fadeInUp\">           <div class=\"text-box-content text dark text-shadow-1\">\n              \n              <div class=\"text-inner text-left\">\n                  \n\n<h1 class=\"entry-title is-larger\"><strong>Cookie policy<\/strong><\/h1>\n\n              <\/div>\n           <\/div>\n       <\/div>       <\/div>              \n<style>\n#text-box-1628196401 {\n  width: 100%;\n}\n#text-box-1628196401 .text-box-content {\n  font-size: 100%;\n}\n<\/style>\n    <\/div>\n \n\n        <\/div>\n      <\/div>\n\n            \n<style>\n#banner-1208118187 {\n  padding-top: 160px;\n}\n#banner-1208118187 .overlay {\n  background-color: rgba(0, 0, 0, 0.12);\n}\n<\/style>\n  <\/div>\n\n\n\n\t<section class=\"section\" id=\"section_1179556098\">\n\t\t<div class=\"section-bg fill\" >\n\t\t\t\t\t\t\t\t\t\n\t\t\t\n\n\t\t<\/div>\n\n\t\t\n\n\t\t<div class=\"section-content relative\">\n\t\t\t\n\n<div class=\"row\"  id=\"row-145611106\">\n\n\n\t<div id=\"col-140772140\" class=\"col small-12 large-12\"  >\n\t\t\t\t<div class=\"col-inner\"  >\n\t\t\t\n\t\t\t\n\n<p>L&#8217;informativa di seguito riportata, relativa all&#8217;uso di cookie ed altre tecnologie traccianti l\u2019attivit\u00e0 dell\u2019utente nel web, \u00e8 resa all&#8217;utente\/navigatore integrazione alla privacy policy e in attuazione della Raccomandazione n. 2\/2001 del Gruppo di Lavoro art. 29 ha adottato il 17 maggio 2001 per individuare alcuni requisiti minimi per la raccolta di dati personali on-line, e, in particolare, le modalit\u00e0, i tempi e la natura delle informazioni che i titolari del trattamento devono fornire agli utenti quando questi si collegano a pagine web, indipendentemente dagli scopi del collegamento, nonch\u00e8 nel rispetto dell&#8217;art. 13 del Regolamento UE 2016\/679 (GDPR).<\/p>\n<p>Il Titolare del trattamento \u00e8 <b>Estate Srl, <\/b>con sede in Via Zagarelli alle Mura 5, Ravenna (RA), 48121, telefono<b>0544 33937<\/b>, fax, <b>0544 30388<\/b>, e-mail <b>estate@campingmarepineta.it<\/b><\/p>\n<p>Le presenti informazioni non riguardano altri siti, pagine o servizi online raggiungibili tramite link ipertestuali eventualmente pubblicati nel sito.<\/p>\n<p><b>Che cosa sono i cookie?<\/b><\/p>\n<p>I cookie<i> <\/i>sono stringhe di testo di piccola dimensione che un sito web pu\u00f2 inviare ed installare, durante la navigazione, sul dispositivo dell&#8217;utente, al fine di memorizzare alcune informazioni riguardanti l\u2019utente stesso; queste informazioni saranno poi ritrasmesse al server web che ospita il sito ai successivi accessi.<\/p>\n<p><b>A cosa servono i cookie?<\/b><\/p>\n<p>I cookie sono usati per differenti finalit\u00e0: per eseguire autenticazioni informatiche (per accedere a esempio all\u2019account personale), monitorare le sessioni e preservare le impostazioni dell\u2019utente nel passaggio da una pagina web ad un\u2019altra (ricordando ad esempio la lingua di visualizzazione del sito, memorizzazione di informazioni su specifiche configurazioni riguardanti gli utenti che accedono al server web, memorizzazione delle preferenze di navigazione, raccolta di dati statistici anonimi (per monitorare ad esempio gli accessi al sito), marketing.<\/p>\n<p>I cookie si possono dividere innanzitutto in due grandi categorie, riguardanti il profilo soggettivo: <b>cookie di prima parte<\/b>, installati dal gestore del sito che l\u2019utente sta visitando e <b>cookie di terze parti<\/b>, installati da servizi diversi (ad esempio Google, Facebook, ecc\u2026).<\/p>\n<p>Riguardo il profilo temporale invece abbiamo i <b>cookie di sessione<\/b>, che vengono automaticamente cancellati alla chiusura del browser; <b>cookie persistenti<\/b>, che invece permangono fino alla scadenza prestabilita.<\/p>\n<p>Infine i cookie possono essere suddivisi in <b>cookie tecnici o necessari<\/b>, necessari alla navigazione del sito web al fine di garantire il servizio, ad esempio utilizzati per eseguire autenticazioni, ricordare in che lingua viene visualizzato il sito, ecc\u2026; <b>cookie analytics o statistici<\/b>, utilizzati dai gestori dei siti web per raccogliere informazioni, sul numero degli utenti e su come questi visitano il sito stesso, e quindi elaborare statistiche sul servizio e sul suo utilizzo; <b>cookie di profilazione o di marketing <\/b>utilizzati per ricondurre a soggetti determinati, identificati o identificabili, specifiche azioni o schemi comportamentali ricorrenti nell\u2019uso delle funzionalit\u00e0 offerte dal servizio (pattern) al fine di creare profili da raggruppare in cluster omogenei, in modo che sia possibile inviare messaggi pubblicitari mirati, cio\u00e8 in linea con le preferenze manifestate dall\u2019utente nell\u2019ambito della navigazione in rete.<\/p>\n<p>Al fine della loro installazione e del loro utilizzo i cookie tecnici non richiedono il consenso dell\u2019utente, e sono pertanto anche indicati come necessari, mentre i cookie di profilazione, sia di prima sia di terze parti, possono essere utilizzati solo previo consenso da parte dell\u2019utente; i cookie analytics o statistici infine sono paragonati ai cookie tecnici solo se raccolgono dati anonimi, in caso contrario sono anch\u2019essi sottoposti al previo consenso da parte dell\u2019utente.<\/p>\n<p><b>Che tipo di cookie utilizza questo sito?<\/b><\/p>\n<p>Questo sito utilizza i seguenti cookie.<\/p>\n<p><b>Tecnici\/Necessari:<\/b><\/p>\n<table border=\"1\" width=\"756\" cellspacing=\"0\" cellpadding=\"8\"><colgroup> <col width=\"172\"> <col width=\"173\"> <col width=\"173\"> <col width=\"172\"><\/colgroup>\n<tbody>\n<tr valign=\"TOP\">\n<td width=\"172\"><b>Nome cookie<\/b><\/td>\n<td width=\"173\"><b>Dominio<\/b><\/td>\n<td width=\"173\"><b>Funzione<\/b><\/td>\n<td width=\"172\"><b>Durata<\/b><\/td>\n<\/tr>\n<tr valign=\"TOP\">\n<td width=\"172\">PHPSESSID<\/td>\n<td width=\"173\">.campingmarepineta.it<\/td>\n<td width=\"173\">Preserva gli stati dell&#8217;utente nelle varie pagine del sito<\/td>\n<td width=\"172\">Fino alla chiusura del browser<\/td>\n<\/tr>\n<\/tbody>\n<\/table>\n<p><b>Statistici\/Analytics<\/b><\/p>\n<table border=\"1\" width=\"756\" cellspacing=\"0\" cellpadding=\"8\"><colgroup> <col width=\"206\"> <col width=\"178\"> <col width=\"169\"> <col width=\"137\"><\/colgroup>\n<tbody>\n<tr valign=\"TOP\">\n<td width=\"206\"><b>Nome cookie<\/b><\/td>\n<td width=\"178\"><b>Dominio<\/b><\/td>\n<td width=\"169\"><b>Funzione<\/b><\/td>\n<td width=\"137\"><b>Durata<\/b><\/td>\n<\/tr>\n<tr valign=\"TOP\">\n<td width=\"206\">_gid<\/td>\n<td width=\"178\">.campingmarepineta.it<\/td>\n<td width=\"169\">Registra le visualizzazioni e gli accessi alla pagina e genera dati statistici sull&#8217;utilizzo del sito<\/td>\n<td width=\"137\">1 giorno<\/td>\n<\/tr>\n<tr valign=\"TOP\">\n<td width=\"206\">_ga<\/td>\n<td width=\"178\">.campingmarepineta.it<\/td>\n<td width=\"169\">Registra le visualizzazioni e gli accessi alla pagina e genera dati statistici sull&#8217;utilizzo del sito<\/td>\n<td width=\"137\">2 anni<\/td>\n<\/tr>\n<tr valign=\"TOP\">\n<td width=\"206\">_gat_gtag_UA_4464466_1<\/td>\n<td width=\"178\">.campingmarepineta.it<\/td>\n<td width=\"169\">Riconosce l&#8217;utente e registra le visualizzazioni e gli accessi alla pagina<\/td>\n<td width=\"137\">1 giorno<\/td>\n<\/tr>\n<\/tbody>\n<\/table>\n<p><b>Profilazione\/Marketing<\/b><\/p>\n<table border=\"1\" width=\"756\" cellspacing=\"0\" cellpadding=\"8\"><colgroup> <col width=\"172\"> <col width=\"173\"> <col width=\"173\"> <col width=\"172\"><\/colgroup>\n<tbody>\n<tr valign=\"TOP\">\n<td width=\"172\"><b>Nome cookie<\/b><\/td>\n<td width=\"173\"><b>Dominio<\/b><\/td>\n<td width=\"173\"><b>Funzione<\/b><\/td>\n<td width=\"172\"><b>Durata<\/b><\/td>\n<\/tr>\n<tr valign=\"TOP\">\n<td width=\"172\">_fbp<\/td>\n<td width=\"173\">.campingmarepineta.it<\/td>\n<td width=\"173\">Registra e traccia gli accessi a Facebook tramite la pagina web<\/td>\n<td width=\"172\">1 anno<\/td>\n<\/tr>\n<tr valign=\"TOP\">\n<td width=\"172\">fr<\/td>\n<td width=\"173\">.facebook.com<\/td>\n<td width=\"173\">Traccia il browser e l&#8217;utente<\/td>\n<td width=\"172\">1 anno<\/td>\n<\/tr>\n<\/tbody>\n<\/table>\n<p><b>DISATTIVAZIONE DEI COOKIE SUL BROWSER <\/b><\/p>\n<p>Ogni utente pu\u00f2 configurare il proprio browser in modo da non accettare automaticamente cookie. \u00c8 possibile eliminare tutti i cookie installati all\u2019interno del browser o bloccarne l\u2019installazione di nuovi. Per ottenere le istruzioni specifiche per ogni tipologia di browser seleziona uno dei link seguenti:<\/p>\n<ul>\n<li>SAFARI:&nbsp;<a href=\"https:\/\/support.apple.com\/kb\/PH19214?viewlocale=it_IT&amp;locale=en_US\">https:\/\/support.apple.com\/kb\/PH19214?viewlocale=it_IT&amp;locale=en_US<\/a><\/li>\n<li>CHROME:&nbsp;<a href=\"https:\/\/support.google.com\/accounts\/answer\/61416?hl=it\">https:\/\/support.google.com\/accounts\/answer\/61416?hl=it<\/a><\/li>\n<li>FIREFOX:&nbsp;<a href=\"https:\/\/support.mozilla.org\/it\/kb\/Attivare%20e%20disattivare%20i%20cookie\">https:\/\/support.mozilla.org\/it\/kb\/Attivare%20e%20disattivare%20i%20cookie<\/a><\/li>\n<li>OPERA: <a href=\"http:\/\/help.opera.com\/Windows\/10.00\/it\/cookies.html\">http:\/\/help.opera.com\/Windows\/10.00\/it\/cookies.html<\/a><\/li>\n<\/ul>\n<p>Tramite le impostazioni del browser \u00e8 poi possibile cancellare cookie e dati di navigazione (ogni browser ha la sua modalit\u00e0, per cui \u00e8 necessario seguire le apposite guide presenti nel web); cos\u00ec facendo e rientrando nel sito il banner sar\u00e0 riproposto e sar\u00e0 cos\u00ec possibile rinnovare o esprimere di nuovo il consenso. \u00c8 bene ricordare che questa operazione potrebbe cancellare altri dati salvati nel browser e riferiti anche ad altri siti (ad esempio le password) ed \u00e8 quindi necessario selezionare solo le funzioni di cancellazione dei cookie e dei dati di navigazione (ad esempio la cronologia e la memoria cache del browser).<\/p>\n<p>\u00c8 possibile infine attivare l\u2019opzione \u201c<i>Do Not Track<\/i>\u201d, presente nella maggior parte dei browser di ultima generazione. I siti web progettati in modo da rispettare questa opzione, quando viene attivata, dovrebbero automaticamente smettere di raccogliere alcuni tuoi dati di navigazione. Come detto, tuttavia, non tutti i siti web sono impostati in modo da rispettare questa opzione.<\/p>\n<p>Tuttavia si sconsiglia la disabilitazione totale dei cookie dal momento che potrebbe comportare l\u2019impossibilit\u00e0 di navigare, e si consiglia di scegliere come impostazione la disabilitazione dei soli elementi traccianti.<\/p>\n<h3><strong>DIRITTI DEGLI INTERESSATI E DIRITTO DI RECLAMO<\/strong><\/h3>\n<p>Gli interessati hanno il diritto di ottenere dal Titolare, nei casi previsti, l&#8217;accesso ai propri dati personali e la rettifica o la cancellazione degli stessi o la limitazione del trattamento che li riguarda o di opporsi al trattamento, oltre al diritto alla portabilit\u00e0 dei dati (artt. da 15 a 22. del Regolamento).<\/p>\n<p>Gli interessati che ritengono che il trattamento dei dati personali a loro riferiti effettuato attraverso questo sito avvenga in violazione di quanto previsto dal Regolamento hanno il diritto di proporre reclamo ad un\u2019autorit\u00e0 di vigilanza (ad esempio il Garante per la protezione dei dati personali), come previsto dall&#8217;art. 77 del Regolamento stesso, o di adire le opportune sedi giudiziarie (art. 79 del Regolamento).<\/p>\n<p>Le richieste relative agli articoli sopra citati possono essere inoltrate al Titolare del trattamento utilizzando i contatti indicati in testa al presente documento informativo.<\/p>\n\n\t\t<\/div>\n\t\t\t\t\t<\/div>\n\n\t\n\n<\/div>\n\n\t\t<\/div>\n\n\t\t\n<style>\n#section_1179556098 {\n  padding-top: 30px;\n  padding-bottom: 30px;\n}\n<\/style>\n\t<\/section>\n\t\n","protected":false},"excerpt":{"rendered":"","protected":false},"author":1,"featured_media":0,"parent":0,"menu_order":0,"comment_status":"closed","ping_status":"closed","template":"page-blank.php","meta":{"footnotes":""},"class_list":["post-14311","page","type-page","status-publish","hentry"],"yoast_head":"<!-- This site is optimized with the Yoast SEO plugin v25.0 - https:\/\/yoast.com\/wordpress\/plugins\/seo\/ -->\n<title>Cookie policy - Camping Mare e Pineta<\/title>\n<meta name=\"robots\" content=\"index, follow, max-snippet:-1, max-image-preview:large, max-video-preview:-1\" \/>\n<link rel=\"canonical\" href=\"https:\/\/www.campingmarepineta.it\/en\/cookie-policy\/\" \/>\n<meta property=\"og:locale\" content=\"en_US\" \/>\n<meta property=\"og:type\" content=\"article\" \/>\n<meta property=\"og:title\" content=\"Cookie policy - Camping Mare e Pineta\" \/>\n<meta property=\"og:url\" content=\"https:\/\/www.campingmarepineta.it\/en\/cookie-policy\/\" \/>\n<meta property=\"og:site_name\" content=\"Camping Mare e Pineta\" \/>\n<meta property=\"article:modified_time\" content=\"2024-02-16T11:23:55+00:00\" \/>\n<meta name=\"twitter:card\" content=\"summary_large_image\" \/>\n<meta name=\"twitter:label1\" content=\"Est. reading time\" \/>\n\t<meta name=\"twitter:data1\" content=\"6 minutes\" \/>\n<script type=\"application\/ld+json\" class=\"yoast-schema-graph\">{\"@context\":\"https:\/\/schema.org\",\"@graph\":[{\"@type\":\"WebPage\",\"@id\":\"https:\/\/www.campingmarepineta.it\/en\/cookie-policy\/\",\"url\":\"https:\/\/www.campingmarepineta.it\/en\/cookie-policy\/\",\"name\":\"Cookie policy - Camping Mare e Pineta\",\"isPartOf\":{\"@id\":\"https:\/\/www.campingmarepineta.it\/#website\"},\"datePublished\":\"2024-02-16T11:23:53+00:00\",\"dateModified\":\"2024-02-16T11:23:55+00:00\",\"breadcrumb\":{\"@id\":\"https:\/\/www.campingmarepineta.it\/en\/cookie-policy\/#breadcrumb\"},\"inLanguage\":\"en-US\",\"potentialAction\":[{\"@type\":\"ReadAction\",\"target\":[\"https:\/\/www.campingmarepineta.it\/en\/cookie-policy\/\"]}]},{\"@type\":\"BreadcrumbList\",\"@id\":\"https:\/\/www.campingmarepineta.it\/en\/cookie-policy\/#breadcrumb\",\"itemListElement\":[{\"@type\":\"ListItem\",\"position\":1,\"name\":\"Home\",\"item\":\"https:\/\/www.campingmarepineta.it\/en\/\"},{\"@type\":\"ListItem\",\"position\":2,\"name\":\"Cookie policy\"}]},{\"@type\":\"WebSite\",\"@id\":\"https:\/\/www.campingmarepineta.it\/#website\",\"url\":\"https:\/\/www.campingmarepineta.it\/\",\"name\":\"Camping Mare e Pineta\",\"description\":\"\",\"publisher\":{\"@id\":\"https:\/\/www.campingmarepineta.it\/#organization\"},\"potentialAction\":[{\"@type\":\"SearchAction\",\"target\":{\"@type\":\"EntryPoint\",\"urlTemplate\":\"https:\/\/www.campingmarepineta.it\/?s={search_term_string}\"},\"query-input\":{\"@type\":\"PropertyValueSpecification\",\"valueRequired\":true,\"valueName\":\"search_term_string\"}}],\"inLanguage\":\"en-US\"},{\"@type\":\"Organization\",\"@id\":\"https:\/\/www.campingmarepineta.it\/#organization\",\"name\":\"Camping Mare & Pineta\",\"url\":\"https:\/\/www.campingmarepineta.it\/\",\"logo\":{\"@type\":\"ImageObject\",\"inLanguage\":\"en-US\",\"@id\":\"https:\/\/www.campingmarepineta.it\/#\/schema\/logo\/image\/\",\"url\":\"https:\/\/www.campingmarepineta.it\/wp-content\/uploads\/2018\/11\/logo.png\",\"contentUrl\":\"https:\/\/www.campingmarepineta.it\/wp-content\/uploads\/2018\/11\/logo.png\",\"width\":320,\"height\":166,\"caption\":\"Camping Mare & Pineta\"},\"image\":{\"@id\":\"https:\/\/www.campingmarepineta.it\/#\/schema\/logo\/image\/\"}}]}<\/script>\n<!-- \/ Yoast SEO plugin. -->","yoast_head_json":{"title":"Cookie policy - Camping Mare e Pineta","robots":{"index":"index","follow":"follow","max-snippet":"max-snippet:-1","max-image-preview":"max-image-preview:large","max-video-preview":"max-video-preview:-1"},"canonical":"https:\/\/www.campingmarepineta.it\/en\/cookie-policy\/","og_locale":"en_US","og_type":"article","og_title":"Cookie policy - Camping Mare e Pineta","og_url":"https:\/\/www.campingmarepineta.it\/en\/cookie-policy\/","og_site_name":"Camping Mare e Pineta","article_modified_time":"2024-02-16T11:23:55+00:00","twitter_card":"summary_large_image","twitter_misc":{"Est. reading time":"6 minutes"},"schema":{"@context":"https:\/\/schema.org","@graph":[{"@type":"WebPage","@id":"https:\/\/www.campingmarepineta.it\/en\/cookie-policy\/","url":"https:\/\/www.campingmarepineta.it\/en\/cookie-policy\/","name":"Cookie policy - Camping Mare e Pineta","isPartOf":{"@id":"https:\/\/www.campingmarepineta.it\/#website"},"datePublished":"2024-02-16T11:23:53+00:00","dateModified":"2024-02-16T11:23:55+00:00","breadcrumb":{"@id":"https:\/\/www.campingmarepineta.it\/en\/cookie-policy\/#breadcrumb"},"inLanguage":"en-US","potentialAction":[{"@type":"ReadAction","target":["https:\/\/www.campingmarepineta.it\/en\/cookie-policy\/"]}]},{"@type":"BreadcrumbList","@id":"https:\/\/www.campingmarepineta.it\/en\/cookie-policy\/#breadcrumb","itemListElement":[{"@type":"ListItem","position":1,"name":"Home","item":"https:\/\/www.campingmarepineta.it\/en\/"},{"@type":"ListItem","position":2,"name":"Cookie policy"}]},{"@type":"WebSite","@id":"https:\/\/www.campingmarepineta.it\/#website","url":"https:\/\/www.campingmarepineta.it\/","name":"Camping Mare e Pineta","description":"","publisher":{"@id":"https:\/\/www.campingmarepineta.it\/#organization"},"potentialAction":[{"@type":"SearchAction","target":{"@type":"EntryPoint","urlTemplate":"https:\/\/www.campingmarepineta.it\/?s={search_term_string}"},"query-input":{"@type":"PropertyValueSpecification","valueRequired":true,"valueName":"search_term_string"}}],"inLanguage":"en-US"},{"@type":"Organization","@id":"https:\/\/www.campingmarepineta.it\/#organization","name":"Camping Mare & Pineta","url":"https:\/\/www.campingmarepineta.it\/","logo":{"@type":"ImageObject","inLanguage":"en-US","@id":"https:\/\/www.campingmarepineta.it\/#\/schema\/logo\/image\/","url":"https:\/\/www.campingmarepineta.it\/wp-content\/uploads\/2018\/11\/logo.png","contentUrl":"https:\/\/www.campingmarepineta.it\/wp-content\/uploads\/2018\/11\/logo.png","width":320,"height":166,"caption":"Camping Mare & Pineta"},"image":{"@id":"https:\/\/www.campingmarepineta.it\/#\/schema\/logo\/image\/"}}]}},"_links":{"self":[{"href":"https:\/\/www.campingmarepineta.it\/en\/wp-json\/wp\/v2\/pages\/14311","targetHints":{"allow":["GET"]}}],"collection":[{"href":"https:\/\/www.campingmarepineta.it\/en\/wp-json\/wp\/v2\/pages"}],"about":[{"href":"https:\/\/www.campingmarepineta.it\/en\/wp-json\/wp\/v2\/types\/page"}],"author":[{"embeddable":true,"href":"https:\/\/www.campingmarepineta.it\/en\/wp-json\/wp\/v2\/users\/1"}],"replies":[{"embeddable":true,"href":"https:\/\/www.campingmarepineta.it\/en\/wp-json\/wp\/v2\/comments?post=14311"}],"version-history":[{"count":1,"href":"https:\/\/www.campingmarepineta.it\/en\/wp-json\/wp\/v2\/pages\/14311\/revisions"}],"predecessor-version":[{"id":14312,"href":"https:\/\/www.campingmarepineta.it\/en\/wp-json\/wp\/v2\/pages\/14311\/revisions\/14312"}],"wp:attachment":[{"href":"https:\/\/www.campingmarepineta.it\/en\/wp-json\/wp\/v2\/media?parent=14311"}],"curies":[{"name":"wp","href":"https:\/\/api.w.org\/{rel}","templated":true}]}}