




{"id":11372,"date":"2024-02-12T10:22:28","date_gmt":"2024-02-12T09:22:28","guid":{"rendered":"https:\/\/www.campingmarepineta.it\/?page_id=11372"},"modified":"2025-05-17T12:16:42","modified_gmt":"2025-05-17T10:16:42","slug":"experiences","status":"publish","type":"page","link":"https:\/\/www.campingmarepineta.it\/fr\/experiences\/","title":{"rendered":"Exp\u00e9riences"},"content":{"rendered":"\n\n  <div class=\"banner has-hover\" id=\"banner-1251121669\">\n          <div class=\"banner-inner fill\">\n        <div class=\"banner-bg fill\" >\n                                    <div class=\"overlay\"><\/div>            \n                    <\/div>\n\t\t\n        <div class=\"banner-layers container\">\n            <div class=\"fill banner-link\"><\/div>            \n\n   <div id=\"text-box-250041291\" class=\"text-box banner-layer x50 md-x50 lg-x50 y50 md-y50 lg-y50 res-text\">\n              <div data-parallax=\"-1\" data-parallax-fade=\"true\">       <div data-animate=\"fadeInUp\">           <div class=\"text-box-content text dark text-shadow-1\">\n              \n              <div class=\"text-inner text-left\">\n                  \n\n<h1 class=\"entry-title is-larger\"><strong>Servizi Camping Village<\/strong><\/h1>\n\n              <\/div>\n           <\/div>\n       <\/div>       <\/div>              \n<style>\n#text-box-250041291 {\n  width: 100%;\n}\n#text-box-250041291 .text-box-content {\n  font-size: 100%;\n}\n<\/style>\n    <\/div>\n \n\n        <\/div>\n      <\/div>\n\n            \n<style>\n#banner-1251121669 {\n  padding-top: 160px;\n}\n#banner-1251121669 .overlay {\n  background-color: rgba(0, 0, 0, 0.12);\n}\n<\/style>\n  <\/div>\n\n\n\n\t<section class=\"section no-background-image blur-background\" id=\"section_1275534729\">\n\t\t<div class=\"section-bg fill\" >\n\t\t\t\t\t\t\t\t\t\n\t\t\t\n\n\t\t<\/div>\n\n\t\t\n\n\t\t<div class=\"section-content relative\">\n\t\t\t\r\n\r\n<form target=\"_blank\" action=\"http:\/\/booking.campingmarepineta.it\/html\/pricelist.php?lang=3\" method=\"post\"name=\"form_prenota\" id=\"form_prenota\">\r\n<div class=\"container\" style=\"max-width:900px;\">\r\n<div id=\"row-booking-form\" class=\"align-center\">\r\n<div class=\"col\">\r\n<div class=\"col-inner\"><label>DATE D\u2019ARRIV\u00c9E:<input name=\"dataInizio\" type=\"text\" class=\"calendar\" value=\"\" placeholder=\"gg\/mm\/aaaa\" \/><\/label><\/div>\r\n<\/div>\r\n<div class=\"col\">\r\n<div class=\"col-inner\"><label>DATE DE D\u00c9PART:<input name=\"dataFine\" type=\"text\" class=\"calendar\" value=\"\" placeholder=\"gg\/mm\/aaaa\" \/><\/label><\/div>\r\n<\/div>\r\n<div class=\"col\">\r\n<div class=\"col-inner\"><label>STRUCTURES:<select id=\"tipo\" class=\"wpcf7-form-control wpcf7-select\" name=\"nomelistino\"><option value=\"4\">Tous<\/option><option value=\"1\">Camping<\/option><option value=\"2\">Appartements et Villas<\/option><option value=\"3\">Mobil Home<\/option><\/select><\/label><\/div>\r\n<\/div>\r\n<div class=\"col\">\r\n<div class=\"col-inner\"><label>PERSONNESS:<select id=\"select\" class=\"wpcf7-form-control wpcf7-select\" name=\"persone\"><option>1<\/option><option>2<\/option><option>3<\/option><option>4<\/option><option>5<\/option><option>6<\/option><\/select><\/label><\/div>\r\n<\/div>\r\n<div class=\"col\">\r\n<div class=\"col-inner\"><label><br \/>\r\n                        <input name=\"step\" type=\"hidden\" value=\"0\" \/><input type=\"hidden\" value=\"1\" name=\"cerca\"><button name=\"submit\" type=\"submit\" class=\"button midnight-blue  \">CHERCHEZ<\/button><\/label><\/div>\r\n<\/div>\r\n<\/div>\r\n<\/div>\r\n<\/form>\r\n\r\n\r\n\t\t<\/div>\n\n\t\t\n<style>\n#section_1275534729 {\n  padding-top: 30px;\n  padding-bottom: 30px;\n  background-color: rgba(255, 255, 255, 0.4);\n}\n<\/style>\n\t<\/section>\n\t\n\n\n\t<section class=\"section dark\" id=\"section_1148097206\">\n\t\t<div class=\"section-bg fill\" >\n\t\t\t\t\t\t\t\t\t\n\t\t\t\n\n\t\t<\/div>\n\n\t\t\n\n\t\t<div class=\"section-content relative\">\n\t\t\t\n\n<div class=\"nav-wrapper\"><ul class=\"nav nav-uppercase nav-horizontal nav-divided text-center nav-center\"><li class=><a href=\"https:\/\/www.campingmarepineta.it\/fr\/experiences\/spiaggia\/\">Plage<\/a><\/li><li class=><a href=\"https:\/\/www.campingmarepineta.it\/fr\/experiences\/sport\/\">Sport<\/a><\/li><li class=><a href=\"https:\/\/www.campingmarepineta.it\/fr\/experiences\/animation\/\">Animation<\/a><\/li><li class=><a href=\"https:\/\/www.campingmarepineta.it\/fr\/experiences\/le-parc-aquatique\/\">Le parc aquatique<\/a><\/li><\/ul><\/div>\n\n\n\t\t<\/div>\n\n\t\t\n<style>\n#section_1148097206 {\n  padding-top: 10px;\n  padding-bottom: 10px;\n  background-color: #2378ad;\n}\n<\/style>\n\t<\/section>\n\t\n\n\t<section class=\"section\" id=\"section_1492751207\">\n\t\t<div class=\"section-bg fill\" >\n\t\t\t\t\t\t\t\t\t\n\t\t\t\n\n\t\t<\/div>\n\n\t\t\n\n\t\t<div class=\"section-content relative\">\n\t\t\t\n\n<div class=\"row row-large align-middle\"  id=\"row-266642853\">\n\n\n\t<div id=\"col-318277575\" class=\"col small-12 large-12\"  data-animate=\"fadeInLeft\">\n\t\t\t\t<div class=\"col-inner text-left\"  >\n\t\t\t\n\t\t\t\n\n<p>D\u00e9tendez-vous sur la grande plage de sable fin, au choix entre la zone \u00e9quip\u00e9e et la plage libre, pour se rafra\u00eechir ensuite avec un bon plongeon dans la mer Adriatique.<\/p>\n<p>Dans notre parc aquatique, vous pouvez vous amuser avec les plus petits dans les bassins avec des toboggans et des jeux d\u2019eau, nager dans la piscine semi-olympique, se d\u00e9tendre dans la piscine avec hydromassage et cascades cervicales.<\/p>\n<p>Rythmes, jeux et musique, une \u00e9quipe de professionnels s\u2019efforcera d\u2019animer vos journ\u00e9es et soir\u00e9es. De nombreuses fa\u00e7ons amusantes pour passer les heures les plus sereins. Loisirs avec une activit\u00e9 physique saine dans les pratiques sportives en plein air, comme le beach-volley, le beach-tennis, le baby-foot.<\/p>\n<p>Gymnase en plein air et\u00a0 salle de fitness \u00e9quip\u00e9e Technogym.<\/p>\n<p>Il Mare e Pineta, gr\u00e2ce \u00e0 sa position g\u00e9ographique strat\u00e9gique, est un point de d\u00e9part id\u00e9al pour des itin\u00e9raires touristiques dans les villes riches en histoire, comme Comacchio, Ravenna et Ferrara, et pour des excursions en v\u00e9lo ou en bateau dans les \u201cValli di Comacchio\u201d.<\/p>\n\n\t\t<\/div>\n\t\t\t\t\n<style>\n#col-318277575 > .col-inner {\n  padding: 0px 0px 0px 0px;\n  margin: 0px 0px -30px 0px;\n}\n<\/style>\n\t<\/div>\n\n\t\n\n<\/div>\n\n\t\t<\/div>\n\n\t\t\n<style>\n#section_1492751207 {\n  padding-top: 30px;\n  padding-bottom: 30px;\n}\n<\/style>\n\t<\/section>\n\t\n\n\t<section class=\"section\" id=\"section_1171099939\">\n\t\t<div class=\"section-bg fill\" >\n\t\t\t\t\t\t\t\t\t\n\t\t\t\n\n\t\t<\/div>\n\n\t\t\n\n\t\t<div class=\"section-content relative\">\n\t\t\t\n\n<div class=\"row row-collapse align-equal\"  id=\"row-1999586742\">\n\n\n\t<div id=\"col-959727051\" class=\"col medium-3 small-12 large-3\"  >\n\t\t\t\t<div class=\"col-inner\"  >\n\t\t\t\n\t\t\t\n\n\n\t\t<\/div>\n\t\t\t\t\n<style>\n#col-959727051 > .col-inner {\n  padding: 0px 0px 0 0px;\n  margin: 0px 0px 0 0px;\n}\n<\/style>\n\t<\/div>\n\n\t\n\n\t<div id=\"col-136996944\" class=\"col medium-3 small-12 large-3\"  >\n\t\t\t\t<div class=\"col-inner\"  >\n\t\t\t\n\t\t\t\n\n<ul style=\"margin: 0;\">\n<li class=\"bullet-checkmark\">Snack Bar<\/li>\n<li class=\"bullet-checkmark\">Supermarch\u00e9-Bazar-Location de v\u00e9los<\/li>\n<li class=\"bullet-checkmark\">Marchade de fruits et l\u00e9gumes<\/li>\n\n\t\t<\/div>\n\t\t\t\t\n<style>\n#col-136996944 > .col-inner {\n  padding: 0px 0px 0 0px;\n  margin: 0px 0px 0 0px;\n}\n<\/style>\n\t<\/div>\n\n\t\n\n\t<div id=\"col-1296682220\" class=\"col medium-3 small-12 large-3\"  >\n\t\t\t\t<div class=\"col-inner\"  >\n\t\t\t\n\t\t\t\n\n<ul style=\"margin: 0;\">\n<li class=\"bullet-checkmark\">Sauna<\/li>\n<li class=\"bullet-checkmark\">Buanderie<\/li>\n<li class=\"bullet-checkmark\">Cabinet m\u00e9dical<\/li>\n<\/ul>\n\n\t\t<\/div>\n\t\t\t\t\n<style>\n#col-1296682220 > .col-inner {\n  padding: 0px 0px 0 0px;\n  margin: 0px 0px 0 0px;\n}\n<\/style>\n\t<\/div>\n\n\t\n\n\t<div id=\"col-866747835\" class=\"col medium-3 small-12 large-3\"  >\n\t\t\t\t<div class=\"col-inner\"  >\n\t\t\t\n\t\t\t\n\n<ul style=\"margin: 0;\">\n<li class=\"bullet-checkmark\">Restaurant-pizzeria<\/li>\n<li class=\"bullet-checkmark\">Glacier<\/li>\n<li class=\"bullet-checkmark\">Plage priv\u00e9e<\/li>\n<\/ul>\n\n\t\t<\/div>\n\t\t\t\t\n<style>\n#col-866747835 > .col-inner {\n  padding: 0px 0px 0px 0px;\n  margin: 0px 0px 0 0px;\n}\n<\/style>\n\t<\/div>\n\n\t\n\n\n<style>\n#row-1999586742 > .col > .col-inner {\n  padding: 0 0px 0px 0px;\n}\n<\/style>\n<\/div>\n\n\t\t<\/div>\n\n\t\t\n<style>\n#section_1171099939 {\n  padding-top: 30px;\n  padding-bottom: 30px;\n  background-color: rgb(241, 241, 241);\n}\n<\/style>\n\t<\/section>\n\t\n\n","protected":false},"excerpt":{"rendered":"","protected":false},"author":1,"featured_media":0,"parent":0,"menu_order":0,"comment_status":"closed","ping_status":"closed","template":"page-blank.php","meta":{"footnotes":""},"class_list":["post-11372","page","type-page","status-publish","hentry"],"yoast_head":"<!-- This site is optimized with the Yoast SEO plugin v25.0 - https:\/\/yoast.com\/wordpress\/plugins\/seo\/ -->\n<title>Exp\u00e9riences - Camping Mare e Pineta<\/title>\n<meta name=\"robots\" content=\"index, follow, max-snippet:-1, max-image-preview:large, max-video-preview:-1\" \/>\n<link rel=\"canonical\" href=\"https:\/\/www.campingmarepineta.it\/fr\/experiences\/\" \/>\n<meta property=\"og:locale\" content=\"fr_FR\" \/>\n<meta property=\"og:type\" content=\"article\" \/>\n<meta property=\"og:title\" content=\"Exp\u00e9riences - Camping Mare e Pineta\" \/>\n<meta property=\"og:url\" content=\"https:\/\/www.campingmarepineta.it\/fr\/experiences\/\" \/>\n<meta property=\"og:site_name\" content=\"Camping Mare e Pineta\" \/>\n<meta property=\"article:modified_time\" content=\"2025-05-17T10:16:42+00:00\" \/>\n<meta name=\"twitter:card\" content=\"summary_large_image\" \/>\n<meta name=\"twitter:label1\" content=\"Dur\u00e9e de lecture estim\u00e9e\" \/>\n\t<meta name=\"twitter:data1\" content=\"2 minutes\" \/>\n<script type=\"application\/ld+json\" class=\"yoast-schema-graph\">{\"@context\":\"https:\/\/schema.org\",\"@graph\":[{\"@type\":\"WebPage\",\"@id\":\"https:\/\/www.campingmarepineta.it\/fr\/experiences\/\",\"url\":\"https:\/\/www.campingmarepineta.it\/fr\/experiences\/\",\"name\":\"Exp\u00e9riences - Camping Mare e Pineta\",\"isPartOf\":{\"@id\":\"https:\/\/www.campingmarepineta.it\/#website\"},\"datePublished\":\"2024-02-12T09:22:28+00:00\",\"dateModified\":\"2025-05-17T10:16:42+00:00\",\"breadcrumb\":{\"@id\":\"https:\/\/www.campingmarepineta.it\/fr\/experiences\/#breadcrumb\"},\"inLanguage\":\"fr-FR\",\"potentialAction\":[{\"@type\":\"ReadAction\",\"target\":[\"https:\/\/www.campingmarepineta.it\/fr\/experiences\/\"]}]},{\"@type\":\"BreadcrumbList\",\"@id\":\"https:\/\/www.campingmarepineta.it\/fr\/experiences\/#breadcrumb\",\"itemListElement\":[{\"@type\":\"ListItem\",\"position\":1,\"name\":\"Home\",\"item\":\"https:\/\/www.campingmarepineta.it\/fr\/\"},{\"@type\":\"ListItem\",\"position\":2,\"name\":\"Exp\u00e9riences\"}]},{\"@type\":\"WebSite\",\"@id\":\"https:\/\/www.campingmarepineta.it\/#website\",\"url\":\"https:\/\/www.campingmarepineta.it\/\",\"name\":\"Camping Mare e Pineta\",\"description\":\"\",\"publisher\":{\"@id\":\"https:\/\/www.campingmarepineta.it\/#organization\"},\"potentialAction\":[{\"@type\":\"SearchAction\",\"target\":{\"@type\":\"EntryPoint\",\"urlTemplate\":\"https:\/\/www.campingmarepineta.it\/?s={search_term_string}\"},\"query-input\":{\"@type\":\"PropertyValueSpecification\",\"valueRequired\":true,\"valueName\":\"search_term_string\"}}],\"inLanguage\":\"fr-FR\"},{\"@type\":\"Organization\",\"@id\":\"https:\/\/www.campingmarepineta.it\/#organization\",\"name\":\"Camping Mare & Pineta\",\"url\":\"https:\/\/www.campingmarepineta.it\/\",\"logo\":{\"@type\":\"ImageObject\",\"inLanguage\":\"fr-FR\",\"@id\":\"https:\/\/www.campingmarepineta.it\/#\/schema\/logo\/image\/\",\"url\":\"https:\/\/www.campingmarepineta.it\/wp-content\/uploads\/2018\/11\/logo.png\",\"contentUrl\":\"https:\/\/www.campingmarepineta.it\/wp-content\/uploads\/2018\/11\/logo.png\",\"width\":320,\"height\":166,\"caption\":\"Camping Mare & Pineta\"},\"image\":{\"@id\":\"https:\/\/www.campingmarepineta.it\/#\/schema\/logo\/image\/\"}}]}<\/script>\n<!-- \/ Yoast SEO plugin. -->","yoast_head_json":{"title":"Exp\u00e9riences - Camping Mare e Pineta","robots":{"index":"index","follow":"follow","max-snippet":"max-snippet:-1","max-image-preview":"max-image-preview:large","max-video-preview":"max-video-preview:-1"},"canonical":"https:\/\/www.campingmarepineta.it\/fr\/experiences\/","og_locale":"fr_FR","og_type":"article","og_title":"Exp\u00e9riences - Camping Mare e Pineta","og_url":"https:\/\/www.campingmarepineta.it\/fr\/experiences\/","og_site_name":"Camping Mare e Pineta","article_modified_time":"2025-05-17T10:16:42+00:00","twitter_card":"summary_large_image","twitter_misc":{"Dur\u00e9e de lecture estim\u00e9e":"2 minutes"},"schema":{"@context":"https:\/\/schema.org","@graph":[{"@type":"WebPage","@id":"https:\/\/www.campingmarepineta.it\/fr\/experiences\/","url":"https:\/\/www.campingmarepineta.it\/fr\/experiences\/","name":"Exp\u00e9riences - Camping Mare e Pineta","isPartOf":{"@id":"https:\/\/www.campingmarepineta.it\/#website"},"datePublished":"2024-02-12T09:22:28+00:00","dateModified":"2025-05-17T10:16:42+00:00","breadcrumb":{"@id":"https:\/\/www.campingmarepineta.it\/fr\/experiences\/#breadcrumb"},"inLanguage":"fr-FR","potentialAction":[{"@type":"ReadAction","target":["https:\/\/www.campingmarepineta.it\/fr\/experiences\/"]}]},{"@type":"BreadcrumbList","@id":"https:\/\/www.campingmarepineta.it\/fr\/experiences\/#breadcrumb","itemListElement":[{"@type":"ListItem","position":1,"name":"Home","item":"https:\/\/www.campingmarepineta.it\/fr\/"},{"@type":"ListItem","position":2,"name":"Exp\u00e9riences"}]},{"@type":"WebSite","@id":"https:\/\/www.campingmarepineta.it\/#website","url":"https:\/\/www.campingmarepineta.it\/","name":"Camping Mare e Pineta","description":"","publisher":{"@id":"https:\/\/www.campingmarepineta.it\/#organization"},"potentialAction":[{"@type":"SearchAction","target":{"@type":"EntryPoint","urlTemplate":"https:\/\/www.campingmarepineta.it\/?s={search_term_string}"},"query-input":{"@type":"PropertyValueSpecification","valueRequired":true,"valueName":"search_term_string"}}],"inLanguage":"fr-FR"},{"@type":"Organization","@id":"https:\/\/www.campingmarepineta.it\/#organization","name":"Camping Mare & Pineta","url":"https:\/\/www.campingmarepineta.it\/","logo":{"@type":"ImageObject","inLanguage":"fr-FR","@id":"https:\/\/www.campingmarepineta.it\/#\/schema\/logo\/image\/","url":"https:\/\/www.campingmarepineta.it\/wp-content\/uploads\/2018\/11\/logo.png","contentUrl":"https:\/\/www.campingmarepineta.it\/wp-content\/uploads\/2018\/11\/logo.png","width":320,"height":166,"caption":"Camping Mare & Pineta"},"image":{"@id":"https:\/\/www.campingmarepineta.it\/#\/schema\/logo\/image\/"}}]}},"_links":{"self":[{"href":"https:\/\/www.campingmarepineta.it\/fr\/wp-json\/wp\/v2\/pages\/11372","targetHints":{"allow":["GET"]}}],"collection":[{"href":"https:\/\/www.campingmarepineta.it\/fr\/wp-json\/wp\/v2\/pages"}],"about":[{"href":"https:\/\/www.campingmarepineta.it\/fr\/wp-json\/wp\/v2\/types\/page"}],"author":[{"embeddable":true,"href":"https:\/\/www.campingmarepineta.it\/fr\/wp-json\/wp\/v2\/users\/1"}],"replies":[{"embeddable":true,"href":"https:\/\/www.campingmarepineta.it\/fr\/wp-json\/wp\/v2\/comments?post=11372"}],"version-history":[{"count":9,"href":"https:\/\/www.campingmarepineta.it\/fr\/wp-json\/wp\/v2\/pages\/11372\/revisions"}],"predecessor-version":[{"id":15497,"href":"https:\/\/www.campingmarepineta.it\/fr\/wp-json\/wp\/v2\/pages\/11372\/revisions\/15497"}],"wp:attachment":[{"href":"https:\/\/www.campingmarepineta.it\/fr\/wp-json\/wp\/v2\/media?parent=11372"}],"curies":[{"name":"wp","href":"https:\/\/api.w.org\/{rel}","templated":true}]}}