




{"id":11377,"date":"2024-02-12T10:27:43","date_gmt":"2024-02-12T09:27:43","guid":{"rendered":"https:\/\/www.campingmarepineta.it\/?page_id=11377"},"modified":"2024-02-12T10:56:56","modified_gmt":"2024-02-12T09:56:56","slug":"le-parc-aquatique","status":"publish","type":"page","link":"https:\/\/www.campingmarepineta.it\/fr\/experiences\/le-parc-aquatique\/","title":{"rendered":"Le parc aquatique"},"content":{"rendered":"\n\n  <div class=\"banner has-hover is-full-height has-parallax\" id=\"banner-1317065117\">\n          <div class=\"banner-inner fill\">\n        <div class=\"banner-bg fill\" data-parallax=\"-6\" data-parallax-container=\".banner\" data-parallax-background>\n            <img loading=\"lazy\" decoding=\"async\" width=\"3500\" height=\"2333\" src=\"https:\/\/www.campingmarepineta.it\/wp-content\/uploads\/2020\/02\/DSC_9369.jpg\" class=\"bg attachment-original size-original\" alt=\"\" \/>                        <div class=\"overlay\"><\/div>            \n                    <\/div>\n\t\t\n        <div class=\"banner-layers container\">\n            <div class=\"fill banner-link\"><\/div>            \n\n   <div id=\"text-box-2088687475\" class=\"text-box banner-layer x50 md-x50 lg-x50 y50 md-y50 lg-y50 res-text\">\n              <div data-parallax=\"-1\" data-parallax-fade=\"true\">       <div data-animate=\"fadeInUp\">           <div class=\"text-box-content text dark text-shadow-1\">\n              \n              <div class=\"text-inner text-center\">\n                  \n\n\t<div id=\"text-2316860494\" class=\"text\">\n\t\t\n\n<h1 data-animate=\"fadeInUp\">Le parc aquatique<\/h1>\n<p class=\"is-smaller\" data-animate=\"fadeInUp\"><span><span><a href=\"https:\/\/www.campingmarepineta.it\/fr\/\">Home<\/a><\/span><\/span>\n\t\t\n<style>\n#text-2316860494 {\n  font-size: 1rem;\n}\n@media (min-width:550px) {\n  #text-2316860494 {\n    font-size: 2rem;\n  }\n}\n<\/style>\n\t<\/div>\n\t\n\n              <\/div>\n           <\/div>\n       <\/div>       <\/div>              \n<style>\n#text-box-2088687475 {\n  width: 80%;\n}\n#text-box-2088687475 .text-box-content {\n  font-size: 100%;\n}\n<\/style>\n    <\/div>\n \n\n        <\/div>\n      <\/div>\n\n            \n<style>\n#banner-1317065117 {\n  padding-top: 99.99%;\n}\n#banner-1317065117 .overlay {\n  background-color: rgba(0, 0, 0, 0.256);\n}\n#banner-1317065117 .banner-bg img {\n  object-position: 50% 99%;\n}\n@media (min-width:550px) {\n  #banner-1317065117 {\n    padding-top: 100%;\n  }\n}\n<\/style>\n  <\/div>\n\n\n\n\t<section class=\"section\" id=\"section_172675131\">\n\t\t<div class=\"section-bg fill\" >\n\t\t\t\t\t\t\t\t\t\n\t\t\t\n\n\t\t<\/div>\n\n\t\t\n\n\t\t<div class=\"section-content relative\">\n\t\t\t\n\n\n\t<section class=\"section no-background-image blur-background\" id=\"section_1791225457\">\n\t\t<div class=\"section-bg fill\" >\n\t\t\t\t\t\t\t\t\t\n\t\t\t\n\n\t\t<\/div>\n\n\t\t\n\n\t\t<div class=\"section-content relative\">\n\t\t\t\r\n\r\n<form target=\"_blank\" action=\"http:\/\/booking.campingmarepineta.it\/html\/pricelist.php?lang=3\" method=\"post\"name=\"form_prenota\" id=\"form_prenota\">\r\n<div class=\"container\" style=\"max-width:900px;\">\r\n<div id=\"row-booking-form\" class=\"align-center\">\r\n<div class=\"col\">\r\n<div class=\"col-inner\"><label>DATE D\u2019ARRIV\u00c9E:<input name=\"dataInizio\" type=\"text\" class=\"calendar\" value=\"\" placeholder=\"gg\/mm\/aaaa\" \/><\/label><\/div>\r\n<\/div>\r\n<div class=\"col\">\r\n<div class=\"col-inner\"><label>DATE DE D\u00c9PART:<input name=\"dataFine\" type=\"text\" class=\"calendar\" value=\"\" placeholder=\"gg\/mm\/aaaa\" \/><\/label><\/div>\r\n<\/div>\r\n<div class=\"col\">\r\n<div class=\"col-inner\"><label>STRUCTURES:<select id=\"tipo\" class=\"wpcf7-form-control wpcf7-select\" name=\"nomelistino\"><option value=\"4\">Tous<\/option><option value=\"1\">Camping<\/option><option value=\"2\">Appartements et Villas<\/option><option value=\"3\">Mobil Home<\/option><\/select><\/label><\/div>\r\n<\/div>\r\n<div class=\"col\">\r\n<div class=\"col-inner\"><label>PERSONNESS:<select id=\"select\" class=\"wpcf7-form-control wpcf7-select\" name=\"persone\"><option>1<\/option><option>2<\/option><option>3<\/option><option>4<\/option><option>5<\/option><option>6<\/option><\/select><\/label><\/div>\r\n<\/div>\r\n<div class=\"col\">\r\n<div class=\"col-inner\"><label><br \/>\r\n                        <input name=\"step\" type=\"hidden\" value=\"0\" \/><input type=\"hidden\" value=\"1\" name=\"cerca\"><button name=\"submit\" type=\"submit\" class=\"button midnight-blue  \">CHERCHEZ<\/button><\/label><\/div>\r\n<\/div>\r\n<\/div>\r\n<\/div>\r\n<\/form>\r\n\r\n\r\n\t\t<\/div>\n\n\t\t\n<style>\n#section_1791225457 {\n  padding-top: 30px;\n  padding-bottom: 30px;\n  background-color: rgba(255, 255, 255, 0.4);\n}\n<\/style>\n\t<\/section>\n\t\n\n\n\t\t<\/div>\n\n\t\t\n<style>\n#section_172675131 {\n  padding-top: 0px;\n  padding-bottom: 0px;\n  background-color: rgb(243, 243, 240);\n}\n<\/style>\n\t<\/section>\n\t\n\n\t<section class=\"section\" id=\"section_145400945\">\n\t\t<div class=\"section-bg fill\" >\n\t\t\t\t\t\t\t\t\t\n\t\t\t\n\n\t\t<\/div>\n\n\t\t\n\n\t\t<div class=\"section-content relative\">\n\t\t\t\n\n<div class=\"row\"  id=\"row-75515459\">\n\n\n\t<div id=\"col-1441714614\" class=\"col small-12 large-12\"  data-animate=\"fadeInUp\">\n\t\t\t\t<div class=\"col-inner text-left\"  >\n\t\t\t\n\t\t\t\n\n<p>Dans notre nouveau parc aquatique, ouvert du 15\u00a0mai (environ) au 10\u00a0septembre (environ), vous pourrez profiter d\u2019un espace de divertissement adapt\u00e9 \u00e0 tous.<\/p>\n<p>Notre piscine semi-olympique, d\u2019une profondeur de 140 cm, est parfaite pour nager et se rafra\u00eechir pendant les chaudes journ\u00e9es d\u2019\u00e9t\u00e9. Vous trouverez aussi un espace de d\u00e9tente avec hydromassages et cascades cervicales, avec une profondeur qui varie de 100 cm \u00e0 140 cm, id\u00e9al pour une d\u00e9tente totale.<\/p>\n<p>Pour les familles, nous avons pens\u00e9 \u00e0 deux zones sp\u00e9ciales pour les enfants de 0 \u00e0 10 ans, les deux riches en jeux. L\u2019un des bassins a une profondeur de 30 cm, tandis que l\u2019autre a une profondeur de 60 cm, assurant un environnement s\u00fbr pour les plus petits.<\/p>\n<p>Et pour ceux qui souhaitent pratiquer une activit\u00e9 physique, l\u2019\u00e9quipe d\u2019animation organise des cours d\u2019aquagym tous les jours, pour vous faire rester actifs et en forme pendant vos vacances.<\/p>\n<p>Dans le solarium, vous verrez \u00e0 votre disposition des chaises longues gratuites, disponible jusqu&rsquo;\u00e0 \u00e9puisement des stocks, afin que vous puissiez vous d\u00e9tendre au soleil dans le confort.<\/p>\n<p>La s\u00e9curit\u00e9 est une priorit\u00e9 pour nous, donc le service de sauvetage est toujours actif pour assurer un environnement s\u00fbr pour tous.<\/p>\n<p data-animate=\"fadeInUp\">Si vous avez envie d\u2019une pause, il y a un snack-bar o\u00f9 vous pourrez d\u00e9guster du caf\u00e9, des glaces, des sandwichs et plus encore.<\/p>\n\n\t\t<\/div>\n\t\t\t\t\t<\/div>\n\n\t\n\n<\/div>\n\n\t\t<\/div>\n\n\t\t\n<style>\n#section_145400945 {\n  padding-top: 30px;\n  padding-bottom: 30px;\n}\n<\/style>\n\t<\/section>\n\t\n\n\t<section class=\"section\" id=\"section_2082925867\">\n\t\t<div class=\"section-bg fill\" >\n\t\t\t\t\t\t\t\t\t\n\t\t\t\n\n\t\t<\/div>\n\n\t\t\n\n\t\t<div class=\"section-content relative\">\n\t\t\t\n\n  <style>\n    #gallery-1393924518 .grid-col-1{height: 600px}\n    #gallery-1393924518 .grid-col-1-2{height: 300px}\n    #gallery-1393924518 .grid-col-1-3{height:200px}\n    #gallery-1393924518 .grid-col-2-3{height: 400px}\n    #gallery-1393924518 .grid-col-1-4{height: 150px}\n    #gallery-1393924518 .grid-col-3-4{height: 450px}\n\n\n        \/* Tablet *\/\n    @media (max-width: 850px){\n      #gallery-1393924518 .grid-col-1{height: 400px}\n      #gallery-1393924518 .grid-col-1-2{height: 200px}\n      #gallery-1393924518 .grid-col-1-3{height:133.33333333333px}\n      #gallery-1393924518 .grid-col-2-3{height: 266.66666666667px}\n      #gallery-1393924518 .grid-col-1-4{height: 100px}\n      #gallery-1393924518 .grid-col-3-4{height: 300px}\n    }\n    \n        \/* Mobile *\/\n    @media (max-width: 550px){\n      #gallery-1393924518 .grid-col-1{height: 400px}\n      #gallery-1393924518 .grid-col-1-2{height: 200px}\n      #gallery-1393924518 .grid-col-1-3{height:133.33333333333px}\n      #gallery-1393924518 .grid-col-2-3{height: 266.66666666667px}\n      #gallery-1393924518 .grid-col-1-4{height: 100px}\n      #gallery-1393924518 .grid-col-3-4{height: 300px}\n    }\n    \n\n  <\/style>\n  \n  \n    <div id=\"gallery-1393924518\" class=\"row row-collapse row-full-width row-grid\" data-packery-options='{\"itemSelector\": \".col\", \"gutter\": 0, \"presentageWidth\" : true}'>\n\n  <div class=\"gallery-col col grid-col grid-col-1 large-6 medium-12\" data-animate=\"fadeInUp\">\n          <div class=\"col-inner\">\n            <a class=\"image-lightbox lightbox-gallery\" href=\"https:\/\/www.campingmarepineta.it\/wp-content\/uploads\/2021\/02\/DSC_9353-1200x800.jpg\" title=\"\">            <div class=\"box has-hover gallery-box box-overlay dark box-text-center\">\n              <div class=\"box-image image-zoom-fade\" >\n                <img loading=\"lazy\" decoding=\"async\" width=\"1020\" height=\"680\" src=\"https:\/\/www.campingmarepineta.it\/wp-content\/uploads\/2021\/02\/DSC_9353-1200x800.jpg\" class=\"attachment-large size-large\" alt=\"\" ids=\"12785,12782,13100,12887\" style=\"none\" type=\"grid\" grid=\"3\" col_spacing=\"collapse\" animate=\"fadeInUp\" image_hover=\"zoom-fade\" text_padding=\"0 0px 0px 0px\" srcset=\"https:\/\/www.campingmarepineta.it\/wp-content\/uploads\/2021\/02\/DSC_9353-1200x800.jpg 1200w, https:\/\/www.campingmarepineta.it\/wp-content\/uploads\/2021\/02\/DSC_9353-600x400.jpg 600w, https:\/\/www.campingmarepineta.it\/wp-content\/uploads\/2021\/02\/DSC_9353-768x512.jpg 768w, https:\/\/www.campingmarepineta.it\/wp-content\/uploads\/2021\/02\/DSC_9353-1536x1024.jpg 1536w, https:\/\/www.campingmarepineta.it\/wp-content\/uploads\/2021\/02\/DSC_9353-2048x1365.jpg 2048w\" sizes=\"auto, (max-width: 1020px) 100vw, 1020px\" \/>                                  <div class=\"overlay fill\"\n                      style=\"background-color: rgba(0,0,0,.15)\">\n                  <\/div>\n                                                              <\/div>\n              <div class=\"box-text text-left dark\" style=\"padding:0 0px 0px 0px;\">\n                 <p><\/p>\n              <\/div>\n            <\/div>\n            <\/a>          <\/div>\n         <\/div><div class=\"gallery-col col grid-col grid-col-1-2 large-6 medium-6\" data-animate=\"fadeInUp\">\n          <div class=\"col-inner\">\n            <a class=\"image-lightbox lightbox-gallery\" href=\"https:\/\/www.campingmarepineta.it\/wp-content\/uploads\/2021\/02\/DSC_9337-1200x800.jpg\" title=\"\">            <div class=\"box has-hover gallery-box box-overlay dark box-text-center\">\n              <div class=\"box-image image-zoom-fade\" >\n                <img loading=\"lazy\" decoding=\"async\" width=\"600\" height=\"400\" src=\"https:\/\/www.campingmarepineta.it\/wp-content\/uploads\/2021\/02\/DSC_9337-600x400.jpg\" class=\"attachment-medium size-medium\" alt=\"\" ids=\"12785,12782,13100,12887\" style=\"none\" type=\"grid\" grid=\"3\" col_spacing=\"collapse\" animate=\"fadeInUp\" image_hover=\"zoom-fade\" text_padding=\"0 0px 0px 0px\" srcset=\"https:\/\/www.campingmarepineta.it\/wp-content\/uploads\/2021\/02\/DSC_9337-600x400.jpg 600w, https:\/\/www.campingmarepineta.it\/wp-content\/uploads\/2021\/02\/DSC_9337-1200x800.jpg 1200w, https:\/\/www.campingmarepineta.it\/wp-content\/uploads\/2021\/02\/DSC_9337-768x512.jpg 768w, https:\/\/www.campingmarepineta.it\/wp-content\/uploads\/2021\/02\/DSC_9337-1536x1024.jpg 1536w, https:\/\/www.campingmarepineta.it\/wp-content\/uploads\/2021\/02\/DSC_9337-2048x1365.jpg 2048w\" sizes=\"auto, (max-width: 600px) 100vw, 600px\" \/>                                  <div class=\"overlay fill\"\n                      style=\"background-color: rgba(0,0,0,.15)\">\n                  <\/div>\n                                                              <\/div>\n              <div class=\"box-text text-left dark\" style=\"padding:0 0px 0px 0px;\">\n                 <p><\/p>\n              <\/div>\n            <\/div>\n            <\/a>          <\/div>\n         <\/div><div class=\"gallery-col col grid-col grid-col-1-2 large-3 medium-6\" data-animate=\"fadeInUp\">\n          <div class=\"col-inner\">\n            <a class=\"image-lightbox lightbox-gallery\" href=\"https:\/\/www.campingmarepineta.it\/wp-content\/uploads\/2024\/01\/DSC_4568-1200x800.jpg\" title=\"\">            <div class=\"box has-hover gallery-box box-overlay dark box-text-center\">\n              <div class=\"box-image image-zoom-fade\" >\n                <img loading=\"lazy\" decoding=\"async\" width=\"600\" height=\"400\" src=\"https:\/\/www.campingmarepineta.it\/wp-content\/uploads\/2024\/01\/DSC_4568-600x400.jpg\" class=\"attachment-medium size-medium\" alt=\"\" ids=\"12785,12782,13100,12887\" style=\"none\" type=\"grid\" grid=\"3\" col_spacing=\"collapse\" animate=\"fadeInUp\" image_hover=\"zoom-fade\" text_padding=\"0 0px 0px 0px\" srcset=\"https:\/\/www.campingmarepineta.it\/wp-content\/uploads\/2024\/01\/DSC_4568-600x400.jpg 600w, https:\/\/www.campingmarepineta.it\/wp-content\/uploads\/2024\/01\/DSC_4568-1200x800.jpg 1200w, https:\/\/www.campingmarepineta.it\/wp-content\/uploads\/2024\/01\/DSC_4568-768x512.jpg 768w, https:\/\/www.campingmarepineta.it\/wp-content\/uploads\/2024\/01\/DSC_4568.jpg 1280w\" sizes=\"auto, (max-width: 600px) 100vw, 600px\" \/>                                  <div class=\"overlay fill\"\n                      style=\"background-color: rgba(0,0,0,.15)\">\n                  <\/div>\n                                                              <\/div>\n              <div class=\"box-text text-left dark\" style=\"padding:0 0px 0px 0px;\">\n                 <p><\/p>\n              <\/div>\n            <\/div>\n            <\/a>          <\/div>\n         <\/div><div class=\"gallery-col col grid-col grid-col-1-2 large-3 medium-6\" data-animate=\"fadeInUp\">\n          <div class=\"col-inner\">\n            <a class=\"image-lightbox lightbox-gallery\" href=\"https:\/\/www.campingmarepineta.it\/wp-content\/uploads\/2023\/08\/parco-acquatico-1200x800.jpg\" title=\"\">            <div class=\"box has-hover gallery-box box-overlay dark box-text-center\">\n              <div class=\"box-image image-zoom-fade\" >\n                <img loading=\"lazy\" decoding=\"async\" width=\"600\" height=\"400\" src=\"https:\/\/www.campingmarepineta.it\/wp-content\/uploads\/2023\/08\/parco-acquatico-600x400.jpg\" class=\"attachment-medium size-medium\" alt=\"\" ids=\"12785,12782,13100,12887\" style=\"none\" type=\"grid\" grid=\"3\" col_spacing=\"collapse\" animate=\"fadeInUp\" image_hover=\"zoom-fade\" text_padding=\"0 0px 0px 0px\" srcset=\"https:\/\/www.campingmarepineta.it\/wp-content\/uploads\/2023\/08\/parco-acquatico-600x400.jpg 600w, https:\/\/www.campingmarepineta.it\/wp-content\/uploads\/2023\/08\/parco-acquatico-1200x800.jpg 1200w, https:\/\/www.campingmarepineta.it\/wp-content\/uploads\/2023\/08\/parco-acquatico-768x512.jpg 768w, https:\/\/www.campingmarepineta.it\/wp-content\/uploads\/2023\/08\/parco-acquatico.jpg 1280w\" sizes=\"auto, (max-width: 600px) 100vw, 600px\" \/>                                  <div class=\"overlay fill\"\n                      style=\"background-color: rgba(0,0,0,.15)\">\n                  <\/div>\n                                                              <\/div>\n              <div class=\"box-text text-left dark\" style=\"padding:0 0px 0px 0px;\">\n                 <p><\/p>\n              <\/div>\n            <\/div>\n            <\/a>          <\/div>\n         <\/div><\/div>\n\n\n\t\t<\/div>\n\n\t\t\n<style>\n#section_2082925867 {\n  padding-top: 0px;\n  padding-bottom: 0px;\n  margin-bottom: 0px;\n  min-height: 0px;\n  background-color: rgb(241, 241, 241);\n}\n<\/style>\n\t<\/section>\n\t\n\n\t<section class=\"section\" id=\"section_1948482669\">\n\t\t<div class=\"section-bg fill\" >\n\t\t\t\t\t\t\t\t\t\n\t\t\t\n\n\t\t<\/div>\n\n\t\t\n\n\t\t<div class=\"section-content relative\">\n\t\t\t\n\n\t<div id=\"text-3092130979\" class=\"text\">\n\t\t\n\n<h3 class=\"uppercase\" data-animate=\"fadeInUp\">Ils pourraient vous int\u00e9resser<\/h3>\n\t\t\n<style>\n#text-3092130979 {\n  font-size: 2rem;\n  text-align: center;\n}\n<\/style>\n\t<\/div>\n\t\n<div class=\"row row-collapse row-full-width\"  id=\"row-1600203120\">\n\n\n\t<div id=\"col-1989070827\" class=\"col small-12 large-12\"  data-animate=\"fadeInUp\">\n\t\t\t\t<div class=\"col-inner\"  >\n\t\t\t\n\t\t\t\n\n<div class=\"nav-wrapper\"><ul class=\"nav hide-for-small nav-uppercase nav-horizontal nav-size-xlarge nav-divided text-center nav-center\"><li class=><a href=\"https:\/\/www.campingmarepineta.it\/fr\/experiences\/spiaggia\/\">Plage<\/a><\/li><li class=><a href=\"https:\/\/www.campingmarepineta.it\/fr\/experiences\/sport\/\">Sport<\/a><\/li><li class=><a href=\"https:\/\/www.campingmarepineta.it\/fr\/experiences\/animation\/\">Animation<\/a><\/li><li class=active><a href=\"https:\/\/www.campingmarepineta.it\/fr\/experiences\/le-parc-aquatique\/\">Le parc aquatique<\/a><\/li><\/ul><\/div>\n\n<div class=\"nav-wrapper\"><ul class=\"nav show-for-small nav-uppercase nav-vertical nav-size-large nav-divided text-center nav-center\"><li class=><a href=\"https:\/\/www.campingmarepineta.it\/fr\/experiences\/spiaggia\/\">Plage<\/a><\/li><li class=><a href=\"https:\/\/www.campingmarepineta.it\/fr\/experiences\/sport\/\">Sport<\/a><\/li><li class=><a href=\"https:\/\/www.campingmarepineta.it\/fr\/experiences\/animation\/\">Animation<\/a><\/li><li class=active><a href=\"https:\/\/www.campingmarepineta.it\/fr\/experiences\/le-parc-aquatique\/\">Le parc aquatique<\/a><\/li><\/ul><\/div>\n\n\n\t\t<\/div>\n\t\t\t\t\n<style>\n#col-1989070827 > .col-inner {\n  padding: 0px 15px 0px 15px;\n}\n<\/style>\n\t<\/div>\n\n\t\n\n<\/div>\n\n\t\t<\/div>\n\n\t\t\n<style>\n#section_1948482669 {\n  padding-top: 60px;\n  padding-bottom: 60px;\n  background-color: rgb(255, 255, 255);\n}\n<\/style>\n\t<\/section>\n\t\n\n","protected":false},"excerpt":{"rendered":"","protected":false},"author":1,"featured_media":0,"parent":11372,"menu_order":0,"comment_status":"closed","ping_status":"closed","template":"page-blank.php","meta":{"footnotes":""},"class_list":["post-11377","page","type-page","status-publish","hentry"],"yoast_head":"<!-- This site is optimized with the Yoast SEO plugin v25.0 - https:\/\/yoast.com\/wordpress\/plugins\/seo\/ -->\n<title>Le parc aquatique - Camping Mare e Pineta<\/title>\n<meta name=\"robots\" content=\"index, follow, max-snippet:-1, max-image-preview:large, max-video-preview:-1\" \/>\n<link rel=\"canonical\" href=\"https:\/\/www.campingmarepineta.it\/fr\/experiences\/le-parc-aquatique\/\" \/>\n<meta property=\"og:locale\" content=\"fr_FR\" \/>\n<meta property=\"og:type\" content=\"article\" \/>\n<meta property=\"og:title\" content=\"Le parc aquatique - Camping Mare e Pineta\" \/>\n<meta property=\"og:url\" content=\"https:\/\/www.campingmarepineta.it\/fr\/experiences\/le-parc-aquatique\/\" \/>\n<meta property=\"og:site_name\" content=\"Camping Mare e Pineta\" \/>\n<meta property=\"article:modified_time\" content=\"2024-02-12T09:56:56+00:00\" \/>\n<meta name=\"twitter:card\" content=\"summary_large_image\" \/>\n<meta name=\"twitter:label1\" content=\"Dur\u00e9e de lecture estim\u00e9e\" \/>\n\t<meta name=\"twitter:data1\" content=\"2 minutes\" \/>\n<script type=\"application\/ld+json\" class=\"yoast-schema-graph\">{\"@context\":\"https:\/\/schema.org\",\"@graph\":[{\"@type\":\"WebPage\",\"@id\":\"https:\/\/www.campingmarepineta.it\/fr\/experiences\/le-parc-aquatique\/\",\"url\":\"https:\/\/www.campingmarepineta.it\/fr\/experiences\/le-parc-aquatique\/\",\"name\":\"Le parc aquatique - Camping Mare e Pineta\",\"isPartOf\":{\"@id\":\"https:\/\/www.campingmarepineta.it\/#website\"},\"datePublished\":\"2024-02-12T09:27:43+00:00\",\"dateModified\":\"2024-02-12T09:56:56+00:00\",\"breadcrumb\":{\"@id\":\"https:\/\/www.campingmarepineta.it\/fr\/experiences\/le-parc-aquatique\/#breadcrumb\"},\"inLanguage\":\"fr-FR\",\"potentialAction\":[{\"@type\":\"ReadAction\",\"target\":[\"https:\/\/www.campingmarepineta.it\/fr\/experiences\/le-parc-aquatique\/\"]}]},{\"@type\":\"BreadcrumbList\",\"@id\":\"https:\/\/www.campingmarepineta.it\/fr\/experiences\/le-parc-aquatique\/#breadcrumb\",\"itemListElement\":[{\"@type\":\"ListItem\",\"position\":1,\"name\":\"Home\",\"item\":\"https:\/\/www.campingmarepineta.it\/fr\/\"},{\"@type\":\"ListItem\",\"position\":2,\"name\":\"Exp\u00e9riences\",\"item\":\"https:\/\/www.campingmarepineta.it\/fr\/experiences\/\"},{\"@type\":\"ListItem\",\"position\":3,\"name\":\"Le parc aquatique\"}]},{\"@type\":\"WebSite\",\"@id\":\"https:\/\/www.campingmarepineta.it\/#website\",\"url\":\"https:\/\/www.campingmarepineta.it\/\",\"name\":\"Camping Mare e Pineta\",\"description\":\"\",\"publisher\":{\"@id\":\"https:\/\/www.campingmarepineta.it\/#organization\"},\"potentialAction\":[{\"@type\":\"SearchAction\",\"target\":{\"@type\":\"EntryPoint\",\"urlTemplate\":\"https:\/\/www.campingmarepineta.it\/?s={search_term_string}\"},\"query-input\":{\"@type\":\"PropertyValueSpecification\",\"valueRequired\":true,\"valueName\":\"search_term_string\"}}],\"inLanguage\":\"fr-FR\"},{\"@type\":\"Organization\",\"@id\":\"https:\/\/www.campingmarepineta.it\/#organization\",\"name\":\"Camping Mare & Pineta\",\"url\":\"https:\/\/www.campingmarepineta.it\/\",\"logo\":{\"@type\":\"ImageObject\",\"inLanguage\":\"fr-FR\",\"@id\":\"https:\/\/www.campingmarepineta.it\/#\/schema\/logo\/image\/\",\"url\":\"https:\/\/www.campingmarepineta.it\/wp-content\/uploads\/2018\/11\/logo.png\",\"contentUrl\":\"https:\/\/www.campingmarepineta.it\/wp-content\/uploads\/2018\/11\/logo.png\",\"width\":320,\"height\":166,\"caption\":\"Camping Mare & Pineta\"},\"image\":{\"@id\":\"https:\/\/www.campingmarepineta.it\/#\/schema\/logo\/image\/\"}}]}<\/script>\n<!-- \/ Yoast SEO plugin. -->","yoast_head_json":{"title":"Le parc aquatique - Camping Mare e Pineta","robots":{"index":"index","follow":"follow","max-snippet":"max-snippet:-1","max-image-preview":"max-image-preview:large","max-video-preview":"max-video-preview:-1"},"canonical":"https:\/\/www.campingmarepineta.it\/fr\/experiences\/le-parc-aquatique\/","og_locale":"fr_FR","og_type":"article","og_title":"Le parc aquatique - Camping Mare e Pineta","og_url":"https:\/\/www.campingmarepineta.it\/fr\/experiences\/le-parc-aquatique\/","og_site_name":"Camping Mare e Pineta","article_modified_time":"2024-02-12T09:56:56+00:00","twitter_card":"summary_large_image","twitter_misc":{"Dur\u00e9e de lecture estim\u00e9e":"2 minutes"},"schema":{"@context":"https:\/\/schema.org","@graph":[{"@type":"WebPage","@id":"https:\/\/www.campingmarepineta.it\/fr\/experiences\/le-parc-aquatique\/","url":"https:\/\/www.campingmarepineta.it\/fr\/experiences\/le-parc-aquatique\/","name":"Le parc aquatique - Camping Mare e Pineta","isPartOf":{"@id":"https:\/\/www.campingmarepineta.it\/#website"},"datePublished":"2024-02-12T09:27:43+00:00","dateModified":"2024-02-12T09:56:56+00:00","breadcrumb":{"@id":"https:\/\/www.campingmarepineta.it\/fr\/experiences\/le-parc-aquatique\/#breadcrumb"},"inLanguage":"fr-FR","potentialAction":[{"@type":"ReadAction","target":["https:\/\/www.campingmarepineta.it\/fr\/experiences\/le-parc-aquatique\/"]}]},{"@type":"BreadcrumbList","@id":"https:\/\/www.campingmarepineta.it\/fr\/experiences\/le-parc-aquatique\/#breadcrumb","itemListElement":[{"@type":"ListItem","position":1,"name":"Home","item":"https:\/\/www.campingmarepineta.it\/fr\/"},{"@type":"ListItem","position":2,"name":"Exp\u00e9riences","item":"https:\/\/www.campingmarepineta.it\/fr\/experiences\/"},{"@type":"ListItem","position":3,"name":"Le parc aquatique"}]},{"@type":"WebSite","@id":"https:\/\/www.campingmarepineta.it\/#website","url":"https:\/\/www.campingmarepineta.it\/","name":"Camping Mare e Pineta","description":"","publisher":{"@id":"https:\/\/www.campingmarepineta.it\/#organization"},"potentialAction":[{"@type":"SearchAction","target":{"@type":"EntryPoint","urlTemplate":"https:\/\/www.campingmarepineta.it\/?s={search_term_string}"},"query-input":{"@type":"PropertyValueSpecification","valueRequired":true,"valueName":"search_term_string"}}],"inLanguage":"fr-FR"},{"@type":"Organization","@id":"https:\/\/www.campingmarepineta.it\/#organization","name":"Camping Mare & Pineta","url":"https:\/\/www.campingmarepineta.it\/","logo":{"@type":"ImageObject","inLanguage":"fr-FR","@id":"https:\/\/www.campingmarepineta.it\/#\/schema\/logo\/image\/","url":"https:\/\/www.campingmarepineta.it\/wp-content\/uploads\/2018\/11\/logo.png","contentUrl":"https:\/\/www.campingmarepineta.it\/wp-content\/uploads\/2018\/11\/logo.png","width":320,"height":166,"caption":"Camping Mare & Pineta"},"image":{"@id":"https:\/\/www.campingmarepineta.it\/#\/schema\/logo\/image\/"}}]}},"_links":{"self":[{"href":"https:\/\/www.campingmarepineta.it\/fr\/wp-json\/wp\/v2\/pages\/11377","targetHints":{"allow":["GET"]}}],"collection":[{"href":"https:\/\/www.campingmarepineta.it\/fr\/wp-json\/wp\/v2\/pages"}],"about":[{"href":"https:\/\/www.campingmarepineta.it\/fr\/wp-json\/wp\/v2\/types\/page"}],"author":[{"embeddable":true,"href":"https:\/\/www.campingmarepineta.it\/fr\/wp-json\/wp\/v2\/users\/1"}],"replies":[{"embeddable":true,"href":"https:\/\/www.campingmarepineta.it\/fr\/wp-json\/wp\/v2\/comments?post=11377"}],"version-history":[{"count":4,"href":"https:\/\/www.campingmarepineta.it\/fr\/wp-json\/wp\/v2\/pages\/11377\/revisions"}],"predecessor-version":[{"id":13343,"href":"https:\/\/www.campingmarepineta.it\/fr\/wp-json\/wp\/v2\/pages\/11377\/revisions\/13343"}],"up":[{"embeddable":true,"href":"https:\/\/www.campingmarepineta.it\/fr\/wp-json\/wp\/v2\/pages\/11372"}],"wp:attachment":[{"href":"https:\/\/www.campingmarepineta.it\/fr\/wp-json\/wp\/v2\/media?parent=11377"}],"curies":[{"name":"wp","href":"https:\/\/api.w.org\/{rel}","templated":true}]}}