




{"id":13434,"date":"2024-02-12T12:46:33","date_gmt":"2024-02-12T11:46:33","guid":{"rendered":"https:\/\/www.campingmarepineta.it\/?page_id=13434"},"modified":"2024-02-12T12:46:36","modified_gmt":"2024-02-12T11:46:36","slug":"ravenna","status":"publish","type":"page","link":"https:\/\/www.campingmarepineta.it\/fr\/territoire\/ravenna\/","title":{"rendered":"Ravenna"},"content":{"rendered":"\n\n  <div class=\"banner has-hover is-full-height has-parallax\" id=\"banner-2128484575\">\n          <div class=\"banner-inner fill\">\n        <div class=\"banner-bg fill\" data-parallax=\"-6\" data-parallax-container=\".banner\" data-parallax-background>\n            <img loading=\"lazy\" decoding=\"async\" width=\"1980\" height=\"1212\" src=\"https:\/\/www.campingmarepineta.it\/wp-content\/uploads\/2024\/01\/Ravenna.jpg\" class=\"bg attachment-original size-original\" alt=\"\" \/>                        <div class=\"overlay\"><\/div>            \n                    <\/div>\n\t\t\n        <div class=\"banner-layers container\">\n            <div class=\"fill banner-link\"><\/div>            \n\n   <div id=\"text-box-386823918\" class=\"text-box banner-layer x50 md-x50 lg-x50 y50 md-y50 lg-y50 res-text\">\n              <div data-parallax=\"-1\" data-parallax-fade=\"true\">       <div data-animate=\"fadeInUp\">           <div class=\"text-box-content text dark text-shadow-1\">\n              \n              <div class=\"text-inner text-center\">\n                  \n\n\t<div id=\"text-3321267959\" class=\"text\">\n\t\t\n\n<h1 data-animate=\"fadeInUp\">Ravenna<\/h1>\n<p class=\"is-smaller\" data-animate=\"fadeInUp\"><span><span><a href=\"https:\/\/www.campingmarepineta.it\/fr\/\">Home<\/a><\/span><\/span>\n\t\t\n<style>\n#text-3321267959 {\n  font-size: 1rem;\n}\n@media (min-width:550px) {\n  #text-3321267959 {\n    font-size: 2rem;\n  }\n}\n<\/style>\n\t<\/div>\n\t\n\n              <\/div>\n           <\/div>\n       <\/div>       <\/div>              \n<style>\n#text-box-386823918 {\n  width: 80%;\n}\n#text-box-386823918 .text-box-content {\n  font-size: 100%;\n}\n<\/style>\n    <\/div>\n \n\n        <\/div>\n      <\/div>\n\n            \n<style>\n#banner-2128484575 {\n  padding-top: 99.99%;\n}\n#banner-2128484575 .overlay {\n  background-color: rgba(0, 0, 0, 0.256);\n}\n#banner-2128484575 .banner-bg img {\n  object-position: 89% 55%;\n}\n@media (min-width:550px) {\n  #banner-2128484575 {\n    padding-top: 100%;\n  }\n}\n<\/style>\n  <\/div>\n\n\n\n\t<section class=\"section\" id=\"section_1170062738\">\n\t\t<div class=\"section-bg fill\" >\n\t\t\t\t\t\t\t\t\t\n\t\t\t\n\n\t\t<\/div>\n\n\t\t\n\n\t\t<div class=\"section-content relative\">\n\t\t\t\n\n\n\t<section class=\"section no-background-image blur-background\" id=\"section_823478465\">\n\t\t<div class=\"section-bg fill\" >\n\t\t\t\t\t\t\t\t\t\n\t\t\t\n\n\t\t<\/div>\n\n\t\t\n\n\t\t<div class=\"section-content relative\">\n\t\t\t\r\n\r\n<form target=\"_blank\" action=\"http:\/\/booking.campingmarepineta.it\/html\/pricelist.php?lang=3\" method=\"post\"name=\"form_prenota\" id=\"form_prenota\">\r\n<div class=\"container\" style=\"max-width:900px;\">\r\n<div id=\"row-booking-form\" class=\"align-center\">\r\n<div class=\"col\">\r\n<div class=\"col-inner\"><label>DATE D\u2019ARRIV\u00c9E:<input name=\"dataInizio\" type=\"text\" class=\"calendar\" value=\"\" placeholder=\"gg\/mm\/aaaa\" \/><\/label><\/div>\r\n<\/div>\r\n<div class=\"col\">\r\n<div class=\"col-inner\"><label>DATE DE D\u00c9PART:<input name=\"dataFine\" type=\"text\" class=\"calendar\" value=\"\" placeholder=\"gg\/mm\/aaaa\" \/><\/label><\/div>\r\n<\/div>\r\n<div class=\"col\">\r\n<div class=\"col-inner\"><label>STRUCTURES:<select id=\"tipo\" class=\"wpcf7-form-control wpcf7-select\" name=\"nomelistino\"><option value=\"4\">Tous<\/option><option value=\"1\">Camping<\/option><option value=\"2\">Appartements et Villas<\/option><option value=\"3\">Mobil Home<\/option><\/select><\/label><\/div>\r\n<\/div>\r\n<div class=\"col\">\r\n<div class=\"col-inner\"><label>PERSONNESS:<select id=\"select\" class=\"wpcf7-form-control wpcf7-select\" name=\"persone\"><option>1<\/option><option>2<\/option><option>3<\/option><option>4<\/option><option>5<\/option><option>6<\/option><\/select><\/label><\/div>\r\n<\/div>\r\n<div class=\"col\">\r\n<div class=\"col-inner\"><label><br \/>\r\n                        <input name=\"step\" type=\"hidden\" value=\"0\" \/><input type=\"hidden\" value=\"1\" name=\"cerca\"><button name=\"submit\" type=\"submit\" class=\"button midnight-blue  \">CHERCHEZ<\/button><\/label><\/div>\r\n<\/div>\r\n<\/div>\r\n<\/div>\r\n<\/form>\r\n\r\n\r\n\t\t<\/div>\n\n\t\t\n<style>\n#section_823478465 {\n  padding-top: 30px;\n  padding-bottom: 30px;\n  background-color: rgba(255, 255, 255, 0.4);\n}\n<\/style>\n\t<\/section>\n\t\n\n\n\t\t<\/div>\n\n\t\t\n<style>\n#section_1170062738 {\n  padding-top: 0px;\n  padding-bottom: 0px;\n  background-color: rgb(243, 243, 240);\n}\n<\/style>\n\t<\/section>\n\t\n\n\t<section class=\"section\" id=\"section_1741442412\">\n\t\t<div class=\"section-bg fill\" >\n\t\t\t\t\t\t\t\t\t\n\t\t\t\n\n\t\t<\/div>\n\n\t\t\n\n\t\t<div class=\"section-content relative\">\n\t\t\t\n\n<div class=\"row row-large align-middle\"  id=\"row-1527614232\">\n\n\n\t<div id=\"col-364014650\" class=\"col small-12 large-12\"  >\n\t\t\t\t<div class=\"col-inner text-left\"  >\n\t\t\t\n\t\t\t\n\n<p data-animate=\"fadeInUp\">Ravenne est une ville historique situ\u00e9e seulement \u00e0 25 km du Camping Mare e Pineta. C&rsquo;est une destination id\u00e9ale pour les amateurs d\u2019art, d\u2019histoire et de culture, et c&rsquo;est c\u00e9l\u00e8bre pour son extraordinaire collection de mosa\u00efques byzantines, patrimoine mondial de l\u2019UNESCO, et son r\u00f4le dans l\u2019histoire de l\u2019art byzantin.<\/p>\n<p data-animate=\"fadeInUp\">Voil\u00e0 quelques lieux \u00e0 visiter dans Ravenne:<\/p>\n<ol>\n<li data-animate=\"fadeInUp\">Mosa\u00efques de Ravenne: Ravenne est c\u00e9l\u00e8bre pour ses mosa\u00efques spectaculaires, qui ornent beaucoup de ses \u00e9glises et b\u00e2timents historiques. Les basiliques de San Vitale, Sant\u2019Apollinare Nuovo et Sant\u2019Apollinare in Classe sont parmi les lieux les plus connus pour admirer ces \u0153uvres d\u2019art complexes.<\/li>\n<li data-animate=\"fadeInUp\">Patrimoine de l\u2019UNESCO: Gr\u00e2ce \u00e0 son exceptionnelle collection de mosa\u00efques, Ravenne a \u00e9t\u00e9 d\u00e9clar\u00e9e Patrimoine de l\u2019Humanit\u00e9 par l\u2019UNESCO. Ces mosa\u00efques repr\u00e9sentent l\u2019un des meilleurs exemples de l\u2019art byzantin en dehors d\u2019Istanbul.<\/li>\n<li data-animate=\"fadeInUp\">Basilique de San Vitale: Cette basilique est l\u2019un des tr\u00e9sors de Ravenne et est c\u00e9l\u00e8bre pour ses mosa\u00efques \u00e0 couper le souffle, qui repr\u00e9sentent des \u00e9pisodes de la Bible et la vie de l\u2019empereur Justinien. C\u2019est un exemple exceptionnel de l\u2019architecture byzantine.<\/li>\n<li data-animate=\"fadeInUp\">Mausol\u00e9e de Th\u00e9odoric: Ce mausol\u00e9e est un imposant monument fun\u00e9raire construit pour Th\u00e9odoric le Grand, l\u2019un des rois ostrogoths. C\u2019est un exemple remarquable de l\u2019architecture ostrogoth et est construit enti\u00e8rement en pierre.<\/li>\n<li data-animate=\"fadeInUp\">Dante Alighieri: La ville a une connexion avec le c\u00e9l\u00e8bre po\u00e8te Dante Alighieri. Le tombeau de Dante se trouve \u00e0 Ravenne, dans le Mus\u00e9e National de Ravenne, et repr\u00e9sente un important lieu de p\u00e8lerinage pour les amateurs de litt\u00e9rature.<\/li>\n<li data-animate=\"fadeInUp\">Classis Ravenne: Dans l\u2019antiquit\u00e9, Ravenne \u00e9tait le principal port de la flotte romaine de l\u2019Adriatique. Le site de Classis Ravenne offre une occasion d\u2019explorer les vestiges arch\u00e9ologiques de cette ancienne ville portuaire.<\/li>\n<li data-animate=\"fadeInUp\">Culture et gastronomie: Ravenne est aussi un centre culturel et offre une sc\u00e8ne gastronomique vari\u00e9e et appr\u00e9ci\u00e9e. La cuisine locale comprend des sp\u00e9cialit\u00e9s comme piadina, tortellini et les fromages typiques de l&rsquo;Emilia-Romagna.<\/li>\n<li data-animate=\"fadeInUp\">Plages : Ravenne est situ\u00e9e pr\u00e8s de la c\u00f4te Adriatique, et ses plages sont facilement accessibles. Cela en fait une destination estivale populaire pour ceux qui veulent combiner culture et d\u00e9tente \u00e0 la mer.<\/li>\n<\/ol>\n\n\n\t\t<\/div>\n\t\t\t\t\n<style>\n#col-364014650 > .col-inner {\n  padding: 0px 0px 0px 0px;\n  margin: 0px 0px -30px 0px;\n}\n<\/style>\n\t<\/div>\n\n\t\n\n<\/div>\n\n\t\t<\/div>\n\n\t\t\n<style>\n#section_1741442412 {\n  padding-top: 30px;\n  padding-bottom: 30px;\n}\n<\/style>\n\t<\/section>\n\t\n\n","protected":false},"excerpt":{"rendered":"","protected":false},"author":1,"featured_media":0,"parent":13421,"menu_order":0,"comment_status":"closed","ping_status":"closed","template":"page-blank.php","meta":{"footnotes":""},"class_list":["post-13434","page","type-page","status-publish","hentry"],"yoast_head":"<!-- This site is optimized with the Yoast SEO plugin v25.0 - https:\/\/yoast.com\/wordpress\/plugins\/seo\/ -->\n<title>Ravenna - Camping Mare e Pineta<\/title>\n<meta name=\"robots\" content=\"index, follow, max-snippet:-1, max-image-preview:large, max-video-preview:-1\" \/>\n<link rel=\"canonical\" href=\"https:\/\/www.campingmarepineta.it\/fr\/territoire\/ravenna\/\" \/>\n<meta property=\"og:locale\" content=\"fr_FR\" \/>\n<meta property=\"og:type\" content=\"article\" \/>\n<meta property=\"og:title\" content=\"Ravenna - Camping Mare e Pineta\" \/>\n<meta property=\"og:url\" content=\"https:\/\/www.campingmarepineta.it\/fr\/territoire\/ravenna\/\" \/>\n<meta property=\"og:site_name\" content=\"Camping Mare e Pineta\" \/>\n<meta property=\"article:modified_time\" content=\"2024-02-12T11:46:36+00:00\" \/>\n<meta name=\"twitter:card\" content=\"summary_large_image\" \/>\n<meta name=\"twitter:label1\" content=\"Dur\u00e9e de lecture estim\u00e9e\" \/>\n\t<meta name=\"twitter:data1\" content=\"3 minutes\" \/>\n<script type=\"application\/ld+json\" class=\"yoast-schema-graph\">{\"@context\":\"https:\/\/schema.org\",\"@graph\":[{\"@type\":\"WebPage\",\"@id\":\"https:\/\/www.campingmarepineta.it\/fr\/territoire\/ravenna\/\",\"url\":\"https:\/\/www.campingmarepineta.it\/fr\/territoire\/ravenna\/\",\"name\":\"Ravenna - Camping Mare e Pineta\",\"isPartOf\":{\"@id\":\"https:\/\/www.campingmarepineta.it\/#website\"},\"datePublished\":\"2024-02-12T11:46:33+00:00\",\"dateModified\":\"2024-02-12T11:46:36+00:00\",\"breadcrumb\":{\"@id\":\"https:\/\/www.campingmarepineta.it\/fr\/territoire\/ravenna\/#breadcrumb\"},\"inLanguage\":\"fr-FR\",\"potentialAction\":[{\"@type\":\"ReadAction\",\"target\":[\"https:\/\/www.campingmarepineta.it\/fr\/territoire\/ravenna\/\"]}]},{\"@type\":\"BreadcrumbList\",\"@id\":\"https:\/\/www.campingmarepineta.it\/fr\/territoire\/ravenna\/#breadcrumb\",\"itemListElement\":[{\"@type\":\"ListItem\",\"position\":1,\"name\":\"Home\",\"item\":\"https:\/\/www.campingmarepineta.it\/fr\/\"},{\"@type\":\"ListItem\",\"position\":2,\"name\":\"Territoire\",\"item\":\"https:\/\/www.campingmarepineta.it\/fr\/territoire\/\"},{\"@type\":\"ListItem\",\"position\":3,\"name\":\"Ravenna\"}]},{\"@type\":\"WebSite\",\"@id\":\"https:\/\/www.campingmarepineta.it\/#website\",\"url\":\"https:\/\/www.campingmarepineta.it\/\",\"name\":\"Camping Mare e Pineta\",\"description\":\"\",\"publisher\":{\"@id\":\"https:\/\/www.campingmarepineta.it\/#organization\"},\"potentialAction\":[{\"@type\":\"SearchAction\",\"target\":{\"@type\":\"EntryPoint\",\"urlTemplate\":\"https:\/\/www.campingmarepineta.it\/?s={search_term_string}\"},\"query-input\":{\"@type\":\"PropertyValueSpecification\",\"valueRequired\":true,\"valueName\":\"search_term_string\"}}],\"inLanguage\":\"fr-FR\"},{\"@type\":\"Organization\",\"@id\":\"https:\/\/www.campingmarepineta.it\/#organization\",\"name\":\"Camping Mare & Pineta\",\"url\":\"https:\/\/www.campingmarepineta.it\/\",\"logo\":{\"@type\":\"ImageObject\",\"inLanguage\":\"fr-FR\",\"@id\":\"https:\/\/www.campingmarepineta.it\/#\/schema\/logo\/image\/\",\"url\":\"https:\/\/www.campingmarepineta.it\/wp-content\/uploads\/2018\/11\/logo.png\",\"contentUrl\":\"https:\/\/www.campingmarepineta.it\/wp-content\/uploads\/2018\/11\/logo.png\",\"width\":320,\"height\":166,\"caption\":\"Camping Mare & Pineta\"},\"image\":{\"@id\":\"https:\/\/www.campingmarepineta.it\/#\/schema\/logo\/image\/\"}}]}<\/script>\n<!-- \/ Yoast SEO plugin. -->","yoast_head_json":{"title":"Ravenna - Camping Mare e Pineta","robots":{"index":"index","follow":"follow","max-snippet":"max-snippet:-1","max-image-preview":"max-image-preview:large","max-video-preview":"max-video-preview:-1"},"canonical":"https:\/\/www.campingmarepineta.it\/fr\/territoire\/ravenna\/","og_locale":"fr_FR","og_type":"article","og_title":"Ravenna - Camping Mare e Pineta","og_url":"https:\/\/www.campingmarepineta.it\/fr\/territoire\/ravenna\/","og_site_name":"Camping Mare e Pineta","article_modified_time":"2024-02-12T11:46:36+00:00","twitter_card":"summary_large_image","twitter_misc":{"Dur\u00e9e de lecture estim\u00e9e":"3 minutes"},"schema":{"@context":"https:\/\/schema.org","@graph":[{"@type":"WebPage","@id":"https:\/\/www.campingmarepineta.it\/fr\/territoire\/ravenna\/","url":"https:\/\/www.campingmarepineta.it\/fr\/territoire\/ravenna\/","name":"Ravenna - Camping Mare e Pineta","isPartOf":{"@id":"https:\/\/www.campingmarepineta.it\/#website"},"datePublished":"2024-02-12T11:46:33+00:00","dateModified":"2024-02-12T11:46:36+00:00","breadcrumb":{"@id":"https:\/\/www.campingmarepineta.it\/fr\/territoire\/ravenna\/#breadcrumb"},"inLanguage":"fr-FR","potentialAction":[{"@type":"ReadAction","target":["https:\/\/www.campingmarepineta.it\/fr\/territoire\/ravenna\/"]}]},{"@type":"BreadcrumbList","@id":"https:\/\/www.campingmarepineta.it\/fr\/territoire\/ravenna\/#breadcrumb","itemListElement":[{"@type":"ListItem","position":1,"name":"Home","item":"https:\/\/www.campingmarepineta.it\/fr\/"},{"@type":"ListItem","position":2,"name":"Territoire","item":"https:\/\/www.campingmarepineta.it\/fr\/territoire\/"},{"@type":"ListItem","position":3,"name":"Ravenna"}]},{"@type":"WebSite","@id":"https:\/\/www.campingmarepineta.it\/#website","url":"https:\/\/www.campingmarepineta.it\/","name":"Camping Mare e Pineta","description":"","publisher":{"@id":"https:\/\/www.campingmarepineta.it\/#organization"},"potentialAction":[{"@type":"SearchAction","target":{"@type":"EntryPoint","urlTemplate":"https:\/\/www.campingmarepineta.it\/?s={search_term_string}"},"query-input":{"@type":"PropertyValueSpecification","valueRequired":true,"valueName":"search_term_string"}}],"inLanguage":"fr-FR"},{"@type":"Organization","@id":"https:\/\/www.campingmarepineta.it\/#organization","name":"Camping Mare & Pineta","url":"https:\/\/www.campingmarepineta.it\/","logo":{"@type":"ImageObject","inLanguage":"fr-FR","@id":"https:\/\/www.campingmarepineta.it\/#\/schema\/logo\/image\/","url":"https:\/\/www.campingmarepineta.it\/wp-content\/uploads\/2018\/11\/logo.png","contentUrl":"https:\/\/www.campingmarepineta.it\/wp-content\/uploads\/2018\/11\/logo.png","width":320,"height":166,"caption":"Camping Mare & Pineta"},"image":{"@id":"https:\/\/www.campingmarepineta.it\/#\/schema\/logo\/image\/"}}]}},"_links":{"self":[{"href":"https:\/\/www.campingmarepineta.it\/fr\/wp-json\/wp\/v2\/pages\/13434","targetHints":{"allow":["GET"]}}],"collection":[{"href":"https:\/\/www.campingmarepineta.it\/fr\/wp-json\/wp\/v2\/pages"}],"about":[{"href":"https:\/\/www.campingmarepineta.it\/fr\/wp-json\/wp\/v2\/types\/page"}],"author":[{"embeddable":true,"href":"https:\/\/www.campingmarepineta.it\/fr\/wp-json\/wp\/v2\/users\/1"}],"replies":[{"embeddable":true,"href":"https:\/\/www.campingmarepineta.it\/fr\/wp-json\/wp\/v2\/comments?post=13434"}],"version-history":[{"count":3,"href":"https:\/\/www.campingmarepineta.it\/fr\/wp-json\/wp\/v2\/pages\/13434\/revisions"}],"predecessor-version":[{"id":13437,"href":"https:\/\/www.campingmarepineta.it\/fr\/wp-json\/wp\/v2\/pages\/13434\/revisions\/13437"}],"up":[{"embeddable":true,"href":"https:\/\/www.campingmarepineta.it\/fr\/wp-json\/wp\/v2\/pages\/13421"}],"wp:attachment":[{"href":"https:\/\/www.campingmarepineta.it\/fr\/wp-json\/wp\/v2\/media?parent=13434"}],"curies":[{"name":"wp","href":"https:\/\/api.w.org\/{rel}","templated":true}]}}