




{"id":13438,"date":"2024-02-12T12:52:31","date_gmt":"2024-02-12T11:52:31","guid":{"rendered":"https:\/\/www.campingmarepineta.it\/?page_id=13438"},"modified":"2024-02-12T12:55:06","modified_gmt":"2024-02-12T11:55:06","slug":"ferrara","status":"publish","type":"page","link":"https:\/\/www.campingmarepineta.it\/fr\/territoire\/ferrara\/","title":{"rendered":"Ferrara"},"content":{"rendered":"\n\n  <div class=\"banner has-hover is-full-height has-parallax\" id=\"banner-1361742397\">\n          <div class=\"banner-inner fill\">\n        <div class=\"banner-bg fill\" data-parallax=\"-6\" data-parallax-container=\".banner\" data-parallax-background>\n            <img loading=\"lazy\" decoding=\"async\" width=\"1980\" height=\"1304\" src=\"https:\/\/www.campingmarepineta.it\/wp-content\/uploads\/2024\/01\/Ferrara-1.jpg\" class=\"bg attachment-original size-original\" alt=\"\" \/>                        <div class=\"overlay\"><\/div>            \n                    <\/div>\n\t\t\n        <div class=\"banner-layers container\">\n            <div class=\"fill banner-link\"><\/div>            \n\n   <div id=\"text-box-1249750742\" class=\"text-box banner-layer x50 md-x50 lg-x50 y50 md-y50 lg-y50 res-text\">\n              <div data-parallax=\"-1\" data-parallax-fade=\"true\">       <div data-animate=\"fadeInUp\">           <div class=\"text-box-content text dark text-shadow-1\">\n              \n              <div class=\"text-inner text-center\">\n                  \n\n\t<div id=\"text-3763535691\" class=\"text\">\n\t\t\n\n<h1 data-animate=\"fadeInUp\">Ferrara<\/h1>\n<p class=\"is-smaller\" data-animate=\"fadeInUp\"><span><span><a href=\"https:\/\/www.campingmarepineta.it\/fr\/\">Home<\/a><\/span><\/span>\n\t\t\n<style>\n#text-3763535691 {\n  font-size: 1rem;\n}\n@media (min-width:550px) {\n  #text-3763535691 {\n    font-size: 2rem;\n  }\n}\n<\/style>\n\t<\/div>\n\t\n\n              <\/div>\n           <\/div>\n       <\/div>       <\/div>              \n<style>\n#text-box-1249750742 {\n  width: 80%;\n}\n#text-box-1249750742 .text-box-content {\n  font-size: 100%;\n}\n<\/style>\n    <\/div>\n \n\n        <\/div>\n      <\/div>\n\n            \n<style>\n#banner-1361742397 {\n  padding-top: 99.99%;\n}\n#banner-1361742397 .overlay {\n  background-color: rgba(0, 0, 0, 0.256);\n}\n#banner-1361742397 .banner-bg img {\n  object-position: 89% 55%;\n}\n@media (min-width:550px) {\n  #banner-1361742397 {\n    padding-top: 100%;\n  }\n}\n<\/style>\n  <\/div>\n\n\n\n\t<section class=\"section\" id=\"section_791359172\">\n\t\t<div class=\"section-bg fill\" >\n\t\t\t\t\t\t\t\t\t\n\t\t\t\n\n\t\t<\/div>\n\n\t\t\n\n\t\t<div class=\"section-content relative\">\n\t\t\t\n\n\n\t<section class=\"section no-background-image blur-background\" id=\"section_326036625\">\n\t\t<div class=\"section-bg fill\" >\n\t\t\t\t\t\t\t\t\t\n\t\t\t\n\n\t\t<\/div>\n\n\t\t\n\n\t\t<div class=\"section-content relative\">\n\t\t\t\r\n\r\n<form target=\"_blank\" action=\"http:\/\/booking.campingmarepineta.it\/html\/pricelist.php?lang=3\" method=\"post\"name=\"form_prenota\" id=\"form_prenota\">\r\n<div class=\"container\" style=\"max-width:900px;\">\r\n<div id=\"row-booking-form\" class=\"align-center\">\r\n<div class=\"col\">\r\n<div class=\"col-inner\"><label>DATE D\u2019ARRIV\u00c9E:<input name=\"dataInizio\" type=\"text\" class=\"calendar\" value=\"\" placeholder=\"gg\/mm\/aaaa\" \/><\/label><\/div>\r\n<\/div>\r\n<div class=\"col\">\r\n<div class=\"col-inner\"><label>DATE DE D\u00c9PART:<input name=\"dataFine\" type=\"text\" class=\"calendar\" value=\"\" placeholder=\"gg\/mm\/aaaa\" \/><\/label><\/div>\r\n<\/div>\r\n<div class=\"col\">\r\n<div class=\"col-inner\"><label>STRUCTURES:<select id=\"tipo\" class=\"wpcf7-form-control wpcf7-select\" name=\"nomelistino\"><option value=\"4\">Tous<\/option><option value=\"1\">Camping<\/option><option value=\"2\">Appartements et Villas<\/option><option value=\"3\">Mobil Home<\/option><\/select><\/label><\/div>\r\n<\/div>\r\n<div class=\"col\">\r\n<div class=\"col-inner\"><label>PERSONNESS:<select id=\"select\" class=\"wpcf7-form-control wpcf7-select\" name=\"persone\"><option>1<\/option><option>2<\/option><option>3<\/option><option>4<\/option><option>5<\/option><option>6<\/option><\/select><\/label><\/div>\r\n<\/div>\r\n<div class=\"col\">\r\n<div class=\"col-inner\"><label><br \/>\r\n                        <input name=\"step\" type=\"hidden\" value=\"0\" \/><input type=\"hidden\" value=\"1\" name=\"cerca\"><button name=\"submit\" type=\"submit\" class=\"button midnight-blue  \">CHERCHEZ<\/button><\/label><\/div>\r\n<\/div>\r\n<\/div>\r\n<\/div>\r\n<\/form>\r\n\r\n\r\n\t\t<\/div>\n\n\t\t\n<style>\n#section_326036625 {\n  padding-top: 30px;\n  padding-bottom: 30px;\n  background-color: rgba(255, 255, 255, 0.4);\n}\n<\/style>\n\t<\/section>\n\t\n\n\n\t\t<\/div>\n\n\t\t\n<style>\n#section_791359172 {\n  padding-top: 0px;\n  padding-bottom: 0px;\n  background-color: rgb(243, 243, 240);\n}\n<\/style>\n\t<\/section>\n\t\n\n\t<section class=\"section\" id=\"section_1491854\">\n\t\t<div class=\"section-bg fill\" >\n\t\t\t\t\t\t\t\t\t\n\t\t\t\n\n\t\t<\/div>\n\n\t\t\n\n\t\t<div class=\"section-content relative\">\n\t\t\t\n\n<div class=\"row row-large align-middle\"  id=\"row-1006499793\">\n\n\n\t<div id=\"col-462242118\" class=\"col small-12 large-12\"  >\n\t\t\t\t<div class=\"col-inner text-left\"  >\n\t\t\t\n\t\t\t\n\n<p data-animate=\"fadeInUp\">Ferrara est une tr\u00e8s jolie ville situ\u00e9e \u00e0 seulement 50 km du Camping Mare e Pineta, une ville charmante et bien conserv\u00e9e qui offre une exp\u00e9rience authentique de l\u2019histoire et de la culture de l\u2019Italie. Son centre historique est un endroit id\u00e9al pour se promener et d\u00e9couvrir l\u2019art, l\u2019architecture et la gastronomie locale. La ville est c\u00e9l\u00e8bre pour son patrimoine historique et culturel, ainsi que pour son centre historique bien pr\u00e9serv\u00e9, qui a \u00e9t\u00e9 d\u00e9clar\u00e9 site du patrimoine mondial de l\u2019UNESCO. Voil\u00e0 quelques endroits \u00e0 visiter \u00e0 Ferrara:<\/p>\n<ol>\n<li data-animate=\"fadeInUp\"><strong>Centre Historique<\/strong>: Le centre historique de Ferrara est un labyrinthe de rues m\u00e9di\u00e9vales, places pittoresques et b\u00e2timents historiques. Il est connu pour sa structure urbaine bien conserv\u00e9e, qui remonte \u00e0 la p\u00e9riode m\u00e9di\u00e9vale et de la Renaissance.<\/li>\n<li data-animate=\"fadeInUp\"><strong>Ch\u00e2teau d\u2019Este\/Ch\u00e2teau Estense<\/strong>: Le ch\u00e2teau d\u2019Este\/ch\u00e2teau Estense est l\u2019un des symboles les plus iconique de la ville. Cet imposant ch\u00e2teau en forme de quadrilat\u00e8re est entour\u00e9 d\u2019un foss\u00e9 et offre un regard fascinant de l\u2019histoire de la ville.<\/li>\n<li data-animate=\"fadeInUp\"><strong>Cath\u00e9drale Saint-Georges<\/strong>: La cath\u00e9drale, d\u00e9di\u00e9e \u00e0 Saint-Georges, est un exemple impressionnant de l\u2019architecture gothique. Sa fa\u00e7ade est d\u00e9cor\u00e9e de statues et de bas-reliefs, tandis que l\u2019int\u00e9rieur abrite des \u0153uvres d\u2019art et une impressionnante crypte.<\/li>\n<li data-animate=\"fadeInUp\"><strong>Palais des Diamants<\/strong>: Ce palais de la Renaissance doit son nom aux milliers de blocs de marbre en forme de diamant sur sa fa\u00e7ade. Il abrite actuellement la Pinacoth\u00e8que Nationale de Ferrara, qui expose des \u0153uvres d\u2019art de grande valeur.<\/li>\n<li data-animate=\"fadeInUp\"><strong>Piste cyclable \u00ab\u00a0dei Buranelli\u00a0\u00bb<\/strong>: Ferrara est connue pour \u00eatre l\u2019une des villes les plus adapt\u00e9es aux v\u00e9los en Italie. La piste cyclable \u00ab\u00a0dei Buranelli\u00a0\u00bb est une piste cyclable aussi longue que les murs de la ville et offre un moyen agr\u00e9able d\u2019explorer Ferrara avec le v\u00e9lo.<\/li>\n<li data-animate=\"fadeInUp\"><strong>Palio di Ferrara<\/strong>: Cet ancien \u00e9v\u00e9nement historique est une c\u00e9l\u00e9bration annuelle avec des d\u00e9fil\u00e9s, des \u00e9v\u00e9nements et des comp\u00e9titions m\u00e9di\u00e9vales. Il a lieu en mai et est une occasion unique de se plonger dans la tradition de la ville.<\/li>\n<li data-animate=\"fadeInUp\"><strong>Mus\u00e9e National d\u2019Art M\u00e9di\u00e9val et Moderne<\/strong>: Ce mus\u00e9e abrite une vaste collection d\u2019\u0153uvres d\u2019art m\u00e9di\u00e9vales et modernes, en comprenant des peintures, des sculptures et des manuscrits. C\u2019est un endroit id\u00e9al pour d\u00e9couvrir l\u2019\u00e9volution de l\u2019art \u00e0 travers les si\u00e8cles.<\/li>\n<li data-animate=\"fadeInUp\"><strong>Gastronomie<\/strong>: La cuisine de Ferrara est r\u00e9put\u00e9e pour ses plats traditionnels. Parmi les sp\u00e9cialit\u00e9s locales, on trouve les cappellacci \u00e0 la citrouille (p\u00e2te farcie \u00e0 la citrouille), salama da sugo (un salami assaisonn\u00e9) et la coppia di Ferrara (un type de pain local).<\/li>\n<\/ol>\n\n\t\t<\/div>\n\t\t\t\t\n<style>\n#col-462242118 > .col-inner {\n  padding: 0px 0px 0px 0px;\n  margin: 0px 0px -30px 0px;\n}\n<\/style>\n\t<\/div>\n\n\t\n\n<\/div>\n\n\t\t<\/div>\n\n\t\t\n<style>\n#section_1491854 {\n  padding-top: 30px;\n  padding-bottom: 30px;\n}\n<\/style>\n\t<\/section>\n\t\n\n","protected":false},"excerpt":{"rendered":"","protected":false},"author":1,"featured_media":0,"parent":13421,"menu_order":0,"comment_status":"closed","ping_status":"closed","template":"page-blank.php","meta":{"footnotes":""},"class_list":["post-13438","page","type-page","status-publish","hentry"],"yoast_head":"<!-- This site is optimized with the Yoast SEO plugin v25.0 - https:\/\/yoast.com\/wordpress\/plugins\/seo\/ -->\n<title>Ferrara - Camping Mare e Pineta<\/title>\n<meta name=\"robots\" content=\"index, follow, max-snippet:-1, max-image-preview:large, max-video-preview:-1\" \/>\n<link rel=\"canonical\" href=\"https:\/\/www.campingmarepineta.it\/fr\/territoire\/ferrara\/\" \/>\n<meta property=\"og:locale\" content=\"fr_FR\" \/>\n<meta property=\"og:type\" content=\"article\" \/>\n<meta property=\"og:title\" content=\"Ferrara - Camping Mare e Pineta\" \/>\n<meta property=\"og:url\" content=\"https:\/\/www.campingmarepineta.it\/fr\/territoire\/ferrara\/\" \/>\n<meta property=\"og:site_name\" content=\"Camping Mare e Pineta\" \/>\n<meta property=\"article:modified_time\" content=\"2024-02-12T11:55:06+00:00\" \/>\n<meta name=\"twitter:card\" content=\"summary_large_image\" \/>\n<meta name=\"twitter:label1\" content=\"Dur\u00e9e de lecture estim\u00e9e\" \/>\n\t<meta name=\"twitter:data1\" content=\"3 minutes\" \/>\n<script type=\"application\/ld+json\" class=\"yoast-schema-graph\">{\"@context\":\"https:\/\/schema.org\",\"@graph\":[{\"@type\":\"WebPage\",\"@id\":\"https:\/\/www.campingmarepineta.it\/fr\/territoire\/ferrara\/\",\"url\":\"https:\/\/www.campingmarepineta.it\/fr\/territoire\/ferrara\/\",\"name\":\"Ferrara - Camping Mare e Pineta\",\"isPartOf\":{\"@id\":\"https:\/\/www.campingmarepineta.it\/#website\"},\"datePublished\":\"2024-02-12T11:52:31+00:00\",\"dateModified\":\"2024-02-12T11:55:06+00:00\",\"breadcrumb\":{\"@id\":\"https:\/\/www.campingmarepineta.it\/fr\/territoire\/ferrara\/#breadcrumb\"},\"inLanguage\":\"fr-FR\",\"potentialAction\":[{\"@type\":\"ReadAction\",\"target\":[\"https:\/\/www.campingmarepineta.it\/fr\/territoire\/ferrara\/\"]}]},{\"@type\":\"BreadcrumbList\",\"@id\":\"https:\/\/www.campingmarepineta.it\/fr\/territoire\/ferrara\/#breadcrumb\",\"itemListElement\":[{\"@type\":\"ListItem\",\"position\":1,\"name\":\"Home\",\"item\":\"https:\/\/www.campingmarepineta.it\/fr\/\"},{\"@type\":\"ListItem\",\"position\":2,\"name\":\"Territoire\",\"item\":\"https:\/\/www.campingmarepineta.it\/fr\/territoire\/\"},{\"@type\":\"ListItem\",\"position\":3,\"name\":\"Ferrara\"}]},{\"@type\":\"WebSite\",\"@id\":\"https:\/\/www.campingmarepineta.it\/#website\",\"url\":\"https:\/\/www.campingmarepineta.it\/\",\"name\":\"Camping Mare e Pineta\",\"description\":\"\",\"publisher\":{\"@id\":\"https:\/\/www.campingmarepineta.it\/#organization\"},\"potentialAction\":[{\"@type\":\"SearchAction\",\"target\":{\"@type\":\"EntryPoint\",\"urlTemplate\":\"https:\/\/www.campingmarepineta.it\/?s={search_term_string}\"},\"query-input\":{\"@type\":\"PropertyValueSpecification\",\"valueRequired\":true,\"valueName\":\"search_term_string\"}}],\"inLanguage\":\"fr-FR\"},{\"@type\":\"Organization\",\"@id\":\"https:\/\/www.campingmarepineta.it\/#organization\",\"name\":\"Camping Mare & Pineta\",\"url\":\"https:\/\/www.campingmarepineta.it\/\",\"logo\":{\"@type\":\"ImageObject\",\"inLanguage\":\"fr-FR\",\"@id\":\"https:\/\/www.campingmarepineta.it\/#\/schema\/logo\/image\/\",\"url\":\"https:\/\/www.campingmarepineta.it\/wp-content\/uploads\/2018\/11\/logo.png\",\"contentUrl\":\"https:\/\/www.campingmarepineta.it\/wp-content\/uploads\/2018\/11\/logo.png\",\"width\":320,\"height\":166,\"caption\":\"Camping Mare & Pineta\"},\"image\":{\"@id\":\"https:\/\/www.campingmarepineta.it\/#\/schema\/logo\/image\/\"}}]}<\/script>\n<!-- \/ Yoast SEO plugin. -->","yoast_head_json":{"title":"Ferrara - Camping Mare e Pineta","robots":{"index":"index","follow":"follow","max-snippet":"max-snippet:-1","max-image-preview":"max-image-preview:large","max-video-preview":"max-video-preview:-1"},"canonical":"https:\/\/www.campingmarepineta.it\/fr\/territoire\/ferrara\/","og_locale":"fr_FR","og_type":"article","og_title":"Ferrara - Camping Mare e Pineta","og_url":"https:\/\/www.campingmarepineta.it\/fr\/territoire\/ferrara\/","og_site_name":"Camping Mare e Pineta","article_modified_time":"2024-02-12T11:55:06+00:00","twitter_card":"summary_large_image","twitter_misc":{"Dur\u00e9e de lecture estim\u00e9e":"3 minutes"},"schema":{"@context":"https:\/\/schema.org","@graph":[{"@type":"WebPage","@id":"https:\/\/www.campingmarepineta.it\/fr\/territoire\/ferrara\/","url":"https:\/\/www.campingmarepineta.it\/fr\/territoire\/ferrara\/","name":"Ferrara - Camping Mare e Pineta","isPartOf":{"@id":"https:\/\/www.campingmarepineta.it\/#website"},"datePublished":"2024-02-12T11:52:31+00:00","dateModified":"2024-02-12T11:55:06+00:00","breadcrumb":{"@id":"https:\/\/www.campingmarepineta.it\/fr\/territoire\/ferrara\/#breadcrumb"},"inLanguage":"fr-FR","potentialAction":[{"@type":"ReadAction","target":["https:\/\/www.campingmarepineta.it\/fr\/territoire\/ferrara\/"]}]},{"@type":"BreadcrumbList","@id":"https:\/\/www.campingmarepineta.it\/fr\/territoire\/ferrara\/#breadcrumb","itemListElement":[{"@type":"ListItem","position":1,"name":"Home","item":"https:\/\/www.campingmarepineta.it\/fr\/"},{"@type":"ListItem","position":2,"name":"Territoire","item":"https:\/\/www.campingmarepineta.it\/fr\/territoire\/"},{"@type":"ListItem","position":3,"name":"Ferrara"}]},{"@type":"WebSite","@id":"https:\/\/www.campingmarepineta.it\/#website","url":"https:\/\/www.campingmarepineta.it\/","name":"Camping Mare e Pineta","description":"","publisher":{"@id":"https:\/\/www.campingmarepineta.it\/#organization"},"potentialAction":[{"@type":"SearchAction","target":{"@type":"EntryPoint","urlTemplate":"https:\/\/www.campingmarepineta.it\/?s={search_term_string}"},"query-input":{"@type":"PropertyValueSpecification","valueRequired":true,"valueName":"search_term_string"}}],"inLanguage":"fr-FR"},{"@type":"Organization","@id":"https:\/\/www.campingmarepineta.it\/#organization","name":"Camping Mare & Pineta","url":"https:\/\/www.campingmarepineta.it\/","logo":{"@type":"ImageObject","inLanguage":"fr-FR","@id":"https:\/\/www.campingmarepineta.it\/#\/schema\/logo\/image\/","url":"https:\/\/www.campingmarepineta.it\/wp-content\/uploads\/2018\/11\/logo.png","contentUrl":"https:\/\/www.campingmarepineta.it\/wp-content\/uploads\/2018\/11\/logo.png","width":320,"height":166,"caption":"Camping Mare & Pineta"},"image":{"@id":"https:\/\/www.campingmarepineta.it\/#\/schema\/logo\/image\/"}}]}},"_links":{"self":[{"href":"https:\/\/www.campingmarepineta.it\/fr\/wp-json\/wp\/v2\/pages\/13438","targetHints":{"allow":["GET"]}}],"collection":[{"href":"https:\/\/www.campingmarepineta.it\/fr\/wp-json\/wp\/v2\/pages"}],"about":[{"href":"https:\/\/www.campingmarepineta.it\/fr\/wp-json\/wp\/v2\/types\/page"}],"author":[{"embeddable":true,"href":"https:\/\/www.campingmarepineta.it\/fr\/wp-json\/wp\/v2\/users\/1"}],"replies":[{"embeddable":true,"href":"https:\/\/www.campingmarepineta.it\/fr\/wp-json\/wp\/v2\/comments?post=13438"}],"version-history":[{"count":4,"href":"https:\/\/www.campingmarepineta.it\/fr\/wp-json\/wp\/v2\/pages\/13438\/revisions"}],"predecessor-version":[{"id":13442,"href":"https:\/\/www.campingmarepineta.it\/fr\/wp-json\/wp\/v2\/pages\/13438\/revisions\/13442"}],"up":[{"embeddable":true,"href":"https:\/\/www.campingmarepineta.it\/fr\/wp-json\/wp\/v2\/pages\/13421"}],"wp:attachment":[{"href":"https:\/\/www.campingmarepineta.it\/fr\/wp-json\/wp\/v2\/media?parent=13438"}],"curies":[{"name":"wp","href":"https:\/\/api.w.org\/{rel}","templated":true}]}}