




{"id":13490,"date":"2024-02-12T14:56:37","date_gmt":"2024-02-12T13:56:37","guid":{"rendered":"https:\/\/www.campingmarepineta.it\/?page_id=13490"},"modified":"2024-03-22T11:23:53","modified_gmt":"2024-03-22T10:23:53","slug":"appartements-et-villas","status":"publish","type":"page","link":"https:\/\/www.campingmarepineta.it\/fr\/appartements-et-villas\/","title":{"rendered":"Appartements et Villas"},"content":{"rendered":"\n\n  <div class=\"banner has-hover\" id=\"banner-1051160656\">\n          <div class=\"banner-inner fill\">\n        <div class=\"banner-bg fill\" >\n                                    <div class=\"overlay\"><\/div>            \n                    <\/div>\n\t\t\n        <div class=\"banner-layers container\">\n            <div class=\"fill banner-link\"><\/div>            \n\n   <div id=\"text-box-1992547803\" class=\"text-box banner-layer x50 md-x50 lg-x50 y50 md-y50 lg-y50 res-text\">\n              <div data-parallax=\"-1\" data-parallax-fade=\"true\">       <div data-animate=\"fadeInUp\">           <div class=\"text-box-content text dark text-shadow-1\">\n              \n              <div class=\"text-inner text-left\">\n                  \n\n<h1 class=\"entry-title is-larger\"><strong>Appartements et Villas<\/strong><\/h1>\n\n              <\/div>\n           <\/div>\n       <\/div>       <\/div>              \n<style>\n#text-box-1992547803 {\n  width: 100%;\n}\n#text-box-1992547803 .text-box-content {\n  font-size: 100%;\n}\n<\/style>\n    <\/div>\n \n\n        <\/div>\n      <\/div>\n\n            \n<style>\n#banner-1051160656 {\n  padding-top: 160px;\n}\n#banner-1051160656 .overlay {\n  background-color: rgba(0, 0, 0, 0.12);\n}\n<\/style>\n  <\/div>\n\n\n\n\t<section class=\"section\" id=\"section_456030499\">\n\t\t<div class=\"section-bg fill\" >\n\t\t\t\t\t\t\t\t\t\n\t\t\t\n\n\t\t<\/div>\n\n\t\t\n\n\t\t<div class=\"section-content relative\">\n\t\t\t\n\n\n\t<section class=\"section no-background-image blur-background\" id=\"section_684859666\">\n\t\t<div class=\"section-bg fill\" >\n\t\t\t\t\t\t\t\t\t\n\t\t\t\n\n\t\t<\/div>\n\n\t\t\n\n\t\t<div class=\"section-content relative\">\n\t\t\t\r\n\r\n<form target=\"_blank\" action=\"http:\/\/booking.campingmarepineta.it\/html\/pricelist.php?lang=3\" method=\"post\"name=\"form_prenota\" id=\"form_prenota\">\r\n<div class=\"container\" style=\"max-width:900px;\">\r\n<div id=\"row-booking-form\" class=\"align-center\">\r\n<div class=\"col\">\r\n<div class=\"col-inner\"><label>DATE D\u2019ARRIV\u00c9E:<input name=\"dataInizio\" type=\"text\" class=\"calendar\" value=\"\" placeholder=\"gg\/mm\/aaaa\" \/><\/label><\/div>\r\n<\/div>\r\n<div class=\"col\">\r\n<div class=\"col-inner\"><label>DATE DE D\u00c9PART:<input name=\"dataFine\" type=\"text\" class=\"calendar\" value=\"\" placeholder=\"gg\/mm\/aaaa\" \/><\/label><\/div>\r\n<\/div>\r\n<div class=\"col\">\r\n<div class=\"col-inner\"><label>STRUCTURES:<select id=\"tipo\" class=\"wpcf7-form-control wpcf7-select\" name=\"nomelistino\"><option value=\"4\">Tous<\/option><option value=\"1\">Camping<\/option><option value=\"2\">Appartements et Villas<\/option><option value=\"3\">Mobil Home<\/option><\/select><\/label><\/div>\r\n<\/div>\r\n<div class=\"col\">\r\n<div class=\"col-inner\"><label>PERSONNESS:<select id=\"select\" class=\"wpcf7-form-control wpcf7-select\" name=\"persone\"><option>1<\/option><option>2<\/option><option>3<\/option><option>4<\/option><option>5<\/option><option>6<\/option><\/select><\/label><\/div>\r\n<\/div>\r\n<div class=\"col\">\r\n<div class=\"col-inner\"><label><br \/>\r\n                        <input name=\"step\" type=\"hidden\" value=\"0\" \/><input type=\"hidden\" value=\"1\" name=\"cerca\"><button name=\"submit\" type=\"submit\" class=\"button midnight-blue  \">CHERCHEZ<\/button><\/label><\/div>\r\n<\/div>\r\n<\/div>\r\n<\/div>\r\n<\/form>\r\n\r\n\r\n\t\t<\/div>\n\n\t\t\n<style>\n#section_684859666 {\n  padding-top: 30px;\n  padding-bottom: 30px;\n  background-color: rgba(255, 255, 255, 0.4);\n}\n<\/style>\n\t<\/section>\n\t\n\n\n\t\t<\/div>\n\n\t\t\n<style>\n#section_456030499 {\n  padding-top: 0px;\n  padding-bottom: 0px;\n  background-color: rgb(243, 243, 240);\n}\n<\/style>\n\t<\/section>\n\t\n\n\t<section class=\"section\" id=\"section_1859525524\">\n\t\t<div class=\"section-bg fill\" >\n\t\t\t\t\t\t\t\t\t\n\t\t\t\n\n\t\t<\/div>\n\n\t\t\n\n\t\t<div class=\"section-content relative\">\n\t\t\t\n\n<div class=\"row row-collapse align-middle\" style=\"max-width:1300px\" id=\"row-1297472662\">\n\n\n\t<div id=\"col-79722784\" class=\"col small-12 large-12\"  data-animate=\"fadeInUp\">\n\t\t\t\t<div class=\"col-inner\"  >\n\t\t\t\n\t\t\t\n\n<div class=\"slider-wrapper relative show-viewport child-has-mr has-bottom-arrow\" id=\"slider-452560436\" >\n    <div class=\"slider slider-nav-simple slider-nav-large slider-nav-dark slider-nav-outside slider-style-normal slider-show-nav\"\n        data-flickity-options='{\n            \"cellAlign\": \"left\",\n            \"imagesLoaded\": true,\n            \"lazyLoad\": 1,\n            \"freeScroll\": true,\n            \"wrapAround\": false,\n            \"autoPlay\": false,\n            \"pauseAutoPlayOnHover\" : true,\n            \"prevNextButtons\": true,\n            \"contain\" : true,\n            \"adaptiveHeight\" : true,\n            \"dragThreshold\" : 10,\n            \"percentPosition\": true,\n            \"pageDots\": false,\n            \"rightToLeft\": false,\n            \"draggable\": true,\n            \"selectedAttraction\": 0.1,\n            \"parallax\" : 0,\n            \"friction\": 0.6        }'\n        >\n        \n\n\n  <div class=\"banner has-hover\" id=\"banner-1957657657\">\n          <div class=\"banner-inner fill\">\n        <div class=\"banner-bg fill\" >\n                                                \n                    <\/div>\n\t\t\n        <div class=\"banner-layers container\">\n            <a class=\"fill\" href=\"https:\/\/www.campingmarepineta.it\/fr\/appartements-et-villas\/marina-villa-type-1\/\" ><div class=\"fill banner-link\"><\/div><\/a>            \n\n\t<div class=\"img has-hover x50 md-x50 lg-x50 y50 md-y50 lg-y50\" id=\"image_1787492567\">\n\t\t<a class=\"\" href=\"#\" >\t\t\t\t\t\t<div class=\"img-inner image-zoom image-overlay-remove dark\" >\n\t\t\t<img loading=\"lazy\" decoding=\"async\" width=\"853\" height=\"1280\" src=\"https:\/\/www.campingmarepineta.it\/wp-content\/uploads\/2023\/09\/Villa-tipo-1.jpg\" class=\"attachment-original size-original\" alt=\"\" title=\"Villa tipo 1\" srcset=\"https:\/\/www.campingmarepineta.it\/wp-content\/uploads\/2023\/09\/Villa-tipo-1.jpg 853w, https:\/\/www.campingmarepineta.it\/wp-content\/uploads\/2023\/09\/Villa-tipo-1-267x400.jpg 267w, https:\/\/www.campingmarepineta.it\/wp-content\/uploads\/2023\/09\/Villa-tipo-1-533x800.jpg 533w, https:\/\/www.campingmarepineta.it\/wp-content\/uploads\/2023\/09\/Villa-tipo-1-768x1152.jpg 768w\" sizes=\"auto, (max-width: 853px) 100vw, 853px\" \/>\t\t\t\t\t\t\t<div class=\"overlay\" style=\"background-color: rgba(0, 0, 0, 0.355)\"><\/div>\n\t\t\t\t\t\t\n\t\t\t\t\t<\/div>\n\t\t\t\t\t\t<\/a>\t\t\n<style>\n#image_1787492567 {\n  width: 100%;\n}\n<\/style>\n\t<\/div>\n\t\n\n   <div id=\"text-box-101597672\" class=\"text-box banner-layer x5 md-x5 lg-x5 y5 md-y5 lg-y5 res-text\">\n                                <div class=\"text-box-content text dark\">\n              \n              <div class=\"text-inner text-left\">\n                  \n\n\t<div id=\"text-2222099815\" class=\"text\">\n\t\t\n\n<h3><strong>VILLA TYPE 1<\/strong><\/h3>\n<p>4+2 PERSONNES<\/p>\n\n\t\t\n<style>\n#text-2222099815 {\n  line-height: 0.75;\n}\n<\/style>\n\t<\/div>\n\t\n\n              <\/div>\n           <\/div>\n                            \n<style>\n#text-box-101597672 {\n  width: 70%;\n}\n#text-box-101597672 .text-box-content {\n  font-size: 100%;\n}\n<\/style>\n    <\/div>\n \n\n        <\/div>\n      <\/div>\n\n            \n<style>\n#banner-1957657657 {\n  padding-top: 200px;\n  background-color: rgb(255, 255, 255);\n}\n@media (min-width:550px) {\n  #banner-1957657657 {\n    padding-top: 650px;\n  }\n}\n<\/style>\n  <\/div>\n\n\n\n  <div class=\"banner has-hover\" id=\"banner-853574157\">\n          <div class=\"banner-inner fill\">\n        <div class=\"banner-bg fill\" >\n                                                \n                    <\/div>\n\t\t\n        <div class=\"banner-layers container\">\n            <a class=\"fill\" href=\"https:\/\/www.campingmarepineta.it\/fr\/appartements-et-villas\/marina-villa-type-2\/\" ><div class=\"fill banner-link\"><\/div><\/a>            \n\n\t<div class=\"img has-hover x50 md-x50 lg-x50 y50 md-y50 lg-y50\" id=\"image_342615804\">\n\t\t<a class=\"\" href=\"#\" >\t\t\t\t\t\t<div class=\"img-inner image-zoom image-overlay-remove dark\" >\n\t\t\t<img loading=\"lazy\" decoding=\"async\" width=\"853\" height=\"1280\" src=\"https:\/\/www.campingmarepineta.it\/wp-content\/uploads\/2023\/09\/Villa-tipo-2.jpg\" class=\"attachment-original size-original\" alt=\"\" title=\"Villa-tipo-2\" srcset=\"https:\/\/www.campingmarepineta.it\/wp-content\/uploads\/2023\/09\/Villa-tipo-2.jpg 853w, https:\/\/www.campingmarepineta.it\/wp-content\/uploads\/2023\/09\/Villa-tipo-2-267x400.jpg 267w, https:\/\/www.campingmarepineta.it\/wp-content\/uploads\/2023\/09\/Villa-tipo-2-533x800.jpg 533w, https:\/\/www.campingmarepineta.it\/wp-content\/uploads\/2023\/09\/Villa-tipo-2-768x1152.jpg 768w\" sizes=\"auto, (max-width: 853px) 100vw, 853px\" \/>\t\t\t\t\t\t\t<div class=\"overlay\" style=\"background-color: rgba(0, 0, 0, 0.355)\"><\/div>\n\t\t\t\t\t\t\n\t\t\t\t\t<\/div>\n\t\t\t\t\t\t<\/a>\t\t\n<style>\n#image_342615804 {\n  width: 100%;\n}\n<\/style>\n\t<\/div>\n\t\n\n   <div id=\"text-box-1779165472\" class=\"text-box banner-layer x5 md-x5 lg-x5 y5 md-y5 lg-y5 res-text\">\n                                <div class=\"text-box-content text dark\">\n              \n              <div class=\"text-inner text-left\">\n                  \n\n\t<div id=\"text-1383931594\" class=\"text\">\n\t\t\n\n<h3><strong>VILLA TYPE 2<\/strong><\/h3>\n<p>6 PERSONNES<\/p>\n\n\t\t\n<style>\n#text-1383931594 {\n  line-height: 0.75;\n}\n<\/style>\n\t<\/div>\n\t\n\n              <\/div>\n           <\/div>\n                            \n<style>\n#text-box-1779165472 {\n  width: 70%;\n}\n#text-box-1779165472 .text-box-content {\n  font-size: 100%;\n}\n<\/style>\n    <\/div>\n \n\n        <\/div>\n      <\/div>\n\n            \n<style>\n#banner-853574157 {\n  padding-top: 200px;\n  background-color: rgb(255, 255, 255);\n}\n@media (min-width:550px) {\n  #banner-853574157 {\n    padding-top: 650px;\n  }\n}\n<\/style>\n  <\/div>\n\n\n\n  <div class=\"banner has-hover\" id=\"banner-746835075\">\n          <div class=\"banner-inner fill\">\n        <div class=\"banner-bg fill\" >\n                                                \n                    <\/div>\n\t\t\n        <div class=\"banner-layers container\">\n            <a class=\"fill\" href=\"https:\/\/www.campingmarepineta.it\/fr\/appartements-et-villas\/marina-villa-type-3\/\" ><div class=\"fill banner-link\"><\/div><\/a>            \n\n\t<div class=\"img has-hover x50 md-x50 lg-x50 y50 md-y50 lg-y50\" id=\"image_1925018888\">\n\t\t<a class=\"\" href=\"#\" >\t\t\t\t\t\t<div class=\"img-inner image-zoom image-overlay-remove dark\" >\n\t\t\t<img loading=\"lazy\" decoding=\"async\" width=\"853\" height=\"1280\" src=\"https:\/\/www.campingmarepineta.it\/wp-content\/uploads\/2023\/09\/Villa-tipo-3.jpg\" class=\"attachment-original size-original\" alt=\"\" title=\"Villa tipo 3\" srcset=\"https:\/\/www.campingmarepineta.it\/wp-content\/uploads\/2023\/09\/Villa-tipo-3.jpg 853w, https:\/\/www.campingmarepineta.it\/wp-content\/uploads\/2023\/09\/Villa-tipo-3-267x400.jpg 267w, https:\/\/www.campingmarepineta.it\/wp-content\/uploads\/2023\/09\/Villa-tipo-3-533x800.jpg 533w, https:\/\/www.campingmarepineta.it\/wp-content\/uploads\/2023\/09\/Villa-tipo-3-768x1152.jpg 768w\" sizes=\"auto, (max-width: 853px) 100vw, 853px\" \/>\t\t\t\t\t\t\t<div class=\"overlay\" style=\"background-color: rgba(0, 0, 0, 0.355)\"><\/div>\n\t\t\t\t\t\t\n\t\t\t\t\t<\/div>\n\t\t\t\t\t\t<\/a>\t\t\n<style>\n#image_1925018888 {\n  width: 100%;\n}\n<\/style>\n\t<\/div>\n\t\n\n   <div id=\"text-box-1425162848\" class=\"text-box banner-layer x5 md-x5 lg-x5 y5 md-y5 lg-y5 res-text\">\n                                <div class=\"text-box-content text dark\">\n              \n              <div class=\"text-inner text-left\">\n                  \n\n\t<div id=\"text-1945702749\" class=\"text\">\n\t\t\n\n<h3><strong>VILLA TYPE 3<\/strong><\/h3>\n<p>6 PERSONNES<\/p>\n\n\t\t\n<style>\n#text-1945702749 {\n  line-height: 0.75;\n}\n<\/style>\n\t<\/div>\n\t\n\n              <\/div>\n           <\/div>\n                            \n<style>\n#text-box-1425162848 {\n  width: 70%;\n}\n#text-box-1425162848 .text-box-content {\n  font-size: 100%;\n}\n<\/style>\n    <\/div>\n \n\n        <\/div>\n      <\/div>\n\n            \n<style>\n#banner-746835075 {\n  padding-top: 200px;\n  background-color: rgb(255, 255, 255);\n}\n@media (min-width:550px) {\n  #banner-746835075 {\n    padding-top: 650px;\n  }\n}\n<\/style>\n  <\/div>\n\n\n\n  <div class=\"banner has-hover\" id=\"banner-61980060\">\n          <div class=\"banner-inner fill\">\n        <div class=\"banner-bg fill\" >\n                                                \n                    <\/div>\n\t\t\n        <div class=\"banner-layers container\">\n            <a class=\"fill\" href=\"https:\/\/www.campingmarepineta.it\/fr\/appartements-et-villas\/appartements-tamerici\/\" ><div class=\"fill banner-link\"><\/div><\/a>            \n\n\t<div class=\"img has-hover x50 md-x50 lg-x50 y50 md-y50 lg-y50\" id=\"image_2017382165\">\n\t\t<a class=\"\" href=\"#\" >\t\t\t\t\t\t<div class=\"img-inner image-zoom image-overlay-remove dark\" >\n\t\t\t<img loading=\"lazy\" decoding=\"async\" width=\"853\" height=\"1280\" src=\"https:\/\/www.campingmarepineta.it\/wp-content\/uploads\/2023\/09\/Appartamento-Tamerici.jpg\" class=\"attachment-original size-original\" alt=\"\" title=\"Appartamento Le Tamerici &#8211; Esterno\" srcset=\"https:\/\/www.campingmarepineta.it\/wp-content\/uploads\/2023\/09\/Appartamento-Tamerici.jpg 853w, https:\/\/www.campingmarepineta.it\/wp-content\/uploads\/2023\/09\/Appartamento-Tamerici-267x400.jpg 267w, https:\/\/www.campingmarepineta.it\/wp-content\/uploads\/2023\/09\/Appartamento-Tamerici-533x800.jpg 533w, https:\/\/www.campingmarepineta.it\/wp-content\/uploads\/2023\/09\/Appartamento-Tamerici-768x1152.jpg 768w\" sizes=\"auto, (max-width: 853px) 100vw, 853px\" \/>\t\t\t\t\t\t\t<div class=\"overlay\" style=\"background-color: rgba(0, 0, 0, 0.355)\"><\/div>\n\t\t\t\t\t\t\n\t\t\t\t\t<\/div>\n\t\t\t\t\t\t<\/a>\t\t\n<style>\n#image_2017382165 {\n  width: 100%;\n}\n<\/style>\n\t<\/div>\n\t\n\n   <div id=\"text-box-663299430\" class=\"text-box banner-layer x5 md-x5 lg-x5 y5 md-y5 lg-y5 res-text\">\n                                <div class=\"text-box-content text dark\">\n              \n              <div class=\"text-inner text-left\">\n                  \n\n\t<div id=\"text-287476123\" class=\"text\">\n\t\t\n\n<h3><strong>APPARTEMENTS TAMERICI<\/strong><\/h3>\n<p>2+2 PERSONNES<\/p>\n\n\t\t\n<style>\n#text-287476123 {\n  line-height: 0.75;\n}\n<\/style>\n\t<\/div>\n\t\n\n              <\/div>\n           <\/div>\n                            \n<style>\n#text-box-663299430 {\n  width: 70%;\n}\n#text-box-663299430 .text-box-content {\n  font-size: 100%;\n}\n<\/style>\n    <\/div>\n \n\n        <\/div>\n      <\/div>\n\n            \n<style>\n#banner-61980060 {\n  padding-top: 200px;\n  background-color: rgb(255, 255, 255);\n}\n@media (min-width:550px) {\n  #banner-61980060 {\n    padding-top: 650px;\n  }\n}\n<\/style>\n  <\/div>\n\n\n\n  <div class=\"banner has-hover\" id=\"banner-989391868\">\n          <div class=\"banner-inner fill\">\n        <div class=\"banner-bg fill\" >\n                                                \n                    <\/div>\n\t\t\n        <div class=\"banner-layers container\">\n            <a class=\"fill\" href=\"https:\/\/www.campingmarepineta.it\/fr\/appartements-et-villas\/appartements-marina\/\" ><div class=\"fill banner-link\"><\/div><\/a>            \n\n\t<div class=\"img has-hover x50 md-x50 lg-x50 y50 md-y50 lg-y50\" id=\"image_957594685\">\n\t\t<a class=\"\" href=\"#\" >\t\t\t\t\t\t<div class=\"img-inner image-zoom image-overlay-remove dark\" >\n\t\t\t<img loading=\"lazy\" decoding=\"async\" width=\"853\" height=\"1280\" src=\"https:\/\/www.campingmarepineta.it\/wp-content\/uploads\/2023\/09\/Appartamento-Marina.jpg\" class=\"attachment-original size-original\" alt=\"\" title=\"Appartamento-Marina\" srcset=\"https:\/\/www.campingmarepineta.it\/wp-content\/uploads\/2023\/09\/Appartamento-Marina.jpg 853w, https:\/\/www.campingmarepineta.it\/wp-content\/uploads\/2023\/09\/Appartamento-Marina-267x400.jpg 267w, https:\/\/www.campingmarepineta.it\/wp-content\/uploads\/2023\/09\/Appartamento-Marina-533x800.jpg 533w, https:\/\/www.campingmarepineta.it\/wp-content\/uploads\/2023\/09\/Appartamento-Marina-768x1152.jpg 768w\" sizes=\"auto, (max-width: 853px) 100vw, 853px\" \/>\t\t\t\t\t\t\t<div class=\"overlay\" style=\"background-color: rgba(0, 0, 0, 0.355)\"><\/div>\n\t\t\t\t\t\t\n\t\t\t\t\t<\/div>\n\t\t\t\t\t\t<\/a>\t\t\n<style>\n#image_957594685 {\n  width: 100%;\n}\n<\/style>\n\t<\/div>\n\t\n\n   <div id=\"text-box-1988859794\" class=\"text-box banner-layer x5 md-x5 lg-x5 y5 md-y5 lg-y5 res-text\">\n                                <div class=\"text-box-content text dark\">\n              \n              <div class=\"text-inner text-left\">\n                  \n\n\t<div id=\"text-3855334438\" class=\"text\">\n\t\t\n\n<h3><strong>APPARTEMENTS MARINA<\/strong><\/h3>\n<p>2+2 PERSONNES<\/p>\n\n\t\t\n<style>\n#text-3855334438 {\n  line-height: 0.75;\n}\n<\/style>\n\t<\/div>\n\t\n\n              <\/div>\n           <\/div>\n                            \n<style>\n#text-box-1988859794 {\n  width: 70%;\n}\n#text-box-1988859794 .text-box-content {\n  font-size: 100%;\n}\n<\/style>\n    <\/div>\n \n\n        <\/div>\n      <\/div>\n\n            \n<style>\n#banner-989391868 {\n  padding-top: 200px;\n  background-color: rgb(255, 255, 255);\n}\n@media (min-width:550px) {\n  #banner-989391868 {\n    padding-top: 650px;\n  }\n}\n<\/style>\n  <\/div>\n\n\n\n     <\/div>\n\n     <div class=\"loading-spin dark large centered\"><\/div>\n\n\t\n<style>\n#slider-452560436 .flickity-slider > * {\n  max-width: 40%!important;\n}\n@media (min-width:550px) {\n  #slider-452560436 .flickity-slider > * {\n    max-width: 33.33%!important;\n  }\n}\n<\/style>\n<\/div>\n\n\n<p data-animate=\"fadeInUp\"><em>D\u00e9couvrez l\u2019atmosph\u00e8re raffin\u00e9e et accueillante de nos logements, entour\u00e9s par la beaut\u00e9 de la nature. Avec 3 diff\u00e9rents types de villas et 2 types d\u2019appartements \u00e0 choisir, chacun joliment meubl\u00e9 et \u00e9quip\u00e9 de tout le confort, notre mission est de vous faire vivre des vacances de pure d\u00e9tente. D\u00e9couvrez le confort dans notre s\u00e9lection d\u2019appartements et de villas uniques.<\/em><\/p>\n\n\t\t<\/div>\n\t\t\t\t\n<style>\n#col-79722784 > .col-inner {\n  padding: 0px 15px 0px 15px;\n}\n<\/style>\n\t<\/div>\n\n\t\n\n<\/div>\n\n\t\t<\/div>\n\n\t\t\n<style>\n#section_1859525524 {\n  padding-top: 60px;\n  padding-bottom: 60px;\n}\n<\/style>\n\t<\/section>\n\t\n\n","protected":false},"excerpt":{"rendered":"","protected":false},"author":1,"featured_media":0,"parent":0,"menu_order":0,"comment_status":"closed","ping_status":"closed","template":"page-blank.php","meta":{"footnotes":""},"class_list":["post-13490","page","type-page","status-publish","hentry"],"yoast_head":"<!-- This site is optimized with the Yoast SEO plugin v25.0 - https:\/\/yoast.com\/wordpress\/plugins\/seo\/ -->\n<title>Appartements et Villas - Camping Mare e Pineta<\/title>\n<meta name=\"robots\" content=\"index, follow, max-snippet:-1, max-image-preview:large, max-video-preview:-1\" \/>\n<link rel=\"canonical\" href=\"https:\/\/www.campingmarepineta.it\/de\/wohnungen-und-villen\/\" \/>\n<meta property=\"og:locale\" content=\"fr_FR\" \/>\n<meta property=\"og:type\" content=\"article\" \/>\n<meta property=\"og:title\" content=\"Appartements et Villas - Camping Mare e Pineta\" \/>\n<meta property=\"og:url\" content=\"https:\/\/www.campingmarepineta.it\/de\/wohnungen-und-villen\/\" \/>\n<meta property=\"og:site_name\" content=\"Camping Mare e Pineta\" \/>\n<meta property=\"article:modified_time\" content=\"2024-03-22T10:23:53+00:00\" \/>\n<meta name=\"twitter:card\" content=\"summary_large_image\" \/>\n<meta name=\"twitter:label1\" content=\"Dur\u00e9e de lecture estim\u00e9e\" \/>\n\t<meta name=\"twitter:data1\" content=\"2 minutes\" \/>\n<script type=\"application\/ld+json\" class=\"yoast-schema-graph\">{\"@context\":\"https:\/\/schema.org\",\"@graph\":[{\"@type\":\"WebPage\",\"@id\":\"https:\/\/www.campingmarepineta.it\/de\/wohnungen-und-villen\/\",\"url\":\"https:\/\/www.campingmarepineta.it\/de\/wohnungen-und-villen\/\",\"name\":\"Appartements et Villas - Camping Mare e Pineta\",\"isPartOf\":{\"@id\":\"https:\/\/www.campingmarepineta.it\/#website\"},\"datePublished\":\"2024-02-12T13:56:37+00:00\",\"dateModified\":\"2024-03-22T10:23:53+00:00\",\"breadcrumb\":{\"@id\":\"https:\/\/www.campingmarepineta.it\/de\/wohnungen-und-villen\/#breadcrumb\"},\"inLanguage\":\"fr-FR\",\"potentialAction\":[{\"@type\":\"ReadAction\",\"target\":[\"https:\/\/www.campingmarepineta.it\/de\/wohnungen-und-villen\/\"]}]},{\"@type\":\"BreadcrumbList\",\"@id\":\"https:\/\/www.campingmarepineta.it\/de\/wohnungen-und-villen\/#breadcrumb\",\"itemListElement\":[{\"@type\":\"ListItem\",\"position\":1,\"name\":\"Home\",\"item\":\"https:\/\/www.campingmarepineta.it\/fr\/\"},{\"@type\":\"ListItem\",\"position\":2,\"name\":\"Appartements et Villas\"}]},{\"@type\":\"WebSite\",\"@id\":\"https:\/\/www.campingmarepineta.it\/#website\",\"url\":\"https:\/\/www.campingmarepineta.it\/\",\"name\":\"Camping Mare e Pineta\",\"description\":\"\",\"publisher\":{\"@id\":\"https:\/\/www.campingmarepineta.it\/#organization\"},\"potentialAction\":[{\"@type\":\"SearchAction\",\"target\":{\"@type\":\"EntryPoint\",\"urlTemplate\":\"https:\/\/www.campingmarepineta.it\/?s={search_term_string}\"},\"query-input\":{\"@type\":\"PropertyValueSpecification\",\"valueRequired\":true,\"valueName\":\"search_term_string\"}}],\"inLanguage\":\"fr-FR\"},{\"@type\":\"Organization\",\"@id\":\"https:\/\/www.campingmarepineta.it\/#organization\",\"name\":\"Camping Mare & Pineta\",\"url\":\"https:\/\/www.campingmarepineta.it\/\",\"logo\":{\"@type\":\"ImageObject\",\"inLanguage\":\"fr-FR\",\"@id\":\"https:\/\/www.campingmarepineta.it\/#\/schema\/logo\/image\/\",\"url\":\"https:\/\/www.campingmarepineta.it\/wp-content\/uploads\/2018\/11\/logo.png\",\"contentUrl\":\"https:\/\/www.campingmarepineta.it\/wp-content\/uploads\/2018\/11\/logo.png\",\"width\":320,\"height\":166,\"caption\":\"Camping Mare & Pineta\"},\"image\":{\"@id\":\"https:\/\/www.campingmarepineta.it\/#\/schema\/logo\/image\/\"}}]}<\/script>\n<!-- \/ Yoast SEO plugin. -->","yoast_head_json":{"title":"Appartements et Villas - Camping Mare e Pineta","robots":{"index":"index","follow":"follow","max-snippet":"max-snippet:-1","max-image-preview":"max-image-preview:large","max-video-preview":"max-video-preview:-1"},"canonical":"https:\/\/www.campingmarepineta.it\/de\/wohnungen-und-villen\/","og_locale":"fr_FR","og_type":"article","og_title":"Appartements et Villas - Camping Mare e Pineta","og_url":"https:\/\/www.campingmarepineta.it\/de\/wohnungen-und-villen\/","og_site_name":"Camping Mare e Pineta","article_modified_time":"2024-03-22T10:23:53+00:00","twitter_card":"summary_large_image","twitter_misc":{"Dur\u00e9e de lecture estim\u00e9e":"2 minutes"},"schema":{"@context":"https:\/\/schema.org","@graph":[{"@type":"WebPage","@id":"https:\/\/www.campingmarepineta.it\/de\/wohnungen-und-villen\/","url":"https:\/\/www.campingmarepineta.it\/de\/wohnungen-und-villen\/","name":"Appartements et Villas - Camping Mare e Pineta","isPartOf":{"@id":"https:\/\/www.campingmarepineta.it\/#website"},"datePublished":"2024-02-12T13:56:37+00:00","dateModified":"2024-03-22T10:23:53+00:00","breadcrumb":{"@id":"https:\/\/www.campingmarepineta.it\/de\/wohnungen-und-villen\/#breadcrumb"},"inLanguage":"fr-FR","potentialAction":[{"@type":"ReadAction","target":["https:\/\/www.campingmarepineta.it\/de\/wohnungen-und-villen\/"]}]},{"@type":"BreadcrumbList","@id":"https:\/\/www.campingmarepineta.it\/de\/wohnungen-und-villen\/#breadcrumb","itemListElement":[{"@type":"ListItem","position":1,"name":"Home","item":"https:\/\/www.campingmarepineta.it\/fr\/"},{"@type":"ListItem","position":2,"name":"Appartements et Villas"}]},{"@type":"WebSite","@id":"https:\/\/www.campingmarepineta.it\/#website","url":"https:\/\/www.campingmarepineta.it\/","name":"Camping Mare e Pineta","description":"","publisher":{"@id":"https:\/\/www.campingmarepineta.it\/#organization"},"potentialAction":[{"@type":"SearchAction","target":{"@type":"EntryPoint","urlTemplate":"https:\/\/www.campingmarepineta.it\/?s={search_term_string}"},"query-input":{"@type":"PropertyValueSpecification","valueRequired":true,"valueName":"search_term_string"}}],"inLanguage":"fr-FR"},{"@type":"Organization","@id":"https:\/\/www.campingmarepineta.it\/#organization","name":"Camping Mare & Pineta","url":"https:\/\/www.campingmarepineta.it\/","logo":{"@type":"ImageObject","inLanguage":"fr-FR","@id":"https:\/\/www.campingmarepineta.it\/#\/schema\/logo\/image\/","url":"https:\/\/www.campingmarepineta.it\/wp-content\/uploads\/2018\/11\/logo.png","contentUrl":"https:\/\/www.campingmarepineta.it\/wp-content\/uploads\/2018\/11\/logo.png","width":320,"height":166,"caption":"Camping Mare & Pineta"},"image":{"@id":"https:\/\/www.campingmarepineta.it\/#\/schema\/logo\/image\/"}}]}},"_links":{"self":[{"href":"https:\/\/www.campingmarepineta.it\/fr\/wp-json\/wp\/v2\/pages\/13490","targetHints":{"allow":["GET"]}}],"collection":[{"href":"https:\/\/www.campingmarepineta.it\/fr\/wp-json\/wp\/v2\/pages"}],"about":[{"href":"https:\/\/www.campingmarepineta.it\/fr\/wp-json\/wp\/v2\/types\/page"}],"author":[{"embeddable":true,"href":"https:\/\/www.campingmarepineta.it\/fr\/wp-json\/wp\/v2\/users\/1"}],"replies":[{"embeddable":true,"href":"https:\/\/www.campingmarepineta.it\/fr\/wp-json\/wp\/v2\/comments?post=13490"}],"version-history":[{"count":9,"href":"https:\/\/www.campingmarepineta.it\/fr\/wp-json\/wp\/v2\/pages\/13490\/revisions"}],"predecessor-version":[{"id":14770,"href":"https:\/\/www.campingmarepineta.it\/fr\/wp-json\/wp\/v2\/pages\/13490\/revisions\/14770"}],"wp:attachment":[{"href":"https:\/\/www.campingmarepineta.it\/fr\/wp-json\/wp\/v2\/media?parent=13490"}],"curies":[{"name":"wp","href":"https:\/\/api.w.org\/{rel}","templated":true}]}}