




{"id":13657,"date":"2024-02-13T17:21:06","date_gmt":"2024-02-13T16:21:06","guid":{"rendered":"https:\/\/www.campingmarepineta.it\/?page_id=13657"},"modified":"2024-12-27T13:53:30","modified_gmt":"2024-12-27T12:53:30","slug":"assurance-de-accompte","status":"publish","type":"page","link":"https:\/\/www.campingmarepineta.it\/fr\/assurance-de-accompte\/","title":{"rendered":"Assurance de accompte"},"content":{"rendered":"\n\n  <div class=\"banner has-hover\" id=\"banner-1721592803\">\n          <div class=\"banner-inner fill\">\n        <div class=\"banner-bg fill\" >\n                                    <div class=\"overlay\"><\/div>            \n                    <\/div>\n\t\t\n        <div class=\"banner-layers container\">\n            <div class=\"fill banner-link\"><\/div>            \n\n   <div id=\"text-box-811578662\" class=\"text-box banner-layer x50 md-x50 lg-x50 y50 md-y50 lg-y50 res-text\">\n              <div data-parallax=\"-1\" data-parallax-fade=\"true\">       <div data-animate=\"fadeInUp\">           <div class=\"text-box-content text dark text-shadow-1\">\n              \n              <div class=\"text-inner text-left\">\n                  \n\n<h1 class=\"entry-title is-larger\"><strong>Assurance de accompte<\/strong><\/h1>\n\n              <\/div>\n           <\/div>\n       <\/div>       <\/div>              \n<style>\n#text-box-811578662 {\n  width: 100%;\n}\n#text-box-811578662 .text-box-content {\n  font-size: 100%;\n}\n<\/style>\n    <\/div>\n \n\n        <\/div>\n      <\/div>\n\n            \n<style>\n#banner-1721592803 {\n  padding-top: 170px;\n}\n#banner-1721592803 .overlay {\n  background-color: rgba(0, 0, 0, 0.12);\n}\n<\/style>\n  <\/div>\n\n\n\n\t<section class=\"section\" id=\"section_609161970\">\n\t\t<div class=\"section-bg fill\" >\n\t\t\t\t\t\t\t\t\t\n\t\t\t\n\t<div class=\"is-border\"\n\t\tstyle=\"border-color:rgb(235, 235, 235);border-width:1px 0px 0px 0px;\">\n\t<\/div>\n\n\t\t<\/div>\n\n\t\t\n\n\t\t<div class=\"section-content relative\">\n\t\t\t\n\n<div class=\"row row-large align-middle align-center\"  id=\"row-1996367667\">\n\n\n\t<div id=\"col-1367818561\" class=\"col medium-6 small-12 large-6\"  >\n\t\t\t\t<div class=\"col-inner text-center dark\"  >\n\t\t\t\n\t\t\t\n\n<h2><a href=\"https:\/\/www.magroup-online.com\/WL\/BPR\/IT\/it?affiliateCode=8063388M&amp;agency=8058360B\" target=\"_blank\" rel=\"noopener noreferrer\">Assurance de accompte<\/a><\/h2>\n<p style=\"text-align: left;\">Cher client, maintenant que votre r\u00e9servation de s\u00e9jour est confirm\u00e9e, vous avez jusqu\u2019\u00e0 demain minuit pour ajouter une &lsquo;Assurance de S\u00e9jour&rsquo;. Gr\u00e2ce \u00e0 Booking Protection de Allianz Global Assistance, vous pouvez prot\u00e9ger votre accompte en cas d\u2019annulation de voyage et plus encore.<\/p>\n<h4 style=\"text-align: left;\"><a href=\"https:\/\/www.magroup-online.com\/WL\/BPR\/IT\/it?affiliateCode=8063388M&amp;agency=8058360B\">Cliquez ici<\/a> pour un devis et pour la description compl\u00e8te du produit!<\/h4>\n\n\t\t<\/div>\n\t\t\t\t\t<\/div>\n\n\t\n\n\t<div id=\"col-1775287354\" class=\"col medium-6 small-12 large-6\"  data-animate=\"flipInY\">\n\t\t\t\t<div class=\"col-inner text-left box-shadow-2 box-shadow-5-hover\" style=\"background-color:rgb(255, 255, 255);\" >\n\t\t\t\n\t\t\t\n\n\t<div class=\"img has-hover x md-x lg-x y md-y lg-y\" id=\"image_308102690\">\n\t\t<a class=\"\" href=\"https:\/\/www.magroup-online.com\/WL\/BPR\/IT\/it?affiliateCode=8063388M&#038;agency=8058360B\" target=\"_blank\" rel=\"noopener\" >\t\t\t\t\t\t<div class=\"img-inner dark\" >\n\t\t\t<img loading=\"lazy\" decoding=\"async\" width=\"300\" height=\"250\" src=\"https:\/\/www.campingmarepineta.it\/wp-content\/uploads\/2024\/12\/Banner_BP-300x250-1.jpg\" class=\"attachment-large size-large\" alt=\"\" \/>\t\t\t\t\t\t\n\t\t\t\t\t<\/div>\n\t\t\t\t\t\t<\/a>\t\t\n<style>\n#image_308102690 {\n  width: 100%;\n}\n<\/style>\n\t<\/div>\n\t\n\n\n\t\t<\/div>\n\t\t\t\t\n<style>\n#col-1775287354 > .col-inner {\n  padding: 15px 15px 15px 15px;\n}\n<\/style>\n\t<\/div>\n\n\t\n\n<\/div>\n\n\t\t<\/div>\n\n\t\t\n<style>\n#section_609161970 {\n  padding-top: 59px;\n  padding-bottom: 59px;\n  min-height: 300px;\n  background-color: #2378ad;\n}\n<\/style>\n\t<\/section>\n\t\n\n\t<section class=\"section\" id=\"section_805366950\">\n\t\t<div class=\"section-bg fill\" >\n\t\t\t\t\t\t\t\t\t\n\t\t\t\n\n\t\t<\/div>\n\n\t\t\n\n\t\t<div class=\"section-content relative\">\n\t\t\t\n\n<div class=\"row\"  id=\"row-626936219\">\n\n\n\t<div id=\"col-1132026260\" class=\"col small-12 large-12\"  >\n\t\t\t\t<div class=\"col-inner\"  >\n\t\t\t\n\t\t\t\n\n<p style=\"text-align: center;\"><a href=\"https:\/\/www.magroup-online.com\/WL\/BPR\/IT\/it?affiliateCode=8063388M&amp;agency=8058360B\"><img loading=\"lazy\" decoding=\"async\" class=\"size-full wp-image-15225 aligncenter\" src=\"https:\/\/www.campingmarepineta.it\/wp-content\/uploads\/2024\/12\/Banner_BP-728x90-1.jpg\" alt=\"\" width=\"728\" height=\"90\" \/><\/a><\/p>\n\n\t\t<\/div>\n\t\t\t\t\t<\/div>\n\n\t\n\n<\/div>\n\n\t\t<\/div>\n\n\t\t\n<style>\n#section_805366950 {\n  padding-top: 30px;\n  padding-bottom: 30px;\n}\n<\/style>\n\t<\/section>\n\t\n\n","protected":false},"excerpt":{"rendered":"","protected":false},"author":1,"featured_media":0,"parent":0,"menu_order":0,"comment_status":"closed","ping_status":"closed","template":"page-blank.php","meta":{"footnotes":""},"class_list":["post-13657","page","type-page","status-publish","hentry"],"yoast_head":"<!-- This site is optimized with the Yoast SEO plugin v25.0 - https:\/\/yoast.com\/wordpress\/plugins\/seo\/ -->\n<title>Assurance de accompte - Camping Mare e Pineta<\/title>\n<meta name=\"robots\" content=\"index, follow, max-snippet:-1, max-image-preview:large, max-video-preview:-1\" \/>\n<link rel=\"canonical\" href=\"https:\/\/www.campingmarepineta.it\/de\/kautionversicherung\/\" \/>\n<meta property=\"og:locale\" content=\"fr_FR\" \/>\n<meta property=\"og:type\" content=\"article\" \/>\n<meta property=\"og:title\" content=\"Assurance de accompte - Camping Mare e Pineta\" \/>\n<meta property=\"og:url\" content=\"https:\/\/www.campingmarepineta.it\/de\/kautionversicherung\/\" \/>\n<meta property=\"og:site_name\" content=\"Camping Mare e Pineta\" \/>\n<meta property=\"article:modified_time\" content=\"2024-12-27T12:53:30+00:00\" \/>\n<meta property=\"og:image\" content=\"https:\/\/www.campingmarepineta.it\/wp-content\/uploads\/2024\/12\/Banner_BP-728x90-1.jpg\" \/>\n<meta name=\"twitter:card\" content=\"summary_large_image\" \/>\n<meta name=\"twitter:label1\" content=\"Dur\u00e9e de lecture estim\u00e9e\" \/>\n\t<meta name=\"twitter:data1\" content=\"1 minute\" \/>\n<script type=\"application\/ld+json\" class=\"yoast-schema-graph\">{\"@context\":\"https:\/\/schema.org\",\"@graph\":[{\"@type\":\"WebPage\",\"@id\":\"https:\/\/www.campingmarepineta.it\/de\/kautionversicherung\/\",\"url\":\"https:\/\/www.campingmarepineta.it\/de\/kautionversicherung\/\",\"name\":\"Assurance de accompte - Camping Mare e Pineta\",\"isPartOf\":{\"@id\":\"https:\/\/www.campingmarepineta.it\/#website\"},\"primaryImageOfPage\":{\"@id\":\"https:\/\/www.campingmarepineta.it\/de\/kautionversicherung\/#primaryimage\"},\"image\":{\"@id\":\"https:\/\/www.campingmarepineta.it\/de\/kautionversicherung\/#primaryimage\"},\"thumbnailUrl\":\"https:\/\/www.campingmarepineta.it\/wp-content\/uploads\/2024\/12\/Banner_BP-728x90-1.jpg\",\"datePublished\":\"2024-02-13T16:21:06+00:00\",\"dateModified\":\"2024-12-27T12:53:30+00:00\",\"breadcrumb\":{\"@id\":\"https:\/\/www.campingmarepineta.it\/de\/kautionversicherung\/#breadcrumb\"},\"inLanguage\":\"fr-FR\",\"potentialAction\":[{\"@type\":\"ReadAction\",\"target\":[\"https:\/\/www.campingmarepineta.it\/de\/kautionversicherung\/\"]}]},{\"@type\":\"ImageObject\",\"inLanguage\":\"fr-FR\",\"@id\":\"https:\/\/www.campingmarepineta.it\/de\/kautionversicherung\/#primaryimage\",\"url\":\"https:\/\/www.campingmarepineta.it\/wp-content\/uploads\/2024\/12\/Banner_BP-728x90-1.jpg\",\"contentUrl\":\"https:\/\/www.campingmarepineta.it\/wp-content\/uploads\/2024\/12\/Banner_BP-728x90-1.jpg\"},{\"@type\":\"BreadcrumbList\",\"@id\":\"https:\/\/www.campingmarepineta.it\/de\/kautionversicherung\/#breadcrumb\",\"itemListElement\":[{\"@type\":\"ListItem\",\"position\":1,\"name\":\"Home\",\"item\":\"https:\/\/www.campingmarepineta.it\/fr\/\"},{\"@type\":\"ListItem\",\"position\":2,\"name\":\"Assurance de accompte\"}]},{\"@type\":\"WebSite\",\"@id\":\"https:\/\/www.campingmarepineta.it\/#website\",\"url\":\"https:\/\/www.campingmarepineta.it\/\",\"name\":\"Camping Mare e Pineta\",\"description\":\"\",\"publisher\":{\"@id\":\"https:\/\/www.campingmarepineta.it\/#organization\"},\"potentialAction\":[{\"@type\":\"SearchAction\",\"target\":{\"@type\":\"EntryPoint\",\"urlTemplate\":\"https:\/\/www.campingmarepineta.it\/?s={search_term_string}\"},\"query-input\":{\"@type\":\"PropertyValueSpecification\",\"valueRequired\":true,\"valueName\":\"search_term_string\"}}],\"inLanguage\":\"fr-FR\"},{\"@type\":\"Organization\",\"@id\":\"https:\/\/www.campingmarepineta.it\/#organization\",\"name\":\"Camping Mare & Pineta\",\"url\":\"https:\/\/www.campingmarepineta.it\/\",\"logo\":{\"@type\":\"ImageObject\",\"inLanguage\":\"fr-FR\",\"@id\":\"https:\/\/www.campingmarepineta.it\/#\/schema\/logo\/image\/\",\"url\":\"https:\/\/www.campingmarepineta.it\/wp-content\/uploads\/2018\/11\/logo.png\",\"contentUrl\":\"https:\/\/www.campingmarepineta.it\/wp-content\/uploads\/2018\/11\/logo.png\",\"width\":320,\"height\":166,\"caption\":\"Camping Mare & Pineta\"},\"image\":{\"@id\":\"https:\/\/www.campingmarepineta.it\/#\/schema\/logo\/image\/\"}}]}<\/script>\n<!-- \/ Yoast SEO plugin. -->","yoast_head_json":{"title":"Assurance de accompte - Camping Mare e Pineta","robots":{"index":"index","follow":"follow","max-snippet":"max-snippet:-1","max-image-preview":"max-image-preview:large","max-video-preview":"max-video-preview:-1"},"canonical":"https:\/\/www.campingmarepineta.it\/de\/kautionversicherung\/","og_locale":"fr_FR","og_type":"article","og_title":"Assurance de accompte - Camping Mare e Pineta","og_url":"https:\/\/www.campingmarepineta.it\/de\/kautionversicherung\/","og_site_name":"Camping Mare e Pineta","article_modified_time":"2024-12-27T12:53:30+00:00","og_image":[{"url":"https:\/\/www.campingmarepineta.it\/wp-content\/uploads\/2024\/12\/Banner_BP-728x90-1.jpg","type":"","width":"","height":""}],"twitter_card":"summary_large_image","twitter_misc":{"Dur\u00e9e de lecture estim\u00e9e":"1 minute"},"schema":{"@context":"https:\/\/schema.org","@graph":[{"@type":"WebPage","@id":"https:\/\/www.campingmarepineta.it\/de\/kautionversicherung\/","url":"https:\/\/www.campingmarepineta.it\/de\/kautionversicherung\/","name":"Assurance de accompte - Camping Mare e Pineta","isPartOf":{"@id":"https:\/\/www.campingmarepineta.it\/#website"},"primaryImageOfPage":{"@id":"https:\/\/www.campingmarepineta.it\/de\/kautionversicherung\/#primaryimage"},"image":{"@id":"https:\/\/www.campingmarepineta.it\/de\/kautionversicherung\/#primaryimage"},"thumbnailUrl":"https:\/\/www.campingmarepineta.it\/wp-content\/uploads\/2024\/12\/Banner_BP-728x90-1.jpg","datePublished":"2024-02-13T16:21:06+00:00","dateModified":"2024-12-27T12:53:30+00:00","breadcrumb":{"@id":"https:\/\/www.campingmarepineta.it\/de\/kautionversicherung\/#breadcrumb"},"inLanguage":"fr-FR","potentialAction":[{"@type":"ReadAction","target":["https:\/\/www.campingmarepineta.it\/de\/kautionversicherung\/"]}]},{"@type":"ImageObject","inLanguage":"fr-FR","@id":"https:\/\/www.campingmarepineta.it\/de\/kautionversicherung\/#primaryimage","url":"https:\/\/www.campingmarepineta.it\/wp-content\/uploads\/2024\/12\/Banner_BP-728x90-1.jpg","contentUrl":"https:\/\/www.campingmarepineta.it\/wp-content\/uploads\/2024\/12\/Banner_BP-728x90-1.jpg"},{"@type":"BreadcrumbList","@id":"https:\/\/www.campingmarepineta.it\/de\/kautionversicherung\/#breadcrumb","itemListElement":[{"@type":"ListItem","position":1,"name":"Home","item":"https:\/\/www.campingmarepineta.it\/fr\/"},{"@type":"ListItem","position":2,"name":"Assurance de accompte"}]},{"@type":"WebSite","@id":"https:\/\/www.campingmarepineta.it\/#website","url":"https:\/\/www.campingmarepineta.it\/","name":"Camping Mare e Pineta","description":"","publisher":{"@id":"https:\/\/www.campingmarepineta.it\/#organization"},"potentialAction":[{"@type":"SearchAction","target":{"@type":"EntryPoint","urlTemplate":"https:\/\/www.campingmarepineta.it\/?s={search_term_string}"},"query-input":{"@type":"PropertyValueSpecification","valueRequired":true,"valueName":"search_term_string"}}],"inLanguage":"fr-FR"},{"@type":"Organization","@id":"https:\/\/www.campingmarepineta.it\/#organization","name":"Camping Mare & Pineta","url":"https:\/\/www.campingmarepineta.it\/","logo":{"@type":"ImageObject","inLanguage":"fr-FR","@id":"https:\/\/www.campingmarepineta.it\/#\/schema\/logo\/image\/","url":"https:\/\/www.campingmarepineta.it\/wp-content\/uploads\/2018\/11\/logo.png","contentUrl":"https:\/\/www.campingmarepineta.it\/wp-content\/uploads\/2018\/11\/logo.png","width":320,"height":166,"caption":"Camping Mare & Pineta"},"image":{"@id":"https:\/\/www.campingmarepineta.it\/#\/schema\/logo\/image\/"}}]}},"_links":{"self":[{"href":"https:\/\/www.campingmarepineta.it\/fr\/wp-json\/wp\/v2\/pages\/13657","targetHints":{"allow":["GET"]}}],"collection":[{"href":"https:\/\/www.campingmarepineta.it\/fr\/wp-json\/wp\/v2\/pages"}],"about":[{"href":"https:\/\/www.campingmarepineta.it\/fr\/wp-json\/wp\/v2\/types\/page"}],"author":[{"embeddable":true,"href":"https:\/\/www.campingmarepineta.it\/fr\/wp-json\/wp\/v2\/users\/1"}],"replies":[{"embeddable":true,"href":"https:\/\/www.campingmarepineta.it\/fr\/wp-json\/wp\/v2\/comments?post=13657"}],"version-history":[{"count":6,"href":"https:\/\/www.campingmarepineta.it\/fr\/wp-json\/wp\/v2\/pages\/13657\/revisions"}],"predecessor-version":[{"id":15232,"href":"https:\/\/www.campingmarepineta.it\/fr\/wp-json\/wp\/v2\/pages\/13657\/revisions\/15232"}],"wp:attachment":[{"href":"https:\/\/www.campingmarepineta.it\/fr\/wp-json\/wp\/v2\/media?parent=13657"}],"curies":[{"name":"wp","href":"https:\/\/api.w.org\/{rel}","templated":true}]}}